{"id":112,"date":"2017-08-03T01:26:14","date_gmt":"2017-08-03T01:26:14","guid":{"rendered":"http:\/\/rakemonkey.wpengine.com\/de\/?page_id=112"},"modified":"2017-08-03T01:30:52","modified_gmt":"2017-08-03T01:30:52","slug":"home","status":"publish","type":"page","link":"https:\/\/www.rakemonkey.com\/de\/","title":{"rendered":"Poker Rakeback"},"content":{"rendered":"<h3>Die Besten Rakeback Deals Von Rake Monkey <\/h3>\n<p>Wir von Rake Monkey sind hier um Ihnen zu helfen das Mei\u00dfte aus Ihrem Online Poker Spiel herauszuholen. Wir bringen Ihnen die besten Rakeback Deals und Rakeback Angebote indem wir Ihnen auch weiterhin umso mehr zur\u00fcckgeben, desto gr\u00f6\u00dfer wir werden. Wir sind totale Poker Hippies! Mit \u00fcber $150,000 an zus\u00e4tzlich Boni und Promotions im Januar, ist es schwer einen anderen Rakeback Anbieter zu finden, der Online Poker Spielern noch mehr zu bieten hat. <\/p>\n<p>Wenn Sie sich mit RakeMonkey.com f\u00fcr Rakeback anmelden, k\u00f6nnen Sie beruhigt sein, dass Sie anderswo kein besseres Angebot verpasst haben. Hier sind die Gr\u00fcnde wieso wir speziell sind:\n<\/p>\n<p>\u2022\tAuszahlung JEDERZEIT \u00fcber unser robustes Interface f\u00fcr pers\u00f6nliche Statistiken und Auszahlungen. Loggen Sie sich einfach ein und sehen Sie Ihre Rake Zahlen, zahlen Sie einmal die Woche, einmal t\u00e4glich oder sogar mehrmals t\u00e4glich aus.<\/p>\n<p>\u2022\tMehr als $150,000 an zus\u00e4tzlichen Boni und Promotions im Januar durch exclusive Rake Monkey Freerolls, Rake Rennen und Rake Chases. Wir werfen Ihnen soviel extra Cash zu, dass Sie schockiert sein werden, egal ob High Roller oder neuer Spieler. <\/p>\n<p>\u2022\tKeine Sorgen dar\u00fcber machen, wer Sie bezahlen wird. Mit unserer gut finanzierten Unternehmung werden Sie sich niemals fragen m\u00fcssen, wohin Ihr Rakeback Anbieter mit Ihrem Geld verschwunden ist. Die Tage wo Sie gehofft haben diesen Monat bezahlt zu werden sind vorbei, den Sie haben 24\/7 Zugang zu Ihren Rakeback Geldern. <\/p>\n<p>\u2022\tWir zahlen JEDEN MONAT mehrere hunderttausend Dollar an Rakeback aus In Partnerschaft mit Rake Update, einem der gr\u00f6\u00dften und respektiertesten Rakeback Unternehmen der Welt, zahlen wir jeden Monat Rakeback an \u00fcber 20,000 Poker Spieler \u2013 und diese Zahlt steigt weiter an. Wir hoffen, dass Sie einer der vielen tausenden gl\u00fccklichen Kunden werden. <\/p>\n<\/p>\n<p><center><a href=\"http:\/\/www.rakemonkey.com\/de\/registrierung\"><font color=\"red\"><b>Jetzt F\u00fcr Rakeback Anmelden<\/b><\/font><\/a><\/p>\n<p><\/center><\/p>\n<p>Im Gegensatz zu anderen Rakeback Webseiten, die ihre Spieler nur einmal im Monat auszahlen, haben Sie \u00fcber unseren einzigartigen Spieler Login Bereich die M\u00f6glichkeit Ihr Rakeback t\u00e4glich auszuzahlen.<\/p>\n<p>Klicken Sie auf einen der Rakeback Poker Raum Namen rechts auf dieser Seite um mehr \u00fcber den Rakeback und die Promotions von dieser Poker Seite zu erfahren und sich f\u00fcr Rakeback von Rake Monkey anzumelden. Au\u00dferdem k\u00f6nnen Sie lernen welche verschiedenen Typen von Rakeback angeboten werden und warum in der heutigen Poker Welt Rakeback so essentiell ist. <\/p>\n<p>Falls Sie Fragen haben, kontaktieren Sie uns unter support@rakemonkey.com.<\/p>\n","protected":false},"excerpt":{"rendered":"<p>Die Besten Rakeback Deals Von Rake Monkey Wir von Rake Monkey sind hier um Ihnen zu helfen das Mei\u00dfte aus Ihrem Online Poker Spiel herauszuholen. Wir bringen Ihnen die besten Rakeback Deals und Rakeback Angebote indem wir Ihnen auch weiterhin<a class=\"post-link\" href=\"https:\/\/www.rakemonkey.com\/de\/\"> read more&#8230;<\/a><\/p>\n","protected":false},"author":9,"featured_media":0,"parent":0,"menu_order":0,"comment_status":"closed","ping_status":"closed","template":"startpage.php","meta":[],"acf":[],"yoast_head":"<!-- This site is optimized with the Yoast SEO plugin v19.6.1 - https:\/\/yoast.com\/wordpress\/plugins\/seo\/ -->\n<title>Rakeback - Poker Rakeback f\u00fcr deutsche Spieler<\/title>\n<meta name=\"description\" content=\"Die besten Poker-Cash-Back und Rakeback Angebote f\u00fcr Deutschland.\" \/>\n<meta name=\"robots\" content=\"index, follow, max-snippet:-1, max-image-preview:large, max-video-preview:-1\" \/>\n<link rel=\"canonical\" href=\"https:\/\/www.rakemonkey.com\/de\/\" \/>\n<meta property=\"og:locale\" content=\"en_US\" \/>\n<meta property=\"og:type\" content=\"article\" \/>\n<meta property=\"og:title\" content=\"Rakeback - Poker Rakeback f\u00fcr deutsche Spieler\" \/>\n<meta property=\"og:description\" content=\"Die besten Poker-Cash-Back und Rakeback Angebote f\u00fcr Deutschland.\" \/>\n<meta property=\"og:url\" content=\"https:\/\/www.rakemonkey.com\/de\/\" \/>\n<meta property=\"og:site_name\" content=\"RakeMonkey.com\" \/>\n<meta property=\"article:modified_time\" content=\"2017-08-03T01:30:52+00:00\" \/>\n<meta name=\"twitter:card\" content=\"summary\" \/>\n<meta name=\"twitter:label1\" content=\"Est. reading time\" \/>\n\t<meta name=\"twitter:data1\" content=\"2 minutes\" \/>\n<script type=\"application\/ld+json\" class=\"yoast-schema-graph\">{\"@context\":\"https:\/\/schema.org\",\"@graph\":[{\"@type\":\"WebPage\",\"@id\":\"https:\/\/www.rakemonkey.com\/de\/\",\"url\":\"https:\/\/www.rakemonkey.com\/de\/\",\"name\":\"Rakeback - Poker Rakeback f\u00fcr deutsche Spieler\",\"isPartOf\":{\"@id\":\"https:\/\/www.rakemonkey.com\/de\/#website\"},\"datePublished\":\"2017-08-03T01:26:14+00:00\",\"dateModified\":\"2017-08-03T01:30:52+00:00\",\"description\":\"Die besten Poker-Cash-Back und Rakeback Angebote f\u00fcr Deutschland.\",\"breadcrumb\":{\"@id\":\"https:\/\/www.rakemonkey.com\/de\/#breadcrumb\"},\"inLanguage\":\"en-US\",\"potentialAction\":[{\"@type\":\"ReadAction\",\"target\":[\"https:\/\/www.rakemonkey.com\/de\/\"]}]},{\"@type\":\"BreadcrumbList\",\"@id\":\"https:\/\/www.rakemonkey.com\/de\/#breadcrumb\",\"itemListElement\":[{\"@type\":\"ListItem\",\"position\":1,\"name\":\"Home\",\"item\":\"https:\/\/www.rakemonkey.com\/de\/\"},{\"@type\":\"ListItem\",\"position\":2,\"name\":\"Poker Rakeback\"}]},{\"@type\":\"WebSite\",\"@id\":\"https:\/\/www.rakemonkey.com\/de\/#website\",\"url\":\"https:\/\/www.rakemonkey.com\/de\/\",\"name\":\"RakeMonkey.com\",\"description\":\"\",\"potentialAction\":[{\"@type\":\"SearchAction\",\"target\":{\"@type\":\"EntryPoint\",\"urlTemplate\":\"https:\/\/www.rakemonkey.com\/de\/?s={search_term_string}\"},\"query-input\":\"required name=search_term_string\"}],\"inLanguage\":\"en-US\"}]}<\/script>\n<!-- \/ Yoast SEO plugin. -->","yoast_head_json":{"title":"Rakeback - Poker Rakeback f\u00fcr deutsche Spieler","description":"Die besten Poker-Cash-Back und Rakeback Angebote f\u00fcr Deutschland.","robots":{"index":"index","follow":"follow","max-snippet":"max-snippet:-1","max-image-preview":"max-image-preview:large","max-video-preview":"max-video-preview:-1"},"canonical":"https:\/\/www.rakemonkey.com\/de\/","og_locale":"en_US","og_type":"article","og_title":"Rakeback - Poker Rakeback f\u00fcr deutsche Spieler","og_description":"Die besten Poker-Cash-Back und Rakeback Angebote f\u00fcr Deutschland.","og_url":"https:\/\/www.rakemonkey.com\/de\/","og_site_name":"RakeMonkey.com","article_modified_time":"2017-08-03T01:30:52+00:00","twitter_card":"summary","twitter_misc":{"Est. reading time":"2 minutes"},"schema":{"@context":"https:\/\/schema.org","@graph":[{"@type":"WebPage","@id":"https:\/\/www.rakemonkey.com\/de\/","url":"https:\/\/www.rakemonkey.com\/de\/","name":"Rakeback - Poker Rakeback f\u00fcr deutsche Spieler","isPartOf":{"@id":"https:\/\/www.rakemonkey.com\/de\/#website"},"datePublished":"2017-08-03T01:26:14+00:00","dateModified":"2017-08-03T01:30:52+00:00","description":"Die besten Poker-Cash-Back und Rakeback Angebote f\u00fcr Deutschland.","breadcrumb":{"@id":"https:\/\/www.rakemonkey.com\/de\/#breadcrumb"},"inLanguage":"en-US","potentialAction":[{"@type":"ReadAction","target":["https:\/\/www.rakemonkey.com\/de\/"]}]},{"@type":"BreadcrumbList","@id":"https:\/\/www.rakemonkey.com\/de\/#breadcrumb","itemListElement":[{"@type":"ListItem","position":1,"name":"Home","item":"https:\/\/www.rakemonkey.com\/de\/"},{"@type":"ListItem","position":2,"name":"Poker Rakeback"}]},{"@type":"WebSite","@id":"https:\/\/www.rakemonkey.com\/de\/#website","url":"https:\/\/www.rakemonkey.com\/de\/","name":"RakeMonkey.com","description":"","potentialAction":[{"@type":"SearchAction","target":{"@type":"EntryPoint","urlTemplate":"https:\/\/www.rakemonkey.com\/de\/?s={search_term_string}"},"query-input":"required name=search_term_string"}],"inLanguage":"en-US"}]}},"_links":{"self":[{"href":"https:\/\/www.rakemonkey.com\/de\/wp-json\/wp\/v2\/pages\/112"}],"collection":[{"href":"https:\/\/www.rakemonkey.com\/de\/wp-json\/wp\/v2\/pages"}],"about":[{"href":"https:\/\/www.rakemonkey.com\/de\/wp-json\/wp\/v2\/types\/page"}],"author":[{"embeddable":true,"href":"https:\/\/www.rakemonkey.com\/de\/wp-json\/wp\/v2\/users\/9"}],"replies":[{"embeddable":true,"href":"https:\/\/www.rakemonkey.com\/de\/wp-json\/wp\/v2\/comments?post=112"}],"version-history":[{"count":0,"href":"https:\/\/www.rakemonkey.com\/de\/wp-json\/wp\/v2\/pages\/112\/revisions"}],"wp:attachment":[{"href":"https:\/\/www.rakemonkey.com\/de\/wp-json\/wp\/v2\/media?parent=112"}],"curies":[{"name":"wp","href":"https:\/\/api.w.org\/{rel}","templated":true}]}}