{"id":12,"date":"2010-02-24T08:19:19","date_gmt":"2010-02-24T08:19:19","guid":{"rendered":"http:\/\/www.rakemonkey.com\/de\/?page_id=12"},"modified":"2010-02-24T08:19:19","modified_gmt":"2010-02-24T08:19:19","slug":"rake-rennen","status":"publish","type":"page","link":"https:\/\/www.rakemonkey.com\/de\/rake-rennen\/","title":{"rendered":"Rake Rennen"},"content":{"rendered":"<h2>Was sind Rake Rennen und Chases?<\/h2>\n<p>Rake Rennen und Chases sind einer der vielen Wege, in denen wir unsere Spieler daf\u00fcr belohnen Rakeback Konten zu haben und Poker zu spielen. Wir m\u00f6chten, dass unsere Spieler gl\u00fccklich sind und deshalb geben wir $150,000 im Monat f\u00fcr Rake Chases und Rake Rennen aus. Wir bieten au\u00dferdem auch t\u00e4gliche Auszahlungen damit Sie Ihr Geld haben k\u00f6nnen wann immer Sie m\u00f6chten \u2013 nicht nur einmal im Monat wie bei den mei\u00dften Rakeback Seiten.<\/p>\n<p>Rake Rennen sind einfache Wettbewerbe, wo die Top 50 oder so Spieler, die jeden Monat den mei\u00dften Rake verdienen, einen speziellen Cash Preis erhalten. Es ist so etwas wie ein Turnier, wo der Spieler mit dem mei\u00dften Rake den gr\u00f6\u00dften Cash Preis erh\u00e4lt, der Spieler mit dem zweitmei\u00dften Rake erh\u00e4lt einen etwas kleineren Preis und so weiter.<\/p>\n<p>Rake Chases sind \u00e4hnlich wie Rennen aber der Unterschied ist, dass Sie in Rennen nur versuchen bestimmte Stufen von Rake zu erreichen. Je h\u00f6her Ihre erreichte Stufe, desto mehr wird Ihnen am Ende des Monats gezahlt. Jede Stufe hat nur eine bestimmte Anzahl von Pl\u00e4tzen, so dass Sie zu den ersten Spielern geh\u00f6ren m\u00fcssen, die jede Stufe erreichen um einen Preis zu gewinnen.<\/p>\n<p>Die unten gelisteten Rennen und Chases zeigen den gesamten Wert der Preise in Dollar auf der Poker Seite jeden Monat. Ein $21,000 Rake Rennen gibt zum Beispiel Preise im Wert von $21,000 an die Spieler mit dem Top Rake jeden Monat aus.<\/p>\n<h2>Rake Rennen<\/h2>\n<p><strong>$21,000 Rake Rennen<\/strong><\/p>\n<p>\u2022 Ultimate Bet<br \/>\n\u2022 Absolute Poker<br \/>\n\u2022 Full Tilt Poker<\/p>\n<p><strong>$15,000 Rake Rennen<\/strong><\/p>\n<p>\u2022 Cake Poker<\/p>\n<h2>Rake Chases<\/h2>\n<p><strong>$10,000 Rake Chases<\/strong><\/p>\n<p>\u2022 Molten Poker<br \/>\n\u2022 Carbon Poker<br \/>\n\u2022 NoIQ Poker<br \/>\n\u2022 Aced Poker<\/p>\n<p><strong>$6,000 Rake Chases<\/strong><\/p>\n<p>\u2022 InterPoker<br \/>\n\u2022 PKR Poker<\/p>\n<h2>Teilnahme an Rake Rennen und Chases<\/h2>\n<p>Solange Sie ein Rakeback Konto \u00fcber uns f\u00fcr eine der oberen Seiten haben, nehmen Sie automatisch an jedem Rake Chase und Rennen teil, das wir anbieten. Alles was Sie tun m\u00fcssen ist Poker zu spielen wie Sie es immer tun und Ihr Fortschritt wird automatisch festgehalten.<\/p>\n<p>Wann immer Sie sich in einem unserer Rennen oder Chases platzieren, werden wir Sie benachrichtigen und Ihnen Ihre Gewinne im Folgemonat auszahlen. Ihr Rakeback Cash ist immer verf\u00fcgbar aber unsere Rake Chase und Rake Rennen Preise werden nur einmal im Monat ausgezahlt.<\/p>\n<h3>Vorteile von Rake Rennen und Chases<\/h3>\n<p>Rake Rennen und Chases sind extreme lohnenswert da von Ihnen nichts anderes erwartet wird als das, was Sie sowieso tun: <strong>Poker spielen<\/strong>. Nicht nur erhalten Sie Ihr Rakeback aber Sie werden auch extra Preise gewinnen wenn Sie sich in Rake Rennen und Chases gut machen.<\/p>\n<p>Wenn Sie bereit sind, besuchen Sie die Rezensionsseite von einem unserer empfohlenen Rakeback Poker R\u00e4ume. Dort k\u00f6nnen Sie alles \u00fcber den Poker Raum lesen und erfahren, wie Sie sich f\u00fcr Rakeback anmelden. Danach werden Sie ein Konto bei uns haben und sind bereit zum Verdienen.<\/p>\n","protected":false},"excerpt":{"rendered":"<p>Was sind Rake Rennen und Chases? Rake Rennen und Chases sind einer der vielen Wege, in denen wir unsere Spieler daf\u00fcr belohnen Rakeback Konten zu haben und Poker zu spielen. Wir m\u00f6chten, dass unsere Spieler gl\u00fccklich sind und deshalb geben<a class=\"post-link\" href=\"https:\/\/www.rakemonkey.com\/de\/rake-rennen\/\"> read more&#8230;<\/a><\/p>\n","protected":false},"author":9,"featured_media":0,"parent":0,"menu_order":0,"comment_status":"open","ping_status":"open","template":"","meta":[],"acf":[],"yoast_head":"<!-- This site is optimized with the Yoast SEO plugin v19.6.1 - https:\/\/yoast.com\/wordpress\/plugins\/seo\/ -->\n<title>Rake Rennen - RakeMonkey.com<\/title>\n<meta name=\"robots\" content=\"index, follow, max-snippet:-1, max-image-preview:large, max-video-preview:-1\" \/>\n<link rel=\"canonical\" href=\"https:\/\/www.rakemonkey.com\/de\/rake-rennen\/\" \/>\n<meta property=\"og:locale\" content=\"en_US\" \/>\n<meta property=\"og:type\" content=\"article\" \/>\n<meta property=\"og:title\" content=\"Rake Rennen - RakeMonkey.com\" \/>\n<meta property=\"og:description\" content=\"Was sind Rake Rennen und Chases? Rake Rennen und Chases sind einer der vielen Wege, in denen wir unsere Spieler daf\u00fcr belohnen Rakeback Konten zu haben und Poker zu spielen. Wir m\u00f6chten, dass unsere Spieler gl\u00fccklich sind und deshalb geben read more...\" \/>\n<meta property=\"og:url\" content=\"https:\/\/www.rakemonkey.com\/de\/rake-rennen\/\" \/>\n<meta property=\"og:site_name\" content=\"RakeMonkey.com\" \/>\n<meta name=\"twitter:card\" content=\"summary\" \/>\n<meta name=\"twitter:label1\" content=\"Est. reading time\" \/>\n\t<meta name=\"twitter:data1\" content=\"2 minutes\" \/>\n<script type=\"application\/ld+json\" class=\"yoast-schema-graph\">{\"@context\":\"https:\/\/schema.org\",\"@graph\":[{\"@type\":\"WebPage\",\"@id\":\"https:\/\/www.rakemonkey.com\/de\/rake-rennen\/\",\"url\":\"https:\/\/www.rakemonkey.com\/de\/rake-rennen\/\",\"name\":\"Rake Rennen - RakeMonkey.com\",\"isPartOf\":{\"@id\":\"https:\/\/www.rakemonkey.com\/de\/#website\"},\"datePublished\":\"2010-02-24T08:19:19+00:00\",\"dateModified\":\"2010-02-24T08:19:19+00:00\",\"breadcrumb\":{\"@id\":\"https:\/\/www.rakemonkey.com\/de\/rake-rennen\/#breadcrumb\"},\"inLanguage\":\"en-US\",\"potentialAction\":[{\"@type\":\"ReadAction\",\"target\":[\"https:\/\/www.rakemonkey.com\/de\/rake-rennen\/\"]}]},{\"@type\":\"BreadcrumbList\",\"@id\":\"https:\/\/www.rakemonkey.com\/de\/rake-rennen\/#breadcrumb\",\"itemListElement\":[{\"@type\":\"ListItem\",\"position\":1,\"name\":\"Home\",\"item\":\"https:\/\/www.rakemonkey.com\/de\/\"},{\"@type\":\"ListItem\",\"position\":2,\"name\":\"Rake Rennen\"}]},{\"@type\":\"WebSite\",\"@id\":\"https:\/\/www.rakemonkey.com\/de\/#website\",\"url\":\"https:\/\/www.rakemonkey.com\/de\/\",\"name\":\"RakeMonkey.com\",\"description\":\"\",\"potentialAction\":[{\"@type\":\"SearchAction\",\"target\":{\"@type\":\"EntryPoint\",\"urlTemplate\":\"https:\/\/www.rakemonkey.com\/de\/?s={search_term_string}\"},\"query-input\":\"required name=search_term_string\"}],\"inLanguage\":\"en-US\"}]}<\/script>\n<!-- \/ Yoast SEO plugin. -->","yoast_head_json":{"title":"Rake Rennen - RakeMonkey.com","robots":{"index":"index","follow":"follow","max-snippet":"max-snippet:-1","max-image-preview":"max-image-preview:large","max-video-preview":"max-video-preview:-1"},"canonical":"https:\/\/www.rakemonkey.com\/de\/rake-rennen\/","og_locale":"en_US","og_type":"article","og_title":"Rake Rennen - RakeMonkey.com","og_description":"Was sind Rake Rennen und Chases? Rake Rennen und Chases sind einer der vielen Wege, in denen wir unsere Spieler daf\u00fcr belohnen Rakeback Konten zu haben und Poker zu spielen. Wir m\u00f6chten, dass unsere Spieler gl\u00fccklich sind und deshalb geben read more...","og_url":"https:\/\/www.rakemonkey.com\/de\/rake-rennen\/","og_site_name":"RakeMonkey.com","twitter_card":"summary","twitter_misc":{"Est. reading time":"2 minutes"},"schema":{"@context":"https:\/\/schema.org","@graph":[{"@type":"WebPage","@id":"https:\/\/www.rakemonkey.com\/de\/rake-rennen\/","url":"https:\/\/www.rakemonkey.com\/de\/rake-rennen\/","name":"Rake Rennen - RakeMonkey.com","isPartOf":{"@id":"https:\/\/www.rakemonkey.com\/de\/#website"},"datePublished":"2010-02-24T08:19:19+00:00","dateModified":"2010-02-24T08:19:19+00:00","breadcrumb":{"@id":"https:\/\/www.rakemonkey.com\/de\/rake-rennen\/#breadcrumb"},"inLanguage":"en-US","potentialAction":[{"@type":"ReadAction","target":["https:\/\/www.rakemonkey.com\/de\/rake-rennen\/"]}]},{"@type":"BreadcrumbList","@id":"https:\/\/www.rakemonkey.com\/de\/rake-rennen\/#breadcrumb","itemListElement":[{"@type":"ListItem","position":1,"name":"Home","item":"https:\/\/www.rakemonkey.com\/de\/"},{"@type":"ListItem","position":2,"name":"Rake Rennen"}]},{"@type":"WebSite","@id":"https:\/\/www.rakemonkey.com\/de\/#website","url":"https:\/\/www.rakemonkey.com\/de\/","name":"RakeMonkey.com","description":"","potentialAction":[{"@type":"SearchAction","target":{"@type":"EntryPoint","urlTemplate":"https:\/\/www.rakemonkey.com\/de\/?s={search_term_string}"},"query-input":"required name=search_term_string"}],"inLanguage":"en-US"}]}},"_links":{"self":[{"href":"https:\/\/www.rakemonkey.com\/de\/wp-json\/wp\/v2\/pages\/12"}],"collection":[{"href":"https:\/\/www.rakemonkey.com\/de\/wp-json\/wp\/v2\/pages"}],"about":[{"href":"https:\/\/www.rakemonkey.com\/de\/wp-json\/wp\/v2\/types\/page"}],"author":[{"embeddable":true,"href":"https:\/\/www.rakemonkey.com\/de\/wp-json\/wp\/v2\/users\/9"}],"replies":[{"embeddable":true,"href":"https:\/\/www.rakemonkey.com\/de\/wp-json\/wp\/v2\/comments?post=12"}],"version-history":[{"count":0,"href":"https:\/\/www.rakemonkey.com\/de\/wp-json\/wp\/v2\/pages\/12\/revisions"}],"wp:attachment":[{"href":"https:\/\/www.rakemonkey.com\/de\/wp-json\/wp\/v2\/media?parent=12"}],"curies":[{"name":"wp","href":"https:\/\/api.w.org\/{rel}","templated":true}]}}