{"id":14,"date":"2010-02-24T08:26:00","date_gmt":"2010-02-24T08:26:00","guid":{"rendered":"http:\/\/www.rakemonkey.com\/de\/?page_id=14"},"modified":"2010-02-24T08:26:00","modified_gmt":"2010-02-24T08:26:00","slug":"freerolls","status":"publish","type":"page","link":"https:\/\/www.rakemonkey.com\/de\/freerolls\/","title":{"rendered":"Freerolls"},"content":{"rendered":"<h2>W\u00f6chentliche Loose Change Freerolls<\/h2>\n<p>Loose Change Freerolls sind Freeroll Turniere, die wir jeden Sonntag um 3:00 PM EST mit einem garantierten Preisgeld von $5,000 veranstalten. Wir legen $2,500 f\u00fcr jedes Turnier hin und dann haben alle unsere Spieler die Chance sich anzumelden. Dann nehmen wir jeden Tag die loose change von jedem, der angemeldet ist und f\u00fcgen dieses Wechselgeld dem Preisgeld hinzu.<\/p>\n<p>Wenn Ihr abschlie\u00dfender Rakeback Kontostand f\u00fcr einen Tag $73.42 ist, werden wir $0.42 von Ihrem Konto nehmen und es dem Preisgeld hinzuf\u00fcgen. Falls es jemals eine Woche geben sollte, wo wir nicht gen\u00fcgend Wechselgeld einsammeln um das Preisgeld auf $5,000 zu bringen, werden wir es mit unserem eigenen Geld auff\u00fcllen bis das Preisgeld $5,000 wert ist.<\/p>\n<p>Insgesamt haben unsere Loose Change Freerolls jeden Monat einen Wert von $20,000 an garantierten Freeroll Turnieren. Dies ist nur einer der vielen Wege, in denen wir uns von der Konkurrenz abheben. Die Teilnahme an diesen Turnieren kostes absolute garnichts au\u00dfer das Wechselgeld auf Ihrem Konto.<\/p>\n<p>Diese Turniere sind ein gro\u00dfartiger Weg die Bankroll zu vergr\u00f6\u00dfern, insbesondere f\u00fcr neue Spieler. Eine der besten Sachen an den Loose Change Freerolls ist, dass viele Spieler, die daf\u00fcr angemeldet sind, nicht erscheinen. Es liegt also jede Menge Geld bereit \u2013 Sie m\u00fcssen es nur annehmen.<\/p>\n<h2>Wie Teilnehmen<\/h2>\n<p>Sobald Sie sich f\u00fcr unsere Loose Change Freerolls anmelden, m\u00fcssen Sie nur mindestens $0.01 zum Preisgeld beitragen. Der Mindestbetrag, den Sie beitragen k\u00f6nnen, ist $0.01 und das Maximum k\u00f6nnten Sie nur zahlen m\u00fcssen, wenn Ihr Kontostand jeden Tag mit $0.99 endet. In anderen Worten k\u00f6nnte die Teilnahme Ihnen maximal $6.93 kosten.<\/p>\n<h3>Sie m\u00fcssen nicht einmal bei Full Tilt spielen um teilzunehmen<\/h3>\n<p>Sie k\u00f6nnen sich f\u00fcr unsere Loose Change Freerolls \u00fcber jede unserer Rakeback Poker Seiten anmelden. Solange Sie ein Konto bei uns haben, k\u00f6nnen Sie sich f\u00fcr das Loose Change Freeroll anmelden und es jeden Sonntag bei Full Tilt spielen. Ihr Full Tilt Poker Konto muss nicht einmal an uns gekn\u00fcpft sein. Spielen Sie einfach nur Poker auf Ihrer Lieblingsseite und loggen sich dann einmal die Woche bei Full Tilt ein um am Freeroll teilzunehmen.<\/p>\n<h2>Sie haben kein Full Tilt Konto?<\/h2>\n<p>Besuchen Sie unsere Full Tilt Poker Anmeldeseite um ein Rakeback Konto bei Full Tilt zu erhalten. Full Tilt ist eine unserer Lieblings Rakeback Poker Seiten weil es die besten Cash Games im Internet und tausende von Poker Turnieren hat.<\/p>\n","protected":false},"excerpt":{"rendered":"<p>W\u00f6chentliche Loose Change Freerolls Loose Change Freerolls sind Freeroll Turniere, die wir jeden Sonntag um 3:00 PM EST mit einem garantierten Preisgeld von $5,000 veranstalten. Wir legen $2,500 f\u00fcr jedes Turnier hin und dann haben alle unsere Spieler die Chance<a class=\"post-link\" href=\"https:\/\/www.rakemonkey.com\/de\/freerolls\/\"> read more&#8230;<\/a><\/p>\n","protected":false},"author":9,"featured_media":0,"parent":0,"menu_order":0,"comment_status":"closed","ping_status":"open","template":"","meta":[],"acf":[],"yoast_head":"<!-- This site is optimized with the Yoast SEO plugin v19.6.1 - https:\/\/yoast.com\/wordpress\/plugins\/seo\/ -->\n<title>Freerolls - RakeMonkey.com<\/title>\n<meta name=\"robots\" content=\"index, follow, max-snippet:-1, max-image-preview:large, max-video-preview:-1\" \/>\n<link rel=\"canonical\" href=\"https:\/\/www.rakemonkey.com\/de\/freerolls\/\" \/>\n<meta property=\"og:locale\" content=\"en_US\" \/>\n<meta property=\"og:type\" content=\"article\" \/>\n<meta property=\"og:title\" content=\"Freerolls - RakeMonkey.com\" \/>\n<meta property=\"og:description\" content=\"W\u00f6chentliche Loose Change Freerolls Loose Change Freerolls sind Freeroll Turniere, die wir jeden Sonntag um 3:00 PM EST mit einem garantierten Preisgeld von $5,000 veranstalten. Wir legen $2,500 f\u00fcr jedes Turnier hin und dann haben alle unsere Spieler die Chance read more...\" \/>\n<meta property=\"og:url\" content=\"https:\/\/www.rakemonkey.com\/de\/freerolls\/\" \/>\n<meta property=\"og:site_name\" content=\"RakeMonkey.com\" \/>\n<meta name=\"twitter:card\" content=\"summary\" \/>\n<meta name=\"twitter:label1\" content=\"Est. reading time\" \/>\n\t<meta name=\"twitter:data1\" content=\"2 minutes\" \/>\n<script type=\"application\/ld+json\" class=\"yoast-schema-graph\">{\"@context\":\"https:\/\/schema.org\",\"@graph\":[{\"@type\":\"WebPage\",\"@id\":\"https:\/\/www.rakemonkey.com\/de\/freerolls\/\",\"url\":\"https:\/\/www.rakemonkey.com\/de\/freerolls\/\",\"name\":\"Freerolls - RakeMonkey.com\",\"isPartOf\":{\"@id\":\"https:\/\/www.rakemonkey.com\/de\/#website\"},\"datePublished\":\"2010-02-24T08:26:00+00:00\",\"dateModified\":\"2010-02-24T08:26:00+00:00\",\"breadcrumb\":{\"@id\":\"https:\/\/www.rakemonkey.com\/de\/freerolls\/#breadcrumb\"},\"inLanguage\":\"en-US\",\"potentialAction\":[{\"@type\":\"ReadAction\",\"target\":[\"https:\/\/www.rakemonkey.com\/de\/freerolls\/\"]}]},{\"@type\":\"BreadcrumbList\",\"@id\":\"https:\/\/www.rakemonkey.com\/de\/freerolls\/#breadcrumb\",\"itemListElement\":[{\"@type\":\"ListItem\",\"position\":1,\"name\":\"Home\",\"item\":\"https:\/\/www.rakemonkey.com\/de\/\"},{\"@type\":\"ListItem\",\"position\":2,\"name\":\"Freerolls\"}]},{\"@type\":\"WebSite\",\"@id\":\"https:\/\/www.rakemonkey.com\/de\/#website\",\"url\":\"https:\/\/www.rakemonkey.com\/de\/\",\"name\":\"RakeMonkey.com\",\"description\":\"\",\"potentialAction\":[{\"@type\":\"SearchAction\",\"target\":{\"@type\":\"EntryPoint\",\"urlTemplate\":\"https:\/\/www.rakemonkey.com\/de\/?s={search_term_string}\"},\"query-input\":\"required name=search_term_string\"}],\"inLanguage\":\"en-US\"}]}<\/script>\n<!-- \/ Yoast SEO plugin. -->","yoast_head_json":{"title":"Freerolls - RakeMonkey.com","robots":{"index":"index","follow":"follow","max-snippet":"max-snippet:-1","max-image-preview":"max-image-preview:large","max-video-preview":"max-video-preview:-1"},"canonical":"https:\/\/www.rakemonkey.com\/de\/freerolls\/","og_locale":"en_US","og_type":"article","og_title":"Freerolls - RakeMonkey.com","og_description":"W\u00f6chentliche Loose Change Freerolls Loose Change Freerolls sind Freeroll Turniere, die wir jeden Sonntag um 3:00 PM EST mit einem garantierten Preisgeld von $5,000 veranstalten. Wir legen $2,500 f\u00fcr jedes Turnier hin und dann haben alle unsere Spieler die Chance read more...","og_url":"https:\/\/www.rakemonkey.com\/de\/freerolls\/","og_site_name":"RakeMonkey.com","twitter_card":"summary","twitter_misc":{"Est. reading time":"2 minutes"},"schema":{"@context":"https:\/\/schema.org","@graph":[{"@type":"WebPage","@id":"https:\/\/www.rakemonkey.com\/de\/freerolls\/","url":"https:\/\/www.rakemonkey.com\/de\/freerolls\/","name":"Freerolls - RakeMonkey.com","isPartOf":{"@id":"https:\/\/www.rakemonkey.com\/de\/#website"},"datePublished":"2010-02-24T08:26:00+00:00","dateModified":"2010-02-24T08:26:00+00:00","breadcrumb":{"@id":"https:\/\/www.rakemonkey.com\/de\/freerolls\/#breadcrumb"},"inLanguage":"en-US","potentialAction":[{"@type":"ReadAction","target":["https:\/\/www.rakemonkey.com\/de\/freerolls\/"]}]},{"@type":"BreadcrumbList","@id":"https:\/\/www.rakemonkey.com\/de\/freerolls\/#breadcrumb","itemListElement":[{"@type":"ListItem","position":1,"name":"Home","item":"https:\/\/www.rakemonkey.com\/de\/"},{"@type":"ListItem","position":2,"name":"Freerolls"}]},{"@type":"WebSite","@id":"https:\/\/www.rakemonkey.com\/de\/#website","url":"https:\/\/www.rakemonkey.com\/de\/","name":"RakeMonkey.com","description":"","potentialAction":[{"@type":"SearchAction","target":{"@type":"EntryPoint","urlTemplate":"https:\/\/www.rakemonkey.com\/de\/?s={search_term_string}"},"query-input":"required name=search_term_string"}],"inLanguage":"en-US"}]}},"_links":{"self":[{"href":"https:\/\/www.rakemonkey.com\/de\/wp-json\/wp\/v2\/pages\/14"}],"collection":[{"href":"https:\/\/www.rakemonkey.com\/de\/wp-json\/wp\/v2\/pages"}],"about":[{"href":"https:\/\/www.rakemonkey.com\/de\/wp-json\/wp\/v2\/types\/page"}],"author":[{"embeddable":true,"href":"https:\/\/www.rakemonkey.com\/de\/wp-json\/wp\/v2\/users\/9"}],"replies":[{"embeddable":true,"href":"https:\/\/www.rakemonkey.com\/de\/wp-json\/wp\/v2\/comments?post=14"}],"version-history":[{"count":0,"href":"https:\/\/www.rakemonkey.com\/de\/wp-json\/wp\/v2\/pages\/14\/revisions"}],"wp:attachment":[{"href":"https:\/\/www.rakemonkey.com\/de\/wp-json\/wp\/v2\/media?parent=14"}],"curies":[{"name":"wp","href":"https:\/\/api.w.org\/{rel}","templated":true}]}}