{"id":16,"date":"2010-02-24T08:30:39","date_gmt":"2010-02-24T08:30:39","guid":{"rendered":"http:\/\/www.rakemonkey.com\/de\/?page_id=16"},"modified":"2010-02-24T08:30:39","modified_gmt":"2010-02-24T08:30:39","slug":"verweise","status":"publish","type":"page","link":"https:\/\/www.rakemonkey.com\/de\/verweise\/","title":{"rendered":"Verweise"},"content":{"rendered":"<p>Im Rakeback Gesch\u00e4ft ist Mundpropaganda eine der st\u00e4rksten Werbeformen. Poker Spieler tendieren dazu andere Poker Spieler zu kennen, also m\u00f6chten wir Sie daf\u00fcr belohnen unseren Namen zu erw\u00e4hnen wenn Sie mit Ihren Freunden \u00fcber Rakeback sprechen. In diesem Sinne haben wir das bestzahlende Programm f\u00fcr Freundschaftswerbung auf dem Markt auf die Beine gestellt.<\/p>\n<p>Immer wenn Sie einen Freund zu RakeMonkey.com werben, werden Sie zwischen 4% bis 6% des Rakes dieses Spielers erhalten, lebenslang. Wenn Sie zum Beispiel drei Spieler zu uns schicken und sie generieren $10,000 an Rake pro Monat, so werden Sie allein von diesen Spielern $400 pro Monat verdienen. Umso mehr Spieler Sie schicken, desto mehr verdienen Sie jeden Monat.<\/p>\n<h2>Freundschaftswerbung Raten<\/h2>\n<p>Der Prozentsatz, den Sie an Ihren geworbenen Spielern verdienen, basiert darauf, wieviel Rake sie als Gruppe generieren:<\/p>\n<p><strong>Generierter Rake |\u00a0 Ihr Anteil<\/strong><\/p>\n<p>$0 \u2013 $19,999 | 4%<br \/>\n$20,000 \u2013 $49,999 |\u00a0 5%<br \/>\n$50,000 + | 6%<\/p>\n<p>Nehmen wir an Sie schicken uns 10 gro\u00dfe Spieler, die gemeinsam insgesamt $50,000 an Rake pro Monat generieren. In diesem Fall w\u00fcrden Sie $3,000 im Monat durch diese Spieler verdienen. Solange sie spielen, werden Sie Geld durch sie verdienen, ohne etwas daf\u00fcr tun zu m\u00fcssen. Das ist extra Geld, das Sie neben Ihren regul\u00e4ren Rakeback Zahlungen und Geld, das Sie durch unsere Rake Rennen und Chases, erhalten.<\/p>\n<p>Noch besser ist die Tatsache, dass wir ein 5-stufiges Werbungsprogramm haben. Das bedeutet, dass Sie nicht nur f\u00fcr Spieler belohnt werden, die Sie werben sondern auch f\u00fcr Spieler, die von Ihren geworbenen Spielern geworben werden. Das geht bis zu 5 Stufen unter Ihnen so weiter.<\/p>\n<p>Umso mehr Leute Sie zu RakeMonkey.com schicken, desto wahrscheinlicher wird es, dass sie andere Spieler werben. Sie k\u00f6nnen sich vorstellen welch Schneeballeffekt durch unserer 5-stufiges Programm entstehen kann.<\/p>\n<p>Stufe Raten<\/p>\n<p><strong>Tier #\u00a0 | Your Share<\/strong><\/p>\n<p>1 | 4% to 6%<br \/>\n2 | 1%<br \/>\n3 |\u00a0 .75%<br \/>\n4 | .50%<br \/>\n5 | .25%<\/p>\n<h2>Freundschaftswerbung Rennen<\/h2>\n<p>Jeden Monat geben wir $2,000 an Preisgeld f\u00fcr die Top 20 Spieler aus, die die mei\u00dften Spieler zu RakeMonkey.com schicken. Damit ein geworbener Spieler f\u00fcr diesen Wettbewerb mitz\u00e4hlt, muss der Spieler eine Echtgeld Einzahlung t\u00e4tigen und Poker spielen.<\/p>\n","protected":false},"excerpt":{"rendered":"<p>Im Rakeback Gesch\u00e4ft ist Mundpropaganda eine der st\u00e4rksten Werbeformen. Poker Spieler tendieren dazu andere Poker Spieler zu kennen, also m\u00f6chten wir Sie daf\u00fcr belohnen unseren Namen zu erw\u00e4hnen wenn Sie mit Ihren Freunden \u00fcber Rakeback sprechen. In diesem Sinne haben<a class=\"post-link\" href=\"https:\/\/www.rakemonkey.com\/de\/verweise\/\"> read more&#8230;<\/a><\/p>\n","protected":false},"author":9,"featured_media":0,"parent":0,"menu_order":0,"comment_status":"closed","ping_status":"open","template":"","meta":[],"acf":[],"yoast_head":"<!-- This site is optimized with the Yoast SEO plugin v19.6.1 - https:\/\/yoast.com\/wordpress\/plugins\/seo\/ -->\n<title>Verweise - RakeMonkey.com<\/title>\n<meta name=\"robots\" content=\"index, follow, max-snippet:-1, max-image-preview:large, max-video-preview:-1\" \/>\n<link rel=\"canonical\" href=\"https:\/\/www.rakemonkey.com\/de\/verweise\/\" \/>\n<meta property=\"og:locale\" content=\"en_US\" \/>\n<meta property=\"og:type\" content=\"article\" \/>\n<meta property=\"og:title\" content=\"Verweise - RakeMonkey.com\" \/>\n<meta property=\"og:description\" content=\"Im Rakeback Gesch\u00e4ft ist Mundpropaganda eine der st\u00e4rksten Werbeformen. Poker Spieler tendieren dazu andere Poker Spieler zu kennen, also m\u00f6chten wir Sie daf\u00fcr belohnen unseren Namen zu erw\u00e4hnen wenn Sie mit Ihren Freunden \u00fcber Rakeback sprechen. In diesem Sinne haben read more...\" \/>\n<meta property=\"og:url\" content=\"https:\/\/www.rakemonkey.com\/de\/verweise\/\" \/>\n<meta property=\"og:site_name\" content=\"RakeMonkey.com\" \/>\n<meta name=\"twitter:card\" content=\"summary\" \/>\n<meta name=\"twitter:label1\" content=\"Est. reading time\" \/>\n\t<meta name=\"twitter:data1\" content=\"2 minutes\" \/>\n<script type=\"application\/ld+json\" class=\"yoast-schema-graph\">{\"@context\":\"https:\/\/schema.org\",\"@graph\":[{\"@type\":\"WebPage\",\"@id\":\"https:\/\/www.rakemonkey.com\/de\/verweise\/\",\"url\":\"https:\/\/www.rakemonkey.com\/de\/verweise\/\",\"name\":\"Verweise - RakeMonkey.com\",\"isPartOf\":{\"@id\":\"https:\/\/www.rakemonkey.com\/de\/#website\"},\"datePublished\":\"2010-02-24T08:30:39+00:00\",\"dateModified\":\"2010-02-24T08:30:39+00:00\",\"breadcrumb\":{\"@id\":\"https:\/\/www.rakemonkey.com\/de\/verweise\/#breadcrumb\"},\"inLanguage\":\"en-US\",\"potentialAction\":[{\"@type\":\"ReadAction\",\"target\":[\"https:\/\/www.rakemonkey.com\/de\/verweise\/\"]}]},{\"@type\":\"BreadcrumbList\",\"@id\":\"https:\/\/www.rakemonkey.com\/de\/verweise\/#breadcrumb\",\"itemListElement\":[{\"@type\":\"ListItem\",\"position\":1,\"name\":\"Home\",\"item\":\"https:\/\/www.rakemonkey.com\/de\/\"},{\"@type\":\"ListItem\",\"position\":2,\"name\":\"Verweise\"}]},{\"@type\":\"WebSite\",\"@id\":\"https:\/\/www.rakemonkey.com\/de\/#website\",\"url\":\"https:\/\/www.rakemonkey.com\/de\/\",\"name\":\"RakeMonkey.com\",\"description\":\"\",\"potentialAction\":[{\"@type\":\"SearchAction\",\"target\":{\"@type\":\"EntryPoint\",\"urlTemplate\":\"https:\/\/www.rakemonkey.com\/de\/?s={search_term_string}\"},\"query-input\":\"required name=search_term_string\"}],\"inLanguage\":\"en-US\"}]}<\/script>\n<!-- \/ Yoast SEO plugin. -->","yoast_head_json":{"title":"Verweise - RakeMonkey.com","robots":{"index":"index","follow":"follow","max-snippet":"max-snippet:-1","max-image-preview":"max-image-preview:large","max-video-preview":"max-video-preview:-1"},"canonical":"https:\/\/www.rakemonkey.com\/de\/verweise\/","og_locale":"en_US","og_type":"article","og_title":"Verweise - RakeMonkey.com","og_description":"Im Rakeback Gesch\u00e4ft ist Mundpropaganda eine der st\u00e4rksten Werbeformen. Poker Spieler tendieren dazu andere Poker Spieler zu kennen, also m\u00f6chten wir Sie daf\u00fcr belohnen unseren Namen zu erw\u00e4hnen wenn Sie mit Ihren Freunden \u00fcber Rakeback sprechen. In diesem Sinne haben read more...","og_url":"https:\/\/www.rakemonkey.com\/de\/verweise\/","og_site_name":"RakeMonkey.com","twitter_card":"summary","twitter_misc":{"Est. reading time":"2 minutes"},"schema":{"@context":"https:\/\/schema.org","@graph":[{"@type":"WebPage","@id":"https:\/\/www.rakemonkey.com\/de\/verweise\/","url":"https:\/\/www.rakemonkey.com\/de\/verweise\/","name":"Verweise - RakeMonkey.com","isPartOf":{"@id":"https:\/\/www.rakemonkey.com\/de\/#website"},"datePublished":"2010-02-24T08:30:39+00:00","dateModified":"2010-02-24T08:30:39+00:00","breadcrumb":{"@id":"https:\/\/www.rakemonkey.com\/de\/verweise\/#breadcrumb"},"inLanguage":"en-US","potentialAction":[{"@type":"ReadAction","target":["https:\/\/www.rakemonkey.com\/de\/verweise\/"]}]},{"@type":"BreadcrumbList","@id":"https:\/\/www.rakemonkey.com\/de\/verweise\/#breadcrumb","itemListElement":[{"@type":"ListItem","position":1,"name":"Home","item":"https:\/\/www.rakemonkey.com\/de\/"},{"@type":"ListItem","position":2,"name":"Verweise"}]},{"@type":"WebSite","@id":"https:\/\/www.rakemonkey.com\/de\/#website","url":"https:\/\/www.rakemonkey.com\/de\/","name":"RakeMonkey.com","description":"","potentialAction":[{"@type":"SearchAction","target":{"@type":"EntryPoint","urlTemplate":"https:\/\/www.rakemonkey.com\/de\/?s={search_term_string}"},"query-input":"required name=search_term_string"}],"inLanguage":"en-US"}]}},"_links":{"self":[{"href":"https:\/\/www.rakemonkey.com\/de\/wp-json\/wp\/v2\/pages\/16"}],"collection":[{"href":"https:\/\/www.rakemonkey.com\/de\/wp-json\/wp\/v2\/pages"}],"about":[{"href":"https:\/\/www.rakemonkey.com\/de\/wp-json\/wp\/v2\/types\/page"}],"author":[{"embeddable":true,"href":"https:\/\/www.rakemonkey.com\/de\/wp-json\/wp\/v2\/users\/9"}],"replies":[{"embeddable":true,"href":"https:\/\/www.rakemonkey.com\/de\/wp-json\/wp\/v2\/comments?post=16"}],"version-history":[{"count":0,"href":"https:\/\/www.rakemonkey.com\/de\/wp-json\/wp\/v2\/pages\/16\/revisions"}],"wp:attachment":[{"href":"https:\/\/www.rakemonkey.com\/de\/wp-json\/wp\/v2\/media?parent=16"}],"curies":[{"name":"wp","href":"https:\/\/api.w.org\/{rel}","templated":true}]}}