{"id":18,"date":"2010-02-24T08:33:31","date_gmt":"2010-02-24T08:33:31","guid":{"rendered":"http:\/\/www.rakemonkey.com\/de\/?page_id=18"},"modified":"2010-02-24T08:33:31","modified_gmt":"2010-02-24T08:33:31","slug":"faqs","status":"publish","type":"page","link":"https:\/\/www.rakemonkey.com\/de\/faqs\/","title":{"rendered":"FAQ&#8217;s"},"content":{"rendered":"<p><strong>Was ist Rake?<\/strong><\/p>\n<p>Rake ist die Quelle des Einkommens von einem Poker Raum. Ein kleiner Prozentsatz wird von jedem Pot herausgenommen und vom Poker Raum als Einkommen einbehalten. Auf diese Weise verdienen Poker Seiten ihr Geld.<\/p>\n<p><strong>Was ist Rakeback?<\/strong><\/p>\n<p>Rakeback ist ein Deal, \u00fcber den Sie einen bestimmten Prozentsatz Ihres Rakes jeden Monat zur\u00fcckbekommen. Wenn Sie zum Beispiel einen 27% Rakeback Deal haben, wird die Poker Seite Ihnen jeden Monat 27% des Rakes, den Sie zahlen, zur\u00fcckzahlen.<\/p>\n<p><strong>Wie kann ich Rakeback erhalten?<\/strong><\/p>\n<p>Sie k\u00f6nnen Rakeback erhalten indem Sie sich bei einer unserer Rakeback Poker Seiten anmelden. Solange Sie sich bei einem der R\u00e4ume, die wir promoten \u00fcber RakeMonkey.com anmelden, werden Sie lebenslang Rakeback auf Ihr Poker Konto erhalten. Wir bieten auch zu jeder unserer seitenspezifischen Rakeback Seiten Schritt-f\u00fcr-Schritt Anleitungen. Das Anmeldeformular ist einfach auszuf\u00fcllen und alles, was wir ben\u00f6tigen, ist im Grunde genommen eine Email und Ihren neuen Benutzernamen nachdem Sie die Software downloaden und Ihr neues Konto er\u00f6ffnen.<\/p>\n<p><strong>Ist Rakeback sicher?<\/strong><\/p>\n<p>Ja. Rakeback ist ein markt\u00fcbergreifendes Gesch\u00e4ftsmodell. Viele Poker R\u00e4ume bieten Rakeback, ausgenommen einige wenige. Allerdings gleichen diese R\u00e4ume es aus indem sie spezielle VIP Programme anbieten.<\/p>\n<p><strong>Ist Rakeback von Poker Seiten erlaubt?<\/strong><\/p>\n<p>Ja, alle hier auf <strong>RakeMonkey.com<\/strong> gelisteten Poker Seiten genehmigen unsere Rakeback Deals.<\/p>\n<p><strong>Warum bieten Seiten wie RakeMonkey.com Rakeback an?<\/strong><\/p>\n<p><strong><\/strong>Immer wenn eine Poker Seite wie diese hier einem Online Poker Raum einen Spieler schickt, verdienen wir einen bestimmten Prozentsatz des Rakes von diesem Spieler. Die Rakeback Deals, die wir anbieten, minimieren diesen Prozentsatz stark aber wir gleichen das durch Masse aus. Jeder m\u00f6chte Rakeback!<\/p>\n<p><strong>Kann ich irgendwo noch bessere Rakeback Deals finden?<\/strong><\/p>\n<p>Nein. Das Rakeback Gesch\u00e4ft ist \u00fcber die letzten Jahre sehr umk\u00e4mpft geworden und alle Rakeback Seiten wie diese bieten die h\u00f6chsten Rakeback Deals, die von den Poker R\u00e4umen erlaubt sind. Wenn Sie eine Rakeback Seite finden, die h\u00f6here Prozents\u00e4tze als die hier gelisteten bietet, sollten Sie sehr vorsichtig sein. Wahrscheinlich bricht diese Rakeback Seite die AGBs des Poker Raumes. Wenn Ihr Rakeback Anbieter geschlossen wird, haben Sie bei diesem Poker Raum Pech gehabt.<\/p>\n<p><strong>Wie oft werde ich bezahlt?<\/strong><\/p>\n<p>Hier bei RakeMonkey.com m\u00fcssen Sie sich nur direct von unserer Seite einloggen, Ihre Statistiken \u00fcberpr\u00fcfen und Sie werden Ihren Rake sofort T\u00c4GLICH auszahlen k\u00f6nnen. In diesem Prozess gibt es keine Verz\u00f6gerungen und wir sind nicht wie die mei\u00dften Anbieter, die vielleicht nur einmal im Monat auszahlen.<\/p>\n<p><strong>Wie werde ich bezahlt?<\/strong><\/p>\n<p>Bei manchen Poker Seiten transferriert der Poker Raum selbst Ihre Rakeback Zahlungen auf Ihr Spielerkonto. Bei anderen Poker Seiten \u00fcbernehmen wir die Zahlungen und transferrieren das Geld auf Ihr Poker Konto, NETeller oder andere E-Wallets.<\/p>\n<p><strong>Wieviel kann ich mit Rakeback verdienen?<\/strong><\/p>\n<p>Es gibt kein Limit wieviel Geld Sie mit Rakeback verdienen k\u00f6nnen. Umso mehr Poker Sie spielen, desto mehr Rake zahlen Sie und umso h\u00f6her fallen auch Ihre Rakeback Zahlungen aus. Einige unserer gro\u00dfen Spieler verdienen jeden Monat tausende von Dollar an Rakeback.<\/p>\n<p><strong>Warum sollte ich Rakeback erhalten?<\/strong><\/p>\n<p>Rakeback ist essentiell f\u00fcr Poker Spiel. Ein Rakeback Deal bringt Ihnen jeden Monat extra Geld ein. Sie m\u00fcssen nichts daf\u00fcr tun um dieses Geld zu erhalten au\u00dfer Poker zu spielen. Sie m\u00fcssen nicht einmal ein gewinnender Poker Spieler sein um jeden Monat Rakeback zu verdienen.<\/p>\n<p><strong>Kann ich Rakeback auf ein bestehendes Konto erhalten?<\/strong><\/p>\n<p>Im Normalfall lautet die Antwort auf diese Frage nein. Allerdings gibt es einige Poker R\u00e4ume, bei denen Sie Rakeback auf ein bestehendes Konto erhalten k\u00f6nnen. Wenn Sie Fragen dazu haben, Rakeback auf ein bestehendes Konto zu bekommen, <strong>kontaktieren Sie uns<\/strong>.<\/p>\n<p><strong>Wo ist der Haken?<\/strong><\/p>\n<p>Es gibt keinen Haken und keinerlei versteckte Kosten oder \u00e4hnliches. Alles was Sie tun m\u00fcssen, ist sich bei einem unserer Rakeback Poker R\u00e4ume anzumelden und Poker zu spielen.<\/p>\n<p><strong>Kann ich Rakeback bei mehr al seiner Poker Seite haben?<\/strong><\/p>\n<p>Absolut. Sie k\u00f6nnen bei all unseren Poker Seiten Rakeback Deals haben.<\/p>\n<p><strong>Was ist der Unterschied zwischen 3<sup>rd<\/sup> Party und In House Rake?<\/strong><\/p>\n<p>Sobald Sie sich \u00fcber uns f\u00fcr einen In-House Rakeback Deal anmelden, h\u00e4ndelt die Poker Seite all Ihre Rakeback Zahlungen. Die Poker Seite transferriert Ihre Rakeback Zahlungen direkt auf Ihr Spielerkonto. Bei 3<sup>rd<\/sup> Party Deals h\u00e4ndeln wir all Ihre Rakeback Zahlungen f\u00fcr Sie.<\/p>\n<p><strong>Was sind \u201cAbz\u00fcge\u201d?<\/strong><\/p>\n<p>Dabei handelt es sich um Kosten, die Poker R\u00e4ume Ihrem generierten Rake gegenrechnen. Wenn Sie in einem Monat zum Beispiel $1,000 Rake generieren aber auch einen $100 Bonus verdienen, w\u00e4re Ihr kalkulierter Rakeback XX% von $900.<\/p>\n<p>Obwohl Ihre Rakeback Zahlung davon beeinflusst sein wird, macht es trotzdem Sinn Boni freizuspielen wenn sie angeboten werden. Sie werden den vollst\u00e4ndigen Bonus erhalten plus was von Ihrem verdienten Rakeback \u00fcbrig ist.<\/p>\n<p>Keine Sorge \u2013 Sie werden selten aufgrund von Abz\u00fcgen ins Negative kommen. Selbst wenn, der negative Betrag wird im n\u00e4chsten Monat annulliert. Sie werden niemals irgendwem aufgrund von Abz\u00fcgen \u201cGeld\u201d schulden.<\/p>\n","protected":false},"excerpt":{"rendered":"<p>Was ist Rake? Rake ist die Quelle des Einkommens von einem Poker Raum. Ein kleiner Prozentsatz wird von jedem Pot herausgenommen und vom Poker Raum als Einkommen einbehalten. Auf diese Weise verdienen Poker Seiten ihr Geld. Was ist Rakeback? Rakeback<a class=\"post-link\" href=\"https:\/\/www.rakemonkey.com\/de\/faqs\/\"> read more&#8230;<\/a><\/p>\n","protected":false},"author":9,"featured_media":0,"parent":0,"menu_order":0,"comment_status":"closed","ping_status":"open","template":"","meta":[],"acf":[],"yoast_head":"<!-- This site is optimized with the Yoast SEO plugin v19.6.1 - https:\/\/yoast.com\/wordpress\/plugins\/seo\/ -->\n<title>FAQ&#039;s - RakeMonkey.com<\/title>\n<meta name=\"robots\" content=\"index, follow, max-snippet:-1, max-image-preview:large, max-video-preview:-1\" \/>\n<link rel=\"canonical\" href=\"https:\/\/www.rakemonkey.com\/de\/faqs\/\" \/>\n<meta property=\"og:locale\" content=\"en_US\" \/>\n<meta property=\"og:type\" content=\"article\" \/>\n<meta property=\"og:title\" content=\"FAQ&#039;s - RakeMonkey.com\" \/>\n<meta property=\"og:description\" content=\"Was ist Rake? Rake ist die Quelle des Einkommens von einem Poker Raum. Ein kleiner Prozentsatz wird von jedem Pot herausgenommen und vom Poker Raum als Einkommen einbehalten. Auf diese Weise verdienen Poker Seiten ihr Geld. Was ist Rakeback? Rakeback read more...\" \/>\n<meta property=\"og:url\" content=\"https:\/\/www.rakemonkey.com\/de\/faqs\/\" \/>\n<meta property=\"og:site_name\" content=\"RakeMonkey.com\" \/>\n<meta name=\"twitter:card\" content=\"summary\" \/>\n<meta name=\"twitter:label1\" content=\"Est. reading time\" \/>\n\t<meta name=\"twitter:data1\" content=\"4 minutes\" \/>\n<script type=\"application\/ld+json\" class=\"yoast-schema-graph\">{\"@context\":\"https:\/\/schema.org\",\"@graph\":[{\"@type\":\"WebPage\",\"@id\":\"https:\/\/www.rakemonkey.com\/de\/faqs\/\",\"url\":\"https:\/\/www.rakemonkey.com\/de\/faqs\/\",\"name\":\"FAQ's - RakeMonkey.com\",\"isPartOf\":{\"@id\":\"https:\/\/www.rakemonkey.com\/de\/#website\"},\"datePublished\":\"2010-02-24T08:33:31+00:00\",\"dateModified\":\"2010-02-24T08:33:31+00:00\",\"breadcrumb\":{\"@id\":\"https:\/\/www.rakemonkey.com\/de\/faqs\/#breadcrumb\"},\"inLanguage\":\"en-US\",\"potentialAction\":[{\"@type\":\"ReadAction\",\"target\":[\"https:\/\/www.rakemonkey.com\/de\/faqs\/\"]}]},{\"@type\":\"BreadcrumbList\",\"@id\":\"https:\/\/www.rakemonkey.com\/de\/faqs\/#breadcrumb\",\"itemListElement\":[{\"@type\":\"ListItem\",\"position\":1,\"name\":\"Home\",\"item\":\"https:\/\/www.rakemonkey.com\/de\/\"},{\"@type\":\"ListItem\",\"position\":2,\"name\":\"FAQ&#8217;s\"}]},{\"@type\":\"WebSite\",\"@id\":\"https:\/\/www.rakemonkey.com\/de\/#website\",\"url\":\"https:\/\/www.rakemonkey.com\/de\/\",\"name\":\"RakeMonkey.com\",\"description\":\"\",\"potentialAction\":[{\"@type\":\"SearchAction\",\"target\":{\"@type\":\"EntryPoint\",\"urlTemplate\":\"https:\/\/www.rakemonkey.com\/de\/?s={search_term_string}\"},\"query-input\":\"required name=search_term_string\"}],\"inLanguage\":\"en-US\"}]}<\/script>\n<!-- \/ Yoast SEO plugin. -->","yoast_head_json":{"title":"FAQ's - RakeMonkey.com","robots":{"index":"index","follow":"follow","max-snippet":"max-snippet:-1","max-image-preview":"max-image-preview:large","max-video-preview":"max-video-preview:-1"},"canonical":"https:\/\/www.rakemonkey.com\/de\/faqs\/","og_locale":"en_US","og_type":"article","og_title":"FAQ's - RakeMonkey.com","og_description":"Was ist Rake? Rake ist die Quelle des Einkommens von einem Poker Raum. Ein kleiner Prozentsatz wird von jedem Pot herausgenommen und vom Poker Raum als Einkommen einbehalten. Auf diese Weise verdienen Poker Seiten ihr Geld. Was ist Rakeback? Rakeback read more...","og_url":"https:\/\/www.rakemonkey.com\/de\/faqs\/","og_site_name":"RakeMonkey.com","twitter_card":"summary","twitter_misc":{"Est. reading time":"4 minutes"},"schema":{"@context":"https:\/\/schema.org","@graph":[{"@type":"WebPage","@id":"https:\/\/www.rakemonkey.com\/de\/faqs\/","url":"https:\/\/www.rakemonkey.com\/de\/faqs\/","name":"FAQ's - RakeMonkey.com","isPartOf":{"@id":"https:\/\/www.rakemonkey.com\/de\/#website"},"datePublished":"2010-02-24T08:33:31+00:00","dateModified":"2010-02-24T08:33:31+00:00","breadcrumb":{"@id":"https:\/\/www.rakemonkey.com\/de\/faqs\/#breadcrumb"},"inLanguage":"en-US","potentialAction":[{"@type":"ReadAction","target":["https:\/\/www.rakemonkey.com\/de\/faqs\/"]}]},{"@type":"BreadcrumbList","@id":"https:\/\/www.rakemonkey.com\/de\/faqs\/#breadcrumb","itemListElement":[{"@type":"ListItem","position":1,"name":"Home","item":"https:\/\/www.rakemonkey.com\/de\/"},{"@type":"ListItem","position":2,"name":"FAQ&#8217;s"}]},{"@type":"WebSite","@id":"https:\/\/www.rakemonkey.com\/de\/#website","url":"https:\/\/www.rakemonkey.com\/de\/","name":"RakeMonkey.com","description":"","potentialAction":[{"@type":"SearchAction","target":{"@type":"EntryPoint","urlTemplate":"https:\/\/www.rakemonkey.com\/de\/?s={search_term_string}"},"query-input":"required name=search_term_string"}],"inLanguage":"en-US"}]}},"_links":{"self":[{"href":"https:\/\/www.rakemonkey.com\/de\/wp-json\/wp\/v2\/pages\/18"}],"collection":[{"href":"https:\/\/www.rakemonkey.com\/de\/wp-json\/wp\/v2\/pages"}],"about":[{"href":"https:\/\/www.rakemonkey.com\/de\/wp-json\/wp\/v2\/types\/page"}],"author":[{"embeddable":true,"href":"https:\/\/www.rakemonkey.com\/de\/wp-json\/wp\/v2\/users\/9"}],"replies":[{"embeddable":true,"href":"https:\/\/www.rakemonkey.com\/de\/wp-json\/wp\/v2\/comments?post=18"}],"version-history":[{"count":0,"href":"https:\/\/www.rakemonkey.com\/de\/wp-json\/wp\/v2\/pages\/18\/revisions"}],"wp:attachment":[{"href":"https:\/\/www.rakemonkey.com\/de\/wp-json\/wp\/v2\/media?parent=18"}],"curies":[{"name":"wp","href":"https:\/\/api.w.org\/{rel}","templated":true}]}}