{"id":2,"date":"2010-01-21T09:29:30","date_gmt":"2010-01-21T01:29:30","guid":{"rendered":"http:\/\/rakemonkey.com\/de\/?page_id=2"},"modified":"2010-01-21T09:29:30","modified_gmt":"2010-01-21T01:29:30","slug":"uber-uns","status":"publish","type":"page","link":"https:\/\/www.rakemonkey.com\/de\/uber-uns\/","title":{"rendered":"\u00dcber Uns"},"content":{"rendered":"<h2>Warum RakeMonkey.com Ausw\u00e4hlen &#8211; About Us<\/h2>\n<p>RakeMonkey.com ist einer der vertrauensw\u00fcrdigsten Rakeback Anbieter auf dem Markt. In der Rakeback Welt ist Vertrauen der wichtigste Faktor von allen. RakeMonkey.com bietet Spielern nicht nur Rakeback (das kann jeder tun) aber bietet auch exzellenten Kundenservice und monatlich hunderttausende von Dollar an Promotions.<\/p>\n<p>Es gibt drei Hauptfaktoren, die \u00fcber die Gesamtqualit\u00e4t Ihrer Erfahrung mit einem Rakeback Anbieter entscheiden. Der wichtigste Faktor ist Vertrauen und Ruf, gefolgt von Auszahlungen und danach Spieler Pr\u00e4mien. Jeder Faktor ist wichtig aber das Vertrauen und der Ruf eines Rakeback Providers ist von gr\u00f6\u00dfter Wichtigkeit.<\/p>\n<h2>Vertrauen und Ruf<\/h2>\n<p>Jeder kann auch behaupten, der vertrauensw\u00fcrdigste Rakeback Anbieter der Welt zu sein aber RakeMonkey.com ist ein Sponsor f\u00fcr TwoPlusTwo.com, PokerTracker und SharkScope. Mit gro\u00dfen Namen im R\u00fccken hat RakeMonkey.com bewiesen eine legitime Unternehmung zu sein, der die besten Interessen der Spieler am Herz liegen.<\/p>\n<p>Erfolg im Rakeback Gesch\u00e4ft hat man indem man Vertrauen mit Poker Spielern aufbaut und sie gut behandelt. Poker Spieler sind gr\u00f6\u00dftenteils eine TIGHT KNIT Gruppe und der Ruf eines Rakeback Anbieters h\u00e4ngt vollst\u00e4ndig davon ab, jedem einzelnen Spieler eine positive Erfahrung zu bieten. Sie alle, die Sie Mitglieder von Poker Foren dort drau\u00dfen sind wissen, wie schnell Nachrichten sich in der Poker Welt verbreiten.<\/p>\n<p>In diesem Sinne konzentriert sich RakeMonkey.com darauf eine vertrauensw\u00fcrdige Quelle f\u00fcr alle Rakeback Bed\u00fcrfnisse von Spielern zu sein. Sie wissen, dass wenn sie weiterhin beweisen eine vertrauensw\u00fcrdige Quelle f\u00fcr Rakeback zu sein, Poker Spieler RakeMonkey.com ihren Freunden empfehlen werden.<\/p>\n<p>Sie k\u00f6nnen uns pers\u00f6nlich jederzeit erreichen indem Sie eine Email an <strong><a href=\"mailto:support@rakemonkey.com\">support@rakemonkey.com<\/a><\/strong> schicken.<\/p>\n<h2>24\/7 Auszahlungen<\/h2>\n<p>Noch eine Sache, die Spieler an RakeMonkey.com lieben ist die 24\/7 Auszahlungsregelung. Wenn Sie sich \u00fcber RakeMonkey.com anmelden, m\u00fcssen Sie nicht einen Monat lang zwischen Zahlungen warten. Sie k\u00f6nnen Ihre Rake Statistiken t\u00e4glich nachschauen und jederzeit auszahlen. RakeMonkey.com ist nicht im Gesch\u00e4ft um ewig an Ihrem Geld festzuhalten. Wann Immer Sie Ihr Geld m\u00f6chten, ist es Ihrs.<\/p>\n<h2>Spieler Pr\u00e4mien<\/h2>\n<p>RakeMonkey.com gibt jeden Monat $150,000 an Rake Rennen, Rake Chases und Freerolls aus. Spieler, die sich \u00fcber RakeMonkey.com bei Poker Seiten anmelden, sind automatisch f\u00fcr all diese Wettbewerbe berechtigt indem sie einfach wie gewohnt Poker spielen.<\/p>\n<p>Einer der gr\u00f6\u00dften Vorteile dieser Wettbewerbe ist, dass Spieler aller Stufen davon profitieren k\u00f6nnen. Spieler mit kleinen Eins\u00e4tzen k\u00f6nnen in RakeMonkeys Promotions trotzdem Geld gewinnen weil Cash Pr\u00e4mien in allen Spielstufen ausgegeben werden aber High Stakes Spieler k\u00f6nnen ebenso trotzdem noch genug Geld gewinnen, dass es tats\u00e4chlich einen Unterschied f\u00fcr ihre Bankrolls ausmacht.<\/p>\n<p>Zu guter letzt ist das Freundschaftswerbung Programm das Beste auf dem Markt, den Spieler verdienen zwischen 4% bis 6% f\u00fcr alle zu RakeMonkey.com geworbenen Spieler. Mit solchen Raten nur f\u00fcrs Werben Ihrer Freunde zu konkurrieren ist schwer. Manche Rakeback Spieler machen allein durch Ihre geworbenen Spieler tausende von Dollar im Monat.<\/p>\n","protected":false},"excerpt":{"rendered":"<p>Warum RakeMonkey.com Ausw\u00e4hlen &#8211; About Us RakeMonkey.com ist einer der vertrauensw\u00fcrdigsten Rakeback Anbieter auf dem Markt. In der Rakeback Welt ist Vertrauen der wichtigste Faktor von allen. RakeMonkey.com bietet Spielern nicht nur Rakeback (das kann jeder tun) aber bietet auch<a class=\"post-link\" href=\"https:\/\/www.rakemonkey.com\/de\/uber-uns\/\"> read more&#8230;<\/a><\/p>\n","protected":false},"author":9,"featured_media":0,"parent":0,"menu_order":0,"comment_status":"closed","ping_status":"open","template":"","meta":[],"acf":[],"yoast_head":"<!-- This site is optimized with the Yoast SEO plugin v19.6.1 - https:\/\/yoast.com\/wordpress\/plugins\/seo\/ -->\n<title>\u00dcber Uns - RakeMonkey.com<\/title>\n<meta name=\"robots\" content=\"index, follow, max-snippet:-1, max-image-preview:large, max-video-preview:-1\" \/>\n<link rel=\"canonical\" href=\"https:\/\/www.rakemonkey.com\/de\/uber-uns\/\" \/>\n<meta property=\"og:locale\" content=\"en_US\" \/>\n<meta property=\"og:type\" content=\"article\" \/>\n<meta property=\"og:title\" content=\"\u00dcber Uns - RakeMonkey.com\" \/>\n<meta property=\"og:description\" content=\"Warum RakeMonkey.com Ausw\u00e4hlen &#8211; About Us RakeMonkey.com ist einer der vertrauensw\u00fcrdigsten Rakeback Anbieter auf dem Markt. In der Rakeback Welt ist Vertrauen der wichtigste Faktor von allen. RakeMonkey.com bietet Spielern nicht nur Rakeback (das kann jeder tun) aber bietet auch read more...\" \/>\n<meta property=\"og:url\" content=\"https:\/\/www.rakemonkey.com\/de\/uber-uns\/\" \/>\n<meta property=\"og:site_name\" content=\"RakeMonkey.com\" \/>\n<meta name=\"twitter:card\" content=\"summary\" \/>\n<meta name=\"twitter:label1\" content=\"Est. reading time\" \/>\n\t<meta name=\"twitter:data1\" content=\"3 minutes\" \/>\n<script type=\"application\/ld+json\" class=\"yoast-schema-graph\">{\"@context\":\"https:\/\/schema.org\",\"@graph\":[{\"@type\":\"WebPage\",\"@id\":\"https:\/\/www.rakemonkey.com\/de\/uber-uns\/\",\"url\":\"https:\/\/www.rakemonkey.com\/de\/uber-uns\/\",\"name\":\"\u00dcber Uns - RakeMonkey.com\",\"isPartOf\":{\"@id\":\"https:\/\/www.rakemonkey.com\/de\/#website\"},\"datePublished\":\"2010-01-21T01:29:30+00:00\",\"dateModified\":\"2010-01-21T01:29:30+00:00\",\"breadcrumb\":{\"@id\":\"https:\/\/www.rakemonkey.com\/de\/uber-uns\/#breadcrumb\"},\"inLanguage\":\"en-US\",\"potentialAction\":[{\"@type\":\"ReadAction\",\"target\":[\"https:\/\/www.rakemonkey.com\/de\/uber-uns\/\"]}]},{\"@type\":\"BreadcrumbList\",\"@id\":\"https:\/\/www.rakemonkey.com\/de\/uber-uns\/#breadcrumb\",\"itemListElement\":[{\"@type\":\"ListItem\",\"position\":1,\"name\":\"Home\",\"item\":\"https:\/\/www.rakemonkey.com\/de\/\"},{\"@type\":\"ListItem\",\"position\":2,\"name\":\"\u00dcber Uns\"}]},{\"@type\":\"WebSite\",\"@id\":\"https:\/\/www.rakemonkey.com\/de\/#website\",\"url\":\"https:\/\/www.rakemonkey.com\/de\/\",\"name\":\"RakeMonkey.com\",\"description\":\"\",\"potentialAction\":[{\"@type\":\"SearchAction\",\"target\":{\"@type\":\"EntryPoint\",\"urlTemplate\":\"https:\/\/www.rakemonkey.com\/de\/?s={search_term_string}\"},\"query-input\":\"required name=search_term_string\"}],\"inLanguage\":\"en-US\"}]}<\/script>\n<!-- \/ Yoast SEO plugin. -->","yoast_head_json":{"title":"\u00dcber Uns - RakeMonkey.com","robots":{"index":"index","follow":"follow","max-snippet":"max-snippet:-1","max-image-preview":"max-image-preview:large","max-video-preview":"max-video-preview:-1"},"canonical":"https:\/\/www.rakemonkey.com\/de\/uber-uns\/","og_locale":"en_US","og_type":"article","og_title":"\u00dcber Uns - RakeMonkey.com","og_description":"Warum RakeMonkey.com Ausw\u00e4hlen &#8211; About Us RakeMonkey.com ist einer der vertrauensw\u00fcrdigsten Rakeback Anbieter auf dem Markt. In der Rakeback Welt ist Vertrauen der wichtigste Faktor von allen. RakeMonkey.com bietet Spielern nicht nur Rakeback (das kann jeder tun) aber bietet auch read more...","og_url":"https:\/\/www.rakemonkey.com\/de\/uber-uns\/","og_site_name":"RakeMonkey.com","twitter_card":"summary","twitter_misc":{"Est. reading time":"3 minutes"},"schema":{"@context":"https:\/\/schema.org","@graph":[{"@type":"WebPage","@id":"https:\/\/www.rakemonkey.com\/de\/uber-uns\/","url":"https:\/\/www.rakemonkey.com\/de\/uber-uns\/","name":"\u00dcber Uns - RakeMonkey.com","isPartOf":{"@id":"https:\/\/www.rakemonkey.com\/de\/#website"},"datePublished":"2010-01-21T01:29:30+00:00","dateModified":"2010-01-21T01:29:30+00:00","breadcrumb":{"@id":"https:\/\/www.rakemonkey.com\/de\/uber-uns\/#breadcrumb"},"inLanguage":"en-US","potentialAction":[{"@type":"ReadAction","target":["https:\/\/www.rakemonkey.com\/de\/uber-uns\/"]}]},{"@type":"BreadcrumbList","@id":"https:\/\/www.rakemonkey.com\/de\/uber-uns\/#breadcrumb","itemListElement":[{"@type":"ListItem","position":1,"name":"Home","item":"https:\/\/www.rakemonkey.com\/de\/"},{"@type":"ListItem","position":2,"name":"\u00dcber Uns"}]},{"@type":"WebSite","@id":"https:\/\/www.rakemonkey.com\/de\/#website","url":"https:\/\/www.rakemonkey.com\/de\/","name":"RakeMonkey.com","description":"","potentialAction":[{"@type":"SearchAction","target":{"@type":"EntryPoint","urlTemplate":"https:\/\/www.rakemonkey.com\/de\/?s={search_term_string}"},"query-input":"required name=search_term_string"}],"inLanguage":"en-US"}]}},"_links":{"self":[{"href":"https:\/\/www.rakemonkey.com\/de\/wp-json\/wp\/v2\/pages\/2"}],"collection":[{"href":"https:\/\/www.rakemonkey.com\/de\/wp-json\/wp\/v2\/pages"}],"about":[{"href":"https:\/\/www.rakemonkey.com\/de\/wp-json\/wp\/v2\/types\/page"}],"author":[{"embeddable":true,"href":"https:\/\/www.rakemonkey.com\/de\/wp-json\/wp\/v2\/users\/9"}],"replies":[{"embeddable":true,"href":"https:\/\/www.rakemonkey.com\/de\/wp-json\/wp\/v2\/comments?post=2"}],"version-history":[{"count":0,"href":"https:\/\/www.rakemonkey.com\/de\/wp-json\/wp\/v2\/pages\/2\/revisions"}],"wp:attachment":[{"href":"https:\/\/www.rakemonkey.com\/de\/wp-json\/wp\/v2\/media?parent=2"}],"curies":[{"name":"wp","href":"https:\/\/api.w.org\/{rel}","templated":true}]}}