{"id":21,"date":"2010-02-24T08:54:52","date_gmt":"2010-02-24T08:54:52","guid":{"rendered":"http:\/\/www.rakemonkey.com\/de\/?page_id=21"},"modified":"2010-02-24T08:54:52","modified_gmt":"2010-02-24T08:54:52","slug":"doyles-room-rakeback","status":"publish","type":"page","link":"https:\/\/www.rakemonkey.com\/de\/poker-reviews\/doyles-room-rakeback\/","title":{"rendered":"Doyles Room Rakeback"},"content":{"rendered":"<p>Sobald Sie die Software heruntergeladen und Ihr Konto er\u00f6ffnet haben, f\u00fcllen Sie bitte das obere Anmeldeformular aus. Tragen Sie einfach Ihren verwendeten Screen Namen und Email Adresse ein und wir sorgen daf\u00fcr, dass Ihr Rakeback best\u00e4tigt und bereit ist!<\/p>\n<p><strong>Doyles Room Zusammenfassung<\/strong><\/p>\n<p><strong>Doyles Room<\/strong> hat \u00fcber sein kurzes, 4-j\u00e4hriges Dasein viele Ver\u00e4nderungen erlebt aber alle zum besseren. Die letzte Ver\u00e4nderung war ein Wechsel zum Cake Netzwerk, nicht nur um die Poker Software und Features zu verbessern sondern auch um wieder US Spieler akzeptieren zu k\u00f6nnen (der alte Software Anbieter Microgaming akzeptiert keine US Spieler mehr).<\/p>\n<p>Nach dem Sprung zum Cake Poker Netzwerk gab es endlich auch die M\u00f6glichkeit <em>33% Doyles Room Rakeback <\/em><em>anbieten<\/em>. Kombiniert mit den vielen anderen lohnenden Doyles Room Promotions wie zum Beispiel dem 110% bis zu $550 Willkommensbonus und keinen Abz\u00fcgen vom MGR sind Ihre Online Poker Gewinnm\u00f6glichkeiten immens.<\/p>\n<h2>Doyles Room Rakeback<\/h2>\n<p>Klicken Sie r\u00fcber zu Doyles Room von dieser Webseite, er\u00f6ffnen Sie ein neues Konto indem Sie den Code \u201c<strong>Reduction<\/strong>\u201d verwenden und Sie werden sofort <strong>33% Dealt Rakeback<\/strong> von Doyles Room in allen Echtgeld Spielen erhalten. Wenn Sie Ihre Ersteinzahlung t\u00e4tigen, werden Sie auch noch einen 110% bis zu $550 Willkommensbonus erhalten; nicht vom MGR abgezogen!<\/p>\n<p>Falls der 33% Doyles Room Rakeback noch nicht genug war um Ihren virtuellen Appetit zu wecken, sollte die Dealt Rakeback Methode aber daf\u00fcr sorgen. Das Cake Netzwerk ist eines der wenigen Poker Netzwerke, das diese Rakeback Methode anwendet. Besonders f\u00fcr strategisch tighte Spieler ist diese Methode sehr lohnenswert. Mit Dealt Rakeback wird Ihnen f\u00fcr jede einzelne Hand, in der Sie Karten ausgeteilt bekommen, Rakeback gezahlt und zwar unabh\u00e4ngig davon ob Sie zum Pot beisteuern oder nicht.<\/p>\n<p>Wenn Sie sich \u00fcber unsere Web Seite f\u00fcr Doyles Room Rakeback anmelden, k\u00f6nnen Sie auch an einem monatlichen $10k Rake Chase teilnehmen. Umso mehr \u201cRaked Hands\u201d Sie spielen, desto mehr Rakeback verdienen Sie und umso n\u00e4her r\u00fcckt Ihr Anteil vom $10,000 Preisgeld.<\/p>\n<h2>Doyles Room Willkommensbonus<\/h2>\n<p>Doyles Room bietet allen neuen Mitgliedern einen <strong>Willkommensbonus von 110% bis zu $550<\/strong> auf die Ersteinzahlung. Boni werden nicht vom MGR abgezogen, Ihr Bonus und Ihr Rakeback geh\u00f6rt beides Ihnen. Um den Bonus zu verdienen m\u00fcssen Sie Poker Punkte sammeln wobei jeder Punkt $0.06 des Bonus wert ist. Jede erspielten $10 werden Ihrem Poker Konto die ersten 90 Tage nach Ihrer qualifizierenden Einzahlung von 30 oder mehr automatisch gutgeschrieben.<\/p>\n<h2>Doyles Room Loyalit\u00e4tspr\u00e4mien<\/h2>\n<p>Jedes Mitglied von Doyles Room, das Online Poker um Echtgeld spielt, nimmt automatisch am VIP Programm teil. Bei diesem VIP Programm geht es nicht darum einen h\u00f6heren Status zu erreichen sondern darum Gold Chips zu verdienen. Immer wenn Sie gen\u00fcgend Poker Punkte verdienen, erhalten Sie einen Gold Chip.<\/p>\n<p>Gold Chips k\u00f6nnen genutzt werden um an speziellen, w\u00f6chentlichen Gold Chip Giveaway Turnieren mit bemerkenswerten Preisen teilzunehmen. Mehreren Satellite Events kann man ebenfalls mit Gold Chips anstelle von Cash f\u00fcr den Buy-In beitreten. Doyles Room ist dabei einen neuen Doyles Room Shop zu integrieren, in dem ebenfalls Gold Chips f\u00fcr Eink\u00e4ufe verwendet werden k\u00f6nnen.<\/p>\n<h2>Doyles Room Spielauswahl<\/h2>\n<p>Doyles Room bietet eine gute Auswahl von Poker Cash Games inklusive Texas Hold\u2019em, Omaha, Omaha Hi-Lo, 7 Card Stud und 7 Card Stud Hi-Lo. Spielen Sie Heads-Up, Short-Handed oder Full-Tables mit Eins\u00e4tzen schon ab $0.02\/$0.04 bis zu $500\/$1000 in FL Hold\u2019em. Die h\u00f6heren Eins\u00e4tze sind nicht immer aktiv aber zu Spitzenzeiten k\u00f6nnen Sie mehrere offene gro\u00dfe Tische finden.<\/p>\n<p>Turniere bieten Tag f\u00fcr Tag gro\u00dfartige Value mit bis zu $25k garantierten Preisgeldern t\u00e4glich. Ein $100k GTD findet w\u00f6chentlich statt und zudem gibt es auch ein monatliches $250k GTD. Wenn Sie nach preiswerten Spielen mit gutem Gewinnpotential suchen, probieren Sie die Loose Change Turniere mit Buy-Ins von $0.05+$0.01 aus. Das $50k Doyles Bounty ist das bekannteste w\u00f6chentliche Event, wo Doyle Brunson pers\u00f6nlich neben zwei weiteren Profis aus dem Turnier geworfen werden k\u00f6nnen und wof\u00fcr Spieler dann eine Belohnung erhalten.<\/p>\n<h2>Doyles Room Einzahlungsoptionen<\/h2>\n<p>Doyles Room akzeptiert US Spieler und Spieler aus allen Regionen der Welt. Folgende Zahlungsmethoden sind verf\u00fcgbar: Visa, MasterCard, Switch, Solo, NETeller, Moneybookers, InstaDebit, InstaCash, PIC-Club, GiroPay und E-Schecks.<\/p>\n<h3>Doyles Room Fazit<\/h3>\n<p>Doyles Room ist ein sehr gut abgerundeter Online Poker Raum mit hervorragender Software, looser Konkurrenz, gutem Verkehr und einer ausgezeichneten Liste von Werbeangeboten. Das 33% Doyles Room Rakeback Angebot ist so hoch wie m\u00f6glich im Cake Poker Netzwerk und deutlich \u00fcber den markt\u00fcblichen Rakeback Deals.<\/p>\n<p>Melden Sie sich mit dem Promo Code \u201c<strong>Reduction<\/strong>\u201d an um 33% Doyles Room Rakeback zu verdienen, an einem monatlichen $10k Rake Chase teilzunehmen und vom gro\u00dfz\u00fcgigen 110% bis zu $550 Willkommensbonus zu profitieren.<\/p>\n","protected":false},"excerpt":{"rendered":"<p>Sobald Sie die Software heruntergeladen und Ihr Konto er\u00f6ffnet haben, f\u00fcllen Sie bitte das obere Anmeldeformular aus. Tragen Sie einfach Ihren verwendeten Screen Namen und Email Adresse ein und wir sorgen daf\u00fcr, dass Ihr Rakeback best\u00e4tigt und bereit ist! Doyles<a class=\"post-link\" href=\"https:\/\/www.rakemonkey.com\/de\/poker-reviews\/doyles-room-rakeback\/\"> read more&#8230;<\/a><\/p>\n","protected":false},"author":9,"featured_media":0,"parent":105,"menu_order":0,"comment_status":"closed","ping_status":"open","template":"rm_review.php","meta":[],"acf":[],"yoast_head":"<!-- This site is optimized with the Yoast SEO plugin v19.6.1 - https:\/\/yoast.com\/wordpress\/plugins\/seo\/ -->\n<title>Doyles Room Rakeback - RakeMonkey.com<\/title>\n<meta name=\"robots\" content=\"index, follow, max-snippet:-1, max-image-preview:large, max-video-preview:-1\" \/>\n<link rel=\"canonical\" href=\"https:\/\/www.rakemonkey.com\/de\/poker-reviews\/doyles-room-rakeback\/\" \/>\n<meta property=\"og:locale\" content=\"en_US\" \/>\n<meta property=\"og:type\" content=\"article\" \/>\n<meta property=\"og:title\" content=\"Doyles Room Rakeback - RakeMonkey.com\" \/>\n<meta property=\"og:description\" content=\"Sobald Sie die Software heruntergeladen und Ihr Konto er\u00f6ffnet haben, f\u00fcllen Sie bitte das obere Anmeldeformular aus. Tragen Sie einfach Ihren verwendeten Screen Namen und Email Adresse ein und wir sorgen daf\u00fcr, dass Ihr Rakeback best\u00e4tigt und bereit ist! Doyles read more...\" \/>\n<meta property=\"og:url\" content=\"https:\/\/www.rakemonkey.com\/de\/poker-reviews\/doyles-room-rakeback\/\" \/>\n<meta property=\"og:site_name\" content=\"RakeMonkey.com\" \/>\n<meta name=\"twitter:card\" content=\"summary\" \/>\n<meta name=\"twitter:label1\" content=\"Est. reading time\" \/>\n\t<meta name=\"twitter:data1\" content=\"4 minutes\" \/>\n<script type=\"application\/ld+json\" class=\"yoast-schema-graph\">{\"@context\":\"https:\/\/schema.org\",\"@graph\":[{\"@type\":\"WebPage\",\"@id\":\"https:\/\/www.rakemonkey.com\/de\/poker-reviews\/doyles-room-rakeback\/\",\"url\":\"https:\/\/www.rakemonkey.com\/de\/poker-reviews\/doyles-room-rakeback\/\",\"name\":\"Doyles Room Rakeback - RakeMonkey.com\",\"isPartOf\":{\"@id\":\"https:\/\/www.rakemonkey.com\/de\/#website\"},\"datePublished\":\"2010-02-24T08:54:52+00:00\",\"dateModified\":\"2010-02-24T08:54:52+00:00\",\"breadcrumb\":{\"@id\":\"https:\/\/www.rakemonkey.com\/de\/poker-reviews\/doyles-room-rakeback\/#breadcrumb\"},\"inLanguage\":\"en-US\",\"potentialAction\":[{\"@type\":\"ReadAction\",\"target\":[\"https:\/\/www.rakemonkey.com\/de\/poker-reviews\/doyles-room-rakeback\/\"]}]},{\"@type\":\"BreadcrumbList\",\"@id\":\"https:\/\/www.rakemonkey.com\/de\/poker-reviews\/doyles-room-rakeback\/#breadcrumb\",\"itemListElement\":[{\"@type\":\"ListItem\",\"position\":1,\"name\":\"Home\",\"item\":\"https:\/\/www.rakemonkey.com\/de\/\"},{\"@type\":\"ListItem\",\"position\":2,\"name\":\"Rezensionen\",\"item\":\"https:\/\/www.rakemonkey.com\/de\/poker-reviews\/\"},{\"@type\":\"ListItem\",\"position\":3,\"name\":\"Doyles Room Rakeback\"}]},{\"@type\":\"WebSite\",\"@id\":\"https:\/\/www.rakemonkey.com\/de\/#website\",\"url\":\"https:\/\/www.rakemonkey.com\/de\/\",\"name\":\"RakeMonkey.com\",\"description\":\"\",\"potentialAction\":[{\"@type\":\"SearchAction\",\"target\":{\"@type\":\"EntryPoint\",\"urlTemplate\":\"https:\/\/www.rakemonkey.com\/de\/?s={search_term_string}\"},\"query-input\":\"required name=search_term_string\"}],\"inLanguage\":\"en-US\"}]}<\/script>\n<!-- \/ Yoast SEO plugin. -->","yoast_head_json":{"title":"Doyles Room Rakeback - RakeMonkey.com","robots":{"index":"index","follow":"follow","max-snippet":"max-snippet:-1","max-image-preview":"max-image-preview:large","max-video-preview":"max-video-preview:-1"},"canonical":"https:\/\/www.rakemonkey.com\/de\/poker-reviews\/doyles-room-rakeback\/","og_locale":"en_US","og_type":"article","og_title":"Doyles Room Rakeback - RakeMonkey.com","og_description":"Sobald Sie die Software heruntergeladen und Ihr Konto er\u00f6ffnet haben, f\u00fcllen Sie bitte das obere Anmeldeformular aus. Tragen Sie einfach Ihren verwendeten Screen Namen und Email Adresse ein und wir sorgen daf\u00fcr, dass Ihr Rakeback best\u00e4tigt und bereit ist! Doyles read more...","og_url":"https:\/\/www.rakemonkey.com\/de\/poker-reviews\/doyles-room-rakeback\/","og_site_name":"RakeMonkey.com","twitter_card":"summary","twitter_misc":{"Est. reading time":"4 minutes"},"schema":{"@context":"https:\/\/schema.org","@graph":[{"@type":"WebPage","@id":"https:\/\/www.rakemonkey.com\/de\/poker-reviews\/doyles-room-rakeback\/","url":"https:\/\/www.rakemonkey.com\/de\/poker-reviews\/doyles-room-rakeback\/","name":"Doyles Room Rakeback - RakeMonkey.com","isPartOf":{"@id":"https:\/\/www.rakemonkey.com\/de\/#website"},"datePublished":"2010-02-24T08:54:52+00:00","dateModified":"2010-02-24T08:54:52+00:00","breadcrumb":{"@id":"https:\/\/www.rakemonkey.com\/de\/poker-reviews\/doyles-room-rakeback\/#breadcrumb"},"inLanguage":"en-US","potentialAction":[{"@type":"ReadAction","target":["https:\/\/www.rakemonkey.com\/de\/poker-reviews\/doyles-room-rakeback\/"]}]},{"@type":"BreadcrumbList","@id":"https:\/\/www.rakemonkey.com\/de\/poker-reviews\/doyles-room-rakeback\/#breadcrumb","itemListElement":[{"@type":"ListItem","position":1,"name":"Home","item":"https:\/\/www.rakemonkey.com\/de\/"},{"@type":"ListItem","position":2,"name":"Rezensionen","item":"https:\/\/www.rakemonkey.com\/de\/poker-reviews\/"},{"@type":"ListItem","position":3,"name":"Doyles Room Rakeback"}]},{"@type":"WebSite","@id":"https:\/\/www.rakemonkey.com\/de\/#website","url":"https:\/\/www.rakemonkey.com\/de\/","name":"RakeMonkey.com","description":"","potentialAction":[{"@type":"SearchAction","target":{"@type":"EntryPoint","urlTemplate":"https:\/\/www.rakemonkey.com\/de\/?s={search_term_string}"},"query-input":"required name=search_term_string"}],"inLanguage":"en-US"}]}},"_links":{"self":[{"href":"https:\/\/www.rakemonkey.com\/de\/wp-json\/wp\/v2\/pages\/21"}],"collection":[{"href":"https:\/\/www.rakemonkey.com\/de\/wp-json\/wp\/v2\/pages"}],"about":[{"href":"https:\/\/www.rakemonkey.com\/de\/wp-json\/wp\/v2\/types\/page"}],"author":[{"embeddable":true,"href":"https:\/\/www.rakemonkey.com\/de\/wp-json\/wp\/v2\/users\/9"}],"replies":[{"embeddable":true,"href":"https:\/\/www.rakemonkey.com\/de\/wp-json\/wp\/v2\/comments?post=21"}],"version-history":[{"count":0,"href":"https:\/\/www.rakemonkey.com\/de\/wp-json\/wp\/v2\/pages\/21\/revisions"}],"up":[{"embeddable":true,"href":"https:\/\/www.rakemonkey.com\/de\/wp-json\/wp\/v2\/pages\/105"}],"wp:attachment":[{"href":"https:\/\/www.rakemonkey.com\/de\/wp-json\/wp\/v2\/media?parent=21"}],"curies":[{"name":"wp","href":"https:\/\/api.w.org\/{rel}","templated":true}]}}