{"id":26,"date":"2010-02-24T09:13:36","date_gmt":"2010-02-24T09:13:36","guid":{"rendered":"http:\/\/www.rakemonkey.com\/de\/?page_id=26"},"modified":"2010-02-24T09:13:36","modified_gmt":"2010-02-24T09:13:36","slug":"cake-poker-rakeback","status":"publish","type":"page","link":"https:\/\/www.rakemonkey.com\/de\/poker-reviews\/cake-poker-rakeback\/","title":{"rendered":"Cake Poker Rakeback"},"content":{"rendered":"<p><strong>Cake Poker<\/strong> hat schon innerhalb weniger Jahre nach der Er\u00f6ffnung in 2006 bewiesen ein Top Raum im Online Poker Gesch\u00e4ft zu sein. Diese Seite ist das Flagschiff des Cake Poker Netzwerkes mit durchschnittlich \u00fcber 7,500 aktiven Echtgeld Spielern zu Spitzenzeiten. Cake Poker ist auch bekannt f\u00fcr loose Spiele in den niedrigen bis mittleren Levels.<\/p>\n<p>All das schl\u00e4gt sich in fantastische M\u00f6glichkeiten f\u00fcr Cake Poker Rakeback Verdiener nieder. Um Cake Poker Rakeback zu verdienen, melden Sie einfach ein brandneues Spielerkonto an und verwenden den Bonus Code: \u201c<strong>Reduction<\/strong>\u201d.<\/p>\n<h2>Cake Poker Rakeback<\/h2>\n<p>Wenn Sie sich mit dem Bonus Code \u201c<strong>Reduction<\/strong>\u201d f\u00fcr Cake Poker Rakeback anmelden, sind Sie sofort auf 33% Dealt Rakeback von Cake Poker berechtigt. Die Dealt Rakeback Methode ist besonders beliebt weil Spieler nicht zu einem Pot beisteuern m\u00fcssen um Rakeback zu erhalten. Solange Sie in der Hand Karten bekommen haben und Rake vom Raum einbehalten wird, werden Ihre <strong>Dealt Rakeback<\/strong> Einnahmen gezahlt.<\/p>\n<p>Dealt Rakeback ist so popular weil die mei\u00dften ernsthaften Poker Spieler eine tightere Poker Strategie verfolgen. Das bedeutet, dass sie mehr H\u00e4nde folden als sie spielen um ohne eine gute Starthand nicht in einen Pot zu investieren. Keine andere Rakeback Methode bezahlt Spieler, die nicht mindestens zu einem geringen Teil zum Pot\/Rake beitragen.<\/p>\n<p>Cake Poker Rakeback wird normalerweise einmal w\u00f6chentlich direkt auf Ihr Spielerkonto ausgezahlt \u2013 ABER, bei RakeMonkey.com, k\u00f6nnen Sie Ihr Cake Rakeback T\u00c4GLICH auszahlen wenn Sie sich von unserer Seite in das Backend einloggen. Zus\u00e4tzlich sind Spieler berechtigt an Cake Pokers monatlichen Rake Rennen im Wert von $15,000 f\u00fcr die Top Platzierten in diesem Monat teilzunehmen. Das ist ein echt guter Anreiz zum Poker Spielen!<\/p>\n<h2>Cake Poker Willkommensbonus<\/h2>\n<p>Neben <em>33% Cake Poker Rakeback<\/em> k\u00f6nnen Sie auch von einem <strong>110% Ersteinzahlungsbonus im Wert von bis zu $600<\/strong> profitieren.<\/p>\n<p>Der Cake Poker Willkommensbonus wird freigespielt durch Sammeln von FPPs (Frequent Player Points\/Vielspielerpunkte). Jede $0.01, die Sie zum Rake beitragen, bringt $0.01 FPP und jede $1 an gezahlten Turniergeb\u00fchren bringt 7 FPP ein. Der Bonus wird in $10 Teilen ausgezahlt.<\/p>\n<p>Ein weiteres bemerkenswertes Bonus Angebot von Cake Poker ist das Programm f\u00fcr Freundschaftswerbung, das bis zu $100 f\u00fcr jeden erfolgreich geworbenen Freund zahlt. Diese Pr\u00e4mien gehen jeden Monat basierend auf den generierten Rake Ihres Freundes auf Ihr Konto ein.<\/p>\n<h3>Cake Poker \u201cGold\u201d Promotions<\/h3>\n<p>Cake Poker hat eine einzigartige Promotion, die Spieler mit Gold Chips und Gold Cards belohnt.<\/p>\n<p>Gold Chips erh\u00e4lt ein Spieler immer dann, wenn er gen\u00fcgend FPP gesammelt hat. Auf der Kontoseite kann ein Spieler sein \u201cGold Chip-Meter\u201d sein. Sobald das Meter gef\u00fcllt ist, gibt es einen Gold Chip. Die Anzahl der ben\u00f6tigten Punkte um einen Gold Chip zu erhalten h\u00e4ngt von Ihrem VIP Status und der Menge an in diesem Monat schon erhaltenen Chips ab. Der erste Chip des Monats ben\u00f6tigt mehr Punkte als der f\u00fcnfte Chip, ein 6. gratis Punkt wird vergeben und f\u00fcr alle anderen Chips, die Sie in diesem Monat verdienen, werden nur die ben\u00f6tigten Punkte f\u00fcr einen 5. Chip berechnet, weniger als 70 FPPS. Gold Chips werden dazu verwendet um Cake Poker Merchandise zu kaufen, an gro\u00dften Turnieren teilzunehmen usw.<\/p>\n<p>Gold Cards sind etwas anders. Sie m\u00fcssen nichts tun um sie zu verdienen au\u00dfer Echtgeld Cash Games zu spielen. Wenn ein bestimmtes Level von Rake an einem Tisch gesammelt wurde, wird eine zuf\u00e4llige Gold Card ausgew\u00e4hlt und sie erscheint dann auf dem Tisch. Wenn Sie diese Karte auf der Hand haben, behalten Sie die Gold Card. Es gibt t\u00e4gliche Verlosungen, Leaderboards und andere Promotions, die diese Gold Karten involvieren und sie verfallen niemals, was sie beim Sammeln noch lohnender macht.<\/p>\n<h2>Cake Poker Spielauswahl<\/h2>\n<p>Cake Poker hat eine beeindruckende Auswahl an Poker Spielen, die alle in der Cash Game Lobby verf\u00fcgbar sind. Das sind Texas Hold\u2019em, Omaha, Omaha Hi-Lo, 7 Card Stud, 7 Card Stud Hi-Lo und Razz. Eins\u00e4tze variieren von $0.02\/$0.04 bis zu $500\/$1,000. Obwohl wir die gro\u00dfe Auswahl an Poker Spielen begr\u00fc\u00dfen m\u00fcssen wir zugeben, dass Stud und Razz Spiele nur selten aktiv sind.<\/p>\n<p>Das Turnier Angebot beinhaltet eine gro\u00dfe Menge von Turnier Typen inclusive Guarantees, Freerolls, Re-Buys und Live Event Satellites. Die gr\u00f6\u00dften Guarantees sind die w\u00f6chentlichen $100k GTD und das monatliche $250k GTD. Live Event Satellites schicken Mitglieder zu verschiedenen Event auf der ganzen Welt wie zum Beispiel der WSOP f\u00fcr schon ab $2 Buy-In. Cake Poker zahlt jeden Monat insgesamt \u00fcber $20 Millionen in Turnieren aus.<\/p>\n<h2>Cake Poker Einzahlungsoptionen<\/h2>\n<p>Cake Poker bietet die folgenden Einzahlungsmethoden (US Spieler akzeptiert): Visa, MasterCard, Diners, Solo, Maestro, Laser, Euro6000, Visa Delta, Visa Electron, eWalletXpress, NETeller, Moneybookers, PaySafeCard, ClickandBuy, WebMoney, UseMyWallet, Ukash, EcoCard, POLi, GiroPay, Sofort, CartiSi, PostePay, 4B, Inteligo, MTransfer, Polski, Dankort und ENets.<\/p>\n<h3>Cake Poker Fazit<\/h3>\n<p>Abschlie\u00dfend m\u00f6chten wir sagen, dass Cake Poker unserer Meinung nach einen der besten Online Poker Rakeback Deals hat und zus\u00e4tzlich zahlreiche gute Promotions; vom Willkommensbonus zu den $15k Rake Rennen, zur gro\u00dfen Spielauswahl, Turnieren und Live Event M\u00f6glichkeiten.<\/p>\n<p>Wenn Sie zustimmen, melden Sie sich sofort bei Cake Poker an um 33% Cake Poker Rakeback zu erhalten (verwenden Sie den Bonus Code \u201c<strong>Reduction<\/strong>\u201d) und beginnen Sie noch heute Ihren 110% bis zu $600 Willkommensbonus zu erhalten.<\/p>\n","protected":false},"excerpt":{"rendered":"<p>Cake Poker hat schon innerhalb weniger Jahre nach der Er\u00f6ffnung in 2006 bewiesen ein Top Raum im Online Poker Gesch\u00e4ft zu sein. Diese Seite ist das Flagschiff des Cake Poker Netzwerkes mit durchschnittlich \u00fcber 7,500 aktiven Echtgeld Spielern zu Spitzenzeiten.<a class=\"post-link\" href=\"https:\/\/www.rakemonkey.com\/de\/poker-reviews\/cake-poker-rakeback\/\"> read more&#8230;<\/a><\/p>\n","protected":false},"author":9,"featured_media":0,"parent":105,"menu_order":0,"comment_status":"closed","ping_status":"open","template":"rm_review.php","meta":[],"acf":[],"yoast_head":"<!-- This site is optimized with the Yoast SEO plugin v19.6.1 - https:\/\/yoast.com\/wordpress\/plugins\/seo\/ -->\n<title>Cake Poker Rakeback - RakeMonkey.com<\/title>\n<meta name=\"robots\" content=\"index, follow, max-snippet:-1, max-image-preview:large, max-video-preview:-1\" \/>\n<link rel=\"canonical\" href=\"https:\/\/www.rakemonkey.com\/de\/poker-reviews\/cake-poker-rakeback\/\" \/>\n<meta property=\"og:locale\" content=\"en_US\" \/>\n<meta property=\"og:type\" content=\"article\" \/>\n<meta property=\"og:title\" content=\"Cake Poker Rakeback - RakeMonkey.com\" \/>\n<meta property=\"og:description\" content=\"Cake Poker hat schon innerhalb weniger Jahre nach der Er\u00f6ffnung in 2006 bewiesen ein Top Raum im Online Poker Gesch\u00e4ft zu sein. Diese Seite ist das Flagschiff des Cake Poker Netzwerkes mit durchschnittlich \u00fcber 7,500 aktiven Echtgeld Spielern zu Spitzenzeiten. read more...\" \/>\n<meta property=\"og:url\" content=\"https:\/\/www.rakemonkey.com\/de\/poker-reviews\/cake-poker-rakeback\/\" \/>\n<meta property=\"og:site_name\" content=\"RakeMonkey.com\" \/>\n<meta name=\"twitter:card\" content=\"summary\" \/>\n<meta name=\"twitter:label1\" content=\"Est. reading time\" \/>\n\t<meta name=\"twitter:data1\" content=\"4 minutes\" \/>\n<script type=\"application\/ld+json\" class=\"yoast-schema-graph\">{\"@context\":\"https:\/\/schema.org\",\"@graph\":[{\"@type\":\"WebPage\",\"@id\":\"https:\/\/www.rakemonkey.com\/de\/poker-reviews\/cake-poker-rakeback\/\",\"url\":\"https:\/\/www.rakemonkey.com\/de\/poker-reviews\/cake-poker-rakeback\/\",\"name\":\"Cake Poker Rakeback - RakeMonkey.com\",\"isPartOf\":{\"@id\":\"https:\/\/www.rakemonkey.com\/de\/#website\"},\"datePublished\":\"2010-02-24T09:13:36+00:00\",\"dateModified\":\"2010-02-24T09:13:36+00:00\",\"breadcrumb\":{\"@id\":\"https:\/\/www.rakemonkey.com\/de\/poker-reviews\/cake-poker-rakeback\/#breadcrumb\"},\"inLanguage\":\"en-US\",\"potentialAction\":[{\"@type\":\"ReadAction\",\"target\":[\"https:\/\/www.rakemonkey.com\/de\/poker-reviews\/cake-poker-rakeback\/\"]}]},{\"@type\":\"BreadcrumbList\",\"@id\":\"https:\/\/www.rakemonkey.com\/de\/poker-reviews\/cake-poker-rakeback\/#breadcrumb\",\"itemListElement\":[{\"@type\":\"ListItem\",\"position\":1,\"name\":\"Home\",\"item\":\"https:\/\/www.rakemonkey.com\/de\/\"},{\"@type\":\"ListItem\",\"position\":2,\"name\":\"Rezensionen\",\"item\":\"https:\/\/www.rakemonkey.com\/de\/poker-reviews\/\"},{\"@type\":\"ListItem\",\"position\":3,\"name\":\"Cake Poker Rakeback\"}]},{\"@type\":\"WebSite\",\"@id\":\"https:\/\/www.rakemonkey.com\/de\/#website\",\"url\":\"https:\/\/www.rakemonkey.com\/de\/\",\"name\":\"RakeMonkey.com\",\"description\":\"\",\"potentialAction\":[{\"@type\":\"SearchAction\",\"target\":{\"@type\":\"EntryPoint\",\"urlTemplate\":\"https:\/\/www.rakemonkey.com\/de\/?s={search_term_string}\"},\"query-input\":\"required name=search_term_string\"}],\"inLanguage\":\"en-US\"}]}<\/script>\n<!-- \/ Yoast SEO plugin. -->","yoast_head_json":{"title":"Cake Poker Rakeback - RakeMonkey.com","robots":{"index":"index","follow":"follow","max-snippet":"max-snippet:-1","max-image-preview":"max-image-preview:large","max-video-preview":"max-video-preview:-1"},"canonical":"https:\/\/www.rakemonkey.com\/de\/poker-reviews\/cake-poker-rakeback\/","og_locale":"en_US","og_type":"article","og_title":"Cake Poker Rakeback - RakeMonkey.com","og_description":"Cake Poker hat schon innerhalb weniger Jahre nach der Er\u00f6ffnung in 2006 bewiesen ein Top Raum im Online Poker Gesch\u00e4ft zu sein. Diese Seite ist das Flagschiff des Cake Poker Netzwerkes mit durchschnittlich \u00fcber 7,500 aktiven Echtgeld Spielern zu Spitzenzeiten. read more...","og_url":"https:\/\/www.rakemonkey.com\/de\/poker-reviews\/cake-poker-rakeback\/","og_site_name":"RakeMonkey.com","twitter_card":"summary","twitter_misc":{"Est. reading time":"4 minutes"},"schema":{"@context":"https:\/\/schema.org","@graph":[{"@type":"WebPage","@id":"https:\/\/www.rakemonkey.com\/de\/poker-reviews\/cake-poker-rakeback\/","url":"https:\/\/www.rakemonkey.com\/de\/poker-reviews\/cake-poker-rakeback\/","name":"Cake Poker Rakeback - RakeMonkey.com","isPartOf":{"@id":"https:\/\/www.rakemonkey.com\/de\/#website"},"datePublished":"2010-02-24T09:13:36+00:00","dateModified":"2010-02-24T09:13:36+00:00","breadcrumb":{"@id":"https:\/\/www.rakemonkey.com\/de\/poker-reviews\/cake-poker-rakeback\/#breadcrumb"},"inLanguage":"en-US","potentialAction":[{"@type":"ReadAction","target":["https:\/\/www.rakemonkey.com\/de\/poker-reviews\/cake-poker-rakeback\/"]}]},{"@type":"BreadcrumbList","@id":"https:\/\/www.rakemonkey.com\/de\/poker-reviews\/cake-poker-rakeback\/#breadcrumb","itemListElement":[{"@type":"ListItem","position":1,"name":"Home","item":"https:\/\/www.rakemonkey.com\/de\/"},{"@type":"ListItem","position":2,"name":"Rezensionen","item":"https:\/\/www.rakemonkey.com\/de\/poker-reviews\/"},{"@type":"ListItem","position":3,"name":"Cake Poker Rakeback"}]},{"@type":"WebSite","@id":"https:\/\/www.rakemonkey.com\/de\/#website","url":"https:\/\/www.rakemonkey.com\/de\/","name":"RakeMonkey.com","description":"","potentialAction":[{"@type":"SearchAction","target":{"@type":"EntryPoint","urlTemplate":"https:\/\/www.rakemonkey.com\/de\/?s={search_term_string}"},"query-input":"required name=search_term_string"}],"inLanguage":"en-US"}]}},"_links":{"self":[{"href":"https:\/\/www.rakemonkey.com\/de\/wp-json\/wp\/v2\/pages\/26"}],"collection":[{"href":"https:\/\/www.rakemonkey.com\/de\/wp-json\/wp\/v2\/pages"}],"about":[{"href":"https:\/\/www.rakemonkey.com\/de\/wp-json\/wp\/v2\/types\/page"}],"author":[{"embeddable":true,"href":"https:\/\/www.rakemonkey.com\/de\/wp-json\/wp\/v2\/users\/9"}],"replies":[{"embeddable":true,"href":"https:\/\/www.rakemonkey.com\/de\/wp-json\/wp\/v2\/comments?post=26"}],"version-history":[{"count":0,"href":"https:\/\/www.rakemonkey.com\/de\/wp-json\/wp\/v2\/pages\/26\/revisions"}],"up":[{"embeddable":true,"href":"https:\/\/www.rakemonkey.com\/de\/wp-json\/wp\/v2\/pages\/105"}],"wp:attachment":[{"href":"https:\/\/www.rakemonkey.com\/de\/wp-json\/wp\/v2\/media?parent=26"}],"curies":[{"name":"wp","href":"https:\/\/api.w.org\/{rel}","templated":true}]}}