{"id":30,"date":"2010-02-24T09:21:42","date_gmt":"2010-02-24T09:21:42","guid":{"rendered":"http:\/\/www.rakemonkey.com\/de\/?page_id=30"},"modified":"2010-02-24T09:21:42","modified_gmt":"2010-02-24T09:21:42","slug":"pkr-poker-rakeback","status":"publish","type":"page","link":"https:\/\/www.rakemonkey.com\/de\/poker-reviews\/pkr-poker-rakeback\/","title":{"rendered":"PKR Poker Rakeback"},"content":{"rendered":"<p>Sobald Sie die Software heruntergeladen und Ihr Konto er\u00f6ffnet haben, f\u00fcllen Sie bitte das obere Anmeldeformular aus. Tragen Sie einfach Ihren verwendeten Screen Namen und Email Adresse ein und wir sorgen daf\u00fcr, dass Ihr Rakeback best\u00e4tigt und bereit ist!<\/p>\n<h2>PKR Poker Zusammenfassung<\/h2>\n<p><strong>PKR Poker<\/strong> kam 2007 auf den Markt und die Online Poker Community war sofort beeindruckt. Es ist kein Geheimnis, dass ein gro\u00dfer Teil der Online Poker Spieler aus Gamern besteht und PKR Poker hatte genau das, was auf dem Poker Markt noch gefehlt hat, ein 3D Video Spiel f\u00fcr Poker, perfekt f\u00fcr die Leute, die mit Mario aufgewachsen sind und f\u00fcr 18-j\u00e4hrige, die in ihrer Freizeit Halo zocken und gelegentlich auch mal am Poker Tisch online zu finden sind (oder an 20 gleichzeitig, 12 Stunden am Tag!).<\/p>\n<p>PKR ist aber kein kleines Software Paket, wenn Sie ein Gamer sind haben Sie wahrscheinlich schon einen Rechner, der mit der anspruchsvollen Software klar kommt.<\/p>\n<p>Die Software ist es aber wert, also treten Sie in die PKR Online Poker Umgebung ein und spielen Sie auch Poker gegen die j\u00fcngere Generation.<\/p>\n<h2>PKR Rakeback und Willkommensbonus<\/h2>\n<p>Wenn Sie sich \u00fcber Rake Monkey f\u00fcr einen Deal bei PKR anmelden, werden Sie 30% Ihres beigesteuerten Rakes verdienen. Zus\u00e4tzlich sollten Sie unseren PKR BONUS CODE \u201c<strong>Reduction<\/strong>\u201d verwenden und einen fetten Willkommensbonus von PKR erhalten \u2013 100% bis zu $600 Bonus auf Ihre erste qualifizierende Einzahlung um genau zu sein.<\/p>\n<h3>Rakeback Zahlungen von PKR<\/h3>\n<p>Ihre Rakeback Einnahmen werden jeden Tag von PKR Poker kalkuliert.<\/p>\n<p>Die Zahlungen werden jeden Monat am 4. durchgef\u00fchrt. Sie k\u00f6nnen aber jederzeit auszahlen falls Sie nicht auf diese Bezahlung warten m\u00f6chten.<\/p>\n<h3>Turnier Rabatt bei PKR<\/h3>\n<p>PKR bietet kein Rakeback oder Rabatt f\u00fcr\u00a0 Turniere auf der Seite an. Wenn Sie Turniere spielen, zahlen Sie den vollen Preis und Ihr Rakeback Deal kann nichts daran \u00e4ndern.<\/p>\n<p>Das bedeutet, dass PKR eine gro\u00dfartige Seite f\u00fcr Ring Table Action ist, f\u00fcr Turnierspiel empfehlen wir allerdings einen Minted Poker Rakeback Deal.<\/p>\n<h3>PKR Boni und Abz\u00fcge<\/h3>\n<p>Wenn Sie sich via Rake Monkey bei PKR anmelden, erhalten Sie nicht nur einen ausgezeichneten PKR Poker Rake Deal sondern sind ebenfalls auf einen fetten Willkommensbonus berechtigt. Ihre Ersteinzahlung wird von PKR zu 100% bis zu einem Gesamtbonus von $600.00 verdoppelt.<\/p>\n<p>Es gibt aber einen Haken f\u00fcr Leute, die mit dem PKR Deal spielen, Ihre Bonus Gelder werden abgezogen bevor Ihr Rakeback kalkuliert wird.<\/p>\n<p>Sie erhalten also den Bonus und Sie erhalten Rake aber Sie erhalten keinen Rake auf den Bonus.<\/p>\n<h3>PKR \u2013 Poker Rake<\/h3>\n<p>Allgemein berechnet PKR genausoviel Rake wie fast jeder Poker Raum online berechnet, die markt\u00fcbliche Standard Rate von 5%, allerdings gibt es eine M\u00f6glichkeit f\u00fcr extra Rakeback bei PKR, die Sie sonst nirgendswo finden k\u00f6nnen. PKR verringert den Rake in den Spielen mit Mikro-Eins\u00e4tzen nicht. Der Rake ist an jedem Cash Game Tisch absolut gleich. Also verdienen Sie sogar in den Mikroeins\u00e4tzen Rake, wenn Sie bei PKR spielen.<\/p>\n<p>PKR wendet die \u2018No Flop No Drop\u2019 Regelung an, die Sie nicht mehr in allen Online Poker R\u00e4umen fomdem- Egal wie gro\u00df oder klein die Preflop Eins\u00e4tze sind, es wird kein Rake aus einem Pot entnommen, wenn kein Flop gedealt wurde.<\/p>\n<p>Wenn Ihre Strategie ist, auf dem Flop h\u00e4ufig all in zu gehen, rechnen Sie damit oft maximalen Rake zu zahlen.<\/p>\n<h2>PKR Einzahlungsoptionen<\/h2>\n<p>Um eine Einzahlung bei PKR zu t\u00e4tigen und Ihren $800 Bonus zu erhalten, k\u00f6nnen Sie folgende PKR Einzahlungsoptionen nutzen: NETeller, paysafecard, Click2Pay, Visa, Visa Delta, Visa Electron, MasterCard, Gutscheine, Maestro, Switch, Solo, Moneybookers, Bank\u00fcberweisung und Entropay.<\/p>\n","protected":false},"excerpt":{"rendered":"<p>Sobald Sie die Software heruntergeladen und Ihr Konto er\u00f6ffnet haben, f\u00fcllen Sie bitte das obere Anmeldeformular aus. Tragen Sie einfach Ihren verwendeten Screen Namen und Email Adresse ein und wir sorgen daf\u00fcr, dass Ihr Rakeback best\u00e4tigt und bereit ist! PKR<a class=\"post-link\" href=\"https:\/\/www.rakemonkey.com\/de\/poker-reviews\/pkr-poker-rakeback\/\"> read more&#8230;<\/a><\/p>\n","protected":false},"author":9,"featured_media":0,"parent":105,"menu_order":0,"comment_status":"closed","ping_status":"open","template":"rm_review.php","meta":[],"acf":[],"yoast_head":"<!-- This site is optimized with the Yoast SEO plugin v19.6.1 - https:\/\/yoast.com\/wordpress\/plugins\/seo\/ -->\n<title>PKR Poker Rakeback - RakeMonkey.com<\/title>\n<meta name=\"robots\" content=\"index, follow, max-snippet:-1, max-image-preview:large, max-video-preview:-1\" \/>\n<link rel=\"canonical\" href=\"https:\/\/www.rakemonkey.com\/de\/poker-reviews\/pkr-poker-rakeback\/\" \/>\n<meta property=\"og:locale\" content=\"en_US\" \/>\n<meta property=\"og:type\" content=\"article\" \/>\n<meta property=\"og:title\" content=\"PKR Poker Rakeback - RakeMonkey.com\" \/>\n<meta property=\"og:description\" content=\"Sobald Sie die Software heruntergeladen und Ihr Konto er\u00f6ffnet haben, f\u00fcllen Sie bitte das obere Anmeldeformular aus. Tragen Sie einfach Ihren verwendeten Screen Namen und Email Adresse ein und wir sorgen daf\u00fcr, dass Ihr Rakeback best\u00e4tigt und bereit ist! PKR read more...\" \/>\n<meta property=\"og:url\" content=\"https:\/\/www.rakemonkey.com\/de\/poker-reviews\/pkr-poker-rakeback\/\" \/>\n<meta property=\"og:site_name\" content=\"RakeMonkey.com\" \/>\n<meta name=\"twitter:card\" content=\"summary\" \/>\n<meta name=\"twitter:label1\" content=\"Est. reading time\" \/>\n\t<meta name=\"twitter:data1\" content=\"3 minutes\" \/>\n<script type=\"application\/ld+json\" class=\"yoast-schema-graph\">{\"@context\":\"https:\/\/schema.org\",\"@graph\":[{\"@type\":\"WebPage\",\"@id\":\"https:\/\/www.rakemonkey.com\/de\/poker-reviews\/pkr-poker-rakeback\/\",\"url\":\"https:\/\/www.rakemonkey.com\/de\/poker-reviews\/pkr-poker-rakeback\/\",\"name\":\"PKR Poker Rakeback - RakeMonkey.com\",\"isPartOf\":{\"@id\":\"https:\/\/www.rakemonkey.com\/de\/#website\"},\"datePublished\":\"2010-02-24T09:21:42+00:00\",\"dateModified\":\"2010-02-24T09:21:42+00:00\",\"breadcrumb\":{\"@id\":\"https:\/\/www.rakemonkey.com\/de\/poker-reviews\/pkr-poker-rakeback\/#breadcrumb\"},\"inLanguage\":\"en-US\",\"potentialAction\":[{\"@type\":\"ReadAction\",\"target\":[\"https:\/\/www.rakemonkey.com\/de\/poker-reviews\/pkr-poker-rakeback\/\"]}]},{\"@type\":\"BreadcrumbList\",\"@id\":\"https:\/\/www.rakemonkey.com\/de\/poker-reviews\/pkr-poker-rakeback\/#breadcrumb\",\"itemListElement\":[{\"@type\":\"ListItem\",\"position\":1,\"name\":\"Home\",\"item\":\"https:\/\/www.rakemonkey.com\/de\/\"},{\"@type\":\"ListItem\",\"position\":2,\"name\":\"Rezensionen\",\"item\":\"https:\/\/www.rakemonkey.com\/de\/poker-reviews\/\"},{\"@type\":\"ListItem\",\"position\":3,\"name\":\"PKR Poker Rakeback\"}]},{\"@type\":\"WebSite\",\"@id\":\"https:\/\/www.rakemonkey.com\/de\/#website\",\"url\":\"https:\/\/www.rakemonkey.com\/de\/\",\"name\":\"RakeMonkey.com\",\"description\":\"\",\"potentialAction\":[{\"@type\":\"SearchAction\",\"target\":{\"@type\":\"EntryPoint\",\"urlTemplate\":\"https:\/\/www.rakemonkey.com\/de\/?s={search_term_string}\"},\"query-input\":\"required name=search_term_string\"}],\"inLanguage\":\"en-US\"}]}<\/script>\n<!-- \/ Yoast SEO plugin. -->","yoast_head_json":{"title":"PKR Poker Rakeback - RakeMonkey.com","robots":{"index":"index","follow":"follow","max-snippet":"max-snippet:-1","max-image-preview":"max-image-preview:large","max-video-preview":"max-video-preview:-1"},"canonical":"https:\/\/www.rakemonkey.com\/de\/poker-reviews\/pkr-poker-rakeback\/","og_locale":"en_US","og_type":"article","og_title":"PKR Poker Rakeback - RakeMonkey.com","og_description":"Sobald Sie die Software heruntergeladen und Ihr Konto er\u00f6ffnet haben, f\u00fcllen Sie bitte das obere Anmeldeformular aus. Tragen Sie einfach Ihren verwendeten Screen Namen und Email Adresse ein und wir sorgen daf\u00fcr, dass Ihr Rakeback best\u00e4tigt und bereit ist! PKR read more...","og_url":"https:\/\/www.rakemonkey.com\/de\/poker-reviews\/pkr-poker-rakeback\/","og_site_name":"RakeMonkey.com","twitter_card":"summary","twitter_misc":{"Est. reading time":"3 minutes"},"schema":{"@context":"https:\/\/schema.org","@graph":[{"@type":"WebPage","@id":"https:\/\/www.rakemonkey.com\/de\/poker-reviews\/pkr-poker-rakeback\/","url":"https:\/\/www.rakemonkey.com\/de\/poker-reviews\/pkr-poker-rakeback\/","name":"PKR Poker Rakeback - RakeMonkey.com","isPartOf":{"@id":"https:\/\/www.rakemonkey.com\/de\/#website"},"datePublished":"2010-02-24T09:21:42+00:00","dateModified":"2010-02-24T09:21:42+00:00","breadcrumb":{"@id":"https:\/\/www.rakemonkey.com\/de\/poker-reviews\/pkr-poker-rakeback\/#breadcrumb"},"inLanguage":"en-US","potentialAction":[{"@type":"ReadAction","target":["https:\/\/www.rakemonkey.com\/de\/poker-reviews\/pkr-poker-rakeback\/"]}]},{"@type":"BreadcrumbList","@id":"https:\/\/www.rakemonkey.com\/de\/poker-reviews\/pkr-poker-rakeback\/#breadcrumb","itemListElement":[{"@type":"ListItem","position":1,"name":"Home","item":"https:\/\/www.rakemonkey.com\/de\/"},{"@type":"ListItem","position":2,"name":"Rezensionen","item":"https:\/\/www.rakemonkey.com\/de\/poker-reviews\/"},{"@type":"ListItem","position":3,"name":"PKR Poker Rakeback"}]},{"@type":"WebSite","@id":"https:\/\/www.rakemonkey.com\/de\/#website","url":"https:\/\/www.rakemonkey.com\/de\/","name":"RakeMonkey.com","description":"","potentialAction":[{"@type":"SearchAction","target":{"@type":"EntryPoint","urlTemplate":"https:\/\/www.rakemonkey.com\/de\/?s={search_term_string}"},"query-input":"required name=search_term_string"}],"inLanguage":"en-US"}]}},"_links":{"self":[{"href":"https:\/\/www.rakemonkey.com\/de\/wp-json\/wp\/v2\/pages\/30"}],"collection":[{"href":"https:\/\/www.rakemonkey.com\/de\/wp-json\/wp\/v2\/pages"}],"about":[{"href":"https:\/\/www.rakemonkey.com\/de\/wp-json\/wp\/v2\/types\/page"}],"author":[{"embeddable":true,"href":"https:\/\/www.rakemonkey.com\/de\/wp-json\/wp\/v2\/users\/9"}],"replies":[{"embeddable":true,"href":"https:\/\/www.rakemonkey.com\/de\/wp-json\/wp\/v2\/comments?post=30"}],"version-history":[{"count":0,"href":"https:\/\/www.rakemonkey.com\/de\/wp-json\/wp\/v2\/pages\/30\/revisions"}],"up":[{"embeddable":true,"href":"https:\/\/www.rakemonkey.com\/de\/wp-json\/wp\/v2\/pages\/105"}],"wp:attachment":[{"href":"https:\/\/www.rakemonkey.com\/de\/wp-json\/wp\/v2\/media?parent=30"}],"curies":[{"name":"wp","href":"https:\/\/api.w.org\/{rel}","templated":true}]}}