{"id":32,"date":"2010-02-24T09:27:52","date_gmt":"2010-02-24T09:27:52","guid":{"rendered":"http:\/\/www.rakemonkey.com\/de\/?page_id=32"},"modified":"2010-02-24T09:27:52","modified_gmt":"2010-02-24T09:27:52","slug":"full-tilt-rakeback","status":"publish","type":"page","link":"https:\/\/www.rakemonkey.com\/de\/poker-reviews\/full-tilt-rakeback\/","title":{"rendered":"Full Tilt Rakeback"},"content":{"rendered":"<p>Sobald Sie die Software heruntergeladen und Ihr Konto er\u00f6ffnet haben, f\u00fcllen Sie bitte das obere Anmeldeformular aus. Tragen Sie einfach Ihren verwendeten Screen Namen und Email Adresse ein und wir sorgen daf\u00fcr, dass Ihr Rakeback best\u00e4tigt und bereit ist!<\/p>\n<h2>Full Tilt Poker Zusammenfassung<\/h2>\n<p>Full Tilt Poker wurde 2004 er\u00f6ffnet und ist der am schnellsten wachsende Online Poker Raum und steht weltweit auf Platz 2 in Bezug auf aktive Spielerbasis (hinter PokerStars). Das gro\u00dfe Wachstum von Full Tilt Poker liegt nicht zuletzt am $600 Willkommensbonus und anderen Promotions, an der gro\u00dfen Spielauswahl und dem massive Turnier Angebot. Full Tilt hat auch mehr Poker Profis als jeder andere Poker Raum in seinen Reihen, wie zum Beispiel Phil Ivey, Chris Ferguson, Jennifer Harman, Howard Lederer, John Juanda und viele mehr.<\/p>\n<p>Ein letztes Feature, aufgrund dessen Full Tilt Poker sehr bekannt geworden ist \u2013 etwas das PokerStars nicht einmal promoted \u2013 ist ein 27% Full Tilt Poker Rakeback Deal. Dieses Angebot werden Sie allerdings nicht auf der Full Tilt Web Seite finden. Spieler k\u00f6nnen 27% Full Tilt Poker Rakeback nur \u00fcber Seite wie unsere erhalten.<\/p>\n<p>Wenn Sie sich \u00fcber die Links auf dieser Web Seite anmelden und den Bonus Code \u201c<strong>Rakesplash<\/strong>\u201d verwenden, werden Sie nicht nur 27% Full Tilt Poker Rakeback sondern auch den 100% bis zu $600 Willkommensbonus und Zugang zu unseren $21k monatlichen Rake Rennen und unserem $5k monatlichen Loose Change Freeroll erhalten.<\/p>\n<h2>Full Tilt Poker Rakeback<\/h2>\n<p>Verwenden Sie unsere Links um Full Tilt Poker zu besuchen und melden Sie sich mit dem Bonus Code \u201c<strong>Rakesplash<\/strong>\u201d \u00a0an um schon von Ihrer ersten Echtgeld Poker Hand 27% Full Tilt Poker Rakeback zu verdienen. Der Online Poker Raum wendet die Dealt Rakeback Methode an, was bedeutet, dass jeder Rakeback Spieler, der in einer Hand mit Rake Karten ausgeteilt bekommt, Rakeback erhalten wird. Zum Pot beizutragen ist nicht notwendig.<\/p>\n<p>Dealt Rakeback verwendet einen durchschnittlichen Rake unter allen Spielern, die in der Hand Karten bekommen haben. Wenn der Rake $3 ist und 6 Spieler am Tisch sind, teilt Full Tilt Poker die $3 Rake auf die 6 Spieler auf und kommt auf $0.50 durchschnittlichen Rake. Jedem Rakeback Verdiener werden dann 27% des durchschnittlichen Rakes gezahlt.<\/p>\n<h2>Full Tilt Poker Willkommensbonus<\/h2>\n<p>Wenn Sie sich f\u00fcr <em>Full Tilt Poker Rakeback<\/em> anmelden, sind Sie trotzdem berechtigt den vollen Standard Willkommensbonus von 100% bis zu $600 f\u00fcr alle neuen Spieler zu erhalten. Full Tilt hat eines der besten Bonus Angebote weil es so leicht zu erspielen ist. Sie verdienen FPP bei Echtgeld Spielen \u2013 dieselben Spiele, wo Sie Rakeback verdienen \u2013 und auch Turniere. Jeder FPP, den Sie sammeln, ist $0.06 des Bonus wert, der in 10% oder $20 Schritten ausgezahlt wird. Plus, Sie k\u00f6nnen diese Punkte behalten um sie f\u00fcr Turnier Buy-Ins, den Full Tilt Shop oder andere Nebenleistungen zu verwenden.<\/p>\n<p>Full Tilt Poker nimmt mehrere Abz\u00fcge von Ihrem MGR vor bevor Rakeback kalkuliert wird, inklusive Boni, Auszahlungsgeb\u00fchren, Added Money Turniere und FTP Shop Eink\u00e4ufe.<\/p>\n<h3>Full Tilt Poker \u201cIron Man VIP\u201d Promotion<\/h3>\n<p>Full Tilt Poker hat viele lohnende Promotions auf regul\u00e4rer Basis aber f\u00fcr ernsthafte Online Poker Rakeback Verdiener, ist die Iron Map VIP Promotion die Wichtigste. Alles was Sie brauchen um ein Iron Man VIP zu werden, sind 200 Poker Punkte (FPP) in einem einzelnen Monat. Auch kleinere VIP Level haben nat\u00fcrlich ihre Nebenleistungen aber Iron Man VIPs haben exclusive M\u00f6glichkeiten wie gr\u00f6\u00dfere Freerolls und Profi Spieler Challenges.<\/p>\n<p>Iron Man VIP Mitglieder k\u00f6nnen Medaillen gewinnen, wenn sie ihren Status bei Full Tilt Poker halten. Medaillen sind \u00e4hnlich wie Poker Punkte aber viel wertvoller. Mit Medaillen k\u00f6nnen Sie sich in Turniere und Freerolls einkaufen und sie k\u00f6nnen genutzt werden um im Full Tilt Shop einzukaufen aber Sie brauchen nicht ann\u00e4hernd soviele Medaillen, wie Sie Punkte br\u00e4uchten. Sie k\u00f6nnen auch gegen Cash Boni eingetauscht werden.<\/p>\n<p>Iron Man Freerolls sind exklusiv f\u00fcr Iron Man VIP Mitglieder verf\u00fcgbar und wenn Sie diese gewinnen, k\u00f6nnen Sie die Chance erhalten gegen 3 Full Tilt Profis anzutreten. Umso mehr Profis Sie schlagen, desto mehr Cash gewinnen Sie, bis zu $50k und Sie haben die Chance noch ein weiteres $50k Freeroll zu gewinnen wenn Sie alle 3 Poker Profis schlagen.<\/p>\n<h2>Full Tilt Poker Spielauswahl<\/h2>\n<p>Eine der gr\u00f6\u00dften St\u00e4rken bei Full Tilt Poker ist ihre gro\u00dfe Spielauswahl mit ausreichend Verkehr um alle Varianten und die mei\u00dften Limits jederzeit aktiv zu halten. Sie werden Texas Hold\u2019em in allen Limits mit Eins\u00e4tzen von $0.01\/$0.02 bis zu den h\u00f6chsten $2k\/$4k Eins\u00e4tzen anfinden. Diese enorm hohen Eins\u00e4tze sind tats\u00e4chlich mei\u00dftens aktiv \u2013 etwas, das kein anderer Online Poker Raum behaupten kann.<\/p>\n<p>Andere Spiele sind Omaha High und Hi-Lo, 7 Card Stud High und Hi-Lo, Razz und gemischte Spiele wie H.O.R.S.E., H.O.S.E. und H.A.<\/p>\n<p>Das Turnier Angebot bietet alle Spielvarianten in jedem vorstellbaren Turnier Format \u2013 Shootouts, Freezeouts, Re-Buys, Freerolls, Guarantees, Bounties und Turbos. Nicht zu vergessen ist auch das immense Sit\u2019n\u2019Go Angebot. Die gr\u00f6\u00dften w\u00f6chentlichen Events sind das Sunday $750k GTD, $350k Sunday Brawl Bounty und $200k Sunday Mulligan. Einmal im Monat wird das $750 GTD auf $1,000,000 aufgestockt.<\/p>\n<h2>Full Tilt Poker Einzahlungsoptionen<\/h2>\n<p>Full Tilt Poker hat eine sehr eingeschr\u00e4nkte Zahl an Zahlungsoptionen verf\u00fcgbar aber dennoch gen\u00fcgend um allen Mitgliedern sichere Einzahlungs- und Auszahlungsoptionen zu geben: Visa, MasterCard, Click2Pay, Bank\u00fcberweisung, E-Scheck, PaySafeCard.<\/p>\n<h3>Full Tilt Poker Fazit<\/h3>\n<p>Full Tilt Poker bietet einen der niedrigsten Rakeback Deals bei nur 27&amp; und nimmt mehrere Abz\u00fcge von Ihrem MGR vor. Aber ernsthafte Online Poker Spieler, die nach Action in den hohen Eins\u00e4tzen suchen, werden wohl kaum einen Raum mit mehr konstant aktiven Cash Games finden k\u00f6nnen.<\/p>\n<p>Um zu beginnen Full Tilt Poker Rakeback zu verdienen und von den $21k Rake Rennen, $5k Freerolls und 100% bis zu $600 Willkommensbonus zu profitieren, verwenden Sie einfach unsere Links und melden sich mit dem Bonus Code \u201c<strong>Rakesplash<\/strong><strong>\u201d <\/strong><strong>an.<\/strong><strong><\/strong><\/p>\n","protected":false},"excerpt":{"rendered":"<p>Sobald Sie die Software heruntergeladen und Ihr Konto er\u00f6ffnet haben, f\u00fcllen Sie bitte das obere Anmeldeformular aus. Tragen Sie einfach Ihren verwendeten Screen Namen und Email Adresse ein und wir sorgen daf\u00fcr, dass Ihr Rakeback best\u00e4tigt und bereit ist! Full<a class=\"post-link\" href=\"https:\/\/www.rakemonkey.com\/de\/poker-reviews\/full-tilt-rakeback\/\"> read more&#8230;<\/a><\/p>\n","protected":false},"author":9,"featured_media":0,"parent":105,"menu_order":0,"comment_status":"closed","ping_status":"open","template":"rm_review.php","meta":[],"acf":[],"yoast_head":"<!-- This site is optimized with the Yoast SEO plugin v19.6.1 - https:\/\/yoast.com\/wordpress\/plugins\/seo\/ -->\n<title>Full Tilt Rakeback - RakeMonkey.com<\/title>\n<meta name=\"robots\" content=\"index, follow, max-snippet:-1, max-image-preview:large, max-video-preview:-1\" \/>\n<link rel=\"canonical\" href=\"https:\/\/www.rakemonkey.com\/de\/poker-reviews\/full-tilt-rakeback\/\" \/>\n<meta property=\"og:locale\" content=\"en_US\" \/>\n<meta property=\"og:type\" content=\"article\" \/>\n<meta property=\"og:title\" content=\"Full Tilt Rakeback - RakeMonkey.com\" \/>\n<meta property=\"og:description\" content=\"Sobald Sie die Software heruntergeladen und Ihr Konto er\u00f6ffnet haben, f\u00fcllen Sie bitte das obere Anmeldeformular aus. Tragen Sie einfach Ihren verwendeten Screen Namen und Email Adresse ein und wir sorgen daf\u00fcr, dass Ihr Rakeback best\u00e4tigt und bereit ist! Full read more...\" \/>\n<meta property=\"og:url\" content=\"https:\/\/www.rakemonkey.com\/de\/poker-reviews\/full-tilt-rakeback\/\" \/>\n<meta property=\"og:site_name\" content=\"RakeMonkey.com\" \/>\n<meta name=\"twitter:card\" content=\"summary\" \/>\n<meta name=\"twitter:label1\" content=\"Est. reading time\" \/>\n\t<meta name=\"twitter:data1\" content=\"5 minutes\" \/>\n<script type=\"application\/ld+json\" class=\"yoast-schema-graph\">{\"@context\":\"https:\/\/schema.org\",\"@graph\":[{\"@type\":\"WebPage\",\"@id\":\"https:\/\/www.rakemonkey.com\/de\/poker-reviews\/full-tilt-rakeback\/\",\"url\":\"https:\/\/www.rakemonkey.com\/de\/poker-reviews\/full-tilt-rakeback\/\",\"name\":\"Full Tilt Rakeback - RakeMonkey.com\",\"isPartOf\":{\"@id\":\"https:\/\/www.rakemonkey.com\/de\/#website\"},\"datePublished\":\"2010-02-24T09:27:52+00:00\",\"dateModified\":\"2010-02-24T09:27:52+00:00\",\"breadcrumb\":{\"@id\":\"https:\/\/www.rakemonkey.com\/de\/poker-reviews\/full-tilt-rakeback\/#breadcrumb\"},\"inLanguage\":\"en-US\",\"potentialAction\":[{\"@type\":\"ReadAction\",\"target\":[\"https:\/\/www.rakemonkey.com\/de\/poker-reviews\/full-tilt-rakeback\/\"]}]},{\"@type\":\"BreadcrumbList\",\"@id\":\"https:\/\/www.rakemonkey.com\/de\/poker-reviews\/full-tilt-rakeback\/#breadcrumb\",\"itemListElement\":[{\"@type\":\"ListItem\",\"position\":1,\"name\":\"Home\",\"item\":\"https:\/\/www.rakemonkey.com\/de\/\"},{\"@type\":\"ListItem\",\"position\":2,\"name\":\"Rezensionen\",\"item\":\"https:\/\/www.rakemonkey.com\/de\/poker-reviews\/\"},{\"@type\":\"ListItem\",\"position\":3,\"name\":\"Full Tilt Rakeback\"}]},{\"@type\":\"WebSite\",\"@id\":\"https:\/\/www.rakemonkey.com\/de\/#website\",\"url\":\"https:\/\/www.rakemonkey.com\/de\/\",\"name\":\"RakeMonkey.com\",\"description\":\"\",\"potentialAction\":[{\"@type\":\"SearchAction\",\"target\":{\"@type\":\"EntryPoint\",\"urlTemplate\":\"https:\/\/www.rakemonkey.com\/de\/?s={search_term_string}\"},\"query-input\":\"required name=search_term_string\"}],\"inLanguage\":\"en-US\"}]}<\/script>\n<!-- \/ Yoast SEO plugin. -->","yoast_head_json":{"title":"Full Tilt Rakeback - RakeMonkey.com","robots":{"index":"index","follow":"follow","max-snippet":"max-snippet:-1","max-image-preview":"max-image-preview:large","max-video-preview":"max-video-preview:-1"},"canonical":"https:\/\/www.rakemonkey.com\/de\/poker-reviews\/full-tilt-rakeback\/","og_locale":"en_US","og_type":"article","og_title":"Full Tilt Rakeback - RakeMonkey.com","og_description":"Sobald Sie die Software heruntergeladen und Ihr Konto er\u00f6ffnet haben, f\u00fcllen Sie bitte das obere Anmeldeformular aus. Tragen Sie einfach Ihren verwendeten Screen Namen und Email Adresse ein und wir sorgen daf\u00fcr, dass Ihr Rakeback best\u00e4tigt und bereit ist! Full read more...","og_url":"https:\/\/www.rakemonkey.com\/de\/poker-reviews\/full-tilt-rakeback\/","og_site_name":"RakeMonkey.com","twitter_card":"summary","twitter_misc":{"Est. reading time":"5 minutes"},"schema":{"@context":"https:\/\/schema.org","@graph":[{"@type":"WebPage","@id":"https:\/\/www.rakemonkey.com\/de\/poker-reviews\/full-tilt-rakeback\/","url":"https:\/\/www.rakemonkey.com\/de\/poker-reviews\/full-tilt-rakeback\/","name":"Full Tilt Rakeback - RakeMonkey.com","isPartOf":{"@id":"https:\/\/www.rakemonkey.com\/de\/#website"},"datePublished":"2010-02-24T09:27:52+00:00","dateModified":"2010-02-24T09:27:52+00:00","breadcrumb":{"@id":"https:\/\/www.rakemonkey.com\/de\/poker-reviews\/full-tilt-rakeback\/#breadcrumb"},"inLanguage":"en-US","potentialAction":[{"@type":"ReadAction","target":["https:\/\/www.rakemonkey.com\/de\/poker-reviews\/full-tilt-rakeback\/"]}]},{"@type":"BreadcrumbList","@id":"https:\/\/www.rakemonkey.com\/de\/poker-reviews\/full-tilt-rakeback\/#breadcrumb","itemListElement":[{"@type":"ListItem","position":1,"name":"Home","item":"https:\/\/www.rakemonkey.com\/de\/"},{"@type":"ListItem","position":2,"name":"Rezensionen","item":"https:\/\/www.rakemonkey.com\/de\/poker-reviews\/"},{"@type":"ListItem","position":3,"name":"Full Tilt Rakeback"}]},{"@type":"WebSite","@id":"https:\/\/www.rakemonkey.com\/de\/#website","url":"https:\/\/www.rakemonkey.com\/de\/","name":"RakeMonkey.com","description":"","potentialAction":[{"@type":"SearchAction","target":{"@type":"EntryPoint","urlTemplate":"https:\/\/www.rakemonkey.com\/de\/?s={search_term_string}"},"query-input":"required name=search_term_string"}],"inLanguage":"en-US"}]}},"_links":{"self":[{"href":"https:\/\/www.rakemonkey.com\/de\/wp-json\/wp\/v2\/pages\/32"}],"collection":[{"href":"https:\/\/www.rakemonkey.com\/de\/wp-json\/wp\/v2\/pages"}],"about":[{"href":"https:\/\/www.rakemonkey.com\/de\/wp-json\/wp\/v2\/types\/page"}],"author":[{"embeddable":true,"href":"https:\/\/www.rakemonkey.com\/de\/wp-json\/wp\/v2\/users\/9"}],"replies":[{"embeddable":true,"href":"https:\/\/www.rakemonkey.com\/de\/wp-json\/wp\/v2\/comments?post=32"}],"version-history":[{"count":0,"href":"https:\/\/www.rakemonkey.com\/de\/wp-json\/wp\/v2\/pages\/32\/revisions"}],"up":[{"embeddable":true,"href":"https:\/\/www.rakemonkey.com\/de\/wp-json\/wp\/v2\/pages\/105"}],"wp:attachment":[{"href":"https:\/\/www.rakemonkey.com\/de\/wp-json\/wp\/v2\/media?parent=32"}],"curies":[{"name":"wp","href":"https:\/\/api.w.org\/{rel}","templated":true}]}}