{"id":35,"date":"2010-02-24T09:33:32","date_gmt":"2010-02-24T09:33:32","guid":{"rendered":"http:\/\/www.rakemonkey.com\/de\/?page_id=35"},"modified":"2010-02-24T09:33:32","modified_gmt":"2010-02-24T09:33:32","slug":"molten-poker-rakeback","status":"publish","type":"page","link":"https:\/\/www.rakemonkey.com\/de\/poker-reviews\/molten-poker-rakeback\/","title":{"rendered":"Molten Poker Rakeback"},"content":{"rendered":"<p>Sobald Sie die Software heruntergeladen und Ihr Konto er\u00f6ffnet haben, f\u00fcllen Sie bitte das obere Anmeldeformular aus. Tragen Sie einfach Ihren verwendeten Screen Namen und Email Adresse ein und wir sorgen daf\u00fcr, dass Ihr Rakeback best\u00e4tigt und fertig eingerichtet ist!<\/p>\n<h2>Molten Poker Zusammenfassung<\/h2>\n<p><strong>Molten Poker<\/strong> ist einer der neueren Online Poker R\u00e4ume im Cake Poker Netzwerk und zeigt gutes Wachstum und Verkehr. Der Poker Raum bietet einen exzellenten Software Poker Klienten mit allen bevorzugten Features wie Spielernotizen, Lobby Filter und Tisch Statistiken, saubere Graphiken und benutzerfreundliche Hand Histories. Der Kundenservice gl\u00e4nzt mit Geschwindigkeit und Professionalit\u00e4t und hat einen Live Chat verf\u00fcgbar.<\/p>\n<p>Wenn Sie sich \u00fcber diese Web Seite f\u00fcr Molten Poker anmelden, k\u00f6nnen Sie einen gro\u00dfz\u00fcgigen Willkommensbonus von 110% bis zu $600 plus das h\u00f6chste Rakeback Angebot im Cake Poker Netzwerk von 33% erhalten. Um 33% Molten Poker Rakeback und den 110% bis zu $600 Willkommensbonus zu erhalten, m\u00fcssen Sie sich \u00fcber diese Web Seite f\u00fcr den Online Poker Raum anmelden.<\/p>\n<h2>Molten Poker Rakeback<\/h2>\n<p>Molten Poker verwendet die Dealt Rakeback Methode um Rakeback f\u00fcr seine Spieler zu kalkulieren. Dealt Rakeback ist f\u00fcr alle Echtgeld Online Poker Spieler vorteilhaft aber besonders beliebt unter tighteren Poker Spielern, die dieselben strikten Strategien der mei\u00dften professionellen Poker Spieler anwenden. Dealt Rakeback ist die einzige Rakeback Methode, die Spielern Rakeback f\u00fcr Folden zahlt ohne dass sie auch nur einen Chip zum Pot beisteuern m\u00fcssen.<\/p>\n<p>Bei der Dealt Methode wird der durchschnittliche Rake kalkuliert indem der gesamte Rake durch alle Spieler, die in der Hand sind, geteilt wird. Auf diese Weise wird der 33% Molten Poker Rakeback f\u00fcr jeden Spieler berechnet. Die einzige M\u00f6glichkeit, dass Sie kein Rakeback f\u00fcr eine Echtgeld Poker Hand erhalten ist, wenn kein Rake einbehalten wurde (kein Flop).<\/p>\n<h2>Molten Poker Willkommensbonus<\/h2>\n<p>Molten Poker bietet all unseren Spielern ein gro\u00dfes Angebot von 110% bis zu $600 auf ihre Ersteinzahlung. Geben Sie den Bonus Code \u201cFree600\u201d ein um den Willkommensbonus zu erhalten. Wenn Sie Echtgeld Ring Games spielen, erhalten Sie FPP (Frequent Player Points), ebenso f\u00fcr Turniere. Jeder FPP ist $0.06 des Bonus wert, der in $10 Schritten ausgezahlt wird. Ein Teil Ihres Bonus wird vom MGR abgezogen bevor der Rakeback kalkuliert wird.<\/p>\n<h3>Molten Poker \u201cGold Chips\u201d Promotion<\/h3>\n<p>Als Teil des Cake Poker Netzwerkes, basiert das Molten Poker VIP Programm auf Punkte und Gold Chips. Immer wenn Sie eine bestimmte Stufe von verdienten Punkten erhalten, erhalten Sie einen Gold Chip. Umso mehr Chips Sie in einem Monat verdienen, desto weniger Punkte ben\u00f6tigen Sie um den n\u00e4chsten Chip zu verdienen. Gold Chips sind sehr wertvoll weil sie genutzt werden k\u00f6nnen um die w\u00f6chentlichen Gold Chip Giveaway Turniere mit gro\u00dfen Cash Preisen mitzuspielen und au\u00dferdem kann damit im Molten Poker Shop eingekauft werden.<\/p>\n<p>Der Online Poker Raum vergibt auch Gold Cards, noch ein Anreiz im Wert von $52,000. Gold Cards werden nach dem Zufallsprinzip in Ring Games ausgew\u00e4hlt sobald eine bestimmte Menge an Rake eingenommen wurde. Wenn die Gold Card mit einer der Karten auf Ihrer Hand \u00fcbereinstimmt, k\u00f6nnen Sie die Gold Card behalten. W\u00e4hrend Sie Gold Cards sammeln, k\u00f6nnen Sie t\u00e4gliche Gold Card Lotterien und andere Preise gewinnen. Sammeln Sie ein komplettes 52-Karten Deck von Gold Cards um den $52k Jackpot zu gewinnen.<\/p>\n<h2>Molten Poker Spielauswahl<\/h2>\n<p>Molten Poker pr\u00e4sentiert eine typische Auswahl von Online Poker Spielen inklusive Texas Hold\u2019em, Omaha und Omaha Hi-Lo in Fixed Limit, No Limit und Pot Limit mit Eins\u00e4tzen beginnend ab $0.02\/$0.04. Das Turnier Angebot ist gut strukturiert mit mehreren Turnieren und Turnier Formaten; Freezeouts, Shootouts, Re-Buys, Turbos, Guarantees, Freerolls und mehr.<\/p>\n<h2>Molten Poker Ei nzahlungsoptionen<\/h2>\n<p>Molten Poker bietet die folgenden Zahlungsoptionen: Visa, MasterCard, eWalletXpress, EcoCard, NETeller, Moneybookers und UseMyWallet.<\/p>\n<h3>Molten Poker Fazit<\/h3>\n<p>Abschlie\u00dfend kann man sagen, dass Molten Poker ein ausgezeichneter Online Poker Raum f\u00fcr Spieler ist, die loose Gegner und variable Eins\u00e4tze in den beliebtesten Online Poker Spielen suchen. Das VIP\/Gold Chips Programm ist spitze f\u00fcr regelm\u00e4\u00dfige Spieler und der 110% bis zu $600 Willkommensbonus plus 33% Molten Poker Rakeback sind ein starker Anreiz zur Anmeldung bei Molten Poker.<\/p>\n","protected":false},"excerpt":{"rendered":"<p>Sobald Sie die Software heruntergeladen und Ihr Konto er\u00f6ffnet haben, f\u00fcllen Sie bitte das obere Anmeldeformular aus. Tragen Sie einfach Ihren verwendeten Screen Namen und Email Adresse ein und wir sorgen daf\u00fcr, dass Ihr Rakeback best\u00e4tigt und fertig eingerichtet ist!<a class=\"post-link\" href=\"https:\/\/www.rakemonkey.com\/de\/poker-reviews\/molten-poker-rakeback\/\"> read more&#8230;<\/a><\/p>\n","protected":false},"author":9,"featured_media":0,"parent":105,"menu_order":0,"comment_status":"closed","ping_status":"open","template":"rm_review.php","meta":[],"acf":[],"yoast_head":"<!-- This site is optimized with the Yoast SEO plugin v19.6.1 - https:\/\/yoast.com\/wordpress\/plugins\/seo\/ -->\n<title>Molten Poker Rakeback - RakeMonkey.com<\/title>\n<meta name=\"robots\" content=\"index, follow, max-snippet:-1, max-image-preview:large, max-video-preview:-1\" \/>\n<link rel=\"canonical\" href=\"https:\/\/www.rakemonkey.com\/de\/poker-reviews\/molten-poker-rakeback\/\" \/>\n<meta property=\"og:locale\" content=\"en_US\" \/>\n<meta property=\"og:type\" content=\"article\" \/>\n<meta property=\"og:title\" content=\"Molten Poker Rakeback - RakeMonkey.com\" \/>\n<meta property=\"og:description\" content=\"Sobald Sie die Software heruntergeladen und Ihr Konto er\u00f6ffnet haben, f\u00fcllen Sie bitte das obere Anmeldeformular aus. Tragen Sie einfach Ihren verwendeten Screen Namen und Email Adresse ein und wir sorgen daf\u00fcr, dass Ihr Rakeback best\u00e4tigt und fertig eingerichtet ist! read more...\" \/>\n<meta property=\"og:url\" content=\"https:\/\/www.rakemonkey.com\/de\/poker-reviews\/molten-poker-rakeback\/\" \/>\n<meta property=\"og:site_name\" content=\"RakeMonkey.com\" \/>\n<meta name=\"twitter:card\" content=\"summary\" \/>\n<meta name=\"twitter:label1\" content=\"Est. reading time\" \/>\n\t<meta name=\"twitter:data1\" content=\"3 minutes\" \/>\n<script type=\"application\/ld+json\" class=\"yoast-schema-graph\">{\"@context\":\"https:\/\/schema.org\",\"@graph\":[{\"@type\":\"WebPage\",\"@id\":\"https:\/\/www.rakemonkey.com\/de\/poker-reviews\/molten-poker-rakeback\/\",\"url\":\"https:\/\/www.rakemonkey.com\/de\/poker-reviews\/molten-poker-rakeback\/\",\"name\":\"Molten Poker Rakeback - RakeMonkey.com\",\"isPartOf\":{\"@id\":\"https:\/\/www.rakemonkey.com\/de\/#website\"},\"datePublished\":\"2010-02-24T09:33:32+00:00\",\"dateModified\":\"2010-02-24T09:33:32+00:00\",\"breadcrumb\":{\"@id\":\"https:\/\/www.rakemonkey.com\/de\/poker-reviews\/molten-poker-rakeback\/#breadcrumb\"},\"inLanguage\":\"en-US\",\"potentialAction\":[{\"@type\":\"ReadAction\",\"target\":[\"https:\/\/www.rakemonkey.com\/de\/poker-reviews\/molten-poker-rakeback\/\"]}]},{\"@type\":\"BreadcrumbList\",\"@id\":\"https:\/\/www.rakemonkey.com\/de\/poker-reviews\/molten-poker-rakeback\/#breadcrumb\",\"itemListElement\":[{\"@type\":\"ListItem\",\"position\":1,\"name\":\"Home\",\"item\":\"https:\/\/www.rakemonkey.com\/de\/\"},{\"@type\":\"ListItem\",\"position\":2,\"name\":\"Rezensionen\",\"item\":\"https:\/\/www.rakemonkey.com\/de\/poker-reviews\/\"},{\"@type\":\"ListItem\",\"position\":3,\"name\":\"Molten Poker Rakeback\"}]},{\"@type\":\"WebSite\",\"@id\":\"https:\/\/www.rakemonkey.com\/de\/#website\",\"url\":\"https:\/\/www.rakemonkey.com\/de\/\",\"name\":\"RakeMonkey.com\",\"description\":\"\",\"potentialAction\":[{\"@type\":\"SearchAction\",\"target\":{\"@type\":\"EntryPoint\",\"urlTemplate\":\"https:\/\/www.rakemonkey.com\/de\/?s={search_term_string}\"},\"query-input\":\"required name=search_term_string\"}],\"inLanguage\":\"en-US\"}]}<\/script>\n<!-- \/ Yoast SEO plugin. -->","yoast_head_json":{"title":"Molten Poker Rakeback - RakeMonkey.com","robots":{"index":"index","follow":"follow","max-snippet":"max-snippet:-1","max-image-preview":"max-image-preview:large","max-video-preview":"max-video-preview:-1"},"canonical":"https:\/\/www.rakemonkey.com\/de\/poker-reviews\/molten-poker-rakeback\/","og_locale":"en_US","og_type":"article","og_title":"Molten Poker Rakeback - RakeMonkey.com","og_description":"Sobald Sie die Software heruntergeladen und Ihr Konto er\u00f6ffnet haben, f\u00fcllen Sie bitte das obere Anmeldeformular aus. Tragen Sie einfach Ihren verwendeten Screen Namen und Email Adresse ein und wir sorgen daf\u00fcr, dass Ihr Rakeback best\u00e4tigt und fertig eingerichtet ist! read more...","og_url":"https:\/\/www.rakemonkey.com\/de\/poker-reviews\/molten-poker-rakeback\/","og_site_name":"RakeMonkey.com","twitter_card":"summary","twitter_misc":{"Est. reading time":"3 minutes"},"schema":{"@context":"https:\/\/schema.org","@graph":[{"@type":"WebPage","@id":"https:\/\/www.rakemonkey.com\/de\/poker-reviews\/molten-poker-rakeback\/","url":"https:\/\/www.rakemonkey.com\/de\/poker-reviews\/molten-poker-rakeback\/","name":"Molten Poker Rakeback - RakeMonkey.com","isPartOf":{"@id":"https:\/\/www.rakemonkey.com\/de\/#website"},"datePublished":"2010-02-24T09:33:32+00:00","dateModified":"2010-02-24T09:33:32+00:00","breadcrumb":{"@id":"https:\/\/www.rakemonkey.com\/de\/poker-reviews\/molten-poker-rakeback\/#breadcrumb"},"inLanguage":"en-US","potentialAction":[{"@type":"ReadAction","target":["https:\/\/www.rakemonkey.com\/de\/poker-reviews\/molten-poker-rakeback\/"]}]},{"@type":"BreadcrumbList","@id":"https:\/\/www.rakemonkey.com\/de\/poker-reviews\/molten-poker-rakeback\/#breadcrumb","itemListElement":[{"@type":"ListItem","position":1,"name":"Home","item":"https:\/\/www.rakemonkey.com\/de\/"},{"@type":"ListItem","position":2,"name":"Rezensionen","item":"https:\/\/www.rakemonkey.com\/de\/poker-reviews\/"},{"@type":"ListItem","position":3,"name":"Molten Poker Rakeback"}]},{"@type":"WebSite","@id":"https:\/\/www.rakemonkey.com\/de\/#website","url":"https:\/\/www.rakemonkey.com\/de\/","name":"RakeMonkey.com","description":"","potentialAction":[{"@type":"SearchAction","target":{"@type":"EntryPoint","urlTemplate":"https:\/\/www.rakemonkey.com\/de\/?s={search_term_string}"},"query-input":"required name=search_term_string"}],"inLanguage":"en-US"}]}},"_links":{"self":[{"href":"https:\/\/www.rakemonkey.com\/de\/wp-json\/wp\/v2\/pages\/35"}],"collection":[{"href":"https:\/\/www.rakemonkey.com\/de\/wp-json\/wp\/v2\/pages"}],"about":[{"href":"https:\/\/www.rakemonkey.com\/de\/wp-json\/wp\/v2\/types\/page"}],"author":[{"embeddable":true,"href":"https:\/\/www.rakemonkey.com\/de\/wp-json\/wp\/v2\/users\/9"}],"replies":[{"embeddable":true,"href":"https:\/\/www.rakemonkey.com\/de\/wp-json\/wp\/v2\/comments?post=35"}],"version-history":[{"count":0,"href":"https:\/\/www.rakemonkey.com\/de\/wp-json\/wp\/v2\/pages\/35\/revisions"}],"up":[{"embeddable":true,"href":"https:\/\/www.rakemonkey.com\/de\/wp-json\/wp\/v2\/pages\/105"}],"wp:attachment":[{"href":"https:\/\/www.rakemonkey.com\/de\/wp-json\/wp\/v2\/media?parent=35"}],"curies":[{"name":"wp","href":"https:\/\/api.w.org\/{rel}","templated":true}]}}