{"id":41,"date":"2010-02-24T09:41:57","date_gmt":"2010-02-24T09:41:57","guid":{"rendered":"http:\/\/www.rakemonkey.com\/de\/?page_id=41"},"modified":"2010-02-24T09:41:57","modified_gmt":"2010-02-24T09:41:57","slug":"noiq-poker-rakeback","status":"publish","type":"page","link":"https:\/\/www.rakemonkey.com\/de\/poker-reviews\/noiq-poker-rakeback\/","title":{"rendered":"NoIQ Poker Rakeback"},"content":{"rendered":"<p>Sobald Sie die Software heruntergeladen und Ihr Konto er\u00f6ffnet haben, f\u00fcllen Sie bitte das obere Anmeldeformular aus. Tragen Sie einfach Ihren verwendeten Screen Namen und Email Adresse ein und wir sorgen daf\u00fcr, dass Ihr Rakeback best\u00e4tigt und fertig eingerichtet ist!<\/p>\n<h3>NoIQ Zusammenfassung<\/h3>\n<p>2006 kam <b>NoIQ Poker<\/b> als neuer Raum im iPoker Netzwerk auf den Markt, zu einer f\u00fcr die Gl\u00fccksspiel Industrie etwas schwierigen Zeit.<\/p>\n<p>Der Poker Raum hielt durch, wurde st\u00e4rker und lockte eine solide Spielerbasis an. 2008 verlie\u00df der Raum das iPoker Netzwerk und wurde Teil des Entraction Poker Netzwerkes.<\/p>\n<p>Der Raum bietet jetzt beeindruckende High Stakes Poker Spiele und spektakul\u00e4re Boni wie ihren 100% Bonus bis zu 5000 Euro. DAS ist jetzt echt mal eine Hausnummer!<\/p>\n<p>Allerdings gibt es etwas, das Sie bei NoiQ nicht finden werden. Sie werden kein Rakeback bei NoiQ Poker finden. Wenn Sie allerdings etwas an IQ haben (Achtung, Wortspiel), wissen Sie bereits, dass Sie diesen Rake hier bei RakeMonkey finden werden.<\/p>\n<p>Wir bieten nicht nur einen ausgezeichneten NoIQ Rakeback Deal an, wir bieten Ihnen auch exclusive NoIQ Bonus Deals.<\/p>\n<h2>NoIQ Poker Rakeback<\/h2>\n<p>Werfen wir einen genaueren Blick auf das NoIQ Rakeback Programm. NoiQ zahlt Spielern 30% ihres Rakes anhand der <b>Contributed Rakeback <\/b>Kalkulationsmethode zur\u00fcck. Wenn Sie sich nicht sicher sind, was genau das ist, besuchen Sie unsere Rubrik \u00fcber Rakeback Kalkulation.<\/p>\n<p>In Kurzform bedeutet Contributed Rakeback, dass der Rake jedem Spieler gezahlt wird, der Geld zum Pot beisteuert und zwar zu gleichen Anteilen.<\/p>\n<h3>NoIQ Turnier Rabatte<\/h3>\n<p>Ein wichtiger Faktor, der bei der Auswahl eines Rakeback Deals in Betracht gezogen werden sollte, sind Turnier Geb\u00fchren. Nicht alle Poker R\u00e4ume zahlen Rakeback auf Turnier Geb\u00fchren. NoIQ aber zahlt Ihnen ungef\u00e4hr 30% Ihrer Teilnahmegeb\u00fchr f\u00fcr Sit n Go Turniere und Multi-Table Turniere.<\/p>\n<p>Diese Geb\u00fchren sammeln sich an wenn Sie 20-40 Poker Turniere am Tag spielen. Wenn Sie $1 an Turniergeb\u00fchren zahlen, erhalten Sie 30% des Geldes zur\u00fcck, also $.30. Multiplizieren Sie diese 0.30 mal 20 Turniere am Tag und Sie haben sechs Dollar an Turnier Geb\u00fchren gespart. Sie sind beeindruckt oder nicht? Jetzt nehmen Sie diese sechs Dollar, multiplizieren sie mit f\u00fcnf Tagen pro Woche und Sie haben $30.<\/p>\n<p>Multiplizieren Sie diese $30, die Sie in einer Woche an Rake gespart haben, mit 52 Wochen eines Jahres und Sie haben $1560 mehr in Ihrer Poker Bankroll.<\/p>\n<h3>NoIQ Rakeback Zahlungen<\/h3>\n<p>Ihre Rakeback Zahlungen von NoIQ w\u00fcrden normalerweise einmal im Monat auf Ihrem Konto eingehen, mei\u00dftens am 5. Eines Monats \u2013 ABER, wenn Sie sich hier auf RakeMonkey.com einloggen um Ihre Statistiken einzusehen, k\u00f6nnen Sie Ihr Rakeback T\u00c4GLICH auszahlen! Die Zahlung wird direkt auf Ihr Konto ausgef\u00fchrt, wo Sie auch jeden Tag Ihren gesamten Rakeback einsehen k\u00f6nnen.<\/p>\n<p><b>Boni k\u00f6nnen Sie bei NoIQ behalten<\/b><\/p>\n<p>Profitieren Sie maximal von diesem Willkommensbonus den im Gegensatz zu den mei\u00dften Online Poker R\u00e4umen, zieht NoIQ keine Bonus Gelder von den Rakeback Zahlungen.<\/p>\n<p><b>Rake Zahlen bei NoIQ<\/b><\/p>\n<p>Also, wir haben abgekl\u00e4rt, dass Sie 30% Ihres beigesteuerten Rakeback auf Ihr NoIQ Konto auf monatlicher Basis erhalten, aber \u00fcber wieviele Bananen sprechen wir hier?<\/p>\n<p>NoIQ berechnet 5% von jedem Pot an Rake, was ziemlich viel ist im Vergleich zu Standard Online Poker Rake. Der Rake in No Limit Spielen liegt bei maximal $3 pro Hand, egal welches Einsatzlevel gespielt wird.<\/p>\n<p>Wenn Sie Fixed Limit spielen mit zwei bis drei Spielern, betr\u00e4gt der maximale Rake siebenundf\u00fcnfzig Cents ($0.75).<\/p>\n<p>Wenn Sie an einem Limit Tisch mit 4-10 Spielern bei NoIQ spielen, betr\u00e4gt der maximale Rake $2 mit der Ausnahme der .50 und $1 Limit Spiele, wo maximal $1.00 berechnet werden.<\/p>\n<p>An Tischen mit nur 2 Spielern betr\u00e4gt der maximale Rake .75. Wenn am Tisch zwischen 3-4 Spieler sitzen, ist der maximale Rake auf $2 pro Hand reduziert. Bei 5 bis 10 Spielern in einer Hand am Tisch liegt der Rake aber wieder auf $3 pro Hand.<\/p>\n<h2>NoIQ Software \u2013 Rakeback auf einem Mac<\/h2>\n<p>NoIQ l\u00e4uft jetzt auf dem Entraction Poker Interface vom Entraction Poker Netzwerk und zwar seit 2008.<\/p>\n<p>Neu in diesem Jahr, hat NoIQ auch eine Mac Version der Software zur Verf\u00fcgung gestellt, die auf Flash basiert anstelle der Download Version.<\/p>\n<h2>NoIQ Poker Spielauswahl<\/h2>\n<p>NoIQ bietet eine Spielauswahl, die selbst PokerStars in den Schatten stellt. Es gibt nat\u00fcrlich Texas Holdem, Omaha, Hi-Lo, Stud, und Stud Hi-Lo im Angebot. Zus\u00e4tzlich steht NoIQ Spielern aber auch Triple 5 Card Draw, 2-7 Triple Draw, 32 Card Draw, Soko, Americana und Telesina zur Verf\u00fcgung.<\/p>\n<h2>NoIQ Poker Einzahlungsmethoden<\/h2>\n<p>Zahlen Sie \u00fcber eine der folgenden Poker Einzahlungsmethoden auf Ihr NoIQ Poker Konto ein: Visa, MasterCard, Visa Electron, Maestro, Moneybookers, NETeller, WebMoney, PaySafeCard und Bank\u00fcberweisung.<\/p>\n","protected":false},"excerpt":{"rendered":"<p>Sobald Sie die Software heruntergeladen und Ihr Konto er\u00f6ffnet haben, f\u00fcllen Sie bitte das obere Anmeldeformular aus. Tragen Sie einfach Ihren verwendeten Screen Namen und Email Adresse ein und wir sorgen daf\u00fcr, dass Ihr Rakeback best\u00e4tigt und fertig eingerichtet ist!<a class=\"post-link\" href=\"https:\/\/www.rakemonkey.com\/de\/poker-reviews\/noiq-poker-rakeback\/\"> read more&#8230;<\/a><\/p>\n","protected":false},"author":9,"featured_media":0,"parent":105,"menu_order":0,"comment_status":"closed","ping_status":"open","template":"rm_review.php","meta":[],"acf":[],"yoast_head":"<!-- This site is optimized with the Yoast SEO plugin v19.6.1 - https:\/\/yoast.com\/wordpress\/plugins\/seo\/ -->\n<title>NoIQ Poker Rakeback - RakeMonkey.com<\/title>\n<meta name=\"robots\" content=\"index, follow, max-snippet:-1, max-image-preview:large, max-video-preview:-1\" \/>\n<link rel=\"canonical\" href=\"https:\/\/www.rakemonkey.com\/de\/poker-reviews\/noiq-poker-rakeback\/\" \/>\n<meta property=\"og:locale\" content=\"en_US\" \/>\n<meta property=\"og:type\" content=\"article\" \/>\n<meta property=\"og:title\" content=\"NoIQ Poker Rakeback - RakeMonkey.com\" \/>\n<meta property=\"og:description\" content=\"Sobald Sie die Software heruntergeladen und Ihr Konto er\u00f6ffnet haben, f\u00fcllen Sie bitte das obere Anmeldeformular aus. Tragen Sie einfach Ihren verwendeten Screen Namen und Email Adresse ein und wir sorgen daf\u00fcr, dass Ihr Rakeback best\u00e4tigt und fertig eingerichtet ist! read more...\" \/>\n<meta property=\"og:url\" content=\"https:\/\/www.rakemonkey.com\/de\/poker-reviews\/noiq-poker-rakeback\/\" \/>\n<meta property=\"og:site_name\" content=\"RakeMonkey.com\" \/>\n<meta name=\"twitter:card\" content=\"summary\" \/>\n<meta name=\"twitter:label1\" content=\"Est. reading time\" \/>\n\t<meta name=\"twitter:data1\" content=\"4 minutes\" \/>\n<script type=\"application\/ld+json\" class=\"yoast-schema-graph\">{\"@context\":\"https:\/\/schema.org\",\"@graph\":[{\"@type\":\"WebPage\",\"@id\":\"https:\/\/www.rakemonkey.com\/de\/poker-reviews\/noiq-poker-rakeback\/\",\"url\":\"https:\/\/www.rakemonkey.com\/de\/poker-reviews\/noiq-poker-rakeback\/\",\"name\":\"NoIQ Poker Rakeback - RakeMonkey.com\",\"isPartOf\":{\"@id\":\"https:\/\/www.rakemonkey.com\/de\/#website\"},\"datePublished\":\"2010-02-24T09:41:57+00:00\",\"dateModified\":\"2010-02-24T09:41:57+00:00\",\"breadcrumb\":{\"@id\":\"https:\/\/www.rakemonkey.com\/de\/poker-reviews\/noiq-poker-rakeback\/#breadcrumb\"},\"inLanguage\":\"en-US\",\"potentialAction\":[{\"@type\":\"ReadAction\",\"target\":[\"https:\/\/www.rakemonkey.com\/de\/poker-reviews\/noiq-poker-rakeback\/\"]}]},{\"@type\":\"BreadcrumbList\",\"@id\":\"https:\/\/www.rakemonkey.com\/de\/poker-reviews\/noiq-poker-rakeback\/#breadcrumb\",\"itemListElement\":[{\"@type\":\"ListItem\",\"position\":1,\"name\":\"Home\",\"item\":\"https:\/\/www.rakemonkey.com\/de\/\"},{\"@type\":\"ListItem\",\"position\":2,\"name\":\"Rezensionen\",\"item\":\"https:\/\/www.rakemonkey.com\/de\/poker-reviews\/\"},{\"@type\":\"ListItem\",\"position\":3,\"name\":\"NoIQ Poker Rakeback\"}]},{\"@type\":\"WebSite\",\"@id\":\"https:\/\/www.rakemonkey.com\/de\/#website\",\"url\":\"https:\/\/www.rakemonkey.com\/de\/\",\"name\":\"RakeMonkey.com\",\"description\":\"\",\"potentialAction\":[{\"@type\":\"SearchAction\",\"target\":{\"@type\":\"EntryPoint\",\"urlTemplate\":\"https:\/\/www.rakemonkey.com\/de\/?s={search_term_string}\"},\"query-input\":\"required name=search_term_string\"}],\"inLanguage\":\"en-US\"}]}<\/script>\n<!-- \/ Yoast SEO plugin. -->","yoast_head_json":{"title":"NoIQ Poker Rakeback - RakeMonkey.com","robots":{"index":"index","follow":"follow","max-snippet":"max-snippet:-1","max-image-preview":"max-image-preview:large","max-video-preview":"max-video-preview:-1"},"canonical":"https:\/\/www.rakemonkey.com\/de\/poker-reviews\/noiq-poker-rakeback\/","og_locale":"en_US","og_type":"article","og_title":"NoIQ Poker Rakeback - RakeMonkey.com","og_description":"Sobald Sie die Software heruntergeladen und Ihr Konto er\u00f6ffnet haben, f\u00fcllen Sie bitte das obere Anmeldeformular aus. Tragen Sie einfach Ihren verwendeten Screen Namen und Email Adresse ein und wir sorgen daf\u00fcr, dass Ihr Rakeback best\u00e4tigt und fertig eingerichtet ist! read more...","og_url":"https:\/\/www.rakemonkey.com\/de\/poker-reviews\/noiq-poker-rakeback\/","og_site_name":"RakeMonkey.com","twitter_card":"summary","twitter_misc":{"Est. reading time":"4 minutes"},"schema":{"@context":"https:\/\/schema.org","@graph":[{"@type":"WebPage","@id":"https:\/\/www.rakemonkey.com\/de\/poker-reviews\/noiq-poker-rakeback\/","url":"https:\/\/www.rakemonkey.com\/de\/poker-reviews\/noiq-poker-rakeback\/","name":"NoIQ Poker Rakeback - RakeMonkey.com","isPartOf":{"@id":"https:\/\/www.rakemonkey.com\/de\/#website"},"datePublished":"2010-02-24T09:41:57+00:00","dateModified":"2010-02-24T09:41:57+00:00","breadcrumb":{"@id":"https:\/\/www.rakemonkey.com\/de\/poker-reviews\/noiq-poker-rakeback\/#breadcrumb"},"inLanguage":"en-US","potentialAction":[{"@type":"ReadAction","target":["https:\/\/www.rakemonkey.com\/de\/poker-reviews\/noiq-poker-rakeback\/"]}]},{"@type":"BreadcrumbList","@id":"https:\/\/www.rakemonkey.com\/de\/poker-reviews\/noiq-poker-rakeback\/#breadcrumb","itemListElement":[{"@type":"ListItem","position":1,"name":"Home","item":"https:\/\/www.rakemonkey.com\/de\/"},{"@type":"ListItem","position":2,"name":"Rezensionen","item":"https:\/\/www.rakemonkey.com\/de\/poker-reviews\/"},{"@type":"ListItem","position":3,"name":"NoIQ Poker Rakeback"}]},{"@type":"WebSite","@id":"https:\/\/www.rakemonkey.com\/de\/#website","url":"https:\/\/www.rakemonkey.com\/de\/","name":"RakeMonkey.com","description":"","potentialAction":[{"@type":"SearchAction","target":{"@type":"EntryPoint","urlTemplate":"https:\/\/www.rakemonkey.com\/de\/?s={search_term_string}"},"query-input":"required name=search_term_string"}],"inLanguage":"en-US"}]}},"_links":{"self":[{"href":"https:\/\/www.rakemonkey.com\/de\/wp-json\/wp\/v2\/pages\/41"}],"collection":[{"href":"https:\/\/www.rakemonkey.com\/de\/wp-json\/wp\/v2\/pages"}],"about":[{"href":"https:\/\/www.rakemonkey.com\/de\/wp-json\/wp\/v2\/types\/page"}],"author":[{"embeddable":true,"href":"https:\/\/www.rakemonkey.com\/de\/wp-json\/wp\/v2\/users\/9"}],"replies":[{"embeddable":true,"href":"https:\/\/www.rakemonkey.com\/de\/wp-json\/wp\/v2\/comments?post=41"}],"version-history":[{"count":0,"href":"https:\/\/www.rakemonkey.com\/de\/wp-json\/wp\/v2\/pages\/41\/revisions"}],"up":[{"embeddable":true,"href":"https:\/\/www.rakemonkey.com\/de\/wp-json\/wp\/v2\/pages\/105"}],"wp:attachment":[{"href":"https:\/\/www.rakemonkey.com\/de\/wp-json\/wp\/v2\/media?parent=41"}],"curies":[{"name":"wp","href":"https:\/\/api.w.org\/{rel}","templated":true}]}}