{"id":48,"date":"2010-02-24T11:01:31","date_gmt":"2010-02-24T11:01:31","guid":{"rendered":"http:\/\/www.rakemonkey.com\/de\/?page_id=48"},"modified":"2017-08-03T00:28:31","modified_gmt":"2017-08-03T00:28:31","slug":"pokerstars-vip-rewards-in-germany","status":"publish","type":"page","link":"https:\/\/www.rakemonkey.com\/de\/poker-reviews\/pokerstars-vip-rewards-in-germany\/","title":{"rendered":"PokerStars VIP Rewards"},"content":{"rendered":"<p><a href=\"http:\/\/www.pokerstars.com\/?source=rs.wlmktus10\"><strong>PokerStars<\/strong> hat ein spezielles VIP Programm<\/a>, das vergleichbar mit bis zu 40% Rakeback ist. Wenn Sie aber nach einem echten Rakeback Deal suchen, werden Sie ihn bei PokerStars nicht finden. Von allen Poker Seiten im Internet ist PokerStars mit Abstand die Seite, die am mei\u00dften dagegen ist.<\/p>\n<p>Ich wei\u00df, ich wei\u00df; Ein VIP Programm h\u00f6rt sich nach einem l\u00e4cherlichen Ersatz f\u00fcr einen echten Rakeback Deal an aber h\u00f6ren Sie einfach auf uns. Es ist nicht so schlimm wie es sich anh\u00f6rt. PokerStars ist nicht ausversehen die gr\u00f6\u00dfte und respektierteste Poker Seite der Welt geworden.<\/p>\n<h2>PokerStars Rakeback Ersatz<\/h2>\n<p>Anstatt seinen Spielern Rakeback anzubieten, verwendet PokerStars das Geld f\u00fcr ein complexes VIP Programm von dem Spieler wirklich profitieren. W\u00e4hrend Sie Echtgeld Spiele bei PokerStars spielen, verdienen Sie automatisch Frequent Player Points (FPPs), die verwendet werden k\u00f6nnen um im Shop einzukaufen, kostenlos an Turnieren teilzunehmen und Cash Boni freizuschalten.<\/p>\n<p>Wenn ich Cash Boni sage, meine ich nicht nur kleine Summen, die Sie kaum zufriedenstellen um bei PokerStars zu bleiben. Ich spreche \u00fcber tats\u00e4chlich gro\u00dfes Geld. Nehmen wir zum Beispiel die PokerStars Milestone Boni:<\/p>\n<p>$800 bei 100,000 VPP (Ich werde den Unterschied zwischen VPPs und FPPs spatter noch erkl\u00e4ren)<br \/>\n$2,000 bei 200,000 VPP<br \/>\n$3,000 bei 300,000 VPP<br \/>\n$4,000 bei 400,000 VPP<br \/>\n$5,000 bei 500,000 VPP<br \/>\n$6,000 bei 600,000 VPP<br \/>\n$8,000 bei 800,000 VPP<\/p>\n<p>Das allein sind knapp $30,000 in Cash. Es wird noch besser, diese Milestone Boni werden zus\u00e4tzlich zu den regul\u00e4ren Cash Boni gezahlt, die Sie im VIP Shop kaufen k\u00f6nnen.<\/p>\n<h2>Wie das PokerStars VIP Programm Funktioniert<\/h2>\n<p>Es gibt sechs Stufen im PokerStars VIP Programm:<\/p>\n<p>BronzeStar<br \/>\nSilverStar<br \/>\nGoldStar<br \/>\nPlatinumStar<br \/>\nSupernova<br \/>\nSupernova Elite<\/p>\n<p>Sie fangen automatisch als BronzeStar Spieler an und steigen dann basierend darauf, wieviel Sie spielen, in den Stufen auf. Beim Spielen auf PokerStars verdienen Sie um genau zu sein zwei Typen von Punkten:<\/p>\n<p>VIP Player Points (VPPs)<br \/>\nFrequent Player Points (FPPs)<\/p>\n<p>Die VPPs, die Sie verdienen sind lediglich dazu da, Ihre Stufe im VIP Programm auszumachen und Ihre FPPs sind die Punkte, die Sie im VIP Store ausgeben k\u00f6nnen. In der ersten Stufe verdienen Sie VPPs und FPPs bei derselben Rate aber wenn Sie die Stufen aufsteigen, verdienen Sie mehr FPPs pro verdientem VPP. Auf der h\u00f6chsten Stufe verdienen Sie 5 FPPs f\u00fcr jeden 1 VPP.<\/p>\n<h3>Vorteile in Jeder Stufe<\/h3>\n<p>W\u00e4hrend Sie die Stufen im <a href=\"http:\/\/www.gambling666.com\/online-poker\/reviews\/pokerstars\/marketing-code\">PokerStars Bonus<\/a> and VIP Programm aufsteigen, werden auch die Vorteile immer gr\u00f6\u00dfer. Hier ist eine kurze Zusammenfassung zu jeder Stufe:<\/p>\n<p><strong>BronzeStar<\/strong> \u2013 Das ist die Stufe in der jeder beginnt. Als BronzeStar Mitglied k\u00f6nnen Sie Produkte aus dem BronzeStar Level im VIP Shop einkaufen und zweimal t\u00e4glich an $1,000 Freerolls teilnehmen. Jeden Monat gibt es ein $2,5000 BronzeStar Turnier, das nur 200 FPPs zur Teilnahme kostet.<\/p>\n<p><strong>SilverStar <\/strong>\u2013 Wenn Sie 1,200 VPPs in einem einzelnen Monat verdienen, werden Sie zum SilverStar Spieler aufsteigen. Das ist einfach zu schaffen also sollte es nicht lange dauern. F\u00fcr jeden VPP, den Sie in dieser Stufe verdienen, verdienen Sie 1.5 FPPs. Jede Woche k\u00f6nnen Sie an einem $30,000 Freeroll und jeden Monat an einem $100,000 Freeroll teilnehmen. In dieser Stufe k\u00f6nnen Sie auch einen $50 Bonus aus dem VIP Shop kaufen.<\/p>\n<p><strong>GoldStar <\/strong>\u2013 Verdienen Sie 3,000 VPPs in einem Monat um GoldStar Mitglied zu werden. Jetzt ist ein $285 Bonus im VIP Shop verf\u00fcgbar und Sie haben Zugang zu all den gleichen Turnieren wie ein SilverStar Zugang plus einem $75,000 VIP Turnier jede Woche. Solange Sie GoldStar sind, werden Sie 2 FPPs f\u00fcr jeden verdienten VPP verdienen.<\/p>\n<p><strong>PlatinumStar <\/strong>\u2013 Verdienen Sie 7,500 VPPs in einem Monat um PlatinumStar Mitglied zu werden. Jetzt k\u00f6nnen Sie einen $650 Bonus aus dem VIP Shop kaufen. Au\u00dferdem erhalten Sie Zugang zur PlatinumStar Rubrik des Spielerpr\u00e4mien Shops. Sie k\u00f6nnen Ihre FPPs auch verwenden um sich in Events in der World Championship of Online Poker, der European Poker Tour und der World Series of Poker einzukaufen.<\/p>\n<p><strong>Supernova <\/strong>\u2013 Diese Stufe ist schwierig zu erreichen aber sie bringt die mit Abstand gr\u00f6\u00dften Vorteile mit sich. Um Supernova zu werden, m\u00fcssen in einem einzelnen Jahr 100,000 VPPs verdienen. Es spielt keine Rolle wie lange es dauert, hauptsache Sie verdienen 100,000 VPPs innerhalb eines Jahres. In dieser Stufe werden Sie 3.55 FPPs f\u00fcr jeden verdienten VPP verdienen.<\/p>\n<p>Als Supernova Spieler sind Sie auf die oben angesprochenen Milestone Boni berechtigt. Kombiniert bringen diese Boni $28,800 in Cash. Sie k\u00f6nnen auch $1,500 und $4,000 Boni aus dem VIP Shop einkaufen. Au\u00dferdem k\u00f6nnen Ihre FPPs verwenden um sich in das World Series of Poker Main Event einzukaufen.<\/p>\n<p><strong>Supernova Elite<\/strong> \u2013 Diese Stufe ist f\u00fcr die Hardcore Grinders. Wenn Sie es zum Supernova Status schaffen, wartet wirklich k\u00f6nigliche Behandlung auf Sie. Es ist aber nicht einfach; Sie werden 1,000,000 VPPs in einem einzelnen Jahr verdienen m\u00fcssen um diese Stufe zu erreichen. Sobald Sie es erreichen, erhalten Sie kostenlosen Zugang ins World Championship of Online Poker Main Event plus die Auswahl zwischen einem der folgenden beiden Pakete:<\/p>\n<p>\u2022 Paket 1: Jegliche zwei Pakete der PokerStars Caribbean Adventure, WSOP Main Event, EPT Monte Carlo, APPT Sydney.<\/p>\n<p>\u2022 Paket 2: Jegliche zwei Pakete der oberen Pakete plus $10,000 in Cash.<\/p>\n<p>Das ist aber nicht alles. Sie sind auf die folgenden Milestone Boni berechtigt:<\/p>\n<p>$10,000 bei 1,250,000 VPPs<br \/>\n$10,000 bei 1,500,000 VPPs<br \/>\n$10,000 bei 1,750,000 VPPs<br \/>\n$20,000 bei 2,000,000 VPPs<br \/>\n$10,000 bei 2,250,000 VPPs<br \/>\n$10,000 bei 2,750,000 VPPs<br \/>\n$20,000 bei 3,000,000 VPPs<\/p>\n<p>Diese Boni sind nicht nur hei\u00dfe Luft. Leute schaffen es tats\u00e4chlich zum Supernova Elite Status. Ein Spieler hatte den Supernova Elite Status in weniger als 3 Monaten erreicht. Es ist nicht einfach aber es ist definitive m\u00f6glich.<\/p>\n<p>VPPs und FPPs Verdienen<\/p>\n<p>VPPs werden bei Turnieren bei einer Rate von 5 VPPs pro gezahltem Dollar an Turnier Geb\u00fchren verdienen. Wenn Sie zum Beispiel in einem $20 + $2 spielen, w\u00fcrden Sie 10 VPPs verdienen. In Cash Games ist es etwas komplizierter aber Sie k\u00f6nnen bis zu 3 VPPs pro gespielter Hand verdienen.<\/p>\n<p>Ihre FPPs werden auf die gleiche Weise verdient au\u00dfer wenn Sie in den Stufen aufsteigen. W\u00e4hrend Sie in den Stufen aufsteigen werden Sie Multiplikatoren verdienen, die die Anzahl der FPPs, die Sie beim Poker Spielen verdienen, erh\u00f6hen. Ein GoldStar Spieler verdient zum Beispiel 2 FPPs pro verdienten VPP.<\/p>\n","protected":false},"excerpt":{"rendered":"<p>PokerStars hat ein spezielles VIP Programm, das vergleichbar mit bis zu 40% Rakeback ist. Wenn Sie aber nach einem echten Rakeback Deal suchen, werden Sie ihn bei PokerStars nicht finden. Von allen Poker Seiten im Internet ist PokerStars mit Abstand<a class=\"post-link\" href=\"https:\/\/www.rakemonkey.com\/de\/poker-reviews\/pokerstars-vip-rewards-in-germany\/\"> read more&#8230;<\/a><\/p>\n","protected":false},"author":9,"featured_media":0,"parent":105,"menu_order":0,"comment_status":"closed","ping_status":"open","template":"rm_review.php","meta":[],"acf":[],"yoast_head":"<!-- This site is optimized with the Yoast SEO plugin v19.6.1 - https:\/\/yoast.com\/wordpress\/plugins\/seo\/ -->\n<title>PokerStars VIP Rewards - RakeMonkey.com<\/title>\n<meta name=\"robots\" content=\"index, follow, max-snippet:-1, max-image-preview:large, max-video-preview:-1\" \/>\n<link rel=\"canonical\" href=\"https:\/\/www.rakemonkey.com\/de\/poker-reviews\/pokerstars-vip-rewards-in-germany\/\" \/>\n<meta property=\"og:locale\" content=\"en_US\" \/>\n<meta property=\"og:type\" content=\"article\" \/>\n<meta property=\"og:title\" content=\"PokerStars VIP Rewards - RakeMonkey.com\" \/>\n<meta property=\"og:description\" content=\"PokerStars hat ein spezielles VIP Programm, das vergleichbar mit bis zu 40% Rakeback ist. Wenn Sie aber nach einem echten Rakeback Deal suchen, werden Sie ihn bei PokerStars nicht finden. Von allen Poker Seiten im Internet ist PokerStars mit Abstand read more...\" \/>\n<meta property=\"og:url\" content=\"https:\/\/www.rakemonkey.com\/de\/poker-reviews\/pokerstars-vip-rewards-in-germany\/\" \/>\n<meta property=\"og:site_name\" content=\"RakeMonkey.com\" \/>\n<meta property=\"article:modified_time\" content=\"2017-08-03T00:28:31+00:00\" \/>\n<meta name=\"twitter:card\" content=\"summary\" \/>\n<meta name=\"twitter:label1\" content=\"Est. reading time\" \/>\n\t<meta name=\"twitter:data1\" content=\"5 minutes\" \/>\n<script type=\"application\/ld+json\" class=\"yoast-schema-graph\">{\"@context\":\"https:\/\/schema.org\",\"@graph\":[{\"@type\":\"WebPage\",\"@id\":\"https:\/\/www.rakemonkey.com\/de\/poker-reviews\/pokerstars-vip-rewards-in-germany\/\",\"url\":\"https:\/\/www.rakemonkey.com\/de\/poker-reviews\/pokerstars-vip-rewards-in-germany\/\",\"name\":\"PokerStars VIP Rewards - RakeMonkey.com\",\"isPartOf\":{\"@id\":\"https:\/\/www.rakemonkey.com\/de\/#website\"},\"datePublished\":\"2010-02-24T11:01:31+00:00\",\"dateModified\":\"2017-08-03T00:28:31+00:00\",\"breadcrumb\":{\"@id\":\"https:\/\/www.rakemonkey.com\/de\/poker-reviews\/pokerstars-vip-rewards-in-germany\/#breadcrumb\"},\"inLanguage\":\"en-US\",\"potentialAction\":[{\"@type\":\"ReadAction\",\"target\":[\"https:\/\/www.rakemonkey.com\/de\/poker-reviews\/pokerstars-vip-rewards-in-germany\/\"]}]},{\"@type\":\"BreadcrumbList\",\"@id\":\"https:\/\/www.rakemonkey.com\/de\/poker-reviews\/pokerstars-vip-rewards-in-germany\/#breadcrumb\",\"itemListElement\":[{\"@type\":\"ListItem\",\"position\":1,\"name\":\"Home\",\"item\":\"https:\/\/www.rakemonkey.com\/de\/\"},{\"@type\":\"ListItem\",\"position\":2,\"name\":\"Rezensionen\",\"item\":\"https:\/\/www.rakemonkey.com\/de\/poker-reviews\/\"},{\"@type\":\"ListItem\",\"position\":3,\"name\":\"PokerStars VIP Rewards\"}]},{\"@type\":\"WebSite\",\"@id\":\"https:\/\/www.rakemonkey.com\/de\/#website\",\"url\":\"https:\/\/www.rakemonkey.com\/de\/\",\"name\":\"RakeMonkey.com\",\"description\":\"\",\"potentialAction\":[{\"@type\":\"SearchAction\",\"target\":{\"@type\":\"EntryPoint\",\"urlTemplate\":\"https:\/\/www.rakemonkey.com\/de\/?s={search_term_string}\"},\"query-input\":\"required name=search_term_string\"}],\"inLanguage\":\"en-US\"}]}<\/script>\n<!-- \/ Yoast SEO plugin. -->","yoast_head_json":{"title":"PokerStars VIP Rewards - RakeMonkey.com","robots":{"index":"index","follow":"follow","max-snippet":"max-snippet:-1","max-image-preview":"max-image-preview:large","max-video-preview":"max-video-preview:-1"},"canonical":"https:\/\/www.rakemonkey.com\/de\/poker-reviews\/pokerstars-vip-rewards-in-germany\/","og_locale":"en_US","og_type":"article","og_title":"PokerStars VIP Rewards - RakeMonkey.com","og_description":"PokerStars hat ein spezielles VIP Programm, das vergleichbar mit bis zu 40% Rakeback ist. Wenn Sie aber nach einem echten Rakeback Deal suchen, werden Sie ihn bei PokerStars nicht finden. Von allen Poker Seiten im Internet ist PokerStars mit Abstand read more...","og_url":"https:\/\/www.rakemonkey.com\/de\/poker-reviews\/pokerstars-vip-rewards-in-germany\/","og_site_name":"RakeMonkey.com","article_modified_time":"2017-08-03T00:28:31+00:00","twitter_card":"summary","twitter_misc":{"Est. reading time":"5 minutes"},"schema":{"@context":"https:\/\/schema.org","@graph":[{"@type":"WebPage","@id":"https:\/\/www.rakemonkey.com\/de\/poker-reviews\/pokerstars-vip-rewards-in-germany\/","url":"https:\/\/www.rakemonkey.com\/de\/poker-reviews\/pokerstars-vip-rewards-in-germany\/","name":"PokerStars VIP Rewards - RakeMonkey.com","isPartOf":{"@id":"https:\/\/www.rakemonkey.com\/de\/#website"},"datePublished":"2010-02-24T11:01:31+00:00","dateModified":"2017-08-03T00:28:31+00:00","breadcrumb":{"@id":"https:\/\/www.rakemonkey.com\/de\/poker-reviews\/pokerstars-vip-rewards-in-germany\/#breadcrumb"},"inLanguage":"en-US","potentialAction":[{"@type":"ReadAction","target":["https:\/\/www.rakemonkey.com\/de\/poker-reviews\/pokerstars-vip-rewards-in-germany\/"]}]},{"@type":"BreadcrumbList","@id":"https:\/\/www.rakemonkey.com\/de\/poker-reviews\/pokerstars-vip-rewards-in-germany\/#breadcrumb","itemListElement":[{"@type":"ListItem","position":1,"name":"Home","item":"https:\/\/www.rakemonkey.com\/de\/"},{"@type":"ListItem","position":2,"name":"Rezensionen","item":"https:\/\/www.rakemonkey.com\/de\/poker-reviews\/"},{"@type":"ListItem","position":3,"name":"PokerStars VIP Rewards"}]},{"@type":"WebSite","@id":"https:\/\/www.rakemonkey.com\/de\/#website","url":"https:\/\/www.rakemonkey.com\/de\/","name":"RakeMonkey.com","description":"","potentialAction":[{"@type":"SearchAction","target":{"@type":"EntryPoint","urlTemplate":"https:\/\/www.rakemonkey.com\/de\/?s={search_term_string}"},"query-input":"required name=search_term_string"}],"inLanguage":"en-US"}]}},"_links":{"self":[{"href":"https:\/\/www.rakemonkey.com\/de\/wp-json\/wp\/v2\/pages\/48"}],"collection":[{"href":"https:\/\/www.rakemonkey.com\/de\/wp-json\/wp\/v2\/pages"}],"about":[{"href":"https:\/\/www.rakemonkey.com\/de\/wp-json\/wp\/v2\/types\/page"}],"author":[{"embeddable":true,"href":"https:\/\/www.rakemonkey.com\/de\/wp-json\/wp\/v2\/users\/9"}],"replies":[{"embeddable":true,"href":"https:\/\/www.rakemonkey.com\/de\/wp-json\/wp\/v2\/comments?post=48"}],"version-history":[{"count":0,"href":"https:\/\/www.rakemonkey.com\/de\/wp-json\/wp\/v2\/pages\/48\/revisions"}],"up":[{"embeddable":true,"href":"https:\/\/www.rakemonkey.com\/de\/wp-json\/wp\/v2\/pages\/105"}],"wp:attachment":[{"href":"https:\/\/www.rakemonkey.com\/de\/wp-json\/wp\/v2\/media?parent=48"}],"curies":[{"name":"wp","href":"https:\/\/api.w.org\/{rel}","templated":true}]}}