{"id":51,"date":"2010-02-24T11:13:25","date_gmt":"2010-02-24T11:13:25","guid":{"rendered":"http:\/\/www.rakemonkey.com\/de\/?page_id=51"},"modified":"2010-02-24T11:13:25","modified_gmt":"2010-02-24T11:13:25","slug":"interpoker-rakeback-fur-deutsche","status":"publish","type":"page","link":"https:\/\/www.rakemonkey.com\/de\/poker-reviews\/interpoker-rakeback-fur-deutsche\/","title":{"rendered":"InterPoker Rakeback"},"content":{"rendered":"<p><strong>InterPoker<\/strong> bietet jedem neuen Spieler, der sein erstes InterPoker Konto hier bei Rake Monkey er\u00f6ffnet, einen 30% Rakeback Deal, der anhand der \u201cContributed Methode\u201d kalkuliert wird. Rake Monkey Leser sind auch auf einen 200% (Verdoppeln Sie Ihr Geld schon bevor Sie an die Tische gehen!) bis zu einem maximalen Bonus von \u20ac1,000.<\/p>\n<p>InterPoker startete sein Internet Gesch\u00e4ft 2002 und bietet Rakeback Poker Spielern seitdem ein schnelles Poker Spiel auf einer stabilen Plattform. Bei InterPoker gibt es in jeder Hinsicht gen\u00fcgend Spielerverkehr inklusive Multi Table Turniere, Sit N Go Turniere und nat\u00fcrlich die Echtgeld Tische.<\/p>\n<h2><strong>InterPoker Rakeback Programm<\/strong><\/h2>\n<p>Um mit einem Rakeback Deal bei InterPoker ausgestattet zu werden, klicken Sie einfach einen Link auf dieser Webseite und er\u00f6ffnen Sie Ihr neues Spielerkonto. Dann kommen Sie zur\u00fcck und tragen Ihre Email Adresse und Benutzername ein. Am besten sollten Sie Rake Monkey bookmarken bevor Sie gehen, es w\u00e4re schade f\u00fcr uns Sie zu\u00a0 verlieren und nicht zu wissen, wohin wir Ihre n\u00e4chste Rakeback Zahlung senden sollen!<\/p>\n<p>30% Ihres Rake wird auf Ihr Spielerkonto gezahlt und Sie k\u00f6nnen jeden Tag auszahlen indem Sie RakeMonkey.com besuchen.<\/p>\n<h2><strong>InterPoker Willkommensbonus<\/strong><\/h2>\n<p>Nach erfolgreichen Verhandlungen hat das Marketing Team von Rake Monkey einen fabelhaften Bonus f\u00fcr unsere Leser ausgehandelt! Spieler, die sich von dieser Seite anmelden, sind auf einen 200% Einzahlungsbonus bis zu \u20ac1,000 berechtigt. Das bedeutet, dass wenn Sie heute \u20ac1,000 einzahlen, Sie \u20ac1,000 extra zum Spielen erhalten!<\/p>\n<p>Um den Bonus freizuspielen, m\u00fcssen Sie InterPoker Punkte sammeln, f\u00fcr jede 50 verdienten Punkte, werden Ihrem Konto \u20ac5 in Chips hinzugef\u00fcgt.<\/p>\n<p>InterPoker zieht Ihren Bonus nicht von Ihrem Konto ab wie es zum Beispiel R\u00e4ume wie Sun Poker machen. Dieses Bonus Geld ist also purer und einfacher Gewinn und beeintr\u00e4chtigt Ihre Rakeback Zahlungen \u00fcberhaupt nicht.<\/p>\n<h2><strong>InterPoker Turnier Rakeback<\/strong><\/h2>\n<p>Es gibt Online Poker R\u00e4ume, die Spielern Turnier Geb\u00fchren aufdr\u00fccken, auf die kein Rakeback gezahlt wird, InterPoker ist keiner dieser R\u00e4ume. Was immer Sie bei InterPoker spielen, Sie erhalten Rakeback. F\u00fcr jedes MTT oder SNG, das Sie bei InterPoker spielen, erhalten Sie Ihre 30% auf die Geb\u00fchr zur\u00fcck.<\/p>\n<p>Wenn Sie ein Freeroll spielen, werden Sie 100% der Geb\u00fchr zur\u00fcckbekommen.<\/p>\n<p>InterPoker bietet eine Menge Einzahlungsmethoden inklusive aller g\u00e4ngigen Methoden wie Visa, die von jedem Online Poker Raum der Welt akzeptiert wird und alle beliebteren Ewallets wie NETeller, MoneyBookers, Click2Pay, PaySafeCard und dazu Bank\u00fcberweisungen und Schecks.<\/p>\n","protected":false},"excerpt":{"rendered":"<p>InterPoker bietet jedem neuen Spieler, der sein erstes InterPoker Konto hier bei Rake Monkey er\u00f6ffnet, einen 30% Rakeback Deal, der anhand der \u201cContributed Methode\u201d kalkuliert wird. Rake Monkey Leser sind auch auf einen 200% (Verdoppeln Sie Ihr Geld schon bevor<a class=\"post-link\" href=\"https:\/\/www.rakemonkey.com\/de\/poker-reviews\/interpoker-rakeback-fur-deutsche\/\"> read more&#8230;<\/a><\/p>\n","protected":false},"author":9,"featured_media":0,"parent":105,"menu_order":0,"comment_status":"closed","ping_status":"open","template":"rm_review.php","meta":[],"acf":[],"yoast_head":"<!-- This site is optimized with the Yoast SEO plugin v19.6.1 - https:\/\/yoast.com\/wordpress\/plugins\/seo\/ -->\n<title>InterPoker Rakeback - RakeMonkey.com<\/title>\n<meta name=\"robots\" content=\"index, follow, max-snippet:-1, max-image-preview:large, max-video-preview:-1\" \/>\n<link rel=\"canonical\" href=\"https:\/\/www.rakemonkey.com\/de\/poker-reviews\/interpoker-rakeback-fur-deutsche\/\" \/>\n<meta property=\"og:locale\" content=\"en_US\" \/>\n<meta property=\"og:type\" content=\"article\" \/>\n<meta property=\"og:title\" content=\"InterPoker Rakeback - RakeMonkey.com\" \/>\n<meta property=\"og:description\" content=\"InterPoker bietet jedem neuen Spieler, der sein erstes InterPoker Konto hier bei Rake Monkey er\u00f6ffnet, einen 30% Rakeback Deal, der anhand der \u201cContributed Methode\u201d kalkuliert wird. Rake Monkey Leser sind auch auf einen 200% (Verdoppeln Sie Ihr Geld schon bevor read more...\" \/>\n<meta property=\"og:url\" content=\"https:\/\/www.rakemonkey.com\/de\/poker-reviews\/interpoker-rakeback-fur-deutsche\/\" \/>\n<meta property=\"og:site_name\" content=\"RakeMonkey.com\" \/>\n<meta name=\"twitter:card\" content=\"summary\" \/>\n<meta name=\"twitter:label1\" content=\"Est. reading time\" \/>\n\t<meta name=\"twitter:data1\" content=\"2 minutes\" \/>\n<script type=\"application\/ld+json\" class=\"yoast-schema-graph\">{\"@context\":\"https:\/\/schema.org\",\"@graph\":[{\"@type\":\"WebPage\",\"@id\":\"https:\/\/www.rakemonkey.com\/de\/poker-reviews\/interpoker-rakeback-fur-deutsche\/\",\"url\":\"https:\/\/www.rakemonkey.com\/de\/poker-reviews\/interpoker-rakeback-fur-deutsche\/\",\"name\":\"InterPoker Rakeback - RakeMonkey.com\",\"isPartOf\":{\"@id\":\"https:\/\/www.rakemonkey.com\/de\/#website\"},\"datePublished\":\"2010-02-24T11:13:25+00:00\",\"dateModified\":\"2010-02-24T11:13:25+00:00\",\"breadcrumb\":{\"@id\":\"https:\/\/www.rakemonkey.com\/de\/poker-reviews\/interpoker-rakeback-fur-deutsche\/#breadcrumb\"},\"inLanguage\":\"en-US\",\"potentialAction\":[{\"@type\":\"ReadAction\",\"target\":[\"https:\/\/www.rakemonkey.com\/de\/poker-reviews\/interpoker-rakeback-fur-deutsche\/\"]}]},{\"@type\":\"BreadcrumbList\",\"@id\":\"https:\/\/www.rakemonkey.com\/de\/poker-reviews\/interpoker-rakeback-fur-deutsche\/#breadcrumb\",\"itemListElement\":[{\"@type\":\"ListItem\",\"position\":1,\"name\":\"Home\",\"item\":\"https:\/\/www.rakemonkey.com\/de\/\"},{\"@type\":\"ListItem\",\"position\":2,\"name\":\"Rezensionen\",\"item\":\"https:\/\/www.rakemonkey.com\/de\/poker-reviews\/\"},{\"@type\":\"ListItem\",\"position\":3,\"name\":\"InterPoker Rakeback\"}]},{\"@type\":\"WebSite\",\"@id\":\"https:\/\/www.rakemonkey.com\/de\/#website\",\"url\":\"https:\/\/www.rakemonkey.com\/de\/\",\"name\":\"RakeMonkey.com\",\"description\":\"\",\"potentialAction\":[{\"@type\":\"SearchAction\",\"target\":{\"@type\":\"EntryPoint\",\"urlTemplate\":\"https:\/\/www.rakemonkey.com\/de\/?s={search_term_string}\"},\"query-input\":\"required name=search_term_string\"}],\"inLanguage\":\"en-US\"}]}<\/script>\n<!-- \/ Yoast SEO plugin. -->","yoast_head_json":{"title":"InterPoker Rakeback - RakeMonkey.com","robots":{"index":"index","follow":"follow","max-snippet":"max-snippet:-1","max-image-preview":"max-image-preview:large","max-video-preview":"max-video-preview:-1"},"canonical":"https:\/\/www.rakemonkey.com\/de\/poker-reviews\/interpoker-rakeback-fur-deutsche\/","og_locale":"en_US","og_type":"article","og_title":"InterPoker Rakeback - RakeMonkey.com","og_description":"InterPoker bietet jedem neuen Spieler, der sein erstes InterPoker Konto hier bei Rake Monkey er\u00f6ffnet, einen 30% Rakeback Deal, der anhand der \u201cContributed Methode\u201d kalkuliert wird. Rake Monkey Leser sind auch auf einen 200% (Verdoppeln Sie Ihr Geld schon bevor read more...","og_url":"https:\/\/www.rakemonkey.com\/de\/poker-reviews\/interpoker-rakeback-fur-deutsche\/","og_site_name":"RakeMonkey.com","twitter_card":"summary","twitter_misc":{"Est. reading time":"2 minutes"},"schema":{"@context":"https:\/\/schema.org","@graph":[{"@type":"WebPage","@id":"https:\/\/www.rakemonkey.com\/de\/poker-reviews\/interpoker-rakeback-fur-deutsche\/","url":"https:\/\/www.rakemonkey.com\/de\/poker-reviews\/interpoker-rakeback-fur-deutsche\/","name":"InterPoker Rakeback - RakeMonkey.com","isPartOf":{"@id":"https:\/\/www.rakemonkey.com\/de\/#website"},"datePublished":"2010-02-24T11:13:25+00:00","dateModified":"2010-02-24T11:13:25+00:00","breadcrumb":{"@id":"https:\/\/www.rakemonkey.com\/de\/poker-reviews\/interpoker-rakeback-fur-deutsche\/#breadcrumb"},"inLanguage":"en-US","potentialAction":[{"@type":"ReadAction","target":["https:\/\/www.rakemonkey.com\/de\/poker-reviews\/interpoker-rakeback-fur-deutsche\/"]}]},{"@type":"BreadcrumbList","@id":"https:\/\/www.rakemonkey.com\/de\/poker-reviews\/interpoker-rakeback-fur-deutsche\/#breadcrumb","itemListElement":[{"@type":"ListItem","position":1,"name":"Home","item":"https:\/\/www.rakemonkey.com\/de\/"},{"@type":"ListItem","position":2,"name":"Rezensionen","item":"https:\/\/www.rakemonkey.com\/de\/poker-reviews\/"},{"@type":"ListItem","position":3,"name":"InterPoker Rakeback"}]},{"@type":"WebSite","@id":"https:\/\/www.rakemonkey.com\/de\/#website","url":"https:\/\/www.rakemonkey.com\/de\/","name":"RakeMonkey.com","description":"","potentialAction":[{"@type":"SearchAction","target":{"@type":"EntryPoint","urlTemplate":"https:\/\/www.rakemonkey.com\/de\/?s={search_term_string}"},"query-input":"required name=search_term_string"}],"inLanguage":"en-US"}]}},"_links":{"self":[{"href":"https:\/\/www.rakemonkey.com\/de\/wp-json\/wp\/v2\/pages\/51"}],"collection":[{"href":"https:\/\/www.rakemonkey.com\/de\/wp-json\/wp\/v2\/pages"}],"about":[{"href":"https:\/\/www.rakemonkey.com\/de\/wp-json\/wp\/v2\/types\/page"}],"author":[{"embeddable":true,"href":"https:\/\/www.rakemonkey.com\/de\/wp-json\/wp\/v2\/users\/9"}],"replies":[{"embeddable":true,"href":"https:\/\/www.rakemonkey.com\/de\/wp-json\/wp\/v2\/comments?post=51"}],"version-history":[{"count":0,"href":"https:\/\/www.rakemonkey.com\/de\/wp-json\/wp\/v2\/pages\/51\/revisions"}],"up":[{"embeddable":true,"href":"https:\/\/www.rakemonkey.com\/de\/wp-json\/wp\/v2\/pages\/105"}],"wp:attachment":[{"href":"https:\/\/www.rakemonkey.com\/de\/wp-json\/wp\/v2\/media?parent=51"}],"curies":[{"name":"wp","href":"https:\/\/api.w.org\/{rel}","templated":true}]}}