{"id":53,"date":"2010-02-24T11:25:44","date_gmt":"2010-02-24T11:25:44","guid":{"rendered":"http:\/\/www.rakemonkey.com\/de\/?page_id=53"},"modified":"2010-02-24T11:25:44","modified_gmt":"2010-02-24T11:25:44","slug":"party-poker-vip-cashback","status":"publish","type":"page","link":"https:\/\/www.rakemonkey.com\/de\/poker-reviews\/party-poker-vip-cashback\/","title":{"rendered":"PartyPoker VIP Cashback"},"content":{"rendered":"<p>Obwohl <strong>Party Poker<\/strong> in den Staaten\u00a0 nicht einmal verf\u00fcgbar ist, bleibt die Online Poker Seite eine der popul\u00e4rsten Seiten auf der ganzen Welt.<\/p>\n<p>Party Poker bietet neuen Spielern von Rake Monkey die M\u00f6glichkeit bis zu 40% Geld-zur\u00fcck zu erhalten.<\/p>\n<p>Wenn sich neue Spieler \u00fcber unsere Links anmelden und das untere Formular ausf\u00fcllen, sind sie f\u00fcr das Party Poker VIP und VIP Cash Back System berechtigt. Sie nennen es nicht Rakeback bei Party Poker aber es funktioniert folgenderma\u00dfen: Sie spielen Poker, sammeln die f\u00fcr den Monat ben\u00f6tigten Punkte und Sie erhalten Cash zur\u00fcck auf Ihr Poker Konto. Nennen Sie es wie Sie m\u00f6chten.<\/p>\n<h2><strong>Party Poker &#8211; Wie das VIP Programm Funktioniert<\/strong><\/h2>\n<p><strong><br \/>\nParty Poker&#8217;s VIP Deal Cashback Deal<\/strong> ist tats\u00e4chlich besser als der durchschnittliche Rakeback Deal. Wieviele R\u00e4ume kennen Sie denn, wo Sie bis zu 40% Rakeback verdienen k\u00f6nnen? Ihnen fallen vielleicht ein paar R\u00e4ume ein, speziell wenn Sie unsere Rezensionen gelesen haben, wieviele dieser R\u00e4ume k\u00f6nnen allerdings behaupten so ber\u00fchmt wie Party Poker zu sein? Party ist eine der gr\u00f6\u00dften und aktivsten Online Poker Seiten weltweit!<\/p>\n<p>Nachdem Sie sich hier f\u00fcr Ihren Cashback Deal angemeldet haben, werden Sie Cashback verdienen indem Sie Party Poker Punkte sammeln. Diese Punkte werden auf monatlicher Basis kalkuliert und werden genauso verdient wie Loyalit\u00e4ts Bonus Punkte bei jedem Rakeback Poker Raum, durch Poker Spielen.<\/p>\n<p>Immer wenn Sie in einem Ring Game oder Cash Poker Game Karten ausgeteilt bekommen, verdienen Sie VIP Punkte. Ungl\u00fccklicherweise zahlt Party Poker auf Turnier Geb\u00fchren kein Geld-zur\u00fcck. Party Poker belohnt Sie mit Punkten basierend auf Ihrer VIP Stufe. Wenn Sie ein loyaler Party Poker Spieler sind, werden Sie den maximalen Cashback erhalten. Palladium Elite Mitglieder erhalten 30% Cash back bei Party w\u00e4hrend Bronze Mitglieder nur 5% erhalten.<\/p>\n<h2><strong>Party Poker Cash Back Pr\u00e4mien <\/strong><\/h2>\n<ul>\n<li>Bronze Mitglieder\u00a0 &#8211; 5% Party Poker Cash Back<\/li>\n<li>Silver Mitglieder\u00a0 \u2013 6.67% Party Poker Cash Back<\/li>\n<li>Gold Mitglieder \u2013 10% Party Poker Cash Back<\/li>\n<li>Palladium Mitglieder\u00a0\u00a0 \u2013 12-15% Party Poker Cash Back<\/li>\n<li>Palladium Elite Mitglieder\u00a0 \u2013 30% Party Poker Cash Back<\/li>\n<\/ul>\n<p>Ihnen ist vielleicht aufgefallen, dass wir gesagt haben Sie k\u00f6nnten bis zu 40% in Rakeback Ersatz bei <a href=\"http:\/\/www.partypokerrakeback.org\">Party Poker rakeback<\/a> erhalten aber das H\u00f6chste, was Sie vom Loyalit\u00e4tsprogramm verdienen k\u00f6nnen, ist 30%. Um diese extra 10% zu bekommen, tauschen Sie einfach Ihre Punkte gegen Cash Boni.<\/p>\n<p>F\u00fcr jede 400 Party Punkte, die Sie haben, k\u00f6nnen Sie $10 in Poker Chips kaufen. 100,000 Party Punkte w\u00fcrden Ihnen $15,000 kostenlos in Poker Chips einbringen!<\/p>\n<h2><strong>Party Poker Rakeback \u2013 <\/strong><strong>Konto Informationen<\/strong><strong> <\/strong><\/h2>\n<p>Um ein Auge auf Ihre Kontost\u00e4nde zu haben und Ihre VIP Punkte und VIP Status jederzeit zu pr\u00fcfen, \u00f6ffnen Sie einfach die Party Poker Lobby, alle Informationen sind von dort aus direkt verf\u00fcgbar.<\/p>\n<p>Zahlungen werden direkt auf Ihr Party Poker Konto durchgef\u00fchrt.<\/p>\n<h3><strong>Zahlen Sie Ihr Cashback Jeden Tag aus! <\/strong><\/h3>\n<p>Neue Party Poker Spieler, die sich heute f\u00fcr einen Cashback Deal bei Rake Monkey anmelden, k\u00f6nnen jeden Tag zu RakeMonkey.com zur\u00fcckkommen (sofort bookmarken!) und ihre Cashback Pr\u00e4mien auszahlen.<\/p>\n<h2><strong>Einzahlen bei Party Poker <\/strong><\/h2>\n<p>Party Poker akzeptiert alle g\u00e4ngigen Einzahlungsmethoden und einige neue Methoden, von denen ich vor dem Verfassen dieser Rezension noch nie geh\u00f6rt hatte. Party Poker Zahlungsmethoden sind:<\/p>\n<table border=\"1\" cellspacing=\"0\" cellpadding=\"0\" width=\"100%\">\n<tbody>\n<tr>\n<td width=\"33%\">Visa<\/td>\n<td width=\"33%\">Maestro<\/td>\n<td width=\"33%\">PaySafeCard<\/td>\n<\/tr>\n<tr>\n<td width=\"33%\">MasterCard<\/td>\n<td width=\"33%\">EntroPay<\/td>\n<td width=\"33%\">Ukash<\/td>\n<\/tr>\n<tr>\n<td width=\"33%\">Switch<\/td>\n<td width=\"33%\">NETeller<\/td>\n<td width=\"33%\">myCitadel<\/td>\n<\/tr>\n<tr>\n<td width=\"33%\">Solo<\/td>\n<td width=\"33%\">Click &amp; Buy<\/td>\n<td width=\"33%\">eWire<\/td>\n<\/tr>\n<tr>\n<td width=\"33%\">Laser<\/td>\n<td width=\"33%\">Click2Pay<\/td>\n<td width=\"33%\">Przleway24<\/td>\n<\/tr>\n<tr>\n<td width=\"33%\">Moneybookers<\/td>\n<td width=\"33%\">UseMyBank<\/td>\n<td width=\"33%\">EPS<\/td>\n<\/tr>\n<tr>\n<td width=\"33%\">WebMoney<\/td>\n<td width=\"33%\">Mister Cash<\/td>\n<td width=\"33%\">iDeal<\/td>\n<\/tr>\n<tr>\n<td width=\"33%\">GiroPay<\/td>\n<td width=\"33%\"><\/td>\n<td width=\"33%\">DirectPay24<\/td>\n<\/tr>\n<tr>\n<td width=\"33%\">POLi<\/td>\n<td width=\"33%\"><\/td>\n<td width=\"33%\">EC-ELV<\/td>\n<\/tr>\n<tr>\n<td width=\"33%\">Bank\u00fcberweisung<\/td>\n<td width=\"33%\"><\/td>\n<td width=\"33%\"><\/td>\n<\/tr>\n<\/tbody>\n<\/table>\n<h3><strong>T<\/strong><strong>urnier<\/strong><strong> Rakeback <\/strong><strong>bei<\/strong><strong> Party Poker<\/strong><\/h3>\n<p>Party Poker bietet kein Rakeback oder Cashback f\u00fcr Turnierspiel, was Multi Table Turniere, Sit n Goes, Heads up Turniere usw. beinhaltet..<\/p>\n<h3><strong>Party Poker Rakeback \u2013 Bonus <\/strong><strong>Abz\u00fcge<\/strong><\/h3>\n<p>Wenn Sie einen unserer fabelhaften Party Poker Boni in Anspruch nehmen, wird es Abz\u00fcge bei Ihren Cashback Pr\u00e4mien geben.<\/p>\n<h3><strong>Punkte Verdienen durch Raked Hands<\/strong><strong> <\/strong><\/h3>\n<p>Poker Spieler bei Party Poker verdienen bis zu zehn Punkte bei ungef\u00e4hr 6 Raked Hands. Das variiert nat\u00fcrlich abh\u00e4ngig vom Spiel und den Spiel Eins\u00e4tzen.<\/p>\n<p>Wenn der Spieler in den Mikro-Limit Levels spielen w\u00fcrde (wir empfehlen dies \u00fcbrigens nicht, fast unm\u00f6gliche eine Bankroll aufzubauen), m\u00fcsste der Spieler 700 H\u00e4nde mit maximalem Rake spielen um 10 Punkte zu verdienen.<\/p>\n<p>Wenn Sie allerdings an den g\u00e4ngigeren $2\/$4 Limit Tischen (sogar in Live Casinos sehr beliebt) spielen w\u00fcrden, m\u00fcssten Sie nur 18 H\u00e4nde spielen um 10 VIP Punkte zu verdienen.<\/p>\n<h2><strong>Aufsteigen in der VIP Leiter<\/strong><\/h2>\n<p>Jeder brandneue Spieler bei Party Poker beginnt im Bronze Level und ist daher von Beginn an f\u00fcr 5% Cashback berechtigt. Danach sind folgende Punkte notwendig um in h\u00f6here Levels aufzusteigen:<\/p>\n<ul>\n<li>Silver \u2013 400<\/li>\n<li>Gold \u2013 1,000<\/li>\n<li>Palladium \u2013 9,000<\/li>\n<li>Palladium Elite \u2013 50,000<\/li>\n<\/ul>\n<h2><strong>Party Poker Bonus <\/strong><\/h2>\n<p>Wenn Sie sich bei Party Poker zum ersten Mal als neuer Spieler anmelden und Ihre erste Echtgeld Einzahlung durchf\u00fchren, geben Sie UNSEREN BONUS CODE ein und Sie werden einen 100% bis zu $100 Willkommensbonus erhalten. Sie spielen diesen Bonus auf dieselbe Weise frei, auf die Sie Cashback verdienen, durch das Sammeln von Spieler Punkten und Sie haben 60 Tage Zeit den Bonus freizuspielen.<\/p>\n<p>Bei Party Poker Verf\u00fcgbare Poker Spiele<\/p>\n<p>Texas Holdem<br \/>\nOmaha<br \/>\nOmaha Hi-Lo<br \/>\n7 Card Stud<br \/>\n7 Card Hi Lo<\/p>\n<p>Eins\u00e4tze von $0.02\/$0.02 Mikro Limit Tischen bis $250\/$500.<\/p>\n<h3><strong>Turniere bei Party Poker <\/strong><\/h3>\n<p>Party Poker ist einer der \u00e4ltesten Online Poker R\u00e4ume, sie haben also Erfahrung, sie wissen was Spieler in einem Poker Raum m\u00f6chten. Sie bieten gro\u00dfe Freerolls, Neuspieler Freerolls f\u00fcr $500, $1500 Freerolls f\u00fcr jederman und Punkte Turniere f\u00fcr Einzahler.<\/p>\n<h3><strong>Extra Wert von Rake Monkey <\/strong><\/h3>\n<p>Unser Marketing Team hier bei Rake Monkey lebt davon f\u00fcr Sie zu verhandeln so dass Sie als Rake Monkey Spieler noch auf unsere exklusiven Party Poker Nebenleistungen berechtigt sind. Beispiele daf\u00fcr sind Zugang zu unserem exklusiven $5,000.00 Loose Change Freeroll jede Woche.<\/p>\n<p>Rake Monkey Spieler sind au\u00dferdem eingeladen an monatlichen Rake Chases teilzunehmen, wo bis zu $6000.00 zu gewinnen sind.<\/p>\n<h3><strong>Cash Turniere bei Party Poker<\/strong><\/h3>\n<p><strong> <\/strong>F\u00fcr die Multi-Table Turnier Spieler da drau\u00dfen bietet Party Poker eine riesige Auswahl an Turnieren inklusive eines w\u00f6chentlichen $300k garantiertem Preisgeld Turnier.<\/p>\n<p>Eine feine Sache am Turnier Spielen bei Party Poker ist, dass Sie niemals eine Geb\u00fchr h\u00f6her als $10 f\u00fcr ein Turnier zahlen werden m\u00fcssen.<\/p>\n","protected":false},"excerpt":{"rendered":"<p>Obwohl Party Poker in den Staaten\u00a0 nicht einmal verf\u00fcgbar ist, bleibt die Online Poker Seite eine der popul\u00e4rsten Seiten auf der ganzen Welt. Party Poker bietet neuen Spielern von Rake Monkey die M\u00f6glichkeit bis zu 40% Geld-zur\u00fcck zu erhalten. Wenn<a class=\"post-link\" href=\"https:\/\/www.rakemonkey.com\/de\/poker-reviews\/party-poker-vip-cashback\/\"> read more&#8230;<\/a><\/p>\n","protected":false},"author":9,"featured_media":0,"parent":105,"menu_order":0,"comment_status":"closed","ping_status":"open","template":"rm_review.php","meta":[],"acf":[],"yoast_head":"<!-- This site is optimized with the Yoast SEO plugin v19.6.1 - https:\/\/yoast.com\/wordpress\/plugins\/seo\/ -->\n<title>PartyPoker VIP Cashback - RakeMonkey.com<\/title>\n<meta name=\"robots\" content=\"index, follow, max-snippet:-1, max-image-preview:large, max-video-preview:-1\" \/>\n<link rel=\"canonical\" href=\"https:\/\/www.rakemonkey.com\/de\/poker-reviews\/party-poker-vip-cashback\/\" \/>\n<meta property=\"og:locale\" content=\"en_US\" \/>\n<meta property=\"og:type\" content=\"article\" \/>\n<meta property=\"og:title\" content=\"PartyPoker VIP Cashback - RakeMonkey.com\" \/>\n<meta property=\"og:description\" content=\"Obwohl Party Poker in den Staaten\u00a0 nicht einmal verf\u00fcgbar ist, bleibt die Online Poker Seite eine der popul\u00e4rsten Seiten auf der ganzen Welt. Party Poker bietet neuen Spielern von Rake Monkey die M\u00f6glichkeit bis zu 40% Geld-zur\u00fcck zu erhalten. Wenn read more...\" \/>\n<meta property=\"og:url\" content=\"https:\/\/www.rakemonkey.com\/de\/poker-reviews\/party-poker-vip-cashback\/\" \/>\n<meta property=\"og:site_name\" content=\"RakeMonkey.com\" \/>\n<meta name=\"twitter:card\" content=\"summary\" \/>\n<meta name=\"twitter:label1\" content=\"Est. reading time\" \/>\n\t<meta name=\"twitter:data1\" content=\"5 minutes\" \/>\n<script type=\"application\/ld+json\" class=\"yoast-schema-graph\">{\"@context\":\"https:\/\/schema.org\",\"@graph\":[{\"@type\":\"WebPage\",\"@id\":\"https:\/\/www.rakemonkey.com\/de\/poker-reviews\/party-poker-vip-cashback\/\",\"url\":\"https:\/\/www.rakemonkey.com\/de\/poker-reviews\/party-poker-vip-cashback\/\",\"name\":\"PartyPoker VIP Cashback - RakeMonkey.com\",\"isPartOf\":{\"@id\":\"https:\/\/www.rakemonkey.com\/de\/#website\"},\"datePublished\":\"2010-02-24T11:25:44+00:00\",\"dateModified\":\"2010-02-24T11:25:44+00:00\",\"breadcrumb\":{\"@id\":\"https:\/\/www.rakemonkey.com\/de\/poker-reviews\/party-poker-vip-cashback\/#breadcrumb\"},\"inLanguage\":\"en-US\",\"potentialAction\":[{\"@type\":\"ReadAction\",\"target\":[\"https:\/\/www.rakemonkey.com\/de\/poker-reviews\/party-poker-vip-cashback\/\"]}]},{\"@type\":\"BreadcrumbList\",\"@id\":\"https:\/\/www.rakemonkey.com\/de\/poker-reviews\/party-poker-vip-cashback\/#breadcrumb\",\"itemListElement\":[{\"@type\":\"ListItem\",\"position\":1,\"name\":\"Home\",\"item\":\"https:\/\/www.rakemonkey.com\/de\/\"},{\"@type\":\"ListItem\",\"position\":2,\"name\":\"Rezensionen\",\"item\":\"https:\/\/www.rakemonkey.com\/de\/poker-reviews\/\"},{\"@type\":\"ListItem\",\"position\":3,\"name\":\"PartyPoker VIP Cashback\"}]},{\"@type\":\"WebSite\",\"@id\":\"https:\/\/www.rakemonkey.com\/de\/#website\",\"url\":\"https:\/\/www.rakemonkey.com\/de\/\",\"name\":\"RakeMonkey.com\",\"description\":\"\",\"potentialAction\":[{\"@type\":\"SearchAction\",\"target\":{\"@type\":\"EntryPoint\",\"urlTemplate\":\"https:\/\/www.rakemonkey.com\/de\/?s={search_term_string}\"},\"query-input\":\"required name=search_term_string\"}],\"inLanguage\":\"en-US\"}]}<\/script>\n<!-- \/ Yoast SEO plugin. -->","yoast_head_json":{"title":"PartyPoker VIP Cashback - RakeMonkey.com","robots":{"index":"index","follow":"follow","max-snippet":"max-snippet:-1","max-image-preview":"max-image-preview:large","max-video-preview":"max-video-preview:-1"},"canonical":"https:\/\/www.rakemonkey.com\/de\/poker-reviews\/party-poker-vip-cashback\/","og_locale":"en_US","og_type":"article","og_title":"PartyPoker VIP Cashback - RakeMonkey.com","og_description":"Obwohl Party Poker in den Staaten\u00a0 nicht einmal verf\u00fcgbar ist, bleibt die Online Poker Seite eine der popul\u00e4rsten Seiten auf der ganzen Welt. Party Poker bietet neuen Spielern von Rake Monkey die M\u00f6glichkeit bis zu 40% Geld-zur\u00fcck zu erhalten. Wenn read more...","og_url":"https:\/\/www.rakemonkey.com\/de\/poker-reviews\/party-poker-vip-cashback\/","og_site_name":"RakeMonkey.com","twitter_card":"summary","twitter_misc":{"Est. reading time":"5 minutes"},"schema":{"@context":"https:\/\/schema.org","@graph":[{"@type":"WebPage","@id":"https:\/\/www.rakemonkey.com\/de\/poker-reviews\/party-poker-vip-cashback\/","url":"https:\/\/www.rakemonkey.com\/de\/poker-reviews\/party-poker-vip-cashback\/","name":"PartyPoker VIP Cashback - RakeMonkey.com","isPartOf":{"@id":"https:\/\/www.rakemonkey.com\/de\/#website"},"datePublished":"2010-02-24T11:25:44+00:00","dateModified":"2010-02-24T11:25:44+00:00","breadcrumb":{"@id":"https:\/\/www.rakemonkey.com\/de\/poker-reviews\/party-poker-vip-cashback\/#breadcrumb"},"inLanguage":"en-US","potentialAction":[{"@type":"ReadAction","target":["https:\/\/www.rakemonkey.com\/de\/poker-reviews\/party-poker-vip-cashback\/"]}]},{"@type":"BreadcrumbList","@id":"https:\/\/www.rakemonkey.com\/de\/poker-reviews\/party-poker-vip-cashback\/#breadcrumb","itemListElement":[{"@type":"ListItem","position":1,"name":"Home","item":"https:\/\/www.rakemonkey.com\/de\/"},{"@type":"ListItem","position":2,"name":"Rezensionen","item":"https:\/\/www.rakemonkey.com\/de\/poker-reviews\/"},{"@type":"ListItem","position":3,"name":"PartyPoker VIP Cashback"}]},{"@type":"WebSite","@id":"https:\/\/www.rakemonkey.com\/de\/#website","url":"https:\/\/www.rakemonkey.com\/de\/","name":"RakeMonkey.com","description":"","potentialAction":[{"@type":"SearchAction","target":{"@type":"EntryPoint","urlTemplate":"https:\/\/www.rakemonkey.com\/de\/?s={search_term_string}"},"query-input":"required name=search_term_string"}],"inLanguage":"en-US"}]}},"_links":{"self":[{"href":"https:\/\/www.rakemonkey.com\/de\/wp-json\/wp\/v2\/pages\/53"}],"collection":[{"href":"https:\/\/www.rakemonkey.com\/de\/wp-json\/wp\/v2\/pages"}],"about":[{"href":"https:\/\/www.rakemonkey.com\/de\/wp-json\/wp\/v2\/types\/page"}],"author":[{"embeddable":true,"href":"https:\/\/www.rakemonkey.com\/de\/wp-json\/wp\/v2\/users\/9"}],"replies":[{"embeddable":true,"href":"https:\/\/www.rakemonkey.com\/de\/wp-json\/wp\/v2\/comments?post=53"}],"version-history":[{"count":0,"href":"https:\/\/www.rakemonkey.com\/de\/wp-json\/wp\/v2\/pages\/53\/revisions"}],"up":[{"embeddable":true,"href":"https:\/\/www.rakemonkey.com\/de\/wp-json\/wp\/v2\/pages\/105"}],"wp:attachment":[{"href":"https:\/\/www.rakemonkey.com\/de\/wp-json\/wp\/v2\/media?parent=53"}],"curies":[{"name":"wp","href":"https:\/\/api.w.org\/{rel}","templated":true}]}}