{"id":56,"date":"2010-02-24T11:33:52","date_gmt":"2010-02-24T11:33:52","guid":{"rendered":"http:\/\/www.rakemonkey.com\/de\/?page_id=56"},"modified":"2010-02-24T11:33:52","modified_gmt":"2010-02-24T11:33:52","slug":"sun-poker-rakeback","status":"publish","type":"page","link":"https:\/\/www.rakemonkey.com\/de\/poker-reviews\/sun-poker-rakeback\/","title":{"rendered":"Sun Poker Rakeback"},"content":{"rendered":"<p><strong>Sun Poker<\/strong> bietet Spielern eine gro\u00dfe Auswahl von Poker Spielen, eine fantastische Plattform, gro\u00dfartige Promotions und 30,000 Spieler zu Spitzenzeit mit denen man sich messen kann.<\/p>\n<p>Sun Poker bietet keinen Rakeback Deal mehr an und wie zuletzt auch viele andere Online Poker R\u00e4ume, setzt man stattdesse\u00a0 auf ein neues \u201cCashback\u201d Programm. Cashback Programme funktionieren sehr \u00e4hnlich wie Rakeback Programme, allerdings sind es mehrstufige Programme, die stark auf Spieler Loyalit\u00e4t und der Anzahl gespielter Spieler eines Spielers basieren.<\/p>\n<h2><strong>Sun Poker VIP Cashback Detaills <\/strong><\/h2>\n<p>Das Sun Poker Cashback VIP Programm ist sehr \u00e4hnlich wie Rakeback verdienen durch einen Standard Rakeback Deal hier bei Rake Monkey. Der Punkt, der das Cashback System wirklich von traditionellen Rakeback Programmen absetzt ist, dass das VIP Programm eine gro\u00dfe Rolle dabei spielt, wieviel Cashback man erh\u00e4lt.<\/p>\n<p>W\u00e4hrend Sie Echtgeld Cash Games oder Turniere (inklusive Sit n Go Turniere) spielen, verdienen Sie VIP Punkte, die bereits gegen Cash eingetauscht werden k\u00f6nnen. F\u00fcr jede 1000 VIP Punkte k\u00f6nnen Spieler einen $1 Poker Chip kaufen.<\/p>\n<p>Zus\u00e4tzlich zu dieser Pr\u00e4mie verdienen Spieler jetzt Prozents\u00e4tze von ihrem gesamten Rake. Jeder Spieler ist ein Miglied von einem der f\u00fcnf Loyalit\u00e4tsclubs bei Sun Poker, Mars, Earth, Venus, Mercury und nat\u00fcrlich Sun. Alle Spieler starten bei Mars und arbeiten sich hoch bis zur Sonne.<\/p>\n<p>Die Menge an Rakeback oder entschuldigen Sie mich, Cash back, die jeder Spieler abh\u00e4ngig von seinem Loyalit\u00e4tsprogramm Level verdienen wird, sehen Sie hier:<\/p>\n<ul>\n<li>Mars Level &#8211; 15%<\/li>\n<li>Earth Level &#8211; 22.5%<\/li>\n<li>Venus Level &#8211; 25%<\/li>\n<li>Mercury Level &#8211; 30%<\/li>\n<li>Sun Level &#8211; 45%<\/li>\n<\/ul>\n<p>Um vom Mars Level in die h\u00f6her zahlenden Levels zu kommen, m\u00fcssen Sie nur mehr Poker spielen (eine Qual, das wissen wir). Umso h\u00f6her Ihr Level bei Sun Poker ist, desto schneller verdienen Sie Punkte.<\/p>\n<p>Wenn Sie sich \u00fcber einen Link hier bei Rake Monkey anmelden, verdienen Sie nicht nur Cashback f\u00fcr jede Poker Hand, die Sie spielen, Sie sind auch berechtigt Freerolls zu spielen, die exklusiv f\u00fcr die anderen Mitglieder desselben Loyalit\u00e4tslevels verf\u00fcgbar sind, dem Sie angeh\u00f6ren.<\/p>\n<h2><strong>T\u00e4glich Auszahlen Wenn Sie sich Heute Anmelden! <\/strong><\/h2>\n<p>Wenn Sie sich hier bei Rake Monkey f\u00fcr einen Cashback Deal anmelden, werden Sie t\u00e4glich herkommen k\u00f6nnen wenn Sie m\u00f6chten und Ihren Rake von Sun Poker auszahlen.<\/p>\n<p><strong> <\/strong><\/p>\n<h2><strong>Sun Poker Bonus <\/strong><\/h2>\n<p>Wenn Sie gerade ein neues Sun Poker Konto er\u00f6ffnen, wird Sun Poker Ihnen bis zu $500 in kostenlosen Poker Chips geben und Ihre Einzahlung zu 100% verdoppeln. Der Bonus muss allerdings freigespielt werden, Sie k\u00f6nnen also nicht einfach $500 einzahlen und wenige Minuten sp\u00e4ter $1000 auszahlen.<\/p>\n<p>Bei Sun Poker wird das Geld in $1 Schritten auf Ihr Spieler Konto gutgeschrieben, sobald Sie 1000 Punkte verdienen, spielen Sie $1 frei. Sie haben drei Monate lang Zeit die Boni zu erspielen, nach Ablauf der drei Monate verf\u00e4llt der Bonus.<\/p>\n<p><strong><br \/>\n<\/strong><\/p>\n<h2><strong> Sun Poker Einzahlungsoptionen <\/strong><\/h2>\n<p>Kontoer\u00f6ffnung und Einzahlung bei Sun Poker ist kinderleicht. Sun Poker hat folgende Zahlungsmethoden f\u00fcr Sie zur Auswahl:<\/p>\n<ul>\n<li>Visa<\/li>\n<li>MasterCard<\/li>\n<li>MoneyBookers<\/li>\n<li>NETeller<\/li>\n<li>UKash<\/li>\n<li>Entropay<\/li>\n<li>Click2Pay<\/li>\n<li>PaySafeCard<\/li>\n<li>Bank\u00fcberweisung<\/li>\n<li>Delta<\/li>\n<\/ul>\n","protected":false},"excerpt":{"rendered":"<p>Sun Poker bietet Spielern eine gro\u00dfe Auswahl von Poker Spielen, eine fantastische Plattform, gro\u00dfartige Promotions und 30,000 Spieler zu Spitzenzeit mit denen man sich messen kann. Sun Poker bietet keinen Rakeback Deal mehr an und wie zuletzt auch viele andere<a class=\"post-link\" href=\"https:\/\/www.rakemonkey.com\/de\/poker-reviews\/sun-poker-rakeback\/\"> read more&#8230;<\/a><\/p>\n","protected":false},"author":9,"featured_media":0,"parent":105,"menu_order":0,"comment_status":"closed","ping_status":"open","template":"rm_review.php","meta":[],"acf":[],"yoast_head":"<!-- This site is optimized with the Yoast SEO plugin v19.6.1 - https:\/\/yoast.com\/wordpress\/plugins\/seo\/ -->\n<title>Sun Poker Rakeback - RakeMonkey.com<\/title>\n<meta name=\"robots\" content=\"index, follow, max-snippet:-1, max-image-preview:large, max-video-preview:-1\" \/>\n<link rel=\"canonical\" href=\"https:\/\/www.rakemonkey.com\/de\/poker-reviews\/sun-poker-rakeback\/\" \/>\n<meta property=\"og:locale\" content=\"en_US\" \/>\n<meta property=\"og:type\" content=\"article\" \/>\n<meta property=\"og:title\" content=\"Sun Poker Rakeback - RakeMonkey.com\" \/>\n<meta property=\"og:description\" content=\"Sun Poker bietet Spielern eine gro\u00dfe Auswahl von Poker Spielen, eine fantastische Plattform, gro\u00dfartige Promotions und 30,000 Spieler zu Spitzenzeit mit denen man sich messen kann. Sun Poker bietet keinen Rakeback Deal mehr an und wie zuletzt auch viele andere read more...\" \/>\n<meta property=\"og:url\" content=\"https:\/\/www.rakemonkey.com\/de\/poker-reviews\/sun-poker-rakeback\/\" \/>\n<meta property=\"og:site_name\" content=\"RakeMonkey.com\" \/>\n<meta name=\"twitter:card\" content=\"summary\" \/>\n<meta name=\"twitter:label1\" content=\"Est. reading time\" \/>\n\t<meta name=\"twitter:data1\" content=\"3 minutes\" \/>\n<script type=\"application\/ld+json\" class=\"yoast-schema-graph\">{\"@context\":\"https:\/\/schema.org\",\"@graph\":[{\"@type\":\"WebPage\",\"@id\":\"https:\/\/www.rakemonkey.com\/de\/poker-reviews\/sun-poker-rakeback\/\",\"url\":\"https:\/\/www.rakemonkey.com\/de\/poker-reviews\/sun-poker-rakeback\/\",\"name\":\"Sun Poker Rakeback - RakeMonkey.com\",\"isPartOf\":{\"@id\":\"https:\/\/www.rakemonkey.com\/de\/#website\"},\"datePublished\":\"2010-02-24T11:33:52+00:00\",\"dateModified\":\"2010-02-24T11:33:52+00:00\",\"breadcrumb\":{\"@id\":\"https:\/\/www.rakemonkey.com\/de\/poker-reviews\/sun-poker-rakeback\/#breadcrumb\"},\"inLanguage\":\"en-US\",\"potentialAction\":[{\"@type\":\"ReadAction\",\"target\":[\"https:\/\/www.rakemonkey.com\/de\/poker-reviews\/sun-poker-rakeback\/\"]}]},{\"@type\":\"BreadcrumbList\",\"@id\":\"https:\/\/www.rakemonkey.com\/de\/poker-reviews\/sun-poker-rakeback\/#breadcrumb\",\"itemListElement\":[{\"@type\":\"ListItem\",\"position\":1,\"name\":\"Home\",\"item\":\"https:\/\/www.rakemonkey.com\/de\/\"},{\"@type\":\"ListItem\",\"position\":2,\"name\":\"Rezensionen\",\"item\":\"https:\/\/www.rakemonkey.com\/de\/poker-reviews\/\"},{\"@type\":\"ListItem\",\"position\":3,\"name\":\"Sun Poker Rakeback\"}]},{\"@type\":\"WebSite\",\"@id\":\"https:\/\/www.rakemonkey.com\/de\/#website\",\"url\":\"https:\/\/www.rakemonkey.com\/de\/\",\"name\":\"RakeMonkey.com\",\"description\":\"\",\"potentialAction\":[{\"@type\":\"SearchAction\",\"target\":{\"@type\":\"EntryPoint\",\"urlTemplate\":\"https:\/\/www.rakemonkey.com\/de\/?s={search_term_string}\"},\"query-input\":\"required name=search_term_string\"}],\"inLanguage\":\"en-US\"}]}<\/script>\n<!-- \/ Yoast SEO plugin. -->","yoast_head_json":{"title":"Sun Poker Rakeback - RakeMonkey.com","robots":{"index":"index","follow":"follow","max-snippet":"max-snippet:-1","max-image-preview":"max-image-preview:large","max-video-preview":"max-video-preview:-1"},"canonical":"https:\/\/www.rakemonkey.com\/de\/poker-reviews\/sun-poker-rakeback\/","og_locale":"en_US","og_type":"article","og_title":"Sun Poker Rakeback - RakeMonkey.com","og_description":"Sun Poker bietet Spielern eine gro\u00dfe Auswahl von Poker Spielen, eine fantastische Plattform, gro\u00dfartige Promotions und 30,000 Spieler zu Spitzenzeit mit denen man sich messen kann. Sun Poker bietet keinen Rakeback Deal mehr an und wie zuletzt auch viele andere read more...","og_url":"https:\/\/www.rakemonkey.com\/de\/poker-reviews\/sun-poker-rakeback\/","og_site_name":"RakeMonkey.com","twitter_card":"summary","twitter_misc":{"Est. reading time":"3 minutes"},"schema":{"@context":"https:\/\/schema.org","@graph":[{"@type":"WebPage","@id":"https:\/\/www.rakemonkey.com\/de\/poker-reviews\/sun-poker-rakeback\/","url":"https:\/\/www.rakemonkey.com\/de\/poker-reviews\/sun-poker-rakeback\/","name":"Sun Poker Rakeback - RakeMonkey.com","isPartOf":{"@id":"https:\/\/www.rakemonkey.com\/de\/#website"},"datePublished":"2010-02-24T11:33:52+00:00","dateModified":"2010-02-24T11:33:52+00:00","breadcrumb":{"@id":"https:\/\/www.rakemonkey.com\/de\/poker-reviews\/sun-poker-rakeback\/#breadcrumb"},"inLanguage":"en-US","potentialAction":[{"@type":"ReadAction","target":["https:\/\/www.rakemonkey.com\/de\/poker-reviews\/sun-poker-rakeback\/"]}]},{"@type":"BreadcrumbList","@id":"https:\/\/www.rakemonkey.com\/de\/poker-reviews\/sun-poker-rakeback\/#breadcrumb","itemListElement":[{"@type":"ListItem","position":1,"name":"Home","item":"https:\/\/www.rakemonkey.com\/de\/"},{"@type":"ListItem","position":2,"name":"Rezensionen","item":"https:\/\/www.rakemonkey.com\/de\/poker-reviews\/"},{"@type":"ListItem","position":3,"name":"Sun Poker Rakeback"}]},{"@type":"WebSite","@id":"https:\/\/www.rakemonkey.com\/de\/#website","url":"https:\/\/www.rakemonkey.com\/de\/","name":"RakeMonkey.com","description":"","potentialAction":[{"@type":"SearchAction","target":{"@type":"EntryPoint","urlTemplate":"https:\/\/www.rakemonkey.com\/de\/?s={search_term_string}"},"query-input":"required name=search_term_string"}],"inLanguage":"en-US"}]}},"_links":{"self":[{"href":"https:\/\/www.rakemonkey.com\/de\/wp-json\/wp\/v2\/pages\/56"}],"collection":[{"href":"https:\/\/www.rakemonkey.com\/de\/wp-json\/wp\/v2\/pages"}],"about":[{"href":"https:\/\/www.rakemonkey.com\/de\/wp-json\/wp\/v2\/types\/page"}],"author":[{"embeddable":true,"href":"https:\/\/www.rakemonkey.com\/de\/wp-json\/wp\/v2\/users\/9"}],"replies":[{"embeddable":true,"href":"https:\/\/www.rakemonkey.com\/de\/wp-json\/wp\/v2\/comments?post=56"}],"version-history":[{"count":0,"href":"https:\/\/www.rakemonkey.com\/de\/wp-json\/wp\/v2\/pages\/56\/revisions"}],"up":[{"embeddable":true,"href":"https:\/\/www.rakemonkey.com\/de\/wp-json\/wp\/v2\/pages\/105"}],"wp:attachment":[{"href":"https:\/\/www.rakemonkey.com\/de\/wp-json\/wp\/v2\/media?parent=56"}],"curies":[{"name":"wp","href":"https:\/\/api.w.org\/{rel}","templated":true}]}}