{"id":58,"date":"2010-02-24T11:39:02","date_gmt":"2010-02-24T11:39:02","guid":{"rendered":"http:\/\/www.rakemonkey.com\/de\/?page_id=58"},"modified":"2010-02-24T11:39:02","modified_gmt":"2010-02-24T11:39:02","slug":"bodog-vip-cashback","status":"publish","type":"page","link":"https:\/\/www.rakemonkey.com\/de\/poker-reviews\/bodog-vip-cashback\/","title":{"rendered":"Bodog VIP Cashback"},"content":{"rendered":"<p><strong>Bodog Poker<\/strong> geh\u00f6rt zu einem der \u00e4ltesten Online Gaming Unternehmen im Internet, das seit 1994 im Gesch\u00e4ft \u00a0ist. Der Bodog Poker Online Poker Raum ist von Anfang an ein eigenst\u00e4ndiger Poker Raum und geh\u00f6rt keinem Poker Netzwerk an. Das Turnier Angebot und die Spielauswahl bei Bodog Poker ist gut.<\/p>\n<p>Werbetechnisch gesprochen kann man sagen, dass vieles geboten wird um neue Spieler anzulocken und alte Mitglieder loyal zu halten. Neue Mitglieder erhalten einen 110% bis zu $500 Willkommensbonus wobei die ersten 10% schon im Vorraus gutgeschrieben werden.<\/p>\n<p>\u00dcber diese Webseite k\u00f6nnen Sie auch einen fantastischen Rake Rabatt Deal von Bodog Poker erhalten.<\/p>\n<h2><strong>Bodog Poker Rakeback Detaills<\/strong><\/h2>\n<p>Fangen wir damit an zu sagen, dass es kein traditionellen Bodog Rakeback gibt. Der Deal, den wir mit dem Online Poker Raum ausgehandelt haben verpflichtet uns, dies klar und deutlich zu erw\u00e4hnen \u2013 Es handelt sich laut Definitiv nicht um einen Bodog Rakeback Deal. Also, lassen Sie uns erkl\u00e4ren wie das Bodog Rake Rabatt Programm funktioniert weil es mindestens genauso, wenn nicht sogar lohnender als Rakeback ist.<\/p>\n<p>Bodog vergibt immer wenn Sie in Ring Games und Turnieren um echtes Geld spielen, Poker Punkte. Diese Punkte werden auf den selben Richtlinien wie Rakeback vergeben. Aber anstatt direktes Rakeback bei Bodog zu bekommen, k\u00f6nnen Spieler die Punkte gegen Cash eintauschen.<\/p>\n<h2><strong>Bodog Rakeback Punkte<\/strong><\/h2>\n<p>Unsere Spieler werden von Bodog Poker jedes Mal, wenn Sie an einem Ring Game teilnehmen, Poker Punkte verdienen. Die verdienten Punkte h\u00e4ngen von der H\u00f6he des Rake ab, variabel von 0.1 bis 1 Punkt pro Hand, basierend auf folgender Struktur:<\/p>\n<p>Rake\u00a0\u00a0\u00a0 \u00a0\u00a0\u00a0 | Punkte<br \/>\n$0.5 &#8211; $0.20\u00a0\u00a0\u00a0 | 0.1<br \/>\n$0.25 &#8211; $0.45\u00a0\u00a0\u00a0 | 0.25<br \/>\n$0.50 &#8211; $0.95\u00a0\u00a0\u00a0 | 0.5<br \/>\n$1.00 &#8211; $3.00\u00a0\u00a0\u00a0 | 1<\/p>\n<p>Genau wie Standard Turnier Rakeback, vergibt Bodog Poker dieselben Punkte immer wenn Sie eine Turniergeb\u00fchr zahlen. Jeder $1 an Turniergeb\u00fchren gibt dem Spieler 3 Poker Punkte.<\/p>\n<p>Die Umwandlungsrate von Punkten zu Cash ist $5 f\u00fcr jede 500 Punkte. Das ist die Mindestanzahl von Punkten, die auf einmal umgewandelt werden kann. Die maximale Umwandlung in einer 30 Tage Periode ist 25,000 Punkte im Wert von $2,500.<\/p>\n<p>Wie Sie sehen k\u00f6nnen, kann Bodog Poker unsere Spieler mit einem sehr vergleichbaren und lohnenswerten Programm belohnen, das wie ein traditioneller Online Poker Rakeback Deal ist \u2013 selbst wenn wir es nicht wirklich Bodog Rakeback nennen k\u00f6nnen \ud83d\ude42<\/p>\n<h2><strong>Bodog Poker Bonus &amp; Abz\u00fcge<\/strong><\/h2>\n<p>Bodog Poker hat einen der besseren Willkommensboni, der neuen Spielern 110% bis zu $500 in kostenlosen Poker Chips zahlt. Der interessante Teil sind die extra 10% zum Typischen 100%. Bodog Poker gibt seinen neuen Spielern den ersten 10% des Bonus im Vorraus, sofort gutgeschrieben auf das Echtgeld Konto und zum Spielen an den Poker Tischen verf\u00fcgbar. Der Rest des Bonus muss wie gew\u00f6hnlich freigespielt werden.<\/p>\n<p>Bodog Poker zieht keine Boni vom MGR ab.<\/p>\n<h2><strong>Bodog Poker Einzahlungen<\/strong><\/h2>\n<p>Bodog Poker akzeptiert nicht viele Zahlungsmethoden.<\/p>\n<p>Zahlungsmethoden: E-Checks, Visa, MasterCard und eWalletXpress.<\/p>\n","protected":false},"excerpt":{"rendered":"<p>Bodog Poker geh\u00f6rt zu einem der \u00e4ltesten Online Gaming Unternehmen im Internet, das seit 1994 im Gesch\u00e4ft \u00a0ist. Der Bodog Poker Online Poker Raum ist von Anfang an ein eigenst\u00e4ndiger Poker Raum und geh\u00f6rt keinem Poker Netzwerk an. Das Turnier<a class=\"post-link\" href=\"https:\/\/www.rakemonkey.com\/de\/poker-reviews\/bodog-vip-cashback\/\"> read more&#8230;<\/a><\/p>\n","protected":false},"author":9,"featured_media":0,"parent":105,"menu_order":0,"comment_status":"closed","ping_status":"open","template":"rm_review.php","meta":[],"acf":[],"yoast_head":"<!-- This site is optimized with the Yoast SEO plugin v19.6.1 - https:\/\/yoast.com\/wordpress\/plugins\/seo\/ -->\n<title>Bodog VIP Cashback - RakeMonkey.com<\/title>\n<meta name=\"robots\" content=\"index, follow, max-snippet:-1, max-image-preview:large, max-video-preview:-1\" \/>\n<link rel=\"canonical\" href=\"https:\/\/www.rakemonkey.com\/de\/poker-reviews\/bodog-vip-cashback\/\" \/>\n<meta property=\"og:locale\" content=\"en_US\" \/>\n<meta property=\"og:type\" content=\"article\" \/>\n<meta property=\"og:title\" content=\"Bodog VIP Cashback - RakeMonkey.com\" \/>\n<meta property=\"og:description\" content=\"Bodog Poker geh\u00f6rt zu einem der \u00e4ltesten Online Gaming Unternehmen im Internet, das seit 1994 im Gesch\u00e4ft \u00a0ist. Der Bodog Poker Online Poker Raum ist von Anfang an ein eigenst\u00e4ndiger Poker Raum und geh\u00f6rt keinem Poker Netzwerk an. Das Turnier read more...\" \/>\n<meta property=\"og:url\" content=\"https:\/\/www.rakemonkey.com\/de\/poker-reviews\/bodog-vip-cashback\/\" \/>\n<meta property=\"og:site_name\" content=\"RakeMonkey.com\" \/>\n<meta name=\"twitter:card\" content=\"summary\" \/>\n<meta name=\"twitter:label1\" content=\"Est. reading time\" \/>\n\t<meta name=\"twitter:data1\" content=\"2 minutes\" \/>\n<script type=\"application\/ld+json\" class=\"yoast-schema-graph\">{\"@context\":\"https:\/\/schema.org\",\"@graph\":[{\"@type\":\"WebPage\",\"@id\":\"https:\/\/www.rakemonkey.com\/de\/poker-reviews\/bodog-vip-cashback\/\",\"url\":\"https:\/\/www.rakemonkey.com\/de\/poker-reviews\/bodog-vip-cashback\/\",\"name\":\"Bodog VIP Cashback - RakeMonkey.com\",\"isPartOf\":{\"@id\":\"https:\/\/www.rakemonkey.com\/de\/#website\"},\"datePublished\":\"2010-02-24T11:39:02+00:00\",\"dateModified\":\"2010-02-24T11:39:02+00:00\",\"breadcrumb\":{\"@id\":\"https:\/\/www.rakemonkey.com\/de\/poker-reviews\/bodog-vip-cashback\/#breadcrumb\"},\"inLanguage\":\"en-US\",\"potentialAction\":[{\"@type\":\"ReadAction\",\"target\":[\"https:\/\/www.rakemonkey.com\/de\/poker-reviews\/bodog-vip-cashback\/\"]}]},{\"@type\":\"BreadcrumbList\",\"@id\":\"https:\/\/www.rakemonkey.com\/de\/poker-reviews\/bodog-vip-cashback\/#breadcrumb\",\"itemListElement\":[{\"@type\":\"ListItem\",\"position\":1,\"name\":\"Home\",\"item\":\"https:\/\/www.rakemonkey.com\/de\/\"},{\"@type\":\"ListItem\",\"position\":2,\"name\":\"Rezensionen\",\"item\":\"https:\/\/www.rakemonkey.com\/de\/poker-reviews\/\"},{\"@type\":\"ListItem\",\"position\":3,\"name\":\"Bodog VIP Cashback\"}]},{\"@type\":\"WebSite\",\"@id\":\"https:\/\/www.rakemonkey.com\/de\/#website\",\"url\":\"https:\/\/www.rakemonkey.com\/de\/\",\"name\":\"RakeMonkey.com\",\"description\":\"\",\"potentialAction\":[{\"@type\":\"SearchAction\",\"target\":{\"@type\":\"EntryPoint\",\"urlTemplate\":\"https:\/\/www.rakemonkey.com\/de\/?s={search_term_string}\"},\"query-input\":\"required name=search_term_string\"}],\"inLanguage\":\"en-US\"}]}<\/script>\n<!-- \/ Yoast SEO plugin. -->","yoast_head_json":{"title":"Bodog VIP Cashback - RakeMonkey.com","robots":{"index":"index","follow":"follow","max-snippet":"max-snippet:-1","max-image-preview":"max-image-preview:large","max-video-preview":"max-video-preview:-1"},"canonical":"https:\/\/www.rakemonkey.com\/de\/poker-reviews\/bodog-vip-cashback\/","og_locale":"en_US","og_type":"article","og_title":"Bodog VIP Cashback - RakeMonkey.com","og_description":"Bodog Poker geh\u00f6rt zu einem der \u00e4ltesten Online Gaming Unternehmen im Internet, das seit 1994 im Gesch\u00e4ft \u00a0ist. Der Bodog Poker Online Poker Raum ist von Anfang an ein eigenst\u00e4ndiger Poker Raum und geh\u00f6rt keinem Poker Netzwerk an. Das Turnier read more...","og_url":"https:\/\/www.rakemonkey.com\/de\/poker-reviews\/bodog-vip-cashback\/","og_site_name":"RakeMonkey.com","twitter_card":"summary","twitter_misc":{"Est. reading time":"2 minutes"},"schema":{"@context":"https:\/\/schema.org","@graph":[{"@type":"WebPage","@id":"https:\/\/www.rakemonkey.com\/de\/poker-reviews\/bodog-vip-cashback\/","url":"https:\/\/www.rakemonkey.com\/de\/poker-reviews\/bodog-vip-cashback\/","name":"Bodog VIP Cashback - RakeMonkey.com","isPartOf":{"@id":"https:\/\/www.rakemonkey.com\/de\/#website"},"datePublished":"2010-02-24T11:39:02+00:00","dateModified":"2010-02-24T11:39:02+00:00","breadcrumb":{"@id":"https:\/\/www.rakemonkey.com\/de\/poker-reviews\/bodog-vip-cashback\/#breadcrumb"},"inLanguage":"en-US","potentialAction":[{"@type":"ReadAction","target":["https:\/\/www.rakemonkey.com\/de\/poker-reviews\/bodog-vip-cashback\/"]}]},{"@type":"BreadcrumbList","@id":"https:\/\/www.rakemonkey.com\/de\/poker-reviews\/bodog-vip-cashback\/#breadcrumb","itemListElement":[{"@type":"ListItem","position":1,"name":"Home","item":"https:\/\/www.rakemonkey.com\/de\/"},{"@type":"ListItem","position":2,"name":"Rezensionen","item":"https:\/\/www.rakemonkey.com\/de\/poker-reviews\/"},{"@type":"ListItem","position":3,"name":"Bodog VIP Cashback"}]},{"@type":"WebSite","@id":"https:\/\/www.rakemonkey.com\/de\/#website","url":"https:\/\/www.rakemonkey.com\/de\/","name":"RakeMonkey.com","description":"","potentialAction":[{"@type":"SearchAction","target":{"@type":"EntryPoint","urlTemplate":"https:\/\/www.rakemonkey.com\/de\/?s={search_term_string}"},"query-input":"required name=search_term_string"}],"inLanguage":"en-US"}]}},"_links":{"self":[{"href":"https:\/\/www.rakemonkey.com\/de\/wp-json\/wp\/v2\/pages\/58"}],"collection":[{"href":"https:\/\/www.rakemonkey.com\/de\/wp-json\/wp\/v2\/pages"}],"about":[{"href":"https:\/\/www.rakemonkey.com\/de\/wp-json\/wp\/v2\/types\/page"}],"author":[{"embeddable":true,"href":"https:\/\/www.rakemonkey.com\/de\/wp-json\/wp\/v2\/users\/9"}],"replies":[{"embeddable":true,"href":"https:\/\/www.rakemonkey.com\/de\/wp-json\/wp\/v2\/comments?post=58"}],"version-history":[{"count":0,"href":"https:\/\/www.rakemonkey.com\/de\/wp-json\/wp\/v2\/pages\/58\/revisions"}],"up":[{"embeddable":true,"href":"https:\/\/www.rakemonkey.com\/de\/wp-json\/wp\/v2\/pages\/105"}],"wp:attachment":[{"href":"https:\/\/www.rakemonkey.com\/de\/wp-json\/wp\/v2\/media?parent=58"}],"curies":[{"name":"wp","href":"https:\/\/api.w.org\/{rel}","templated":true}]}}