{"id":6,"date":"2010-02-20T09:52:34","date_gmt":"2010-02-20T09:52:34","guid":{"rendered":"http:\/\/www.rakemonkey.com\/de\/?page_id=6"},"modified":"2010-02-20T09:52:34","modified_gmt":"2010-02-20T09:52:34","slug":"ultimate-bet-rakeback","status":"publish","type":"page","link":"https:\/\/www.rakemonkey.com\/de\/poker-reviews\/ultimate-bet-rakeback\/","title":{"rendered":"Ultimate Bet Rakeback"},"content":{"rendered":"<p>Sobald Sie die Software heruntergeladen und Ihr Konto er\u00f6ffnet haben, f\u00fcllen Sie bitte das obere Anmeldeformular aus. Tragen Sie einfach Ihren verwendeten Benutzernamen und Email Adresse ein und wir sorgen daf\u00fcr, dass Ihr Rakeback best\u00e4tigt und bereit ist!<\/p>\n<p><strong>Ultimate Bet<\/strong> ist schon immer ein sehr bekannter Name unter Online Poker Spielern gewesen und wird von Top Poker Profis wie Annie Duke und Phil Helmuth repr\u00e4sentiert. Obwohl der Raum seine H\u00f6hen und Tiefen im Poker Blicklicht hatte.<\/p>\n<p>Die Poker Seite wurde 2008 ins Cereus Poker Netzwerk verschoben, was den bekannten US Spieler akzeptierenden Poker Raum fast an die Spitze des US Poker Marktes und des Rakeback Marktes katapultierte.<\/p>\n<h2>Ultimate Bet Poker Rakeback<\/h2>\n<p>Rake Monkey arbeitet Tag und Nacht um Ihnen den h\u00f6chsten Rakeback und die besten Deals auf dem Markt zu bieten und wir glauben, dass uns dies mit Ultimate Bet gut gelungen ist.<\/p>\n<p>Wenn Sie sich \u00fcber unsere Links bei Ultimate Bet anmelden und das kurze Rakeback Formular auf dieser Seite ausf\u00fcllen, werden Sie 30% Rakeback von Ultimate Bet erhalten.<\/p>\n<p>Diese 30% Rakeback werden anhand der <strong>Contributed Rakeback Methode<\/strong> Ihres MGR kalkuliert. Das bedeutet, dass Sie drei\u00dfig Prozent Ihres Rakes, den Sie generieren, erhalten.<\/p>\n<p>Zus\u00e4tzlich hat Ultimate Bet zugestimmt allen RakeMonkey Spielern einen Rabatt auf alle Turnier Geb\u00fchren zu geben. Wenn Sie also ein $75 Poker Turnier bei Ultimate Bet spielen und eine $7.50 Geb\u00fchr zahlen um teilzunehmen, erhalten Sie $2.50 von dieser Geb\u00fchr zur\u00fcck in Ihre Poker Bankroll.<\/p>\n<p>Ultimate Bet bietet RakeMonkey Rakeback Spielern auch noch ein paar andere Nebenleistungen. Sobald Sie sich \u00fcber RakeMonkey anmelden und Ihre Ersteinzahlung t\u00e4tigen, sind Sie zur Teilnahme am <strong><span style=\"text-decoration: underline\">21k Monthly Rake Chase<\/span><\/strong> bei UB berechtigt. Au\u00dferdem werden Sie auch berechtigt sein an exklusiven privaten Freerolls mit echten Preisgeldern teilzunehmen und Sie k\u00f6nnen Ihr Rakeback auszahlen wann immer Sie m\u00f6chten!<\/p>\n<h3>Ultimate Bet Rakeback Zahlungen<\/h3>\n<p>Ultimate Bet wird Ihre Rakeback Einnahmen jeden Monat ungef\u00e4hr zum 18. auf Ihr Konto \u00fcberweisen. Wenn Sie also im Juli $600 Rakeback verdient haben, sollten Sie dieses Geld am oder schon vor dem 18. August erhalten. Noch wichtiger aber ist, dass wenn Sie am 12. August eine hei\u00dfe Frau kennenlernen und sie ausf\u00fchren m\u00f6chten, Sie Ihren Rakeback jederzeit auszahlen k\u00f6nnen.<\/p>\n<h3>UltimateBet Rakeback Abz\u00fcge<\/h3>\n<p>Wir haben schon erw\u00e4hnt, dass jedes Rakeback Programme Vor- und Nachteile hat. Bei Ultimate Bet k\u00f6nnen Sie Ihr Rakeback auszahlen wann immer Sie es brauchen, allerdings berechnen sie einen kleinen Teil auf Boni.<\/p>\n<p>Wenn Sie sich hier anmelden um bei UB zu spielen, sind Sie auf<strong> 111% bis zu einem maximalen Bonus von $1,100<\/strong> berechtigt. Wenn Sie sich allerdings f\u00fcr Rakeback Zahlungen anmelden (und wer w\u00fcrde das nicht?), wird UB Ihnen 30% Ihres Rakes zahlen und Ihnen 25% Ihrer Boni berechnen.<\/p>\n<h3>UB Rake Plan<\/h3>\n<p>Ultimate Bet berechnet No Limit Poker Spielern den markt\u00fcblichen Standard Rake von 5% auf bis zu maximal $3 pro Pot.<\/p>\n<p>Allerdings gibt es noch etwas, das nicht jeder realisiert. Wenn Sie Fixed Limit Spiele in den h\u00f6heren Limits spielen, ist Ultimate Bet einer der wenigen Poker R\u00e4ume, die den Rake etwas anheben.<\/p>\n<p>Der Rake bei den $500\/$1,000+ Spielen kann maximal bis zu $4 anstatt $3 sein. Daf\u00fcr bieten viele der Mikro Spiele reduzierten Rake. Wenn Sie wissen m\u00f6chten, wieviel Rake Sie an den kleinen Tischen zahlen, schauen Sie sich den UB Rake Plan an.<\/p>\n<p>http:\/\/www.ultimatebet.com\/play-poker\/rake-schedule<\/p>\n<h2>Ultimate Bet Spielauswahl<\/h2>\n<p>Spielen Sie H.O.S.E, H.O.R.S.E, 7 Deuce Holdem sowie alle Standard Online Poker Spiele auf Ultimate Bet. Horse ist nat\u00fcrlich ein sehr beliebtes Spiel f\u00fcr Rakeback Spieler aufgrund der Mengen an Pots, denen Spieler beitragen wenn sie \u201cAntes\u201d zahlen. Neben HORSE bietet Ultimate Bet all die beliebtesten Poker Spiele wie Texas Holdem, Omaha und Omaha Hi-Lo.<\/p>\n<h2>Ultimate Bet Einzahlungsmethoden<\/h2>\n<p>Kreditkarten werden nat\u00fcrlich zum Einzahlen auf Online Poker Konten bei Ultimate Bet akzeptiert, inklusive; Visa, MasterCard, Visa Delta, Visa Electron, Maestro, Solo und Switch.<\/p>\n<p>Zus\u00e4tzlich sind Online Poker Wallets wie Ukash, Click2Pay, Clickand Buy, MoneyBookers, NETeller, PaySafeCard ebenfalls verf\u00fcgbare Einzahlungsmethoden.<\/p>\n<p>Ihre eigene Bank bietet Ihnen wahrscheinlich auch einige Einzahlungsoptionen in Form von Bank\u00fcberweisung und Scheck.<\/p>\n","protected":false},"excerpt":{"rendered":"<p>Sobald Sie die Software heruntergeladen und Ihr Konto er\u00f6ffnet haben, f\u00fcllen Sie bitte das obere Anmeldeformular aus. Tragen Sie einfach Ihren verwendeten Benutzernamen und Email Adresse ein und wir sorgen daf\u00fcr, dass Ihr Rakeback best\u00e4tigt und bereit ist! Ultimate Bet<a class=\"post-link\" href=\"https:\/\/www.rakemonkey.com\/de\/poker-reviews\/ultimate-bet-rakeback\/\"> read more&#8230;<\/a><\/p>\n","protected":false},"author":9,"featured_media":0,"parent":105,"menu_order":0,"comment_status":"closed","ping_status":"open","template":"rm_review.php","meta":[],"acf":[],"yoast_head":"<!-- This site is optimized with the Yoast SEO plugin v19.6.1 - https:\/\/yoast.com\/wordpress\/plugins\/seo\/ -->\n<title>Ultimate Bet Rakeback - RakeMonkey.com<\/title>\n<meta name=\"robots\" content=\"index, follow, max-snippet:-1, max-image-preview:large, max-video-preview:-1\" \/>\n<link rel=\"canonical\" href=\"https:\/\/www.rakemonkey.com\/de\/poker-reviews\/ultimate-bet-rakeback\/\" \/>\n<meta property=\"og:locale\" content=\"en_US\" \/>\n<meta property=\"og:type\" content=\"article\" \/>\n<meta property=\"og:title\" content=\"Ultimate Bet Rakeback - RakeMonkey.com\" \/>\n<meta property=\"og:description\" content=\"Sobald Sie die Software heruntergeladen und Ihr Konto er\u00f6ffnet haben, f\u00fcllen Sie bitte das obere Anmeldeformular aus. Tragen Sie einfach Ihren verwendeten Benutzernamen und Email Adresse ein und wir sorgen daf\u00fcr, dass Ihr Rakeback best\u00e4tigt und bereit ist! Ultimate Bet read more...\" \/>\n<meta property=\"og:url\" content=\"https:\/\/www.rakemonkey.com\/de\/poker-reviews\/ultimate-bet-rakeback\/\" \/>\n<meta property=\"og:site_name\" content=\"RakeMonkey.com\" \/>\n<meta name=\"twitter:card\" content=\"summary\" \/>\n<meta name=\"twitter:label1\" content=\"Est. reading time\" \/>\n\t<meta name=\"twitter:data1\" content=\"3 minutes\" \/>\n<script type=\"application\/ld+json\" class=\"yoast-schema-graph\">{\"@context\":\"https:\/\/schema.org\",\"@graph\":[{\"@type\":\"WebPage\",\"@id\":\"https:\/\/www.rakemonkey.com\/de\/poker-reviews\/ultimate-bet-rakeback\/\",\"url\":\"https:\/\/www.rakemonkey.com\/de\/poker-reviews\/ultimate-bet-rakeback\/\",\"name\":\"Ultimate Bet Rakeback - RakeMonkey.com\",\"isPartOf\":{\"@id\":\"https:\/\/www.rakemonkey.com\/de\/#website\"},\"datePublished\":\"2010-02-20T09:52:34+00:00\",\"dateModified\":\"2010-02-20T09:52:34+00:00\",\"breadcrumb\":{\"@id\":\"https:\/\/www.rakemonkey.com\/de\/poker-reviews\/ultimate-bet-rakeback\/#breadcrumb\"},\"inLanguage\":\"en-US\",\"potentialAction\":[{\"@type\":\"ReadAction\",\"target\":[\"https:\/\/www.rakemonkey.com\/de\/poker-reviews\/ultimate-bet-rakeback\/\"]}]},{\"@type\":\"BreadcrumbList\",\"@id\":\"https:\/\/www.rakemonkey.com\/de\/poker-reviews\/ultimate-bet-rakeback\/#breadcrumb\",\"itemListElement\":[{\"@type\":\"ListItem\",\"position\":1,\"name\":\"Home\",\"item\":\"https:\/\/www.rakemonkey.com\/de\/\"},{\"@type\":\"ListItem\",\"position\":2,\"name\":\"Rezensionen\",\"item\":\"https:\/\/www.rakemonkey.com\/de\/poker-reviews\/\"},{\"@type\":\"ListItem\",\"position\":3,\"name\":\"Ultimate Bet Rakeback\"}]},{\"@type\":\"WebSite\",\"@id\":\"https:\/\/www.rakemonkey.com\/de\/#website\",\"url\":\"https:\/\/www.rakemonkey.com\/de\/\",\"name\":\"RakeMonkey.com\",\"description\":\"\",\"potentialAction\":[{\"@type\":\"SearchAction\",\"target\":{\"@type\":\"EntryPoint\",\"urlTemplate\":\"https:\/\/www.rakemonkey.com\/de\/?s={search_term_string}\"},\"query-input\":\"required name=search_term_string\"}],\"inLanguage\":\"en-US\"}]}<\/script>\n<!-- \/ Yoast SEO plugin. -->","yoast_head_json":{"title":"Ultimate Bet Rakeback - RakeMonkey.com","robots":{"index":"index","follow":"follow","max-snippet":"max-snippet:-1","max-image-preview":"max-image-preview:large","max-video-preview":"max-video-preview:-1"},"canonical":"https:\/\/www.rakemonkey.com\/de\/poker-reviews\/ultimate-bet-rakeback\/","og_locale":"en_US","og_type":"article","og_title":"Ultimate Bet Rakeback - RakeMonkey.com","og_description":"Sobald Sie die Software heruntergeladen und Ihr Konto er\u00f6ffnet haben, f\u00fcllen Sie bitte das obere Anmeldeformular aus. Tragen Sie einfach Ihren verwendeten Benutzernamen und Email Adresse ein und wir sorgen daf\u00fcr, dass Ihr Rakeback best\u00e4tigt und bereit ist! Ultimate Bet read more...","og_url":"https:\/\/www.rakemonkey.com\/de\/poker-reviews\/ultimate-bet-rakeback\/","og_site_name":"RakeMonkey.com","twitter_card":"summary","twitter_misc":{"Est. reading time":"3 minutes"},"schema":{"@context":"https:\/\/schema.org","@graph":[{"@type":"WebPage","@id":"https:\/\/www.rakemonkey.com\/de\/poker-reviews\/ultimate-bet-rakeback\/","url":"https:\/\/www.rakemonkey.com\/de\/poker-reviews\/ultimate-bet-rakeback\/","name":"Ultimate Bet Rakeback - RakeMonkey.com","isPartOf":{"@id":"https:\/\/www.rakemonkey.com\/de\/#website"},"datePublished":"2010-02-20T09:52:34+00:00","dateModified":"2010-02-20T09:52:34+00:00","breadcrumb":{"@id":"https:\/\/www.rakemonkey.com\/de\/poker-reviews\/ultimate-bet-rakeback\/#breadcrumb"},"inLanguage":"en-US","potentialAction":[{"@type":"ReadAction","target":["https:\/\/www.rakemonkey.com\/de\/poker-reviews\/ultimate-bet-rakeback\/"]}]},{"@type":"BreadcrumbList","@id":"https:\/\/www.rakemonkey.com\/de\/poker-reviews\/ultimate-bet-rakeback\/#breadcrumb","itemListElement":[{"@type":"ListItem","position":1,"name":"Home","item":"https:\/\/www.rakemonkey.com\/de\/"},{"@type":"ListItem","position":2,"name":"Rezensionen","item":"https:\/\/www.rakemonkey.com\/de\/poker-reviews\/"},{"@type":"ListItem","position":3,"name":"Ultimate Bet Rakeback"}]},{"@type":"WebSite","@id":"https:\/\/www.rakemonkey.com\/de\/#website","url":"https:\/\/www.rakemonkey.com\/de\/","name":"RakeMonkey.com","description":"","potentialAction":[{"@type":"SearchAction","target":{"@type":"EntryPoint","urlTemplate":"https:\/\/www.rakemonkey.com\/de\/?s={search_term_string}"},"query-input":"required name=search_term_string"}],"inLanguage":"en-US"}]}},"_links":{"self":[{"href":"https:\/\/www.rakemonkey.com\/de\/wp-json\/wp\/v2\/pages\/6"}],"collection":[{"href":"https:\/\/www.rakemonkey.com\/de\/wp-json\/wp\/v2\/pages"}],"about":[{"href":"https:\/\/www.rakemonkey.com\/de\/wp-json\/wp\/v2\/types\/page"}],"author":[{"embeddable":true,"href":"https:\/\/www.rakemonkey.com\/de\/wp-json\/wp\/v2\/users\/9"}],"replies":[{"embeddable":true,"href":"https:\/\/www.rakemonkey.com\/de\/wp-json\/wp\/v2\/comments?post=6"}],"version-history":[{"count":0,"href":"https:\/\/www.rakemonkey.com\/de\/wp-json\/wp\/v2\/pages\/6\/revisions"}],"up":[{"embeddable":true,"href":"https:\/\/www.rakemonkey.com\/de\/wp-json\/wp\/v2\/pages\/105"}],"wp:attachment":[{"href":"https:\/\/www.rakemonkey.com\/de\/wp-json\/wp\/v2\/media?parent=6"}],"curies":[{"name":"wp","href":"https:\/\/api.w.org\/{rel}","templated":true}]}}