{"id":60,"date":"2010-02-24T11:43:32","date_gmt":"2010-02-24T11:43:32","guid":{"rendered":"http:\/\/www.rakemonkey.com\/de\/?page_id=60"},"modified":"2010-02-24T11:43:32","modified_gmt":"2010-02-24T11:43:32","slug":"betfair-poker-rakeback","status":"publish","type":"page","link":"https:\/\/www.rakemonkey.com\/de\/poker-reviews\/betfair-poker-rakeback\/","title":{"rendered":"Betfair Rakeback"},"content":{"rendered":"<p><strong>Betfair <\/strong>kam 1999 erstmals als Online Sportwetten Betreiber auf den Markt und expandierte schon bald um einen Online Poker Raum und Casino anzubieten. Betfair Poker setzt auf eine eigene Plattform um Spieler anzuwerben und hat entschieden, keinem anderen Netzwerk beizutreten.<\/p>\n<p>Einer der beliebtesten Online Gaming Dienstleister, Betfair Poker, hat f\u00fcr jeden etwas dabei \u2013 eine starke Software Plattform, lohnendes Turnierangebot, gute Spielauswahl und lukrative Promotions.<\/p>\n<p>Betfair Poker begr\u00fc\u00dft alle neuen Spieler mit einem Bonus von bis zu $500, unabh\u00e4ngig zur H\u00f6he der Ersteinzahlung des Spielers. Dieser atemberaubende Bonus ist soviel wert, wie der Spieler daraus macht. Umso ernsthafter Sie zu Ihrem Online Poker Spiel stehen, desto mehr k\u00f6nnen Sie erwarten zu verdienen.<\/p>\n<p>Wenn Sie sich bei Betfair Poker \u00fcber diese Web Seite anmelden, werden Sie nicht nur diesen exzellenten Willkommensbonus sondern auch einen Betfair Rakeback Deal im Wert von 30-40% Rakeback erhalten.<\/p>\n<h2><strong>Betfair Poker Rakeback Detaills<\/strong><\/h2>\n<p>Das Betfair Rakeback Programm ist einzigartig in der Hinsicht, dass alle Typen von Spielern belohnt werden, vom Hobby bis zum ambitionierteren Spieler. Aufgrund der Shared Rakeback Methode k\u00f6nnen Spieler zwischen 30-40% Betfair Poker Rakeback erhalten.<\/p>\n<p>Shared Rakeback ist heute eine der seltensten Formen von Rakeback. Wie bei Contributed Rakeback muss ein Spieler zum Pot beisteuern, allerdings spielt die H\u00f6he des Anteils keine Rolle. Die Kalkulation basiert auf den durchschnittlichen Anteil. Spieler verdienen dieselbe Menge an Rakeback, egal ob sie nur einen einzigen Poker Chip oder 50% all ihrer Chips in den Pot legen.<\/p>\n<p>Die Menge Betfair Poker Rakeback, die Sie verdienen, h\u00e4ngt von der Anzahl der Spieler Punkte ab, die Sie in einem Kalendermo. 30,000 oder mehr Punkte in einem Monat resultieren in 40% Betfair Rakeback.<\/p>\n<h2><strong>Betfair Poker Rakeback Zahlungen<\/strong><\/h2>\n<p>Typischerweise wird Betfair Poker Rakeback alle zwei Wochen gezahlt, jeweils am 1. und am 15. eines jeden Monats \u2013 Allerdings, sobald Sie sich hier bei RakeMonkey anmelden und einloggen, k\u00f6nnen Sie jederzeit t\u00e4glich auszahlen. Alle Zahlungen gehen direkt auf das Betfair Poker Konto ein.<\/p>\n<h2><strong>Betfair Poker Bonus &amp; Abz\u00fcge<\/strong><\/h2>\n<p>Wenn Sie Ihre erste Einzahlung bei Betfair Poker t\u00e4tigen, gibt es keinen bestimmten Prozentsatz f\u00fcr Ihren Willkommensbonus. Ob Sie $25 oder $250 einzahlen, Sie k\u00f6nnen bis zu $500 in kostenlosen Poker Chips verdienen. Die H\u00f6he Ihres Bonus basiert darauf, wieviele Punkte Sie \u00fcber die ersten 60 Tage sammeln.<\/p>\n<p>Wenn Sie 400 Punkte sammeln, verdienen Sie automatisch $10 des Bonus. Sammeln Sie weiterhin soviele Punkte Sie k\u00f6nnen, bis zu 20,000 um den h\u00f6chstm\u00f6glichen $500 Bonus zu verdienen.<\/p>\n<p>Betfair Poker wird Ihren Bonus vom MGR abziehen bevor Rakeback kalkuliert wird.<\/p>\n<h2><strong>Betfair Poker Einzahlungen<\/strong><\/h2>\n<p>Betfair Poker bietet eine gro\u00dfe Auswahl sicherer Zahlungsmethoden.<\/p>\n<p>Zahlungsmethoden: Visa, MasterCard, Visa Electron, Visa Delta, Maestro, Laser, Solo, EntroPay, NETeller, Moneybookers, PayPal, ClickandBuy, POLi, BPay, 8 Pay, Western Union, Bank\u00fcberweisung, Scheck.<\/p>\n","protected":false},"excerpt":{"rendered":"<p>Betfair kam 1999 erstmals als Online Sportwetten Betreiber auf den Markt und expandierte schon bald um einen Online Poker Raum und Casino anzubieten. Betfair Poker setzt auf eine eigene Plattform um Spieler anzuwerben und hat entschieden, keinem anderen Netzwerk beizutreten.<a class=\"post-link\" href=\"https:\/\/www.rakemonkey.com\/de\/poker-reviews\/betfair-poker-rakeback\/\"> read more&#8230;<\/a><\/p>\n","protected":false},"author":9,"featured_media":0,"parent":105,"menu_order":0,"comment_status":"closed","ping_status":"open","template":"rm_review.php","meta":[],"acf":[],"yoast_head":"<!-- This site is optimized with the Yoast SEO plugin v19.6.1 - https:\/\/yoast.com\/wordpress\/plugins\/seo\/ -->\n<title>Betfair Rakeback - RakeMonkey.com<\/title>\n<meta name=\"robots\" content=\"index, follow, max-snippet:-1, max-image-preview:large, max-video-preview:-1\" \/>\n<link rel=\"canonical\" href=\"https:\/\/www.rakemonkey.com\/de\/poker-reviews\/betfair-poker-rakeback\/\" \/>\n<meta property=\"og:locale\" content=\"en_US\" \/>\n<meta property=\"og:type\" content=\"article\" \/>\n<meta property=\"og:title\" content=\"Betfair Rakeback - RakeMonkey.com\" \/>\n<meta property=\"og:description\" content=\"Betfair kam 1999 erstmals als Online Sportwetten Betreiber auf den Markt und expandierte schon bald um einen Online Poker Raum und Casino anzubieten. Betfair Poker setzt auf eine eigene Plattform um Spieler anzuwerben und hat entschieden, keinem anderen Netzwerk beizutreten. read more...\" \/>\n<meta property=\"og:url\" content=\"https:\/\/www.rakemonkey.com\/de\/poker-reviews\/betfair-poker-rakeback\/\" \/>\n<meta property=\"og:site_name\" content=\"RakeMonkey.com\" \/>\n<meta name=\"twitter:card\" content=\"summary\" \/>\n<meta name=\"twitter:label1\" content=\"Est. reading time\" \/>\n\t<meta name=\"twitter:data1\" content=\"2 minutes\" \/>\n<script type=\"application\/ld+json\" class=\"yoast-schema-graph\">{\"@context\":\"https:\/\/schema.org\",\"@graph\":[{\"@type\":\"WebPage\",\"@id\":\"https:\/\/www.rakemonkey.com\/de\/poker-reviews\/betfair-poker-rakeback\/\",\"url\":\"https:\/\/www.rakemonkey.com\/de\/poker-reviews\/betfair-poker-rakeback\/\",\"name\":\"Betfair Rakeback - RakeMonkey.com\",\"isPartOf\":{\"@id\":\"https:\/\/www.rakemonkey.com\/de\/#website\"},\"datePublished\":\"2010-02-24T11:43:32+00:00\",\"dateModified\":\"2010-02-24T11:43:32+00:00\",\"breadcrumb\":{\"@id\":\"https:\/\/www.rakemonkey.com\/de\/poker-reviews\/betfair-poker-rakeback\/#breadcrumb\"},\"inLanguage\":\"en-US\",\"potentialAction\":[{\"@type\":\"ReadAction\",\"target\":[\"https:\/\/www.rakemonkey.com\/de\/poker-reviews\/betfair-poker-rakeback\/\"]}]},{\"@type\":\"BreadcrumbList\",\"@id\":\"https:\/\/www.rakemonkey.com\/de\/poker-reviews\/betfair-poker-rakeback\/#breadcrumb\",\"itemListElement\":[{\"@type\":\"ListItem\",\"position\":1,\"name\":\"Home\",\"item\":\"https:\/\/www.rakemonkey.com\/de\/\"},{\"@type\":\"ListItem\",\"position\":2,\"name\":\"Rezensionen\",\"item\":\"https:\/\/www.rakemonkey.com\/de\/poker-reviews\/\"},{\"@type\":\"ListItem\",\"position\":3,\"name\":\"Betfair Rakeback\"}]},{\"@type\":\"WebSite\",\"@id\":\"https:\/\/www.rakemonkey.com\/de\/#website\",\"url\":\"https:\/\/www.rakemonkey.com\/de\/\",\"name\":\"RakeMonkey.com\",\"description\":\"\",\"potentialAction\":[{\"@type\":\"SearchAction\",\"target\":{\"@type\":\"EntryPoint\",\"urlTemplate\":\"https:\/\/www.rakemonkey.com\/de\/?s={search_term_string}\"},\"query-input\":\"required name=search_term_string\"}],\"inLanguage\":\"en-US\"}]}<\/script>\n<!-- \/ Yoast SEO plugin. -->","yoast_head_json":{"title":"Betfair Rakeback - RakeMonkey.com","robots":{"index":"index","follow":"follow","max-snippet":"max-snippet:-1","max-image-preview":"max-image-preview:large","max-video-preview":"max-video-preview:-1"},"canonical":"https:\/\/www.rakemonkey.com\/de\/poker-reviews\/betfair-poker-rakeback\/","og_locale":"en_US","og_type":"article","og_title":"Betfair Rakeback - RakeMonkey.com","og_description":"Betfair kam 1999 erstmals als Online Sportwetten Betreiber auf den Markt und expandierte schon bald um einen Online Poker Raum und Casino anzubieten. Betfair Poker setzt auf eine eigene Plattform um Spieler anzuwerben und hat entschieden, keinem anderen Netzwerk beizutreten. read more...","og_url":"https:\/\/www.rakemonkey.com\/de\/poker-reviews\/betfair-poker-rakeback\/","og_site_name":"RakeMonkey.com","twitter_card":"summary","twitter_misc":{"Est. reading time":"2 minutes"},"schema":{"@context":"https:\/\/schema.org","@graph":[{"@type":"WebPage","@id":"https:\/\/www.rakemonkey.com\/de\/poker-reviews\/betfair-poker-rakeback\/","url":"https:\/\/www.rakemonkey.com\/de\/poker-reviews\/betfair-poker-rakeback\/","name":"Betfair Rakeback - RakeMonkey.com","isPartOf":{"@id":"https:\/\/www.rakemonkey.com\/de\/#website"},"datePublished":"2010-02-24T11:43:32+00:00","dateModified":"2010-02-24T11:43:32+00:00","breadcrumb":{"@id":"https:\/\/www.rakemonkey.com\/de\/poker-reviews\/betfair-poker-rakeback\/#breadcrumb"},"inLanguage":"en-US","potentialAction":[{"@type":"ReadAction","target":["https:\/\/www.rakemonkey.com\/de\/poker-reviews\/betfair-poker-rakeback\/"]}]},{"@type":"BreadcrumbList","@id":"https:\/\/www.rakemonkey.com\/de\/poker-reviews\/betfair-poker-rakeback\/#breadcrumb","itemListElement":[{"@type":"ListItem","position":1,"name":"Home","item":"https:\/\/www.rakemonkey.com\/de\/"},{"@type":"ListItem","position":2,"name":"Rezensionen","item":"https:\/\/www.rakemonkey.com\/de\/poker-reviews\/"},{"@type":"ListItem","position":3,"name":"Betfair Rakeback"}]},{"@type":"WebSite","@id":"https:\/\/www.rakemonkey.com\/de\/#website","url":"https:\/\/www.rakemonkey.com\/de\/","name":"RakeMonkey.com","description":"","potentialAction":[{"@type":"SearchAction","target":{"@type":"EntryPoint","urlTemplate":"https:\/\/www.rakemonkey.com\/de\/?s={search_term_string}"},"query-input":"required name=search_term_string"}],"inLanguage":"en-US"}]}},"_links":{"self":[{"href":"https:\/\/www.rakemonkey.com\/de\/wp-json\/wp\/v2\/pages\/60"}],"collection":[{"href":"https:\/\/www.rakemonkey.com\/de\/wp-json\/wp\/v2\/pages"}],"about":[{"href":"https:\/\/www.rakemonkey.com\/de\/wp-json\/wp\/v2\/types\/page"}],"author":[{"embeddable":true,"href":"https:\/\/www.rakemonkey.com\/de\/wp-json\/wp\/v2\/users\/9"}],"replies":[{"embeddable":true,"href":"https:\/\/www.rakemonkey.com\/de\/wp-json\/wp\/v2\/comments?post=60"}],"version-history":[{"count":0,"href":"https:\/\/www.rakemonkey.com\/de\/wp-json\/wp\/v2\/pages\/60\/revisions"}],"up":[{"embeddable":true,"href":"https:\/\/www.rakemonkey.com\/de\/wp-json\/wp\/v2\/pages\/105"}],"wp:attachment":[{"href":"https:\/\/www.rakemonkey.com\/de\/wp-json\/wp\/v2\/media?parent=60"}],"curies":[{"name":"wp","href":"https:\/\/api.w.org\/{rel}","templated":true}]}}