{"id":63,"date":"2010-02-24T12:07:09","date_gmt":"2010-02-24T12:07:09","guid":{"rendered":"http:\/\/www.rakemonkey.com\/de\/?page_id=63"},"modified":"2010-02-24T12:07:09","modified_gmt":"2010-02-24T12:07:09","slug":"absolute-poker-rakeback","status":"publish","type":"page","link":"https:\/\/www.rakemonkey.com\/de\/poker-reviews\/absolute-poker-rakeback\/","title":{"rendered":"Absolute Poker Rakeback"},"content":{"rendered":"<p>Nachdem sie die Software heruntergeladen und sich ein Spielerkonto er\u00f6ffnet haben, f\u00fcllen sie bitte die oben stehende Anmeldung aus. Geben sie einfach ihren Benutzernamen und ihre Emailadresse an, mit der sie sich registriert haben und wir sorgen daf\u00fcr, dass ihr Rakeback best\u00e4tigt wird und korrekt funktioniert.<\/p>\n<p><strong>Absolute Poker<\/strong> ist, zusammen mit seiner Schwesterseite UltimateBet, ein Mitglied des <strong>Cereus Poker Netzwerk<\/strong>. Absolute Poker hat sich von einem bekannten Pokerraum zu einem der f\u00fchrenden Anbieter gemausert, die auch den US Markt bedienen.<\/p>\n<p>Absolute Poker ist am besten f\u00fcr seine unglaubliche Turnierauswahl bekannt. Freerolls und Turniere mit garantiertem Preispool sind extrem lohnenswert, aber die beste Sache sind die Satelliten und die exklusiven Absolute Poker Events. Alle exklusiven Events werden ausschlie\u00dflich Mitgliedern von Absolute Poker angeboten und nicht dem ganzen Cereus Poker Netzwerk, daraus resultieren extrem lohnenswerte Pokerevents f\u00fcr f\u00e4hige Turnierspieler.<\/p>\n<p>Absolute Poker hat viele lohnenswerte Promotions, aus denen man seine Vorteile ziehen kann, dies beginnt mit einem fantastischen Willkommensbonus in H\u00f6he von 150% bis zu $500. Dieses Angebot ist f\u00fcr alle neu angemeldeten Spieler verf\u00fcgbar. Wozu sich noch alle neuen Spieler qualifizieren ist der 30% Absolute Poker Rakeback Deal, welchen man bekommen kann, wenn man ein neues Spielerkonto \u00fcber diese Webseite registriert und dabei den Bonus Code \u201e<strong>Reduction<\/strong>\u201c benutzt.<\/p>\n<h2><strong>Absolute Poker Rakeback<\/strong><\/h2>\n<p>Ein 30% Rakeback Deal ist f\u00fcr die Spieler verf\u00fcgbar, die sich durch diese Webseite anmelden und den Bonus Code \u201eReduction\u201c benutzen. Absolute Poker berechnet den Rakeback, indem sie die \u201eGeteilter Rakeback\u201c (Shared Rakeback) Methode benutzen, manchmal wird diese Methode auch durchschnittlicher beigetragener Rakeback\u00a0 genannt. Dies bedeutet, dass ein Spieler etwas zu einer gerakten Hand beigetragen haben muss, um Rakeback zu verdienen, aber der beigetragene Betrag hat keine Auswirkung auf die H\u00f6he des Rakeback.<\/p>\n<p>Der Shared Rakeback Deal bei Absolute Poker ist gro\u00dfartig f\u00fcr etwas lockerere Spieler, die bevorzugen den Flop zu sehen, bevor sie bei einer Hand aufgeben. Es ist wahrscheinlicher, dass diese Spieler einen minimalen Betrag zum Pott beitragen und daher qualifizieren sie sich f\u00fcr den Rakeback. Der Gesamtrake wird durch alle beitragenden Spieler geteilt um den durchschnittlich beigetragenen Rake zu errechnen. 30% Rakeback wird anschlie\u00dfend auf der Basis des durchschnittlich beigetragenen Rakes ausgezahlt.<\/p>\n<p>Zus\u00e4tzlich zu den 30% Absolute Poker Rakeback, k\u00f6nnen unsere Spieler in monatlichen Rake Rennen mit einem Preispool in H\u00f6he von $20.000 teilnehmen, zus\u00e4tzlich gibt es auch noch Poker Freerolls mit einem Wert von $3.000.<\/p>\n<h2><strong>Absolute Poker Willkommensbonus<\/strong><\/h2>\n<p>Absolute Poker gibt neuen Spielern auf ihre erste Einzahlung einen 150% Willkommensbonus bis zu einem Wert von $500. Der Bonus wird nicht vom MGR abgezogen, deswegen hat der Bonus keine Auswirkungen auf ihre Rakeback Verdienste. Ein neuer Spieler braucht 16 Punkte f\u00fcr jeden Dollar an Bonus.<\/p>\n<p>Je mehr Punkte sie verdienen und die VIP Leiter nach oben klettern , brauchen sie bis zu 70 Punkte f\u00fcr jeden Dollar an Bonus, allerdings kommen mit der VIP Leiter Punkte Multiplikatoren, daher verdienen diese Spieler ihre Boni eigentlich schneller als neue Spieler. Die h\u00f6chsten VIP verdienen das 5-fache an Punkten, damit braucht der Spieler bei 70 Punkten pro $1, eigentlich nur 14 Punkte (14&#215;5=70).<\/p>\n<p>Punkte werden st\u00e4ndig eingesammelt, w\u00e4hrend sie Echtgeld Cash Games spielen. Bei Niedrigeinsatz Spielen, braucht man im Schnitt 30 H\u00e4nde um einen Punkt zu sammeln. Bei h\u00f6heren Eins\u00e4tzen, kann ein Spieler bis zu 2 Punkte bei jeder einzelnen Hand verdienen. Der Bonus wird, jedes Mal wenn genug Punkte gesammelt wurden, automatisch in $5 Schritten freigegeben.<\/p>\n<h2><strong>Absolute Poker \u201eFAME\u201c Promotion<\/strong><\/h2>\n<p>Das FAME Treueprogramm bei <a href=\"http:\/\/www.gambling666.com\/online-poker\/bonus\/absolute\">Absolute Poker bonus code<\/a> repr\u00e4sentiert den VIP Status auf der Seite. Spieler erhalten FAME, w\u00e4hrend sie Pokerpunkte sammeln. Je h\u00f6her ihr FAME Status ist, desto gr\u00f6\u00dfer werden die Punkte Multiplikatoren. Es gibt f\u00fcnf FAME Levels, beginnend mit Bronze f\u00fcr neue Spieler, \u00fcber Silber, Gold, Platinum bis zu Diamond Elite.<\/p>\n<p>Schon ab 50 verdienten Punkten im Monat bekommt der Spieler Silberstatus und erh\u00e4lt dadurch einen 2-fachen Multiplikator und Zugang zu speziellen Punkte Pokerturnieren. Jedes Level an FAME kommt mit speziellen Vorteilen, wie zum Beispiel Punkte in Geld Umwandlung, Zugang zum Absolute Rewards Shop, Rabatte im Shop und sogar Konten die Zinsen ausbezahlen. Im h\u00f6chsten FAME Level k\u00f6nnen Spieler bis zu 95% Zinsen auf den Betrag in ihrem Pokerkonto erhalten.<\/p>\n<h2><strong>Absolute Poker Spielauswahl<\/strong><\/h2>\n<p>Absolute Poker bietet Texas Hold\u2019em, Omaha und Stud Spiele an. Alle Limits sind verf\u00fcgbar, variieren aber von Spiel zu Spiel. Die Eins\u00e4tze beginnen bei niedrigen $0,02 \/ $0,04 und gehen bis zu $200 \/ $400. Bei allen Spielen und in allen Einsatzlevels ist das Spiel ziemlich aktiv, denn zu Spitzenzeiten laufen ungef\u00e4hr 20.000 Spieler bei Absolute Poker auf.<\/p>\n<p>Obwohl emsig in den Cash Games gespielt wird, ist es sicherlich am lohnenswertesten in Pokerturnieren zu spielen. Es gibt Buy-ins die bereits ab $1 beginnen und bis zu ein paar hundert\u00a0 Dollar f\u00fcr Highroller betragen k\u00f6nnen. Absolute Poker prahlt mit $500.000 Wochenenden mit einer Serie an Events mit garantierten Preispools, die an jedem Samstag und Sonntag stattfinden.<\/p>\n<p>An jedem Samstag gibt ein $120 Buy-in Event, welches Zugang zum $20.000 GTD oder dem $40.000 Sniper, einem beliebten Bounty Turnier bei Absolute Poker, bietet. Die Action am Sonntag ist noch lukrativer mit einem $100.000 und einem $200.000 GTD auf dem Plan.<\/p>\n<p>Absolute Poker hat live Event Satelliten in H\u00fclle und F\u00fclle- Die 10 \/ 10 Step Satelliten sind die beliebtesten, denn die Spieler k\u00f6nnen sich hier im ersten Level bereits ab $0,10 einkaufen. Und nachdem sie sich ihren Weg durch alle zehn Events gewonnen haben, werden sie mit einem massiven Preispaket, welches den Buy-in, Reisespesen, Unterkunft und Taschengeld enth\u00e4lt, zum Main Event geschickt. Absolute Poker bietet h\u00e4ufig live Event Satelliten f\u00fcr die WSOP, WPT und f\u00fcr andere gro\u00dfe Events an.<\/p>\n<h2><strong>Absolute Poker Einzahlm\u00f6glichkeiten<\/strong><\/h2>\n<p>Absolute Poker br\u00fcstet sich damit ein globaler Online Pokerraum zu sein, damit meinen sie, dass Spieler aus der ganzen Welt, sogar aus den USA, immer willkommen sind. Daher k\u00f6nnen sie auch erwarten alle qualitativ hochwertigen Einzahlungsoptionen aus allen Teilen der Erde zu finden. Zu den Einzahlmethoden geh\u00f6ren Visa, MasterCard, Visa Delta, Diners Club, Solo, Maestro, Laser, Euro6000, Moneybookers, NETeller, Click2Pay, EPS, Nordea, PostePay, iDeal, POLi, CartaSi und die Sofort\u00fcberweisung.<\/p>\n<h2><strong>Absolute Poker Zusammenfassung<\/strong><\/h2>\n<p>F\u00fcr gelegentliche Cash Game Spieler hat Absolute Poker seine Vorteile, da es gute Spieleraktivit\u00e4t in allen Spielen und auf allen Einsatzlevels gibt, einen gro\u00dfartigen Willkommensbonus, exzellente Belohnungen f\u00fcr Treue Spieler und nat\u00fcrlich 30% Absolute Poker Rakeback. Turnierspieler wird allerdings stark dazu geraten sich bei dem Online Pokerraum mit dem Bonuscode \u201e<strong>Reduction<\/strong>\u201c anzumelden um nicht nur die Vorteile aus dem Absolute Poker Rakeback zu ziehen, sondern auch aus einigen der rentabelsten Online Poker Turnieren in der Industrie.<\/p>\n","protected":false},"excerpt":{"rendered":"<p>Nachdem sie die Software heruntergeladen und sich ein Spielerkonto er\u00f6ffnet haben, f\u00fcllen sie bitte die oben stehende Anmeldung aus. Geben sie einfach ihren Benutzernamen und ihre Emailadresse an, mit der sie sich registriert haben und wir sorgen daf\u00fcr, dass ihr<a class=\"post-link\" href=\"https:\/\/www.rakemonkey.com\/de\/poker-reviews\/absolute-poker-rakeback\/\"> read more&#8230;<\/a><\/p>\n","protected":false},"author":9,"featured_media":0,"parent":105,"menu_order":0,"comment_status":"closed","ping_status":"open","template":"rm_review.php","meta":[],"acf":[],"yoast_head":"<!-- This site is optimized with the Yoast SEO plugin v19.6.1 - https:\/\/yoast.com\/wordpress\/plugins\/seo\/ -->\n<title>Absolute Poker Rakeback - RakeMonkey.com<\/title>\n<meta name=\"robots\" content=\"index, follow, max-snippet:-1, max-image-preview:large, max-video-preview:-1\" \/>\n<link rel=\"canonical\" href=\"https:\/\/www.rakemonkey.com\/de\/poker-reviews\/absolute-poker-rakeback\/\" \/>\n<meta property=\"og:locale\" content=\"en_US\" \/>\n<meta property=\"og:type\" content=\"article\" \/>\n<meta property=\"og:title\" content=\"Absolute Poker Rakeback - RakeMonkey.com\" \/>\n<meta property=\"og:description\" content=\"Nachdem sie die Software heruntergeladen und sich ein Spielerkonto er\u00f6ffnet haben, f\u00fcllen sie bitte die oben stehende Anmeldung aus. Geben sie einfach ihren Benutzernamen und ihre Emailadresse an, mit der sie sich registriert haben und wir sorgen daf\u00fcr, dass ihr read more...\" \/>\n<meta property=\"og:url\" content=\"https:\/\/www.rakemonkey.com\/de\/poker-reviews\/absolute-poker-rakeback\/\" \/>\n<meta property=\"og:site_name\" content=\"RakeMonkey.com\" \/>\n<meta name=\"twitter:card\" content=\"summary\" \/>\n<meta name=\"twitter:label1\" content=\"Est. reading time\" \/>\n\t<meta name=\"twitter:data1\" content=\"5 minutes\" \/>\n<script type=\"application\/ld+json\" class=\"yoast-schema-graph\">{\"@context\":\"https:\/\/schema.org\",\"@graph\":[{\"@type\":\"WebPage\",\"@id\":\"https:\/\/www.rakemonkey.com\/de\/poker-reviews\/absolute-poker-rakeback\/\",\"url\":\"https:\/\/www.rakemonkey.com\/de\/poker-reviews\/absolute-poker-rakeback\/\",\"name\":\"Absolute Poker Rakeback - RakeMonkey.com\",\"isPartOf\":{\"@id\":\"https:\/\/www.rakemonkey.com\/de\/#website\"},\"datePublished\":\"2010-02-24T12:07:09+00:00\",\"dateModified\":\"2010-02-24T12:07:09+00:00\",\"breadcrumb\":{\"@id\":\"https:\/\/www.rakemonkey.com\/de\/poker-reviews\/absolute-poker-rakeback\/#breadcrumb\"},\"inLanguage\":\"en-US\",\"potentialAction\":[{\"@type\":\"ReadAction\",\"target\":[\"https:\/\/www.rakemonkey.com\/de\/poker-reviews\/absolute-poker-rakeback\/\"]}]},{\"@type\":\"BreadcrumbList\",\"@id\":\"https:\/\/www.rakemonkey.com\/de\/poker-reviews\/absolute-poker-rakeback\/#breadcrumb\",\"itemListElement\":[{\"@type\":\"ListItem\",\"position\":1,\"name\":\"Home\",\"item\":\"https:\/\/www.rakemonkey.com\/de\/\"},{\"@type\":\"ListItem\",\"position\":2,\"name\":\"Rezensionen\",\"item\":\"https:\/\/www.rakemonkey.com\/de\/poker-reviews\/\"},{\"@type\":\"ListItem\",\"position\":3,\"name\":\"Absolute Poker Rakeback\"}]},{\"@type\":\"WebSite\",\"@id\":\"https:\/\/www.rakemonkey.com\/de\/#website\",\"url\":\"https:\/\/www.rakemonkey.com\/de\/\",\"name\":\"RakeMonkey.com\",\"description\":\"\",\"potentialAction\":[{\"@type\":\"SearchAction\",\"target\":{\"@type\":\"EntryPoint\",\"urlTemplate\":\"https:\/\/www.rakemonkey.com\/de\/?s={search_term_string}\"},\"query-input\":\"required name=search_term_string\"}],\"inLanguage\":\"en-US\"}]}<\/script>\n<!-- \/ Yoast SEO plugin. -->","yoast_head_json":{"title":"Absolute Poker Rakeback - RakeMonkey.com","robots":{"index":"index","follow":"follow","max-snippet":"max-snippet:-1","max-image-preview":"max-image-preview:large","max-video-preview":"max-video-preview:-1"},"canonical":"https:\/\/www.rakemonkey.com\/de\/poker-reviews\/absolute-poker-rakeback\/","og_locale":"en_US","og_type":"article","og_title":"Absolute Poker Rakeback - RakeMonkey.com","og_description":"Nachdem sie die Software heruntergeladen und sich ein Spielerkonto er\u00f6ffnet haben, f\u00fcllen sie bitte die oben stehende Anmeldung aus. Geben sie einfach ihren Benutzernamen und ihre Emailadresse an, mit der sie sich registriert haben und wir sorgen daf\u00fcr, dass ihr read more...","og_url":"https:\/\/www.rakemonkey.com\/de\/poker-reviews\/absolute-poker-rakeback\/","og_site_name":"RakeMonkey.com","twitter_card":"summary","twitter_misc":{"Est. reading time":"5 minutes"},"schema":{"@context":"https:\/\/schema.org","@graph":[{"@type":"WebPage","@id":"https:\/\/www.rakemonkey.com\/de\/poker-reviews\/absolute-poker-rakeback\/","url":"https:\/\/www.rakemonkey.com\/de\/poker-reviews\/absolute-poker-rakeback\/","name":"Absolute Poker Rakeback - RakeMonkey.com","isPartOf":{"@id":"https:\/\/www.rakemonkey.com\/de\/#website"},"datePublished":"2010-02-24T12:07:09+00:00","dateModified":"2010-02-24T12:07:09+00:00","breadcrumb":{"@id":"https:\/\/www.rakemonkey.com\/de\/poker-reviews\/absolute-poker-rakeback\/#breadcrumb"},"inLanguage":"en-US","potentialAction":[{"@type":"ReadAction","target":["https:\/\/www.rakemonkey.com\/de\/poker-reviews\/absolute-poker-rakeback\/"]}]},{"@type":"BreadcrumbList","@id":"https:\/\/www.rakemonkey.com\/de\/poker-reviews\/absolute-poker-rakeback\/#breadcrumb","itemListElement":[{"@type":"ListItem","position":1,"name":"Home","item":"https:\/\/www.rakemonkey.com\/de\/"},{"@type":"ListItem","position":2,"name":"Rezensionen","item":"https:\/\/www.rakemonkey.com\/de\/poker-reviews\/"},{"@type":"ListItem","position":3,"name":"Absolute Poker Rakeback"}]},{"@type":"WebSite","@id":"https:\/\/www.rakemonkey.com\/de\/#website","url":"https:\/\/www.rakemonkey.com\/de\/","name":"RakeMonkey.com","description":"","potentialAction":[{"@type":"SearchAction","target":{"@type":"EntryPoint","urlTemplate":"https:\/\/www.rakemonkey.com\/de\/?s={search_term_string}"},"query-input":"required name=search_term_string"}],"inLanguage":"en-US"}]}},"_links":{"self":[{"href":"https:\/\/www.rakemonkey.com\/de\/wp-json\/wp\/v2\/pages\/63"}],"collection":[{"href":"https:\/\/www.rakemonkey.com\/de\/wp-json\/wp\/v2\/pages"}],"about":[{"href":"https:\/\/www.rakemonkey.com\/de\/wp-json\/wp\/v2\/types\/page"}],"author":[{"embeddable":true,"href":"https:\/\/www.rakemonkey.com\/de\/wp-json\/wp\/v2\/users\/9"}],"replies":[{"embeddable":true,"href":"https:\/\/www.rakemonkey.com\/de\/wp-json\/wp\/v2\/comments?post=63"}],"version-history":[{"count":0,"href":"https:\/\/www.rakemonkey.com\/de\/wp-json\/wp\/v2\/pages\/63\/revisions"}],"up":[{"embeddable":true,"href":"https:\/\/www.rakemonkey.com\/de\/wp-json\/wp\/v2\/pages\/105"}],"wp:attachment":[{"href":"https:\/\/www.rakemonkey.com\/de\/wp-json\/wp\/v2\/media?parent=63"}],"curies":[{"name":"wp","href":"https:\/\/api.w.org\/{rel}","templated":true}]}}