{"id":65,"date":"2010-02-24T12:12:59","date_gmt":"2010-02-24T12:12:59","guid":{"rendered":"http:\/\/www.rakemonkey.com\/de\/?page_id=65"},"modified":"2010-02-24T12:12:59","modified_gmt":"2010-02-24T12:12:59","slug":"aced-poker","status":"publish","type":"page","link":"https:\/\/www.rakemonkey.com\/de\/poker-reviews\/aced-poker\/","title":{"rendered":"Aced.com Poker"},"content":{"rendered":"<p>Nachdem sie die Software heruntergeladen und sich ein Spielerkonto er\u00f6ffnet haben, f\u00fcllen sie bitte die oben stehende Anmeldung aus. Geben sie einfach ihren Benutzernamen und ihre Emailadresse an, mit der sie sich registriert haben und wir sorgen daf\u00fcr, dass ihr Rakeback best\u00e4tigt wird und korrekt funktioniert.<\/p>\n<p><strong>Aced.com<\/strong> ist einer der neuesten Partner auf dem Merge Gaming Netzwerk. Das Spieleraufkommen mag nicht so beeindruckend sein, wie bei manchen der topp Pokerseiten, aber die Promotions sind au\u00dfergew\u00f6hnlich. Neue Spieler beginnen mit einem 100% bis zu $500 Willkommensbonus, und noch zus\u00e4tzlich mit einer Einf\u00fchrung in die Aced \u201eOuts\u201c Promotion und in ein vier-stufiges VIP Treueprogramm.<\/p>\n<p>Um die Aced Poker Erfahrung noch lohnenswerter werden zu lassen, melden sie sich mit den Links auf unserer Seite und mit dem Bonus Code \u201e<strong>Reduction<\/strong>\u201c an, um 30% Aced Rakeback zu verdienen.<\/p>\n<h2><strong>Aced Poker Rakeback<\/strong><\/h2>\n<p>Unsere Spieler verdienen 30% Rakeback, wenn sie den Bonus Code \u201e<strong>Reduction<\/strong>\u201c bei Aced.com benutzen. Aced bezahlt Rakeback Verdiener nach der \u201eBeigetragener Rake\u201c Methode, dies ist eine gewichtete Rakeback Methode, bei der Spieler je nach ihrem wirklichen Beitrag zu jedem gerakten Pott bezahlt werden. Und so funktioniert es \u2026<\/p>\n<p>Wenn ein Spieler einen hohen Betrag in den Pott einzahlt, dann erhalten sie einen h\u00f6heren Rakeback Gewinn f\u00fcr die Hand. Ein Spieler in der Small Blind Position, der sofort foldet, verdient trotzdem Rakeback, allerdings einen sehr kleinen Betrag.<\/p>\n<p>Spieler m\u00fcssen mindestens einen Chip in den Pott eingezahlt haben um Rakeback zu verdienen. Nur H\u00e4nde die den Flop sehen m\u00fcssen Rake bezahlen, deswegen gibt es ohne den Flop auch kein Rakeback.<\/p>\n<p>Das 30% Aced Rakeback Programm ist nicht das beste f\u00fcr konservative Pokerspieler, die dazu tendieren die meisten H\u00e4nde zu folden ohne zum Pott beizutragen, aber wenn man das Ganze mit den anderen Vorteilen von Aced Poker kombiniert, kann das ganze trotzdem die M\u00fche wert sein. Besonders, da Bonus Cash aus Promotions nicht vom Rakeback abgezogen wird.<\/p>\n<h2><strong>Aced Poker Willkommensbonus<\/strong><\/h2>\n<p>Aced Poker belohnt alle Neuanmeldungen mit einem 100% bis zu $500 Willkommensbonus bei der ersten Einzahlung. Jede 250 Pokerpunkte die verdient werden, z\u00e4hlen als $1 Bonus. Der Bonus wird so einfach ausgel\u00f6st, mit dem gut bezahlenden Punkteprogramm in Cash Games und in Pokerturnieren. Das Beste ist, dass Boni NICHT von ihrem Rakeback abgezogen werden.<\/p>\n<h2><strong>Aced Poker \u201eOuts\u201c Promotion<\/strong><\/h2>\n<p>Die Aced Outs Promotion ist einzigartig unter den Pokerraum Promotions. Spieler erhalten extra Punkte, wenn sie spezifische Ziele erreichen, einige von diesen Zielen sind sehr einfach zu erreichen, ja fast unvermeidbar, wenn man Poker spielt, andere sind eher schwer zu erreichen. Hier sind ein paar Beispiele:<\/p>\n<p>Gewinne 2 H\u00e4nde hintereinander: 5 Punkte<\/p>\n<p>Gewinne 5 H\u00e4nde hintereinander: 100 Punkte<\/p>\n<p>Gewinne einen gecallten All-in Einsatz: 50 Punkte<\/p>\n<p>Verliere mit einem Vierling oder besser: 200 Punkte<\/p>\n<p>Spiele die 5.000ste Hand: 750 Punkte<\/p>\n<p>Spiele eine Million H\u00e4nde: 10.000 Punkte<\/p>\n<p>Komme in einem MTT ins Geld: 50 Punkte<\/p>\n<p>Gewinne das zehnte MTT: 1.000 Punkte<\/p>\n<p>Dies sind nur einige der Outs Belohnungen bei Aced. Um die Punkte f\u00fcr ein Out zu erhalten, versichern sie sich, dass sie die Hand ID# gespeichert haben und den Out der erreicht wurde, anschlie\u00dfend senden sie das ganze per Email an Aced.<\/p>\n<h2><strong>Aced Poker Pokervarianten<\/strong><\/h2>\n<p>Aced bietet eine gro\u00dfartige Auswahl an Pokervarianten an, inklusive Hold\u2019em, Omaha, 5 und 7 Card Stud, Draw Games (5 Card Draw, Badugi, Triple Draw) und eine Vielzahl an gemischten Spielen, wie H.O.R.S.E., H.O.S.E., H.A. und noch ein paar mehr. Fixed Limit, No Limit und Pot Limit Eins\u00e4tze sind verf\u00fcgbar von $0,02 \/ $0,04 bis zu $50 \/ $100.<\/p>\n<p>Aced hat nicht das h\u00f6chste Spieleraufkommen, deswegen wird in den Nebenzeiten nicht bei allen Spielen gro\u00dfe Aktivit\u00e4t vorherrschen, manchmal auch nicht zu Spitzenzeiten. Aber keine Sorge das Spieleraufkommen erh\u00f6ht sich konstant, daher werden die Pokerspiele mit der Zeit besser und besser.<\/p>\n<p>Bei Aced gibt es viele Pokerturniere um sie besch\u00e4ftigt zu halten. Es gibt MTTs mit Buy-ins zwischen $0,06 und $100, SNGs zwischen $0,60 bis zu $400 und mehr. Live Event Satelliten bieten Spielern die Chance sich einen Sitz bei der WSOP, den Aussie Millions und vielen anderen live Pokerturnieren zu erspielen und das schon ab $2.<\/p>\n<p>Mitglieder von Aced Poker k\u00f6nnen ebenfalls ein paar Online Casino Spiele spielen, wie Black Jack, Roulette, Video Poker, Caribbean Stud und Backgammon, Die Eins\u00e4tze variieren hier zwischen $1 und $500. Diese Spiele sind eine hervorragende Ablenkung f\u00fcr konservative Spieler, die versuchen sich durch ein Pokerturnier nach oben zu k\u00e4mpfen ohne schlechte Entscheidungen aufgrund von Langeweile zu treffen.<\/p>\n<h2><strong>Aced Poker Einzahlungsm\u00f6glichkeiten<\/strong><\/h2>\n<p>Aced Poker ist stolz darauf Spieler aus den USA und Mitglieder aus der ganzen Welt zu akzeptieren, die mit den folgenden Methoden bei Aced Poker einzahlen k\u00f6nnen: Visa, MasterCard, eWalletXpress, PIC-Club, Click2Pay, UseMyWallet und per Bank\u00fcberweisung. Abhebungen k\u00f6nnen mit eWalletXpress, PIC-Club, Click2Pay und Use My Wallet vorgenommen werden.<\/p>\n<h2><strong>Aced Poker Zusammenfassung<\/strong><\/h2>\n<p>Da es so viele Anreize gibt sich Aced Poker anzuschlie\u00dfen, ist es kein Wunder, das der Online Pokerraum, so ein schnelles und stetiges Wachstum, seit seiner Einf\u00fchrung beim Merge Gaming Netzwerk in 2008 vorzuweisen hat. Wir k\u00f6nnen mit Sicherheit sagen, dass Aced Poker, einer der besten Online Pokerr\u00e4ume f\u00fcr Spieler ist, die nach einem neuen virtuellen Filz suchen um ihre Chips herum zu schieben. Melden sie sich bei der Aced Poker Webseite mit dem Bonus Code \u201e<strong>Reduction<\/strong>\u201c an um alle Vorteile aus 30% Rakeback und einem 100% bis zu $500 Willkommensbonus zu ziehen.<\/p>\n","protected":false},"excerpt":{"rendered":"<p>Nachdem sie die Software heruntergeladen und sich ein Spielerkonto er\u00f6ffnet haben, f\u00fcllen sie bitte die oben stehende Anmeldung aus. Geben sie einfach ihren Benutzernamen und ihre Emailadresse an, mit der sie sich registriert haben und wir sorgen daf\u00fcr, dass ihr<a class=\"post-link\" href=\"https:\/\/www.rakemonkey.com\/de\/poker-reviews\/aced-poker\/\"> read more&#8230;<\/a><\/p>\n","protected":false},"author":9,"featured_media":0,"parent":105,"menu_order":0,"comment_status":"closed","ping_status":"open","template":"rm_review.php","meta":[],"acf":[],"yoast_head":"<!-- This site is optimized with the Yoast SEO plugin v19.6.1 - https:\/\/yoast.com\/wordpress\/plugins\/seo\/ -->\n<title>Aced.com Poker - RakeMonkey.com<\/title>\n<meta name=\"robots\" content=\"index, follow, max-snippet:-1, max-image-preview:large, max-video-preview:-1\" \/>\n<link rel=\"canonical\" href=\"https:\/\/www.rakemonkey.com\/de\/poker-reviews\/aced-poker\/\" \/>\n<meta property=\"og:locale\" content=\"en_US\" \/>\n<meta property=\"og:type\" content=\"article\" \/>\n<meta property=\"og:title\" content=\"Aced.com Poker - RakeMonkey.com\" \/>\n<meta property=\"og:description\" content=\"Nachdem sie die Software heruntergeladen und sich ein Spielerkonto er\u00f6ffnet haben, f\u00fcllen sie bitte die oben stehende Anmeldung aus. Geben sie einfach ihren Benutzernamen und ihre Emailadresse an, mit der sie sich registriert haben und wir sorgen daf\u00fcr, dass ihr read more...\" \/>\n<meta property=\"og:url\" content=\"https:\/\/www.rakemonkey.com\/de\/poker-reviews\/aced-poker\/\" \/>\n<meta property=\"og:site_name\" content=\"RakeMonkey.com\" \/>\n<meta name=\"twitter:card\" content=\"summary\" \/>\n<meta name=\"twitter:label1\" content=\"Est. reading time\" \/>\n\t<meta name=\"twitter:data1\" content=\"4 minutes\" \/>\n<script type=\"application\/ld+json\" class=\"yoast-schema-graph\">{\"@context\":\"https:\/\/schema.org\",\"@graph\":[{\"@type\":\"WebPage\",\"@id\":\"https:\/\/www.rakemonkey.com\/de\/poker-reviews\/aced-poker\/\",\"url\":\"https:\/\/www.rakemonkey.com\/de\/poker-reviews\/aced-poker\/\",\"name\":\"Aced.com Poker - RakeMonkey.com\",\"isPartOf\":{\"@id\":\"https:\/\/www.rakemonkey.com\/de\/#website\"},\"datePublished\":\"2010-02-24T12:12:59+00:00\",\"dateModified\":\"2010-02-24T12:12:59+00:00\",\"breadcrumb\":{\"@id\":\"https:\/\/www.rakemonkey.com\/de\/poker-reviews\/aced-poker\/#breadcrumb\"},\"inLanguage\":\"en-US\",\"potentialAction\":[{\"@type\":\"ReadAction\",\"target\":[\"https:\/\/www.rakemonkey.com\/de\/poker-reviews\/aced-poker\/\"]}]},{\"@type\":\"BreadcrumbList\",\"@id\":\"https:\/\/www.rakemonkey.com\/de\/poker-reviews\/aced-poker\/#breadcrumb\",\"itemListElement\":[{\"@type\":\"ListItem\",\"position\":1,\"name\":\"Home\",\"item\":\"https:\/\/www.rakemonkey.com\/de\/\"},{\"@type\":\"ListItem\",\"position\":2,\"name\":\"Rezensionen\",\"item\":\"https:\/\/www.rakemonkey.com\/de\/poker-reviews\/\"},{\"@type\":\"ListItem\",\"position\":3,\"name\":\"Aced.com Poker\"}]},{\"@type\":\"WebSite\",\"@id\":\"https:\/\/www.rakemonkey.com\/de\/#website\",\"url\":\"https:\/\/www.rakemonkey.com\/de\/\",\"name\":\"RakeMonkey.com\",\"description\":\"\",\"potentialAction\":[{\"@type\":\"SearchAction\",\"target\":{\"@type\":\"EntryPoint\",\"urlTemplate\":\"https:\/\/www.rakemonkey.com\/de\/?s={search_term_string}\"},\"query-input\":\"required name=search_term_string\"}],\"inLanguage\":\"en-US\"}]}<\/script>\n<!-- \/ Yoast SEO plugin. -->","yoast_head_json":{"title":"Aced.com Poker - RakeMonkey.com","robots":{"index":"index","follow":"follow","max-snippet":"max-snippet:-1","max-image-preview":"max-image-preview:large","max-video-preview":"max-video-preview:-1"},"canonical":"https:\/\/www.rakemonkey.com\/de\/poker-reviews\/aced-poker\/","og_locale":"en_US","og_type":"article","og_title":"Aced.com Poker - RakeMonkey.com","og_description":"Nachdem sie die Software heruntergeladen und sich ein Spielerkonto er\u00f6ffnet haben, f\u00fcllen sie bitte die oben stehende Anmeldung aus. Geben sie einfach ihren Benutzernamen und ihre Emailadresse an, mit der sie sich registriert haben und wir sorgen daf\u00fcr, dass ihr read more...","og_url":"https:\/\/www.rakemonkey.com\/de\/poker-reviews\/aced-poker\/","og_site_name":"RakeMonkey.com","twitter_card":"summary","twitter_misc":{"Est. reading time":"4 minutes"},"schema":{"@context":"https:\/\/schema.org","@graph":[{"@type":"WebPage","@id":"https:\/\/www.rakemonkey.com\/de\/poker-reviews\/aced-poker\/","url":"https:\/\/www.rakemonkey.com\/de\/poker-reviews\/aced-poker\/","name":"Aced.com Poker - RakeMonkey.com","isPartOf":{"@id":"https:\/\/www.rakemonkey.com\/de\/#website"},"datePublished":"2010-02-24T12:12:59+00:00","dateModified":"2010-02-24T12:12:59+00:00","breadcrumb":{"@id":"https:\/\/www.rakemonkey.com\/de\/poker-reviews\/aced-poker\/#breadcrumb"},"inLanguage":"en-US","potentialAction":[{"@type":"ReadAction","target":["https:\/\/www.rakemonkey.com\/de\/poker-reviews\/aced-poker\/"]}]},{"@type":"BreadcrumbList","@id":"https:\/\/www.rakemonkey.com\/de\/poker-reviews\/aced-poker\/#breadcrumb","itemListElement":[{"@type":"ListItem","position":1,"name":"Home","item":"https:\/\/www.rakemonkey.com\/de\/"},{"@type":"ListItem","position":2,"name":"Rezensionen","item":"https:\/\/www.rakemonkey.com\/de\/poker-reviews\/"},{"@type":"ListItem","position":3,"name":"Aced.com Poker"}]},{"@type":"WebSite","@id":"https:\/\/www.rakemonkey.com\/de\/#website","url":"https:\/\/www.rakemonkey.com\/de\/","name":"RakeMonkey.com","description":"","potentialAction":[{"@type":"SearchAction","target":{"@type":"EntryPoint","urlTemplate":"https:\/\/www.rakemonkey.com\/de\/?s={search_term_string}"},"query-input":"required name=search_term_string"}],"inLanguage":"en-US"}]}},"_links":{"self":[{"href":"https:\/\/www.rakemonkey.com\/de\/wp-json\/wp\/v2\/pages\/65"}],"collection":[{"href":"https:\/\/www.rakemonkey.com\/de\/wp-json\/wp\/v2\/pages"}],"about":[{"href":"https:\/\/www.rakemonkey.com\/de\/wp-json\/wp\/v2\/types\/page"}],"author":[{"embeddable":true,"href":"https:\/\/www.rakemonkey.com\/de\/wp-json\/wp\/v2\/users\/9"}],"replies":[{"embeddable":true,"href":"https:\/\/www.rakemonkey.com\/de\/wp-json\/wp\/v2\/comments?post=65"}],"version-history":[{"count":0,"href":"https:\/\/www.rakemonkey.com\/de\/wp-json\/wp\/v2\/pages\/65\/revisions"}],"up":[{"embeddable":true,"href":"https:\/\/www.rakemonkey.com\/de\/wp-json\/wp\/v2\/pages\/105"}],"wp:attachment":[{"href":"https:\/\/www.rakemonkey.com\/de\/wp-json\/wp\/v2\/media?parent=65"}],"curies":[{"name":"wp","href":"https:\/\/api.w.org\/{rel}","templated":true}]}}