{"id":101,"date":"2010-02-18T10:11:39","date_gmt":"2010-02-18T10:11:39","guid":{"rendered":"http:\/\/www.rakemonkey.com\/es\/?page_id=101"},"modified":"2010-02-18T10:11:39","modified_gmt":"2010-02-18T10:11:39","slug":"betfair-rakeback","status":"publish","type":"page","link":"https:\/\/www.rakemonkey.com\/es\/comentarios\/betfair-rakeback\/","title":{"rendered":"Betfair Rakeback"},"content":{"rendered":"<h2><strong>Resumen de Betfair Poker<\/strong><\/h2>\n<p>Originalmente lanzado en 1999 como un operador de apuestas deportivas en l\u00ednea,<strong> Betfair<\/strong> pronto expandi\u00f3 sus servicios para incluir una sala de p\u00f3quer en l\u00ednea y el casino. Betfair Poker se basa en su habilidad personal, y uno estelar, el que utilizan para atraer y retener a los jugadores, que decidan no formar parte de cualquier otra red o base de jugadores compartidos. Uno de los m\u00e1s populares servicios de juegos online en toda Europa, ganador del Queen&#8217;s Award por su calidad, Betfair Poker tiene algo para todos &#8211; una plataforma de software fuerte, con un gran calendario de torneos, una buena variedad de juegos y promociones lucrativas.<\/p>\n<p>Betfair Poker da la bienvenida a todos sus nuevos miembros con un bono de hasta $ 500, independientemente de la cantidad del dep\u00f3sito inicial del jugador. Este bono vale tanto o tan poco, ya que el jugador elige. Entre m\u00e1s serio en su juego de p\u00f3quer en l\u00ednea, m\u00e1s se puede aspirar a ganar. Cuando te registras con Betfair Poker a trav\u00e9s de este sitio web, no s\u00f3lo recibir\u00e1s este bono de bienvenida impresionante, pero un Rakeback entre 30-40%.<\/p>\n<h2><strong>Detalles del Rakeback con Betfair Poker <\/strong><\/h2>\n<p>El programa de Rakeback es \u00fanico, en el sentido de que es cada vez recompensa a todos los tipos de jugadores, desde el casual al m\u00e1s serio. Aplicando el m\u00e9todo de c\u00e1lculo compartido del Rakeback, los jugadores pueden ganar entre 30-40%.<\/p>\n<p>El Rakeback compartido es una de las formas m\u00e1s raras de rakeback encontrado en estos d\u00edas. Como rakeback contribuido, un jugador est\u00e1 obligado a hacer una contribuci\u00f3n al pote, sin embargo, el peso de la contribuci\u00f3n, no importa. Se trata de un promedio contribuido. El jugador gana la misma cantidad de rakeback si coloca una ficha de p\u00f3quer o el 50% del total de fichas en el pote.<\/p>\n<p>La cantidad de Rakeback que ganes depende de la cantidad de puntos de jugador que ganas en un mes calendario. Los que acumulan entre 1 y 29.999 puntos recibir\u00e1n el 30% Rakeback. Recopilaci\u00f3n de 30.000 o m\u00e1s puntos en un mes aumenta tu Rakeback al 40%.<\/p>\n<h2><strong>Pagos de Rakeback en Betfair Poker <\/strong><\/h2>\n<p>Normalmente, Betfair Pokerpaga el rakeback cada dos semanas, el 1 y 15 de cada mes &#8211; sin embargo, una vez que te registras y entras en una cuenta aqu\u00ed en RakeMonkey, eres capaz de hacer efectivo pago cuando le apetezca. Todos los pagos se dirigen directamente a tu cuenta de p\u00f3quer de Betfair.<\/p>\n<h2><strong>Bonos y Deducciones con Betfair Poker <\/strong><\/h2>\n<p>Cuando haces tu primer dep\u00f3sito en Betfair Poker, no hay un dep\u00f3sito basado en el porcentaje de tu bono de bienvenida. Ya sea que deposites de $ 25 o $ 250, todav\u00eda puedes ganar hasta $ 500 en fichas de p\u00f3quer gratis. La cantidad de tu bono depende de tu acumulaci\u00f3n de puntos en los primeros 60 d\u00edas.<\/p>\n<p>Si acumulas 400 puntos de p\u00f3quer autom\u00e1ticamente se liberaran 10 d\u00f3lares de bonificaci\u00f3n. Contin\u00faa ganando tantos puntos como puedas, hasta 20.000 para cambiar el bono de 500 d\u00f3lares si es posible.<\/p>\n<p>Betfair descontar\u00e1 todos los bonos ganados de tu Rake Mensual antes de calcular el rakeback.<\/p>\n<h2><strong>Dep\u00f3sitos y Aceptaci\u00f3n de jugadores en Betfair Poker <\/strong><\/h2>\n<p>Betfair Poker suministra un amplio surtido de m\u00e9todos de pago seguros a elegir. Ten en cuenta que los jugadores de EE.UU. no est\u00e1n permitidos.<\/p>\n<p>Formas de pago: Visa, MasterCard, Visa Electron, Visa Delta, Maestro, Laser, Solo, EntroPay, NETeller, Moneybookers, PayPal, ClickandBuy, POLI, BPAY, 8 de pago, Western Union, Transferencia Bancaria, Transferencia Bancaria Express Check \/ Cheque.<\/p>\n","protected":false},"excerpt":{"rendered":"<p>Resumen de Betfair Poker Originalmente lanzado en 1999 como un operador de apuestas deportivas en l\u00ednea, Betfair pronto expandi\u00f3 sus servicios para incluir una sala de p\u00f3quer en l\u00ednea y el casino. Betfair Poker se basa en su habilidad personal,<a class=\"post-link\" href=\"https:\/\/www.rakemonkey.com\/es\/comentarios\/betfair-rakeback\/\"> read more&#8230;<\/a><\/p>\n","protected":false},"author":9,"featured_media":0,"parent":31,"menu_order":0,"comment_status":"closed","ping_status":"open","template":"rm_review.php","meta":[],"acf":[],"yoast_head":"<!-- This site is optimized with the Yoast SEO plugin v19.6.1 - https:\/\/yoast.com\/wordpress\/plugins\/seo\/ -->\n<title>Detalles del Rakeback con Betfair Poker - 30% to 40%<\/title>\n<meta name=\"description\" content=\"Cuando te registras con Betfair Poker a trav\u00e9s de este sitio web, no s\u00f3lo recibir\u00e1s este bono de bienvenida impresionante, pero un Rakeback entre 30-40%.\" \/>\n<meta name=\"robots\" content=\"index, follow, max-snippet:-1, max-image-preview:large, max-video-preview:-1\" \/>\n<link rel=\"canonical\" href=\"https:\/\/www.rakemonkey.com\/es\/comentarios\/betfair-rakeback\/\" \/>\n<meta property=\"og:locale\" content=\"en_US\" \/>\n<meta property=\"og:type\" content=\"article\" \/>\n<meta property=\"og:title\" content=\"Detalles del Rakeback con Betfair Poker - 30% to 40%\" \/>\n<meta property=\"og:description\" content=\"Cuando te registras con Betfair Poker a trav\u00e9s de este sitio web, no s\u00f3lo recibir\u00e1s este bono de bienvenida impresionante, pero un Rakeback entre 30-40%.\" \/>\n<meta property=\"og:url\" content=\"https:\/\/www.rakemonkey.com\/es\/comentarios\/betfair-rakeback\/\" \/>\n<meta property=\"og:site_name\" content=\"RakeMonkey.com\" \/>\n<meta name=\"twitter:card\" content=\"summary\" \/>\n<meta name=\"twitter:label1\" content=\"Est. reading time\" \/>\n\t<meta name=\"twitter:data1\" content=\"3 minutes\" \/>\n<script type=\"application\/ld+json\" class=\"yoast-schema-graph\">{\"@context\":\"https:\/\/schema.org\",\"@graph\":[{\"@type\":\"WebPage\",\"@id\":\"https:\/\/www.rakemonkey.com\/es\/comentarios\/betfair-rakeback\/\",\"url\":\"https:\/\/www.rakemonkey.com\/es\/comentarios\/betfair-rakeback\/\",\"name\":\"Detalles del Rakeback con Betfair Poker - 30% to 40%\",\"isPartOf\":{\"@id\":\"https:\/\/www.rakemonkey.com\/es\/#website\"},\"datePublished\":\"2010-02-18T10:11:39+00:00\",\"dateModified\":\"2010-02-18T10:11:39+00:00\",\"description\":\"Cuando te registras con Betfair Poker a trav\u00e9s de este sitio web, no s\u00f3lo recibir\u00e1s este bono de bienvenida impresionante, pero un Rakeback entre 30-40%.\",\"breadcrumb\":{\"@id\":\"https:\/\/www.rakemonkey.com\/es\/comentarios\/betfair-rakeback\/#breadcrumb\"},\"inLanguage\":\"en-US\",\"potentialAction\":[{\"@type\":\"ReadAction\",\"target\":[\"https:\/\/www.rakemonkey.com\/es\/comentarios\/betfair-rakeback\/\"]}]},{\"@type\":\"BreadcrumbList\",\"@id\":\"https:\/\/www.rakemonkey.com\/es\/comentarios\/betfair-rakeback\/#breadcrumb\",\"itemListElement\":[{\"@type\":\"ListItem\",\"position\":1,\"name\":\"Home\",\"item\":\"https:\/\/www.rakemonkey.com\/es\/\"},{\"@type\":\"ListItem\",\"position\":2,\"name\":\"Comentarios\",\"item\":\"https:\/\/www.rakemonkey.com\/es\/comentarios\/\"},{\"@type\":\"ListItem\",\"position\":3,\"name\":\"Betfair Rakeback\"}]},{\"@type\":\"WebSite\",\"@id\":\"https:\/\/www.rakemonkey.com\/es\/#website\",\"url\":\"https:\/\/www.rakemonkey.com\/es\/\",\"name\":\"RakeMonkey.com\",\"description\":\"\",\"potentialAction\":[{\"@type\":\"SearchAction\",\"target\":{\"@type\":\"EntryPoint\",\"urlTemplate\":\"https:\/\/www.rakemonkey.com\/es\/?s={search_term_string}\"},\"query-input\":\"required name=search_term_string\"}],\"inLanguage\":\"en-US\"}]}<\/script>\n<!-- \/ Yoast SEO plugin. -->","yoast_head_json":{"title":"Detalles del Rakeback con Betfair Poker - 30% to 40%","description":"Cuando te registras con Betfair Poker a trav\u00e9s de este sitio web, no s\u00f3lo recibir\u00e1s este bono de bienvenida impresionante, pero un Rakeback entre 30-40%.","robots":{"index":"index","follow":"follow","max-snippet":"max-snippet:-1","max-image-preview":"max-image-preview:large","max-video-preview":"max-video-preview:-1"},"canonical":"https:\/\/www.rakemonkey.com\/es\/comentarios\/betfair-rakeback\/","og_locale":"en_US","og_type":"article","og_title":"Detalles del Rakeback con Betfair Poker - 30% to 40%","og_description":"Cuando te registras con Betfair Poker a trav\u00e9s de este sitio web, no s\u00f3lo recibir\u00e1s este bono de bienvenida impresionante, pero un Rakeback entre 30-40%.","og_url":"https:\/\/www.rakemonkey.com\/es\/comentarios\/betfair-rakeback\/","og_site_name":"RakeMonkey.com","twitter_card":"summary","twitter_misc":{"Est. reading time":"3 minutes"},"schema":{"@context":"https:\/\/schema.org","@graph":[{"@type":"WebPage","@id":"https:\/\/www.rakemonkey.com\/es\/comentarios\/betfair-rakeback\/","url":"https:\/\/www.rakemonkey.com\/es\/comentarios\/betfair-rakeback\/","name":"Detalles del Rakeback con Betfair Poker - 30% to 40%","isPartOf":{"@id":"https:\/\/www.rakemonkey.com\/es\/#website"},"datePublished":"2010-02-18T10:11:39+00:00","dateModified":"2010-02-18T10:11:39+00:00","description":"Cuando te registras con Betfair Poker a trav\u00e9s de este sitio web, no s\u00f3lo recibir\u00e1s este bono de bienvenida impresionante, pero un Rakeback entre 30-40%.","breadcrumb":{"@id":"https:\/\/www.rakemonkey.com\/es\/comentarios\/betfair-rakeback\/#breadcrumb"},"inLanguage":"en-US","potentialAction":[{"@type":"ReadAction","target":["https:\/\/www.rakemonkey.com\/es\/comentarios\/betfair-rakeback\/"]}]},{"@type":"BreadcrumbList","@id":"https:\/\/www.rakemonkey.com\/es\/comentarios\/betfair-rakeback\/#breadcrumb","itemListElement":[{"@type":"ListItem","position":1,"name":"Home","item":"https:\/\/www.rakemonkey.com\/es\/"},{"@type":"ListItem","position":2,"name":"Comentarios","item":"https:\/\/www.rakemonkey.com\/es\/comentarios\/"},{"@type":"ListItem","position":3,"name":"Betfair Rakeback"}]},{"@type":"WebSite","@id":"https:\/\/www.rakemonkey.com\/es\/#website","url":"https:\/\/www.rakemonkey.com\/es\/","name":"RakeMonkey.com","description":"","potentialAction":[{"@type":"SearchAction","target":{"@type":"EntryPoint","urlTemplate":"https:\/\/www.rakemonkey.com\/es\/?s={search_term_string}"},"query-input":"required name=search_term_string"}],"inLanguage":"en-US"}]}},"_links":{"self":[{"href":"https:\/\/www.rakemonkey.com\/es\/wp-json\/wp\/v2\/pages\/101"}],"collection":[{"href":"https:\/\/www.rakemonkey.com\/es\/wp-json\/wp\/v2\/pages"}],"about":[{"href":"https:\/\/www.rakemonkey.com\/es\/wp-json\/wp\/v2\/types\/page"}],"author":[{"embeddable":true,"href":"https:\/\/www.rakemonkey.com\/es\/wp-json\/wp\/v2\/users\/9"}],"replies":[{"embeddable":true,"href":"https:\/\/www.rakemonkey.com\/es\/wp-json\/wp\/v2\/comments?post=101"}],"version-history":[{"count":0,"href":"https:\/\/www.rakemonkey.com\/es\/wp-json\/wp\/v2\/pages\/101\/revisions"}],"up":[{"embeddable":true,"href":"https:\/\/www.rakemonkey.com\/es\/wp-json\/wp\/v2\/pages\/31"}],"wp:attachment":[{"href":"https:\/\/www.rakemonkey.com\/es\/wp-json\/wp\/v2\/media?parent=101"}],"curies":[{"name":"wp","href":"https:\/\/api.w.org\/{rel}","templated":true}]}}