{"id":12,"date":"2010-02-11T19:06:26","date_gmt":"2010-02-11T19:06:26","guid":{"rendered":"http:\/\/www.rakemonkey.com\/es\/?page_id=12"},"modified":"2010-02-11T19:06:26","modified_gmt":"2010-02-11T19:06:26","slug":"freerolls","status":"publish","type":"page","link":"https:\/\/www.rakemonkey.com\/es\/freerolls\/","title":{"rendered":"Freerolls"},"content":{"rendered":"<h2>Freerolls de Cambio Sobrante Semanales<\/h2>\n<p>Los Freerolls de Cambio Sobrante son torneos de freerolls realizados cada Domingo a las 3:00PM EST con un pote garantizado de $5,000. Nosotros ayudamos a esos torneos con $2,500 y despu\u00e9s todos nuestros jugadores tienen la oportunidad de participar. Cuando ellos liberan el Cambio sobrante que les quedo cada d\u00eda de cualquiera que haya optado por entrar y entonces agregan ese cambio al pote.<\/p>\n<p>Por Ejemplo, si tu balance final de rakeback un d\u00eda es de $73.42, bueno toma $0.42 de tu balance y agr\u00e9galo al pote. Si hay alguna semana en la cual no tengas el suficiente cambio para agregar al pote y que llegue a $5,000. Entonces lo llenaremos con nuestros propios fondos hasta que el pote valga $5,000.<\/p>\n<p>En total, nuestros freerolls de Cambio Sobrante representan un valor de $20,000 de los freerolls garantizados en torneos cada mes. Esto es solo una de las muchas maneras en que nosotros nos diferenciamos de la competencia. Entrar a estos torneos cuesta absolutamente nada m\u00e1s que el cambio sobrante de tu cuenta.<\/p>\n<p>Estos torneos son una incre\u00edble manera de construir tu presupuesto, especialmente para los jugadores nuevos. Una de las mejores cosas sobre los freerolls de cambio sobrante es que muchas del as personas que entran a estos ni se presentan. As\u00ed que hay un mont\u00f3n de dinero muerto esper\u00e1ndote \u2013 todo lo que tienes que hacer es llev\u00e1rtelo.<\/p>\n<h2>Como Participar<\/h2>\n<p>Una vez que hayas optado por entrar a nuestros freerolls de sencillo sobrante, todo lo que tienes q contribuir es con un m\u00ednimo de $0.01 al pote. La minima cantidad la cual puedas contribuir es $0.01 y el m\u00e1ximo que puedes pagar es solo si tu cuenta termina en $0.99 cada d\u00eda. En otras palabras, lo m\u00e1s que puede costar que participes es $6.93.<\/p>\n<h3>No necesitas ni jugar en Full Tilt para poder participar<\/h3>\n<p>Puedes entrar a nuestros freerolls de Sencillo Sobrante a trav\u00e9s de cualquiera de nuestros sitios de p\u00f3quer que ofrecen rakeback. Mientras tengas una cuenta con nosotros, puedes optar por entrar a cualquier freeroll de sencillo sobrante y despu\u00e9s jugar cada domingo en Full Tilt. Tu cuenta de Full Tilt no tiene ni que estar enlazada a nosotros. Solo juega p\u00f3quer en tu sitio regular y despu\u00e9s reg\u00edstrate a tu cuenta de Full Tilt una vez al mes para participar en nuestro freeroll.<\/p>\n<h2>No Tienes una Cuenta en Full Tilt?<\/h2>\n<p>Visita nuestra <a href=\"..\/..\/..\/..\/..\/..\/reviews\/full-tilt-poker-rakeback\"><strong>Pagina de registro de Full Tilt <\/strong><\/a> para obtener una cuenta de p\u00f3quer. Full Tilt es de hecho una de las alas favoritas para recibir rakeback ya que tiene los mejores juegos por dinero real en el Internet y miles de torneos de p\u00f3quer.<\/p>\n","protected":false},"excerpt":{"rendered":"<p>Freerolls de Cambio Sobrante Semanales Los Freerolls de Cambio Sobrante son torneos de freerolls realizados cada Domingo a las 3:00PM EST con un pote garantizado de $5,000. Nosotros ayudamos a esos torneos con $2,500 y despu\u00e9s todos nuestros jugadores tienen<a class=\"post-link\" href=\"https:\/\/www.rakemonkey.com\/es\/freerolls\/\"> read more&#8230;<\/a><\/p>\n","protected":false},"author":9,"featured_media":0,"parent":0,"menu_order":0,"comment_status":"open","ping_status":"open","template":"","meta":[],"acf":[],"yoast_head":"<!-- This site is optimized with the Yoast SEO plugin v19.6.1 - https:\/\/yoast.com\/wordpress\/plugins\/seo\/ -->\n<title>Freerolls - RakeMonkey.com<\/title>\n<meta name=\"robots\" content=\"index, follow, max-snippet:-1, max-image-preview:large, max-video-preview:-1\" \/>\n<link rel=\"canonical\" href=\"https:\/\/www.rakemonkey.com\/es\/freerolls\/\" \/>\n<meta property=\"og:locale\" content=\"en_US\" \/>\n<meta property=\"og:type\" content=\"article\" \/>\n<meta property=\"og:title\" content=\"Freerolls - RakeMonkey.com\" \/>\n<meta property=\"og:description\" content=\"Freerolls de Cambio Sobrante Semanales Los Freerolls de Cambio Sobrante son torneos de freerolls realizados cada Domingo a las 3:00PM EST con un pote garantizado de $5,000. Nosotros ayudamos a esos torneos con $2,500 y despu\u00e9s todos nuestros jugadores tienen read more...\" \/>\n<meta property=\"og:url\" content=\"https:\/\/www.rakemonkey.com\/es\/freerolls\/\" \/>\n<meta property=\"og:site_name\" content=\"RakeMonkey.com\" \/>\n<meta name=\"twitter:card\" content=\"summary\" \/>\n<meta name=\"twitter:label1\" content=\"Est. reading time\" \/>\n\t<meta name=\"twitter:data1\" content=\"2 minutes\" \/>\n<script type=\"application\/ld+json\" class=\"yoast-schema-graph\">{\"@context\":\"https:\/\/schema.org\",\"@graph\":[{\"@type\":\"WebPage\",\"@id\":\"https:\/\/www.rakemonkey.com\/es\/freerolls\/\",\"url\":\"https:\/\/www.rakemonkey.com\/es\/freerolls\/\",\"name\":\"Freerolls - RakeMonkey.com\",\"isPartOf\":{\"@id\":\"https:\/\/www.rakemonkey.com\/es\/#website\"},\"datePublished\":\"2010-02-11T19:06:26+00:00\",\"dateModified\":\"2010-02-11T19:06:26+00:00\",\"breadcrumb\":{\"@id\":\"https:\/\/www.rakemonkey.com\/es\/freerolls\/#breadcrumb\"},\"inLanguage\":\"en-US\",\"potentialAction\":[{\"@type\":\"ReadAction\",\"target\":[\"https:\/\/www.rakemonkey.com\/es\/freerolls\/\"]}]},{\"@type\":\"BreadcrumbList\",\"@id\":\"https:\/\/www.rakemonkey.com\/es\/freerolls\/#breadcrumb\",\"itemListElement\":[{\"@type\":\"ListItem\",\"position\":1,\"name\":\"Home\",\"item\":\"https:\/\/www.rakemonkey.com\/es\/\"},{\"@type\":\"ListItem\",\"position\":2,\"name\":\"Freerolls\"}]},{\"@type\":\"WebSite\",\"@id\":\"https:\/\/www.rakemonkey.com\/es\/#website\",\"url\":\"https:\/\/www.rakemonkey.com\/es\/\",\"name\":\"RakeMonkey.com\",\"description\":\"\",\"potentialAction\":[{\"@type\":\"SearchAction\",\"target\":{\"@type\":\"EntryPoint\",\"urlTemplate\":\"https:\/\/www.rakemonkey.com\/es\/?s={search_term_string}\"},\"query-input\":\"required name=search_term_string\"}],\"inLanguage\":\"en-US\"}]}<\/script>\n<!-- \/ Yoast SEO plugin. -->","yoast_head_json":{"title":"Freerolls - RakeMonkey.com","robots":{"index":"index","follow":"follow","max-snippet":"max-snippet:-1","max-image-preview":"max-image-preview:large","max-video-preview":"max-video-preview:-1"},"canonical":"https:\/\/www.rakemonkey.com\/es\/freerolls\/","og_locale":"en_US","og_type":"article","og_title":"Freerolls - RakeMonkey.com","og_description":"Freerolls de Cambio Sobrante Semanales Los Freerolls de Cambio Sobrante son torneos de freerolls realizados cada Domingo a las 3:00PM EST con un pote garantizado de $5,000. Nosotros ayudamos a esos torneos con $2,500 y despu\u00e9s todos nuestros jugadores tienen read more...","og_url":"https:\/\/www.rakemonkey.com\/es\/freerolls\/","og_site_name":"RakeMonkey.com","twitter_card":"summary","twitter_misc":{"Est. reading time":"2 minutes"},"schema":{"@context":"https:\/\/schema.org","@graph":[{"@type":"WebPage","@id":"https:\/\/www.rakemonkey.com\/es\/freerolls\/","url":"https:\/\/www.rakemonkey.com\/es\/freerolls\/","name":"Freerolls - RakeMonkey.com","isPartOf":{"@id":"https:\/\/www.rakemonkey.com\/es\/#website"},"datePublished":"2010-02-11T19:06:26+00:00","dateModified":"2010-02-11T19:06:26+00:00","breadcrumb":{"@id":"https:\/\/www.rakemonkey.com\/es\/freerolls\/#breadcrumb"},"inLanguage":"en-US","potentialAction":[{"@type":"ReadAction","target":["https:\/\/www.rakemonkey.com\/es\/freerolls\/"]}]},{"@type":"BreadcrumbList","@id":"https:\/\/www.rakemonkey.com\/es\/freerolls\/#breadcrumb","itemListElement":[{"@type":"ListItem","position":1,"name":"Home","item":"https:\/\/www.rakemonkey.com\/es\/"},{"@type":"ListItem","position":2,"name":"Freerolls"}]},{"@type":"WebSite","@id":"https:\/\/www.rakemonkey.com\/es\/#website","url":"https:\/\/www.rakemonkey.com\/es\/","name":"RakeMonkey.com","description":"","potentialAction":[{"@type":"SearchAction","target":{"@type":"EntryPoint","urlTemplate":"https:\/\/www.rakemonkey.com\/es\/?s={search_term_string}"},"query-input":"required name=search_term_string"}],"inLanguage":"en-US"}]}},"_links":{"self":[{"href":"https:\/\/www.rakemonkey.com\/es\/wp-json\/wp\/v2\/pages\/12"}],"collection":[{"href":"https:\/\/www.rakemonkey.com\/es\/wp-json\/wp\/v2\/pages"}],"about":[{"href":"https:\/\/www.rakemonkey.com\/es\/wp-json\/wp\/v2\/types\/page"}],"author":[{"embeddable":true,"href":"https:\/\/www.rakemonkey.com\/es\/wp-json\/wp\/v2\/users\/9"}],"replies":[{"embeddable":true,"href":"https:\/\/www.rakemonkey.com\/es\/wp-json\/wp\/v2\/comments?post=12"}],"version-history":[{"count":0,"href":"https:\/\/www.rakemonkey.com\/es\/wp-json\/wp\/v2\/pages\/12\/revisions"}],"wp:attachment":[{"href":"https:\/\/www.rakemonkey.com\/es\/wp-json\/wp\/v2\/media?parent=12"}],"curies":[{"name":"wp","href":"https:\/\/api.w.org\/{rel}","templated":true}]}}