{"id":124,"date":"2013-07-02T12:48:43","date_gmt":"2013-07-02T12:48:43","guid":{"rendered":"http:\/\/www.rakemonkey.com\/es\/?page_id=124"},"modified":"2017-08-01T02:52:06","modified_gmt":"2017-08-01T02:52:06","slug":"poker-rakeback","status":"publish","type":"page","link":"https:\/\/www.rakemonkey.com\/es\/","title":{"rendered":"Poker Rakeback"},"content":{"rendered":"<h3>Los Mejores Tratos del Rakeback Por Rake Monkey<\/h3>\n<p>En Rake Monkey, estamos para ayudarte a que consigas lo mejor del p\u00f3quer en l\u00ednea mientras juegas. Te traemos los mejores tratos del rakeback en l\u00ednea y ofertas de rakeback para que continuamente incrementes el monto que te damos mientras nosotros continuamos creciendo. Nosotros somos totalmente p\u00f3quer adictos! Con m\u00e1s de $150,000 en Febrero agregado en bonos y promociones en Enero, es dif\u00edcil encontrar otro proveedor de rakeback que entrega tanto valor a los jugadores de p\u00f3quer en l\u00ednea. Cuando te registres para recibir rakeback con RakeMonkey.com, podr\u00e1s sentirte tranquilo de que no vas a dejar pasar otra mejor oferta en otro lugar. Ac\u00e1 est\u00e1n las razones por las cuales somos tan especiales:<\/p>\n<p>\u2022 Saca tu dinero en CUALQUIER MOMENTO con nuestras grandes estad\u00edsticas personales y opciones de retiro. Solo ingresa y veras tus cantidades de rake y libera tu dinero una vez a la semana, una vez al d\u00eda, o varias veces todos los d\u00edas.<\/p>\n<p>\u2022 Mas de $150,000 en dinero agregado y promociones en Enero a trav\u00e9s de los exclusivos freerolls de Rake Monkey, carreras de rake, y carreras topes de rake. Para los jugadores con mucho volumen tambi\u00e9n como para jugadores nuevos, nosotros tiramos mucho dinero para ti, que quedaras cegado!<\/p>\n<p>\u2022 No te preocupes por quien te pagara. Con nuestras operaciones bien fundadas, t\u00fa nunca te quedaras pensando a donde fue tu proveedor de rakeback con tu dinero. Los d\u00edas de esperar a que si te paguen este mes es han terminado ya que tenemos acceso 24\/7 a tus fondos de rakeback.<\/p>\n<p>\u2022 Nosotros pagamos muchos cientos de miles de d\u00f3lares en rakeback CADA MES En sociedad con Rake Update, uno de las compa\u00f1\u00edas m\u00e1s grandes y m\u00e1s confiables en el mundo con la cual pagamos rakeback a m\u00e1s de 20,000 jugadores de p\u00f3quer cada mes \u2013 y ese n\u00famero sigue creciendo. Esperamos que t\u00fa tambi\u00e9n te conviertas en uno de esos cientos de clientes felices.<\/p>\n<p>A diferencia de los dem\u00e1s sitios de rakeback que solo le pagan a sus jugadores una vez al mes, nuestro acceso al \u00e1rea \u00fanica de jugador nos da el poder de liberar el dinero de tu rakeback diariamente.<\/p>\n<p>Haz Clic en cualquier nombre de la sala de p\u00f3quer de la que quieras recibir rakeback las cuales est\u00e1n al lado derecho de esta pagina para aprender m\u00e1s sobre los sitios de rakeback en el p\u00f3quer y promociones, y para registrarte para obtener rakeback de Rake Monkey. Puedes tambi\u00e9n aprender que diferentes tipos de rakeback son ofrecidos y por que el Rakeback es tan esencial en el mundo del p\u00f3quer de hoy.<\/p>\n","protected":false},"excerpt":{"rendered":"<p>Los Mejores Tratos del Rakeback Por Rake Monkey En Rake Monkey, estamos para ayudarte a que consigas lo mejor del p\u00f3quer en l\u00ednea mientras juegas. Te traemos los mejores tratos del rakeback en l\u00ednea y ofertas de rakeback para que<a class=\"post-link\" href=\"https:\/\/www.rakemonkey.com\/es\/\"> read more&#8230;<\/a><\/p>\n","protected":false},"author":9,"featured_media":0,"parent":0,"menu_order":0,"comment_status":"closed","ping_status":"open","template":"startpage.php","meta":[],"acf":[],"yoast_head":"<!-- This site is optimized with the Yoast SEO plugin v19.6.1 - https:\/\/yoast.com\/wordpress\/plugins\/seo\/ -->\n<title>Poker Rakeback - RakeMonkey.com<\/title>\n<meta name=\"robots\" content=\"index, follow, max-snippet:-1, max-image-preview:large, max-video-preview:-1\" \/>\n<link rel=\"canonical\" href=\"https:\/\/www.rakemonkey.com\/es\/\" \/>\n<meta property=\"og:locale\" content=\"en_US\" \/>\n<meta property=\"og:type\" content=\"article\" \/>\n<meta property=\"og:title\" content=\"Poker Rakeback - RakeMonkey.com\" \/>\n<meta property=\"og:description\" content=\"Los Mejores Tratos del Rakeback Por Rake Monkey En Rake Monkey, estamos para ayudarte a que consigas lo mejor del p\u00f3quer en l\u00ednea mientras juegas. Te traemos los mejores tratos del rakeback en l\u00ednea y ofertas de rakeback para que read more...\" \/>\n<meta property=\"og:url\" content=\"https:\/\/www.rakemonkey.com\/es\/\" \/>\n<meta property=\"og:site_name\" content=\"RakeMonkey.com\" \/>\n<meta property=\"article:modified_time\" content=\"2017-08-01T02:52:06+00:00\" \/>\n<meta name=\"twitter:card\" content=\"summary\" \/>\n<meta name=\"twitter:label1\" content=\"Est. reading time\" \/>\n\t<meta name=\"twitter:data1\" content=\"2 minutes\" \/>\n<script type=\"application\/ld+json\" class=\"yoast-schema-graph\">{\"@context\":\"https:\/\/schema.org\",\"@graph\":[{\"@type\":\"WebPage\",\"@id\":\"https:\/\/www.rakemonkey.com\/es\/\",\"url\":\"https:\/\/www.rakemonkey.com\/es\/\",\"name\":\"Poker Rakeback - RakeMonkey.com\",\"isPartOf\":{\"@id\":\"https:\/\/www.rakemonkey.com\/es\/#website\"},\"datePublished\":\"2013-07-02T12:48:43+00:00\",\"dateModified\":\"2017-08-01T02:52:06+00:00\",\"breadcrumb\":{\"@id\":\"https:\/\/www.rakemonkey.com\/es\/#breadcrumb\"},\"inLanguage\":\"en-US\",\"potentialAction\":[{\"@type\":\"ReadAction\",\"target\":[\"https:\/\/www.rakemonkey.com\/es\/\"]}]},{\"@type\":\"BreadcrumbList\",\"@id\":\"https:\/\/www.rakemonkey.com\/es\/#breadcrumb\",\"itemListElement\":[{\"@type\":\"ListItem\",\"position\":1,\"name\":\"Home\",\"item\":\"https:\/\/www.rakemonkey.com\/es\/\"},{\"@type\":\"ListItem\",\"position\":2,\"name\":\"Poker Rakeback\"}]},{\"@type\":\"WebSite\",\"@id\":\"https:\/\/www.rakemonkey.com\/es\/#website\",\"url\":\"https:\/\/www.rakemonkey.com\/es\/\",\"name\":\"RakeMonkey.com\",\"description\":\"\",\"potentialAction\":[{\"@type\":\"SearchAction\",\"target\":{\"@type\":\"EntryPoint\",\"urlTemplate\":\"https:\/\/www.rakemonkey.com\/es\/?s={search_term_string}\"},\"query-input\":\"required name=search_term_string\"}],\"inLanguage\":\"en-US\"}]}<\/script>\n<!-- \/ Yoast SEO plugin. -->","yoast_head_json":{"title":"Poker Rakeback - RakeMonkey.com","robots":{"index":"index","follow":"follow","max-snippet":"max-snippet:-1","max-image-preview":"max-image-preview:large","max-video-preview":"max-video-preview:-1"},"canonical":"https:\/\/www.rakemonkey.com\/es\/","og_locale":"en_US","og_type":"article","og_title":"Poker Rakeback - RakeMonkey.com","og_description":"Los Mejores Tratos del Rakeback Por Rake Monkey En Rake Monkey, estamos para ayudarte a que consigas lo mejor del p\u00f3quer en l\u00ednea mientras juegas. Te traemos los mejores tratos del rakeback en l\u00ednea y ofertas de rakeback para que read more...","og_url":"https:\/\/www.rakemonkey.com\/es\/","og_site_name":"RakeMonkey.com","article_modified_time":"2017-08-01T02:52:06+00:00","twitter_card":"summary","twitter_misc":{"Est. reading time":"2 minutes"},"schema":{"@context":"https:\/\/schema.org","@graph":[{"@type":"WebPage","@id":"https:\/\/www.rakemonkey.com\/es\/","url":"https:\/\/www.rakemonkey.com\/es\/","name":"Poker Rakeback - RakeMonkey.com","isPartOf":{"@id":"https:\/\/www.rakemonkey.com\/es\/#website"},"datePublished":"2013-07-02T12:48:43+00:00","dateModified":"2017-08-01T02:52:06+00:00","breadcrumb":{"@id":"https:\/\/www.rakemonkey.com\/es\/#breadcrumb"},"inLanguage":"en-US","potentialAction":[{"@type":"ReadAction","target":["https:\/\/www.rakemonkey.com\/es\/"]}]},{"@type":"BreadcrumbList","@id":"https:\/\/www.rakemonkey.com\/es\/#breadcrumb","itemListElement":[{"@type":"ListItem","position":1,"name":"Home","item":"https:\/\/www.rakemonkey.com\/es\/"},{"@type":"ListItem","position":2,"name":"Poker Rakeback"}]},{"@type":"WebSite","@id":"https:\/\/www.rakemonkey.com\/es\/#website","url":"https:\/\/www.rakemonkey.com\/es\/","name":"RakeMonkey.com","description":"","potentialAction":[{"@type":"SearchAction","target":{"@type":"EntryPoint","urlTemplate":"https:\/\/www.rakemonkey.com\/es\/?s={search_term_string}"},"query-input":"required name=search_term_string"}],"inLanguage":"en-US"}]}},"_links":{"self":[{"href":"https:\/\/www.rakemonkey.com\/es\/wp-json\/wp\/v2\/pages\/124"}],"collection":[{"href":"https:\/\/www.rakemonkey.com\/es\/wp-json\/wp\/v2\/pages"}],"about":[{"href":"https:\/\/www.rakemonkey.com\/es\/wp-json\/wp\/v2\/types\/page"}],"author":[{"embeddable":true,"href":"https:\/\/www.rakemonkey.com\/es\/wp-json\/wp\/v2\/users\/9"}],"replies":[{"embeddable":true,"href":"https:\/\/www.rakemonkey.com\/es\/wp-json\/wp\/v2\/comments?post=124"}],"version-history":[{"count":0,"href":"https:\/\/www.rakemonkey.com\/es\/wp-json\/wp\/v2\/pages\/124\/revisions"}],"wp:attachment":[{"href":"https:\/\/www.rakemonkey.com\/es\/wp-json\/wp\/v2\/media?parent=124"}],"curies":[{"name":"wp","href":"https:\/\/api.w.org\/{rel}","templated":true}]}}