{"id":16,"date":"2010-02-11T19:07:35","date_gmt":"2010-02-11T19:07:35","guid":{"rendered":"http:\/\/www.rakemonkey.com\/es\/?page_id=16"},"modified":"2010-02-11T19:07:35","modified_gmt":"2010-02-11T19:07:35","slug":"refiere-a-un-amigo","status":"publish","type":"page","link":"https:\/\/www.rakemonkey.com\/es\/refiere-a-un-amigo\/","title":{"rendered":"Referencias"},"content":{"rendered":"<p>In the rakeback business, word of mouth is one of the most powerful forms of advertisement. Poker players tend to know other poker players so we want to make it worth your while to mention our name to your friends when talking about rakeback. With that in mind, we\u2019ve created the highest paying referral program in the industry.<\/p>\n<p>Cualquier vez que tu refieras a un amigo a RakeMonkey.com, ganaras entre 4% a 6% del rake de ese jugador de por vida. Por Ejemplo, si mandas a tres jugadores que generan $10,000 de rake al mes, estar\u00e1s ganando $00 al mes de esos jugadores solamente. La mayor cantidad de jugadores que env\u00edes, mayor ser\u00e1 la cantidad que hagas al mes.<\/p>\n<h2>Tarifas de Refiere A un Amigo<\/h2>\n<p>El porcentaje que ganas con tus referidos esta basado en cuanto rake ellos generen como grupo:<\/p>\n<p><strong>Rake Generado |\u00a0 Tu Parte <\/strong><\/p>\n<p>$0 \u2013 $19,999 | 4%<br \/>\n$20,000 \u2013 $49,999 |\u00a05%<br \/>\n$50,000 + | 6%<\/p>\n<p>Digamos que refieres a 10 jugadores que juegan mucho y juntos generan un total de $50,000 en rake al mes. En este caso, t\u00fa ganaras $3,000 al mes de estos jugadores. Lo m\u00e1s que ellos jueguen, ganaras dinero de ellos sin tener que hacer nada. Este dinero extra que obtengas adem\u00e1s de tu pago regular de rakeback y dinero que ganes a trav\u00e9s de las Carreras y Persecuciones de Rake.<\/p>\n<p>Aun mejor es el echo de que tenemos 5 niveles para el programa de referidos. Esto significa que no solo puedes recibir cr\u00e9dito de los jugadores que refieres, si no que tambi\u00e9n cr\u00e9dito por los que ellos refieren. Esto va descrito abajo en los 5 niveles.<\/p>\n<p>La mayor cantidad de gente que mandes a RakeMonkey.com, la mayor probabilidad hay de que ellos refieran a otros jugadores. Con el programa de 5 niveles, puedes imaginarte un efecto de bola de nieve que esto puede crear.<\/p>\n<p>Tarifas por Niveles<\/p>\n<p><strong>Nivel #\u00a0 | \u00a0Tu Parte<\/strong><strong> <\/strong><\/p>\n<p>1 | 4% to 6%<br \/>\n2 | 1%<br \/>\n3 |\u00a0 .75%<br \/>\n4 | .50%<br \/>\n5 | .25%<\/p>\n<h2>Carrera de Refiere A un Amigo<\/h2>\n<p>Cada mes, damos en total $2,000 en premio de dinero a los mejores 20 jugadores que refieran la mayor cantidad de jugadores a RakeMonkey.com. Por referido que cuente dentro del concurso, el jugador debe de depositar dinero y jugar p\u00f3quer.<\/p>\n","protected":false},"excerpt":{"rendered":"<p>In the rakeback business, word of mouth is one of the most powerful forms of advertisement. Poker players tend to know other poker players so we want to make it worth your while to mention our name to your friends<a class=\"post-link\" href=\"https:\/\/www.rakemonkey.com\/es\/refiere-a-un-amigo\/\"> read more&#8230;<\/a><\/p>\n","protected":false},"author":9,"featured_media":0,"parent":0,"menu_order":0,"comment_status":"open","ping_status":"open","template":"","meta":[],"acf":[],"yoast_head":"<!-- This site is optimized with the Yoast SEO plugin v19.6.1 - https:\/\/yoast.com\/wordpress\/plugins\/seo\/ -->\n<title>Refiere A un Amigo - Referring Friends<\/title>\n<meta name=\"robots\" content=\"index, follow, max-snippet:-1, max-image-preview:large, max-video-preview:-1\" \/>\n<link rel=\"canonical\" href=\"https:\/\/www.rakemonkey.com\/es\/refiere-a-un-amigo\/\" \/>\n<meta property=\"og:locale\" content=\"en_US\" \/>\n<meta property=\"og:type\" content=\"article\" \/>\n<meta property=\"og:title\" content=\"Refiere A un Amigo - Referring Friends\" \/>\n<meta property=\"og:description\" content=\"In the rakeback business, word of mouth is one of the most powerful forms of advertisement. Poker players tend to know other poker players so we want to make it worth your while to mention our name to your friends read more...\" \/>\n<meta property=\"og:url\" content=\"https:\/\/www.rakemonkey.com\/es\/refiere-a-un-amigo\/\" \/>\n<meta property=\"og:site_name\" content=\"RakeMonkey.com\" \/>\n<meta name=\"twitter:card\" content=\"summary\" \/>\n<meta name=\"twitter:label1\" content=\"Est. reading time\" \/>\n\t<meta name=\"twitter:data1\" content=\"2 minutes\" \/>\n<script type=\"application\/ld+json\" class=\"yoast-schema-graph\">{\"@context\":\"https:\/\/schema.org\",\"@graph\":[{\"@type\":\"WebPage\",\"@id\":\"https:\/\/www.rakemonkey.com\/es\/refiere-a-un-amigo\/\",\"url\":\"https:\/\/www.rakemonkey.com\/es\/refiere-a-un-amigo\/\",\"name\":\"Refiere A un Amigo - Referring Friends\",\"isPartOf\":{\"@id\":\"https:\/\/www.rakemonkey.com\/es\/#website\"},\"datePublished\":\"2010-02-11T19:07:35+00:00\",\"dateModified\":\"2010-02-11T19:07:35+00:00\",\"breadcrumb\":{\"@id\":\"https:\/\/www.rakemonkey.com\/es\/refiere-a-un-amigo\/#breadcrumb\"},\"inLanguage\":\"en-US\",\"potentialAction\":[{\"@type\":\"ReadAction\",\"target\":[\"https:\/\/www.rakemonkey.com\/es\/refiere-a-un-amigo\/\"]}]},{\"@type\":\"BreadcrumbList\",\"@id\":\"https:\/\/www.rakemonkey.com\/es\/refiere-a-un-amigo\/#breadcrumb\",\"itemListElement\":[{\"@type\":\"ListItem\",\"position\":1,\"name\":\"Home\",\"item\":\"https:\/\/www.rakemonkey.com\/es\/\"},{\"@type\":\"ListItem\",\"position\":2,\"name\":\"Referencias\"}]},{\"@type\":\"WebSite\",\"@id\":\"https:\/\/www.rakemonkey.com\/es\/#website\",\"url\":\"https:\/\/www.rakemonkey.com\/es\/\",\"name\":\"RakeMonkey.com\",\"description\":\"\",\"potentialAction\":[{\"@type\":\"SearchAction\",\"target\":{\"@type\":\"EntryPoint\",\"urlTemplate\":\"https:\/\/www.rakemonkey.com\/es\/?s={search_term_string}\"},\"query-input\":\"required name=search_term_string\"}],\"inLanguage\":\"en-US\"}]}<\/script>\n<!-- \/ Yoast SEO plugin. -->","yoast_head_json":{"title":"Refiere A un Amigo - Referring Friends","robots":{"index":"index","follow":"follow","max-snippet":"max-snippet:-1","max-image-preview":"max-image-preview:large","max-video-preview":"max-video-preview:-1"},"canonical":"https:\/\/www.rakemonkey.com\/es\/refiere-a-un-amigo\/","og_locale":"en_US","og_type":"article","og_title":"Refiere A un Amigo - Referring Friends","og_description":"In the rakeback business, word of mouth is one of the most powerful forms of advertisement. Poker players tend to know other poker players so we want to make it worth your while to mention our name to your friends read more...","og_url":"https:\/\/www.rakemonkey.com\/es\/refiere-a-un-amigo\/","og_site_name":"RakeMonkey.com","twitter_card":"summary","twitter_misc":{"Est. reading time":"2 minutes"},"schema":{"@context":"https:\/\/schema.org","@graph":[{"@type":"WebPage","@id":"https:\/\/www.rakemonkey.com\/es\/refiere-a-un-amigo\/","url":"https:\/\/www.rakemonkey.com\/es\/refiere-a-un-amigo\/","name":"Refiere A un Amigo - Referring Friends","isPartOf":{"@id":"https:\/\/www.rakemonkey.com\/es\/#website"},"datePublished":"2010-02-11T19:07:35+00:00","dateModified":"2010-02-11T19:07:35+00:00","breadcrumb":{"@id":"https:\/\/www.rakemonkey.com\/es\/refiere-a-un-amigo\/#breadcrumb"},"inLanguage":"en-US","potentialAction":[{"@type":"ReadAction","target":["https:\/\/www.rakemonkey.com\/es\/refiere-a-un-amigo\/"]}]},{"@type":"BreadcrumbList","@id":"https:\/\/www.rakemonkey.com\/es\/refiere-a-un-amigo\/#breadcrumb","itemListElement":[{"@type":"ListItem","position":1,"name":"Home","item":"https:\/\/www.rakemonkey.com\/es\/"},{"@type":"ListItem","position":2,"name":"Referencias"}]},{"@type":"WebSite","@id":"https:\/\/www.rakemonkey.com\/es\/#website","url":"https:\/\/www.rakemonkey.com\/es\/","name":"RakeMonkey.com","description":"","potentialAction":[{"@type":"SearchAction","target":{"@type":"EntryPoint","urlTemplate":"https:\/\/www.rakemonkey.com\/es\/?s={search_term_string}"},"query-input":"required name=search_term_string"}],"inLanguage":"en-US"}]}},"_links":{"self":[{"href":"https:\/\/www.rakemonkey.com\/es\/wp-json\/wp\/v2\/pages\/16"}],"collection":[{"href":"https:\/\/www.rakemonkey.com\/es\/wp-json\/wp\/v2\/pages"}],"about":[{"href":"https:\/\/www.rakemonkey.com\/es\/wp-json\/wp\/v2\/types\/page"}],"author":[{"embeddable":true,"href":"https:\/\/www.rakemonkey.com\/es\/wp-json\/wp\/v2\/users\/9"}],"replies":[{"embeddable":true,"href":"https:\/\/www.rakemonkey.com\/es\/wp-json\/wp\/v2\/comments?post=16"}],"version-history":[{"count":0,"href":"https:\/\/www.rakemonkey.com\/es\/wp-json\/wp\/v2\/pages\/16\/revisions"}],"wp:attachment":[{"href":"https:\/\/www.rakemonkey.com\/es\/wp-json\/wp\/v2\/media?parent=16"}],"curies":[{"name":"wp","href":"https:\/\/api.w.org\/{rel}","templated":true}]}}