{"id":20,"date":"2010-02-11T19:12:35","date_gmt":"2010-02-11T19:12:35","guid":{"rendered":"http:\/\/www.rakemonkey.com\/es\/?page_id=20"},"modified":"2010-02-11T19:12:35","modified_gmt":"2010-02-11T19:12:35","slug":"preguntas-sobre-rakeback","status":"publish","type":"page","link":"https:\/\/www.rakemonkey.com\/es\/preguntas-sobre-rakeback\/","title":{"rendered":"FAQ&#8217;s"},"content":{"rendered":"<p><strong>Que es el Rake?<\/strong><\/p>\n<p><strong> <\/strong><\/p>\n<p>El Rake es el recurso de la ganancia de las salas de p\u00f3quer. Un peque\u00f1o porcentaje es tomado de cada pote y se queda en la sala de p\u00f3quer como ingreso. Esta es la manera en que las salas de p\u00f3quer hacen dinero.<\/p>\n<p><strong> <\/strong><\/p>\n<p><strong>Que es Rakeback? <\/strong><strong> <\/strong><\/p>\n<p>El Rakeback es el trato que t\u00fa recibes de un porcentaje de tu rake de regreso cada mes. Por ejemplo, si tienes un trato de 27% de rakeback, la sala de p\u00f3quer te regresara el 27% del rake que hagas al mes.<\/p>\n<p><strong>Como puedo obtener rakeback? <\/strong><\/p>\n<p>Puedes recibir rakeback cuando te registres en uno de nuestras salas de p\u00f3quer. Siempre que te registres a trav\u00e9s de cualquiera de los sitios que promueve RakeMonkey.com, estar\u00e1s marcado para recibir rakeback de por vida en tu cuenta de p\u00f3quer. Tambi\u00e9n proveemos instrucciones paso a paso para cada sala en espec\u00edfico en nuestras p\u00e1ginas de rakeback. La forma de inscripci\u00f3n es simple para escribir y todo lo que requerimos es b\u00e1sicamente un correo electr\u00f3nico con tu nuevo nombre de pantalla despu\u00e9s de que descargues el software y crees tu cuenta nueva.<\/p>\n<p><strong>Es seguro el rakeback? <\/strong><strong> <\/strong><\/p>\n<p>Si. El rakeback es una industria grande que es modelo de negocio. Muchas salas de p\u00f3quer\u00a0 ofrecen rakeback. Con excepci\u00f3n de algunas. Sin embargo, esas salas generalmente lo compensan ofreciendo programas especiales de VIP.<\/p>\n<p><strong><br \/>\nEs permitido el rakeback en las salas de p\u00f3quer?<\/strong><\/p>\n<p>Si, las salas de p\u00f3quer listadas ac\u00e1 en <strong>RakeMonkey.com<\/strong> todas son parte de nuestros tratos de p\u00f3quer. .<\/p>\n<p><strong>Porque los sitios como RakeMonkey.com ofrecen rakeback? <\/strong><\/p>\n<p>Cada vez que un sitio de p\u00f3quer como este env\u00eda a un jugador\u00a0 a una sala de p\u00f3quer en l\u00ednea, nosotros ganamos un porcentaje del rake del jugador mientras exista la cuenta. Los tratos del rakeback que ofrecemos cortan mucho esa ganancia que nos dan pero logramos estabilizarnos al enviar a muchos jugadores. Todos quieren rakeback!<\/p>\n<p><strong>Puedo encontrar mejores tratos de rakeback en otro lugar? <\/strong><\/p>\n<p>No. la industria del rakeack se ha vuelto muy competitiva en los a\u00f1os recientes y todos los sitios de rakeback como este ofrecen los tratos m\u00e1s altos de rakeback que se permite en las alas de p\u00f3quer. Si t\u00fa encuentras un sitio de rakeback ofreciendo un porcentaje m\u00e1s alto que nosotros de la lista que tenemos, ser\u00e1s muy afortunado. Mas que nada, el sitio de rakeabck esta violando los t\u00e9rminos de la sala de p\u00f3quer y condiciones. Si tu proveedor de rakeback es clausurado, ser\u00e1s desafortunado y te sacaran de esa sala de p\u00f3quer.<\/p>\n<p><strong>Que tan seguido me pagan?<\/strong><\/p>\n<p>Aqu\u00ed en RakeMonkey.com, todo lo que tienes que hacer es ingresar desde nuestro sitio, ve tus estad\u00edsticas y tendr\u00e1s poder instant\u00e1neo de liberar el rake DIARIO. No hay tardanzas en el proceso y no somos como la mayor\u00eda de los proveedores que solo pagan una vez al mes.<\/p>\n<p><strong>Como me pagan? <\/strong><\/p>\n<p>En algunos sitios de p\u00f3quer, la sala de p\u00f3quer paga autom\u00e1ticamente las transferencias de tu rakeback en tu cuenta de jugador. En otros sitios de p\u00f3quer, nosotros manejamos los pagos y las transferencias de dinero a la cuenta de p\u00f3quer, NETeller u otras formas de pago.<\/p>\n<p><strong>Cuanto puedo ganar con el rakeback? <\/strong><strong> <\/strong><\/p>\n<p>No hay limite en la cantidad e dinero que puedas ganar con el rakeback. Mientras m\u00e1s juegues m\u00e1s ganas con el rakeback. Y m\u00e1s grandes son tus pagos. Algunos de nuestros jugadores mas altos ganan miles de d\u00f3lares ac\u00e1 mes en rakeback.<\/p>\n<p><strong>Porque debo de tener rakeback?<\/strong><\/p>\n<p>El rakeback es esencial para los jugadores de p\u00f3quer. Un trato de rakeback provee dinero extra cada mes. No hay nada que tengas que hacer para obtener este dinero extra m\u00e1s que jugar p\u00f3quer. No tienes ni que ganar para ganar rakeback cada mes.<\/p>\n<p><strong>Puedo obtener rakeback de una cuenta existente? <\/strong><strong> <\/strong><\/p>\n<p>Usualmente, la respuesta a esta pregunta es no. Sin embargo, hay algunas salas de p\u00f3quer en las que puedes recibir rakeback en una cuenta existente. Si tienes alguna pregunta sobre como obtener rakeback en una cuenta existente, si\u00e9ntete libre de <strong>contactarnos.<\/strong><\/p>\n<p><strong>Cual es la trampa? <\/strong><\/p>\n<p>No hay ninguna trampa, costos o ataduras. Todo lo que tienes que hacer es registrarte en una sala de p\u00f3quer que ofrezca nuestro rakeback y jugar p\u00f3quer.<\/p>\n<p><strong>Puedo tener rakeback en m\u00e1s de una sala de p\u00f3quer? <\/strong><\/p>\n<p>Absolutamente, puedes tener tratos de p\u00f3quer en todas nuestras salas de p\u00f3quer.<\/p>\n<p><strong>Cual es la diferencia entre el intermediario y una casa de rake? <\/strong><\/p>\n<p>Una vez te registras en un trato de rakeback con nosotros, el sitio de p\u00f3quer se encarga de todos los pagos del rakeback. El sitio de p\u00f3quer transfiere tus pagos de rakeback directamente a tu cuenta de jugador. Con un trato de intermediario, nosotros manejamos todos tus pagos de rakeback.<\/p>\n<p><strong>Que son las \u201cdeducciones\u201d? <\/strong><\/p>\n<p>Las reducciones son los costos de las salas de p\u00f3quer estas son cobradas en contra de lo que generaste de rake. Por ejemplo, si has generado $1,000 en rake un mes pero tambi\u00e9n ganas $100 de bono, tu calculo estimado de rakeback ser\u00e1 XX% de $900.<\/p>\n<p>Aun cuando tu pago de rakeback ser\u00e1 afectado con esto, aun vale la pena limpiar los bonos cuando te los ofrecen. Obtendr\u00e1s el bono completo m\u00e1s lo que sea que quede de rakeback cuando lo ganes.<\/p>\n<p>No te preocupes \u2013 muy raramente tu estado de deducciones ira negativo. Aunque si es as\u00ed, esa cantidad negativa ser\u00e1 limpiada el siguiente mes. Tu nunca \u201c deber\u00e1s\u201d dinero a nadie por deducciones.<\/p>\n","protected":false},"excerpt":{"rendered":"<p>Que es el Rake? El Rake es el recurso de la ganancia de las salas de p\u00f3quer. Un peque\u00f1o porcentaje es tomado de cada pote y se queda en la sala de p\u00f3quer como ingreso. Esta es la manera en<a class=\"post-link\" href=\"https:\/\/www.rakemonkey.com\/es\/preguntas-sobre-rakeback\/\"> read more&#8230;<\/a><\/p>\n","protected":false},"author":9,"featured_media":0,"parent":0,"menu_order":0,"comment_status":"closed","ping_status":"open","template":"","meta":[],"acf":[],"yoast_head":"<!-- This site is optimized with the Yoast SEO plugin v19.6.1 - https:\/\/yoast.com\/wordpress\/plugins\/seo\/ -->\n<title>Preguntas Sobre Rakeback - FAQ&#039;s About Rakeback<\/title>\n<meta name=\"description\" content=\"FAQ&#039;s about rakeback en RakeMonkey.com.\" \/>\n<meta name=\"robots\" content=\"index, follow, max-snippet:-1, max-image-preview:large, max-video-preview:-1\" \/>\n<link rel=\"canonical\" href=\"https:\/\/www.rakemonkey.com\/es\/preguntas-sobre-rakeback\/\" \/>\n<meta property=\"og:locale\" content=\"en_US\" \/>\n<meta property=\"og:type\" content=\"article\" \/>\n<meta property=\"og:title\" content=\"Preguntas Sobre Rakeback - FAQ&#039;s About Rakeback\" \/>\n<meta property=\"og:description\" content=\"FAQ&#039;s about rakeback en RakeMonkey.com.\" \/>\n<meta property=\"og:url\" content=\"https:\/\/www.rakemonkey.com\/es\/preguntas-sobre-rakeback\/\" \/>\n<meta property=\"og:site_name\" content=\"RakeMonkey.com\" \/>\n<meta name=\"twitter:card\" content=\"summary\" \/>\n<meta name=\"twitter:label1\" content=\"Est. reading time\" \/>\n\t<meta name=\"twitter:data1\" content=\"5 minutes\" \/>\n<script type=\"application\/ld+json\" class=\"yoast-schema-graph\">{\"@context\":\"https:\/\/schema.org\",\"@graph\":[{\"@type\":\"WebPage\",\"@id\":\"https:\/\/www.rakemonkey.com\/es\/preguntas-sobre-rakeback\/\",\"url\":\"https:\/\/www.rakemonkey.com\/es\/preguntas-sobre-rakeback\/\",\"name\":\"Preguntas Sobre Rakeback - FAQ's About Rakeback\",\"isPartOf\":{\"@id\":\"https:\/\/www.rakemonkey.com\/es\/#website\"},\"datePublished\":\"2010-02-11T19:12:35+00:00\",\"dateModified\":\"2010-02-11T19:12:35+00:00\",\"description\":\"FAQ's about rakeback en RakeMonkey.com.\",\"breadcrumb\":{\"@id\":\"https:\/\/www.rakemonkey.com\/es\/preguntas-sobre-rakeback\/#breadcrumb\"},\"inLanguage\":\"en-US\",\"potentialAction\":[{\"@type\":\"ReadAction\",\"target\":[\"https:\/\/www.rakemonkey.com\/es\/preguntas-sobre-rakeback\/\"]}]},{\"@type\":\"BreadcrumbList\",\"@id\":\"https:\/\/www.rakemonkey.com\/es\/preguntas-sobre-rakeback\/#breadcrumb\",\"itemListElement\":[{\"@type\":\"ListItem\",\"position\":1,\"name\":\"Home\",\"item\":\"https:\/\/www.rakemonkey.com\/es\/\"},{\"@type\":\"ListItem\",\"position\":2,\"name\":\"FAQ&#8217;s\"}]},{\"@type\":\"WebSite\",\"@id\":\"https:\/\/www.rakemonkey.com\/es\/#website\",\"url\":\"https:\/\/www.rakemonkey.com\/es\/\",\"name\":\"RakeMonkey.com\",\"description\":\"\",\"potentialAction\":[{\"@type\":\"SearchAction\",\"target\":{\"@type\":\"EntryPoint\",\"urlTemplate\":\"https:\/\/www.rakemonkey.com\/es\/?s={search_term_string}\"},\"query-input\":\"required name=search_term_string\"}],\"inLanguage\":\"en-US\"}]}<\/script>\n<!-- \/ Yoast SEO plugin. -->","yoast_head_json":{"title":"Preguntas Sobre Rakeback - FAQ's About Rakeback","description":"FAQ's about rakeback en RakeMonkey.com.","robots":{"index":"index","follow":"follow","max-snippet":"max-snippet:-1","max-image-preview":"max-image-preview:large","max-video-preview":"max-video-preview:-1"},"canonical":"https:\/\/www.rakemonkey.com\/es\/preguntas-sobre-rakeback\/","og_locale":"en_US","og_type":"article","og_title":"Preguntas Sobre Rakeback - FAQ's About Rakeback","og_description":"FAQ's about rakeback en RakeMonkey.com.","og_url":"https:\/\/www.rakemonkey.com\/es\/preguntas-sobre-rakeback\/","og_site_name":"RakeMonkey.com","twitter_card":"summary","twitter_misc":{"Est. reading time":"5 minutes"},"schema":{"@context":"https:\/\/schema.org","@graph":[{"@type":"WebPage","@id":"https:\/\/www.rakemonkey.com\/es\/preguntas-sobre-rakeback\/","url":"https:\/\/www.rakemonkey.com\/es\/preguntas-sobre-rakeback\/","name":"Preguntas Sobre Rakeback - FAQ's About Rakeback","isPartOf":{"@id":"https:\/\/www.rakemonkey.com\/es\/#website"},"datePublished":"2010-02-11T19:12:35+00:00","dateModified":"2010-02-11T19:12:35+00:00","description":"FAQ's about rakeback en RakeMonkey.com.","breadcrumb":{"@id":"https:\/\/www.rakemonkey.com\/es\/preguntas-sobre-rakeback\/#breadcrumb"},"inLanguage":"en-US","potentialAction":[{"@type":"ReadAction","target":["https:\/\/www.rakemonkey.com\/es\/preguntas-sobre-rakeback\/"]}]},{"@type":"BreadcrumbList","@id":"https:\/\/www.rakemonkey.com\/es\/preguntas-sobre-rakeback\/#breadcrumb","itemListElement":[{"@type":"ListItem","position":1,"name":"Home","item":"https:\/\/www.rakemonkey.com\/es\/"},{"@type":"ListItem","position":2,"name":"FAQ&#8217;s"}]},{"@type":"WebSite","@id":"https:\/\/www.rakemonkey.com\/es\/#website","url":"https:\/\/www.rakemonkey.com\/es\/","name":"RakeMonkey.com","description":"","potentialAction":[{"@type":"SearchAction","target":{"@type":"EntryPoint","urlTemplate":"https:\/\/www.rakemonkey.com\/es\/?s={search_term_string}"},"query-input":"required name=search_term_string"}],"inLanguage":"en-US"}]}},"_links":{"self":[{"href":"https:\/\/www.rakemonkey.com\/es\/wp-json\/wp\/v2\/pages\/20"}],"collection":[{"href":"https:\/\/www.rakemonkey.com\/es\/wp-json\/wp\/v2\/pages"}],"about":[{"href":"https:\/\/www.rakemonkey.com\/es\/wp-json\/wp\/v2\/types\/page"}],"author":[{"embeddable":true,"href":"https:\/\/www.rakemonkey.com\/es\/wp-json\/wp\/v2\/users\/9"}],"replies":[{"embeddable":true,"href":"https:\/\/www.rakemonkey.com\/es\/wp-json\/wp\/v2\/comments?post=20"}],"version-history":[{"count":0,"href":"https:\/\/www.rakemonkey.com\/es\/wp-json\/wp\/v2\/pages\/20\/revisions"}],"wp:attachment":[{"href":"https:\/\/www.rakemonkey.com\/es\/wp-json\/wp\/v2\/media?parent=20"}],"curies":[{"name":"wp","href":"https:\/\/api.w.org\/{rel}","templated":true}]}}