{"id":25,"date":"2010-02-11T19:59:04","date_gmt":"2010-02-11T19:59:04","guid":{"rendered":"http:\/\/www.rakemonkey.com\/es\/?page_id=25"},"modified":"2010-02-11T19:59:04","modified_gmt":"2010-02-11T19:59:04","slug":"el-rakeback-en-ultimate-bet","status":"publish","type":"page","link":"https:\/\/www.rakemonkey.com\/es\/comentarios\/el-rakeback-en-ultimate-bet\/","title":{"rendered":"El Rakeback en Ultimate Bet"},"content":{"rendered":"<p>Una vez que hayas descargado el software y hagas hecho tu cuenta por favor llena el formulario anterior. Simplemente ingresa tu Nombre de Pantalla y Direccion de Correo Electronico que usaste para registrarte y nos encargaremos que tu rakeback este confirmado y configurado!<\/p>\n<p><strong>Ultimate Bet<\/strong><strong> siempre ha sido un nombre muy bien conocido por los jugadores de poker en linea, siempre representado por grandes jugadores profesionales como Annie Duke y Phil Hellmuth. Aunque el sitio tiene sus altos y bajos en la lupa del p\u00f3quer.<\/strong><\/p>\n<p>El sitio de poker se mudo a la Cereous P\u00f3quer Network en el 2008, lo que catapulto al muy conocido sitio (amigable con los jugadores de los Estados Unidos) hacia los primeros lugares del mercado del p\u00f3quer, y much\u00edsimo m\u00e1s alto en el mercado del rakeback.<\/p>\n<blockquote>\n<div dir=\"ltr\">\n<div id=\"tts_button\" style=\"float: left;margin: 2px 6px 0pt 0pt\" title=\"Listen to this  translation\"><\/div>\n<p><a href=\"http:\/\/www.ultimatebet.com\/?ubAffilID=13013\"><span style=\"color: #ff0000\"><strong><span id=\"result_box\"><span style=\"background-color: #ffffff\" title=\"Download the software using this link\">Descargar el software que utiliza este enlace<\/span><\/span><\/strong><\/span><\/a><\/p>\n<p>Codigo de Bono:\u00a0 <strong>REDUCTIONUB<\/strong><\/p>\n<\/div>\n<\/blockquote>\n<h2>El Rakeback en Ultimate Bet<\/h2>\n<p>Rake Monkey trabaja dia y noche para traerte los mejores niveles de rakeback y las mejores ofertas en la industria, y creemos que hemos alcanzado el exito con Ultimate Bet.<\/p>\n<p>Cuando te unas a Ultimate Bet a traves de nuestros enlaces, y completes la peque\u00f1a formula en esta pagina, recibiras 30% de rakeback con Ultimate Bet.<\/p>\n<p>Este 30% es calculado utilizando el metodo de rakeback contribuido para calcular tu Rake Mensual Bruto (RMB). Eso quiere decir que recibiras el 30% de tu parte del rake en cada uno de los potos en donde hallas arriesgado tu dinero.<\/p>\n<p>Adicionalmente, Ultimate Bet ha aceptado regresarles dinero de vuelta a los jugadores de RakeMonkey en todos sus fees. Especificamente si te unes a un torneo de Ultimate bet que cueste $75 de buy-in y $7.5 de fee, se te devolver\u00e1n $2.5 de vuelta en tu cuenta de p\u00f3quer.<\/p>\n<p>Ultimate Bet tambien ofrece otros beneficios para los jugadores de RakeMonkey. Una vez que te hayas registrado a trav\u00e9s de RakeMonkey y hayas hecho tu primer deposito, seras elegible para entrar en una Carrera de Rake de $21 mil Mensuales en Ultimate Bet. Tambien seras elegible para ser parte de Freerolls Privados con grandes premios de dinero real que valen la pena ganar y podras retirar tu dinero de rakeback cuando quieras!<\/p>\n<h3>Pagos del Rakeback de Ultimate Bet<\/h3>\n<p>Ultimate Bet te acreditara tus ganancias en rakeback mensual automaticamente en tu cuenta cerca al 18 de cada mes. Entonces si ganaste $600 de Rakeback en Julio, deber\u00edas de recibir ese dinero en o antes del 18 de Agosto. Mas importante a\u00fan, si el 12 de Agosto conoces a una linda chica y la quieres llevar a alg\u00fan lado, puedes retirar tus ganancias cuando quieras.<\/p>\n<h3>Deducciones al Rakeback de Ultimate Bet<\/h3>\n<p>Ahora, mencionamos que hab\u00eda altas y bajas en cada programa de rakeback. En Ultimate Bet puedes retirar tu dinero del rakeback cuando necesites, sin embargo, ellos cargan una peque\u00f1a porci\u00f3n de los bonos.<\/p>\n<p>Cuando t\u00fa te unes a Ultimate Bet a trav\u00e9s de nosotros, podr\u00e1s recibir un 110% de bono hasta un monto m\u00e1ximo de $1100. Sin embargo, si optas por los pagos de rakeback (y quien en sus facultades mentales no lo har\u00eda) Ultimate te pagara un 30% de lo que hayas generado en rake, pero te cobrara un 25% de tus bonos.<\/p>\n<h3>Estructura del Rake de Ultimate Bet<\/h3>\n<p>Ultimate Bet cobra en poqu\u00e9r sin l\u00edmite el 5% del rake, lo cual es un est\u00e1ndar en la industria, con un m\u00e1ximo de $3 por poto.<\/p>\n<p>Sin embargo, ac\u00e1 hay algo que no todo el mundo entiende. Si eres de los que juega limite fijo, Ultimate Bet is uno de los pocos sitios que suben el m\u00e1ximo un poco.<\/p>\n<p>El rake en una mesa de $500\/$1000 tiene un maximo de $4 en vez de $3. Adicionalmente, muchas de las mesas con micro limites ofrecen rake reducido. Si quieres saber cuanto rake estas pagando en las mesas de un centavo, mira la estructure de rake de Ultimate Bet.<\/p>\n<p>http:\/\/www.ultimatebet.com\/play-poker\/rake-schedule<\/p>\n<h2>Variedad de juego en Ultimate Bet<\/h2>\n<p>Play H.O.S.E, H.O.R.S.E, 7 Deuce Holdem and all of the standard online poker games on Ultimate Bet. Horse is of course a very popular game for rakeback players due to the amount of pots players contribute in when they pay ante\u2019s. In addition to HORSE Ultimate bet offers all of the most popular poker games, such as Texas Holdem, Omaha, and Omaha Hi- Lo.<\/p>\n<p>Jugar H.O.S.E, H.O.R.S.E, 7-2 Hold\u2019em y todos los demas juegos tradicionales de p\u00f3quer los podras encontrar en Ultimate Bet. Horse es por obvias razones un juego muy popular para los jugadores de rakeback, debido a la gran cantidad de potes a los que los jugadores contribuyen, especialmente cuando hay ante. Adicionalmente podras jugar los normales Hold\u2019em, Omaha y Omaha Hi \u2013 Lo.<\/p>\n<h2>Metodos de Deposito y Retiro de Ultimate Bet<\/h2>\n<p>Las tarjetas de credito son por supuesto aceptadas para acreditar tu cuenta electronica de poquer en Ultimate Bet. Podras depositar con Visa, Master Card, Visa Delta, Visa Electron, Maestro, Solo y Switch.<\/p>\n<p>Adicionalmente, las cuentas electronicas de transferencia como Ukash, Click2Pay, ClickandBuy, Moneybookers, Neteller, Paysafecard son metodos disponibles para depositar y retirar fondos.<\/p>\n<p>Tu propia cuenta bancaria tambien puede ser una opcion de deposito, ya sea una transferencia electronic o un cheque de tu cuenta personal.<\/p>\n<p>En los Estados Unidos sin embargo, los m\u00e9todos de dep\u00f3sito y retiro son altamente limitados en los sitios de p\u00f3quer. En Ultimate Bet, las transferencias electr\u00f3nicas son una excelente opci\u00f3n. Western Union y Money Gram tambi\u00e9n son una alternativa, y por $8 puedes recibir un cheque en tu correo.<\/p>\n","protected":false},"excerpt":{"rendered":"<p>Una vez que hayas descargado el software y hagas hecho tu cuenta por favor llena el formulario anterior. Simplemente ingresa tu Nombre de Pantalla y Direccion de Correo Electronico que usaste para registrarte y nos encargaremos que tu rakeback este<a class=\"post-link\" href=\"https:\/\/www.rakemonkey.com\/es\/comentarios\/el-rakeback-en-ultimate-bet\/\"> read more&#8230;<\/a><\/p>\n","protected":false},"author":9,"featured_media":0,"parent":31,"menu_order":0,"comment_status":"closed","ping_status":"open","template":"rm_review.php","meta":[],"acf":[],"yoast_head":"<!-- This site is optimized with the Yoast SEO plugin v19.6.1 - https:\/\/yoast.com\/wordpress\/plugins\/seo\/ -->\n<title>Ultimate Bet Rakeback - 30% Rakeback<\/title>\n<meta name=\"description\" content=\"Cuando te unas a Ultimate Bet a traves de nuestros enlaces, y completes la peque\u00f1a formula en esta pagina, recibiras 30% de rakeback con Ultimate Bet.\" \/>\n<meta name=\"robots\" content=\"index, follow, max-snippet:-1, max-image-preview:large, max-video-preview:-1\" \/>\n<link rel=\"canonical\" href=\"https:\/\/www.rakemonkey.com\/es\/comentarios\/el-rakeback-en-ultimate-bet\/\" \/>\n<meta property=\"og:locale\" content=\"en_US\" \/>\n<meta property=\"og:type\" content=\"article\" \/>\n<meta property=\"og:title\" content=\"Ultimate Bet Rakeback - 30% Rakeback\" \/>\n<meta property=\"og:description\" content=\"Cuando te unas a Ultimate Bet a traves de nuestros enlaces, y completes la peque\u00f1a formula en esta pagina, recibiras 30% de rakeback con Ultimate Bet.\" \/>\n<meta property=\"og:url\" content=\"https:\/\/www.rakemonkey.com\/es\/comentarios\/el-rakeback-en-ultimate-bet\/\" \/>\n<meta property=\"og:site_name\" content=\"RakeMonkey.com\" \/>\n<meta name=\"twitter:card\" content=\"summary\" \/>\n<meta name=\"twitter:label1\" content=\"Est. reading time\" \/>\n\t<meta name=\"twitter:data1\" content=\"5 minutes\" \/>\n<script type=\"application\/ld+json\" class=\"yoast-schema-graph\">{\"@context\":\"https:\/\/schema.org\",\"@graph\":[{\"@type\":\"WebPage\",\"@id\":\"https:\/\/www.rakemonkey.com\/es\/comentarios\/el-rakeback-en-ultimate-bet\/\",\"url\":\"https:\/\/www.rakemonkey.com\/es\/comentarios\/el-rakeback-en-ultimate-bet\/\",\"name\":\"Ultimate Bet Rakeback - 30% Rakeback\",\"isPartOf\":{\"@id\":\"https:\/\/www.rakemonkey.com\/es\/#website\"},\"datePublished\":\"2010-02-11T19:59:04+00:00\",\"dateModified\":\"2010-02-11T19:59:04+00:00\",\"description\":\"Cuando te unas a Ultimate Bet a traves de nuestros enlaces, y completes la peque\u00f1a formula en esta pagina, recibiras 30% de rakeback con Ultimate Bet.\",\"breadcrumb\":{\"@id\":\"https:\/\/www.rakemonkey.com\/es\/comentarios\/el-rakeback-en-ultimate-bet\/#breadcrumb\"},\"inLanguage\":\"en-US\",\"potentialAction\":[{\"@type\":\"ReadAction\",\"target\":[\"https:\/\/www.rakemonkey.com\/es\/comentarios\/el-rakeback-en-ultimate-bet\/\"]}]},{\"@type\":\"BreadcrumbList\",\"@id\":\"https:\/\/www.rakemonkey.com\/es\/comentarios\/el-rakeback-en-ultimate-bet\/#breadcrumb\",\"itemListElement\":[{\"@type\":\"ListItem\",\"position\":1,\"name\":\"Home\",\"item\":\"https:\/\/www.rakemonkey.com\/es\/\"},{\"@type\":\"ListItem\",\"position\":2,\"name\":\"Comentarios\",\"item\":\"https:\/\/www.rakemonkey.com\/es\/comentarios\/\"},{\"@type\":\"ListItem\",\"position\":3,\"name\":\"El Rakeback en Ultimate Bet\"}]},{\"@type\":\"WebSite\",\"@id\":\"https:\/\/www.rakemonkey.com\/es\/#website\",\"url\":\"https:\/\/www.rakemonkey.com\/es\/\",\"name\":\"RakeMonkey.com\",\"description\":\"\",\"potentialAction\":[{\"@type\":\"SearchAction\",\"target\":{\"@type\":\"EntryPoint\",\"urlTemplate\":\"https:\/\/www.rakemonkey.com\/es\/?s={search_term_string}\"},\"query-input\":\"required name=search_term_string\"}],\"inLanguage\":\"en-US\"}]}<\/script>\n<!-- \/ Yoast SEO plugin. -->","yoast_head_json":{"title":"Ultimate Bet Rakeback - 30% Rakeback","description":"Cuando te unas a Ultimate Bet a traves de nuestros enlaces, y completes la peque\u00f1a formula en esta pagina, recibiras 30% de rakeback con Ultimate Bet.","robots":{"index":"index","follow":"follow","max-snippet":"max-snippet:-1","max-image-preview":"max-image-preview:large","max-video-preview":"max-video-preview:-1"},"canonical":"https:\/\/www.rakemonkey.com\/es\/comentarios\/el-rakeback-en-ultimate-bet\/","og_locale":"en_US","og_type":"article","og_title":"Ultimate Bet Rakeback - 30% Rakeback","og_description":"Cuando te unas a Ultimate Bet a traves de nuestros enlaces, y completes la peque\u00f1a formula en esta pagina, recibiras 30% de rakeback con Ultimate Bet.","og_url":"https:\/\/www.rakemonkey.com\/es\/comentarios\/el-rakeback-en-ultimate-bet\/","og_site_name":"RakeMonkey.com","twitter_card":"summary","twitter_misc":{"Est. reading time":"5 minutes"},"schema":{"@context":"https:\/\/schema.org","@graph":[{"@type":"WebPage","@id":"https:\/\/www.rakemonkey.com\/es\/comentarios\/el-rakeback-en-ultimate-bet\/","url":"https:\/\/www.rakemonkey.com\/es\/comentarios\/el-rakeback-en-ultimate-bet\/","name":"Ultimate Bet Rakeback - 30% Rakeback","isPartOf":{"@id":"https:\/\/www.rakemonkey.com\/es\/#website"},"datePublished":"2010-02-11T19:59:04+00:00","dateModified":"2010-02-11T19:59:04+00:00","description":"Cuando te unas a Ultimate Bet a traves de nuestros enlaces, y completes la peque\u00f1a formula en esta pagina, recibiras 30% de rakeback con Ultimate Bet.","breadcrumb":{"@id":"https:\/\/www.rakemonkey.com\/es\/comentarios\/el-rakeback-en-ultimate-bet\/#breadcrumb"},"inLanguage":"en-US","potentialAction":[{"@type":"ReadAction","target":["https:\/\/www.rakemonkey.com\/es\/comentarios\/el-rakeback-en-ultimate-bet\/"]}]},{"@type":"BreadcrumbList","@id":"https:\/\/www.rakemonkey.com\/es\/comentarios\/el-rakeback-en-ultimate-bet\/#breadcrumb","itemListElement":[{"@type":"ListItem","position":1,"name":"Home","item":"https:\/\/www.rakemonkey.com\/es\/"},{"@type":"ListItem","position":2,"name":"Comentarios","item":"https:\/\/www.rakemonkey.com\/es\/comentarios\/"},{"@type":"ListItem","position":3,"name":"El Rakeback en Ultimate Bet"}]},{"@type":"WebSite","@id":"https:\/\/www.rakemonkey.com\/es\/#website","url":"https:\/\/www.rakemonkey.com\/es\/","name":"RakeMonkey.com","description":"","potentialAction":[{"@type":"SearchAction","target":{"@type":"EntryPoint","urlTemplate":"https:\/\/www.rakemonkey.com\/es\/?s={search_term_string}"},"query-input":"required name=search_term_string"}],"inLanguage":"en-US"}]}},"_links":{"self":[{"href":"https:\/\/www.rakemonkey.com\/es\/wp-json\/wp\/v2\/pages\/25"}],"collection":[{"href":"https:\/\/www.rakemonkey.com\/es\/wp-json\/wp\/v2\/pages"}],"about":[{"href":"https:\/\/www.rakemonkey.com\/es\/wp-json\/wp\/v2\/types\/page"}],"author":[{"embeddable":true,"href":"https:\/\/www.rakemonkey.com\/es\/wp-json\/wp\/v2\/users\/9"}],"replies":[{"embeddable":true,"href":"https:\/\/www.rakemonkey.com\/es\/wp-json\/wp\/v2\/comments?post=25"}],"version-history":[{"count":0,"href":"https:\/\/www.rakemonkey.com\/es\/wp-json\/wp\/v2\/pages\/25\/revisions"}],"up":[{"embeddable":true,"href":"https:\/\/www.rakemonkey.com\/es\/wp-json\/wp\/v2\/pages\/31"}],"wp:attachment":[{"href":"https:\/\/www.rakemonkey.com\/es\/wp-json\/wp\/v2\/media?parent=25"}],"curies":[{"name":"wp","href":"https:\/\/api.w.org\/{rel}","templated":true}]}}