{"id":295,"date":"2010-02-11T08:33:50","date_gmt":"2010-02-11T08:33:50","guid":{"rendered":"http:\/\/www.rakemonkey.com\/es\/?page_id=3"},"modified":"2010-02-11T08:33:50","modified_gmt":"2010-02-11T08:33:50","slug":"sobro-nosotros","status":"publish","type":"page","link":"https:\/\/www.rakemonkey.com\/es\/sobro-nosotros\/","title":{"rendered":"\u00bfQui\u00e9nes somos?"},"content":{"rendered":"<h2>Por que elegir a RakeMonkey.com<\/h2>\n<p>RakeMonkey.com es uno de los proveedores de rakeback m\u00e1s confiables de la industria. En el mundo del rakeback, la confianza es el factor m\u00e1s importante de todos. RakeMonkey no solo provee a los jugadores con rakeback (cualquiera puede hacer eso) pero tambi\u00e9n provee un excelente servicio al cliente y cientos de miles de d\u00f3lares al mes en promociones.<\/p>\n<p>Hay tres grandes factores que determinan los requisitos de la experiencia que recibir\u00e1s de tu proveedor de rakeback. El factor mas importante es la confianza y la reputaci\u00f3n, seguido de esto est\u00e1n los retiros y despu\u00e9s las recompensas para los jugadores. Cada factor es importante pero la confianza y la reputaci\u00f3n del proveedor de rakeback es lo mas importante.<\/p>\n<h2>Confianza y Reputaci\u00f3n<\/h2>\n<p>Cualquiera puede tambi\u00e9n reclamar que es el proveedor m\u00e1s confiable de rakeback en el mundo pero RakeMonkey.com es un patrocinador destacado de TwoPlusTwo.com, PokerTracker y SharkScope. Con grandes nombres respald\u00e1ndolo, RakeMonkey.com se ha probado a si mismo ser un legitimo negocio con los mejores intereses de los jugadores de coraz\u00f3n.<\/p>\n<p>El \u00e9xito en la industria del rakeback es logrado al desarrollar confianza con los jugadores de p\u00f3quer y tratarlos correctamente. Para la mayor parte, los jugadores son un grupo muy unido y la reputaci\u00f3n de un proveedor de rakeback depende completamente de otorgarle a cada uno de los jugadores una experiencia positiva. Todos los miembros de un foro de p\u00f3quer afuera saben lo r\u00e1pido que las noticias se esparcen por el mundo del p\u00f3quer.<\/p>\n<p>Con eso en mente, RakeMonkey.com se ha concentrado en otorgarles a los jugadores un recurso confiable para todas sus necesidades de rakeback. Ellos saben que si continuamente se prueban a si mismos que somos un recurso digno de confianza, fiable entonces los jugadores recomendaran a RakeMonkey.com a sus amigos.<\/p>\n<p>Puedes comunicarte con nosotros personalmente en cualquier momento con tan solo enviarnos un correo a <strong>support@rakemonkey.com<\/strong>.<\/p>\n<h2>24\/7 Retiros<\/h2>\n<p>Otra cosa que los jugadores aman sobre PokerMonkey.com es su pol\u00edtica de 24\/7. Cuando t\u00fa te registras a trav\u00e9s de RakeMonkey.com, t\u00fa no tienes que esperar un mes entre pagos. T\u00fa puedes visitar tus estad\u00edsticas de rake diariamente y retirarlas en cualquier momento que desees. RakeMonkey.com no esta en el negocio de aferrarse de tu dinero por siempre. Cualquier momento en el que quieras retirar, es tuyo.<\/p>\n<h2>Recompensas del Jugador<\/h2>\n<p>RakeMonkey.com te da m\u00e1s de $15,000 cada mes en carreras de rake, carreras de rake con tope y freerolls. Los jugadores que se registren en una sala de p\u00f3quer a trav\u00e9s de RakeMonkey.com autom\u00e1ticamente califican en todos estos concursos con tan solo jugar p\u00f3quer como usualmente lo hacen.<\/p>\n<p>Una de las mejores cosas sobre estos concursos es que los jugadores de todos los niveles se beneficial de ellos. Los jugadores de peque\u00f1as apuestas pueden ganar dinero con las promociones de RakeMonkey ya que las recompensas por dinero son dadas en todos los niveles de juego pero los jugadores que juegan mas pueden todav\u00eda ganar mas dinero para hacer una gran diferencia en sus<\/p>\n<p>Finalmente, el programa de Refiere A un Amigo es el mejor en la industria, con jugadores ganando algo entre 4% a 6% en todas las referencias que manden a RakeMonkey.com. Es dif\u00edcil competir con tarifas como estas por tan solo referir a unos amigos. Algunos jugadores de rakeback hacen miles de d\u00f3lares cada mes de tan solo sus referencias.<\/p>\n","protected":false},"excerpt":{"rendered":"<p>Por que elegir a RakeMonkey.com RakeMonkey.com es uno de los proveedores de rakeback m\u00e1s confiables de la industria. En el mundo del rakeback, la confianza es el factor m\u00e1s importante de todos. RakeMonkey no solo provee a los jugadores con<a class=\"post-link\" href=\"https:\/\/www.rakemonkey.com\/es\/sobro-nosotros\/\"> read more&#8230;<\/a><\/p>\n","protected":false},"author":9,"featured_media":0,"parent":0,"menu_order":0,"comment_status":"closed","ping_status":"closed","template":"","meta":[],"acf":[],"yoast_head":"<!-- This site is optimized with the Yoast SEO plugin v19.6.1 - https:\/\/yoast.com\/wordpress\/plugins\/seo\/ -->\n<title>Por que elegir a RakeMonkey.com - About Us<\/title>\n<meta name=\"description\" content=\"RakeMonkey.com es uno de los proveedores de rakeback m\u00e1s confiables de la industria.\" \/>\n<meta name=\"robots\" content=\"index, follow, max-snippet:-1, max-image-preview:large, max-video-preview:-1\" \/>\n<link rel=\"canonical\" href=\"https:\/\/www.rakemonkey.com\/es\/sobro-nosotros\/\" \/>\n<meta property=\"og:locale\" content=\"en_US\" \/>\n<meta property=\"og:type\" content=\"article\" \/>\n<meta property=\"og:title\" content=\"Por que elegir a RakeMonkey.com - About Us\" \/>\n<meta property=\"og:description\" content=\"RakeMonkey.com es uno de los proveedores de rakeback m\u00e1s confiables de la industria.\" \/>\n<meta property=\"og:url\" content=\"https:\/\/www.rakemonkey.com\/es\/sobro-nosotros\/\" \/>\n<meta property=\"og:site_name\" content=\"RakeMonkey.com\" \/>\n<meta name=\"twitter:card\" content=\"summary\" \/>\n<meta name=\"twitter:label1\" content=\"Est. reading time\" \/>\n\t<meta name=\"twitter:data1\" content=\"3 minutes\" \/>\n<script type=\"application\/ld+json\" class=\"yoast-schema-graph\">{\"@context\":\"https:\/\/schema.org\",\"@graph\":[{\"@type\":\"WebPage\",\"@id\":\"https:\/\/www.rakemonkey.com\/es\/sobro-nosotros\/\",\"url\":\"https:\/\/www.rakemonkey.com\/es\/sobro-nosotros\/\",\"name\":\"Por que elegir a RakeMonkey.com - About Us\",\"isPartOf\":{\"@id\":\"https:\/\/www.rakemonkey.com\/es\/#website\"},\"datePublished\":\"2010-02-11T08:33:50+00:00\",\"dateModified\":\"2010-02-11T08:33:50+00:00\",\"description\":\"RakeMonkey.com es uno de los proveedores de rakeback m\u00e1s confiables de la industria.\",\"breadcrumb\":{\"@id\":\"https:\/\/www.rakemonkey.com\/es\/sobro-nosotros\/#breadcrumb\"},\"inLanguage\":\"en-US\",\"potentialAction\":[{\"@type\":\"ReadAction\",\"target\":[\"https:\/\/www.rakemonkey.com\/es\/sobro-nosotros\/\"]}]},{\"@type\":\"BreadcrumbList\",\"@id\":\"https:\/\/www.rakemonkey.com\/es\/sobro-nosotros\/#breadcrumb\",\"itemListElement\":[{\"@type\":\"ListItem\",\"position\":1,\"name\":\"Home\",\"item\":\"https:\/\/www.rakemonkey.com\/es\/\"},{\"@type\":\"ListItem\",\"position\":2,\"name\":\"\u00bfQui\u00e9nes somos?\"}]},{\"@type\":\"WebSite\",\"@id\":\"https:\/\/www.rakemonkey.com\/es\/#website\",\"url\":\"https:\/\/www.rakemonkey.com\/es\/\",\"name\":\"RakeMonkey.com\",\"description\":\"\",\"potentialAction\":[{\"@type\":\"SearchAction\",\"target\":{\"@type\":\"EntryPoint\",\"urlTemplate\":\"https:\/\/www.rakemonkey.com\/es\/?s={search_term_string}\"},\"query-input\":\"required name=search_term_string\"}],\"inLanguage\":\"en-US\"}]}<\/script>\n<!-- \/ Yoast SEO plugin. -->","yoast_head_json":{"title":"Por que elegir a RakeMonkey.com - About Us","description":"RakeMonkey.com es uno de los proveedores de rakeback m\u00e1s confiables de la industria.","robots":{"index":"index","follow":"follow","max-snippet":"max-snippet:-1","max-image-preview":"max-image-preview:large","max-video-preview":"max-video-preview:-1"},"canonical":"https:\/\/www.rakemonkey.com\/es\/sobro-nosotros\/","og_locale":"en_US","og_type":"article","og_title":"Por que elegir a RakeMonkey.com - About Us","og_description":"RakeMonkey.com es uno de los proveedores de rakeback m\u00e1s confiables de la industria.","og_url":"https:\/\/www.rakemonkey.com\/es\/sobro-nosotros\/","og_site_name":"RakeMonkey.com","twitter_card":"summary","twitter_misc":{"Est. reading time":"3 minutes"},"schema":{"@context":"https:\/\/schema.org","@graph":[{"@type":"WebPage","@id":"https:\/\/www.rakemonkey.com\/es\/sobro-nosotros\/","url":"https:\/\/www.rakemonkey.com\/es\/sobro-nosotros\/","name":"Por que elegir a RakeMonkey.com - About Us","isPartOf":{"@id":"https:\/\/www.rakemonkey.com\/es\/#website"},"datePublished":"2010-02-11T08:33:50+00:00","dateModified":"2010-02-11T08:33:50+00:00","description":"RakeMonkey.com es uno de los proveedores de rakeback m\u00e1s confiables de la industria.","breadcrumb":{"@id":"https:\/\/www.rakemonkey.com\/es\/sobro-nosotros\/#breadcrumb"},"inLanguage":"en-US","potentialAction":[{"@type":"ReadAction","target":["https:\/\/www.rakemonkey.com\/es\/sobro-nosotros\/"]}]},{"@type":"BreadcrumbList","@id":"https:\/\/www.rakemonkey.com\/es\/sobro-nosotros\/#breadcrumb","itemListElement":[{"@type":"ListItem","position":1,"name":"Home","item":"https:\/\/www.rakemonkey.com\/es\/"},{"@type":"ListItem","position":2,"name":"\u00bfQui\u00e9nes somos?"}]},{"@type":"WebSite","@id":"https:\/\/www.rakemonkey.com\/es\/#website","url":"https:\/\/www.rakemonkey.com\/es\/","name":"RakeMonkey.com","description":"","potentialAction":[{"@type":"SearchAction","target":{"@type":"EntryPoint","urlTemplate":"https:\/\/www.rakemonkey.com\/es\/?s={search_term_string}"},"query-input":"required name=search_term_string"}],"inLanguage":"en-US"}]}},"_links":{"self":[{"href":"https:\/\/www.rakemonkey.com\/es\/wp-json\/wp\/v2\/pages\/295"}],"collection":[{"href":"https:\/\/www.rakemonkey.com\/es\/wp-json\/wp\/v2\/pages"}],"about":[{"href":"https:\/\/www.rakemonkey.com\/es\/wp-json\/wp\/v2\/types\/page"}],"author":[{"embeddable":true,"href":"https:\/\/www.rakemonkey.com\/es\/wp-json\/wp\/v2\/users\/9"}],"replies":[{"embeddable":true,"href":"https:\/\/www.rakemonkey.com\/es\/wp-json\/wp\/v2\/comments?post=295"}],"version-history":[{"count":0,"href":"https:\/\/www.rakemonkey.com\/es\/wp-json\/wp\/v2\/pages\/295\/revisions"}],"wp:attachment":[{"href":"https:\/\/www.rakemonkey.com\/es\/wp-json\/wp\/v2\/media?parent=295"}],"curies":[{"name":"wp","href":"https:\/\/api.w.org\/{rel}","templated":true}]}}