{"id":35,"date":"2010-02-11T21:36:03","date_gmt":"2010-02-11T21:36:03","guid":{"rendered":"http:\/\/www.rakemonkey.com\/es\/?page_id=35"},"modified":"2010-02-11T21:36:03","modified_gmt":"2010-02-11T21:36:03","slug":"doyles-room-rakeback","status":"publish","type":"page","link":"https:\/\/www.rakemonkey.com\/es\/comentarios\/doyles-room-rakeback\/","title":{"rendered":"Rakeback en Doyles Room"},"content":{"rendered":"<p>Una vez que hayas descargado el software y hayas creado tu cuenta, favor llena la formula de arriba. Simplemente pon tu nombre de pantalla y tu direcci\u00f3n de correo electr\u00f3nico que utilizaste para crear la cuenta y nosotros confirmaremos que tu rakeback sea activado.<\/p>\n<p><strong>Resumen de Doyles Room <\/strong><\/p>\n<p><strong>Doyles Room<\/strong> ha experimentado muchos cambios a lo largo de su corta vida de 4 a\u00f1os en el Mercado, pero todo para lo mejor. La m\u00e1s reciente transici\u00f3n ha sido cambiar a la Cake Network, no solo para mejorar el software y sus caracter\u00edsticas<strong>, s<\/strong>ino de restablecer el compromiso inquebrantable de la sala de p\u00f3quer en l\u00ednea para la aceptaci\u00f3n del jugador EE.UU.(que hab\u00eda sido interrumpido por su red anterior, Microgaming).<\/p>\n<p>Junto con el cambio a la Cake Network lleg\u00f3 la admisibilidad del 33% de Rakeback. Combine esto con muchas otras promociones de valor, como el 110% hasta $ 550 de bono de bienvenida, y sin deducciones de Rake Mensual Bruto (RMB), y su potencial de ganancias de p\u00f3quer en l\u00ednea comenzar\u00e1n a dispararse al cielo.<\/p>\n<blockquote><p><a href=\"http:\/\/www.doylesroom.com?refid=reduction\"><span style=\"color: #ff0000\"><strong><span id=\"result_box\"><span style=\"background-color: #ffffff\" title=\"Download the software  using this link\">Descargar el software que utiliza este enlace<\/span><\/span><\/strong><\/span><\/a><\/p>\n<p>Codigo de Bono:\u00a0 <strong>REDUCTION<\/strong><\/p><\/blockquote>\n<h2>Rakeback en Doyles Room<\/h2>\n<p>Haz click sobre Doyles Room a partir de este sitio web, crea una nueva cuenta utilizando el c\u00f3digo de &#8220;Reduction&#8221;, e inmediatamente empezar\u00e1 a ganar el 33% de Rakeback Repartido en Doyles Room en todos los juegos por dinero real. Al realizar tu primer dep\u00f3sito, tambi\u00e9n recibir\u00e1s un 110% hasta $ 550 de bono de bienvenida, no se deducen de RMB!<\/p>\n<p>Si la promoci\u00f3n anterior del 33% Doyles Room Rakeback no es suficiente para abrir tu apetito virtual, el m\u00e9todo Repartido Rakeback debe de hacerlo. La Cake Network es una de las pocas redes de p\u00f3quer en usar este m\u00e9todo para calcular rakeback (tan beneficioso para los jugadores de p\u00f3quer estrat\u00e9gicamente apretado). Con Rakeback Repartido, se le paga rakeback en cada mano donde recibas cartas, independientemente de si contribuyes al pote o no.<\/p>\n<p>By signing up through our web site for Doyles Room Rakeback, you\u2019ll also be able to participate in a monthly $10k Rake Chase. The more raked hands you play, the more rakeback you earn, and the closer you\u2019ll get to sharing in a piece of the $10,000 pie.<\/p>\n<p>Si creas tu cuenta a trav\u00e9s de nuestro sitio web para Doyles Room, tambi\u00e9n podr\u00e1s participar en una Carrera de Rake de $10 mil mensuales. Entre m\u00e1s manos con juegues, m\u00e1s rakeback ganas, y cuanto m\u00e1s cerca se obtendr\u00e1s un pedazo del pastel de $ 10.000.<\/p>\n<h2>Bono de Bienvenida Doyles Room<\/h2>\n<p>Doyles Room offers all new members a<strong> welcome bonus of 110% up to $550<\/strong> on the initial deposit. Note that bonuses are not deducted from MGR, so your bonus and rakeback are individually yours to earn and keep. Earning the bonus requires poker points, with each point equaling $0.06 of the bonus. Every $10 cleared is automatically released into your poker account over the first 90 days after your qualifying deposit of 30 or more.<\/p>\n<p>Doyles Room ofrece a todos los nuevos miembros un bono de bienvenida del 110% hasta $ 550 en el dep\u00f3sito inicial. Ten en cuenta que los bonos no se deducen del RMB, de modo que sus bonos y rakeback individualmente es tuyo para ganar y mantenerlo. Ganar el bono requiere puntos de p\u00f3quer, con cada punto equivale al 0,06 d\u00f3lares de la bonificaci\u00f3n. Cada $ 10 despejado se libera autom\u00e1ticamente en su cuenta de p\u00f3quer en los primeros 90 d\u00edas despu\u00e9s de su dep\u00f3sito que califique de $30 o m\u00e1s.<\/p>\n<h2>Recompensas de Lealtad en Doyles Room<\/h2>\n<p>Cualquier miembro de Doyles Room que juega al p\u00f3quer en l\u00ednea por dinero real ser\u00e1 ingresado autom\u00e1ticamente en el programa VIP. Se diferencia de la mayor\u00eda de los programas VIP, donde los jugadores no compiten por un status superior, sino m\u00e1s bien para ganar Gold Chips. Cada vez que recoja los puntos de p\u00f3quer suficiente, es premiado con un Gold Chip.<\/p>\n<p>Las Gold Chips se pueden utilizar para entrar en torneos semanales especiales de Gold Chips con premios de car\u00e1cter excepcional. Varios eventos de sat\u00e9lites tambi\u00e9n aceptar\u00e1n Gold Chips en lugar de dinero en efectivo para el buy-in. Doyles Room se encuentra en el proceso de integraci\u00f3n de una nueva tienda de Doyles Room, que tambi\u00e9n aceptar\u00e1 Gold Chips para tus compras.<\/p>\n<h2>Variedad de Juegos en Doyles Room<\/h2>\n<p>Doyles Room ofrece una buena variedad de juegos de p\u00f3quer en efectivo, incluyendo Texas Hold&#8217;em, Omaha, Omaha Hi-Lo, 7 Card Stud y 7 Card Stud Hi-Lo. Los Heads Ups, mesa corta y mesa entera o mesas con apuestas que van desde tan poco como $ 0,02 \/ $ 0,04 hasta $ 500 \/ $ 1000 en Hold&#8217;em con Limite. Las mesas m\u00e1s altas de juego no siempre est\u00e1n activas, pero en las horas pico, se puede encontrar un n\u00famero mesas grandes abiertas.<\/p>\n<p>Los torneos ofrecen un gran valor d\u00eda tras d\u00eda, con un m\u00e1ximo de $ 25 mil garantizados diariamente. Un $ 100 mil garantizado se lleva a cabo semanalmente, junto con un mensual de $ 250 mil garantizado. Si usted est\u00e1 buscando juegos econ\u00f3micos con potencial de buenas ganancias, juegue los Loose Change, torneos con entradas de $ 0.05 + $ 0.01. Los $ 50 Mil Doyles Bounty es el evento m\u00e1s famoso de la semana, donde el propio Doyle Brunson, junto con dos profesionales, pueden ser derribados con valor de miles en recompensas sobre sus cabezas.<\/p>\n<h2>Opciones de Dep\u00f3sito en Doyles Room<\/h2>\n<p>Doyles Room orgullo acepta jugadores de EE.UU., as\u00ed como los jugadores de todas las dem\u00e1s regiones del mundo. Como tal, usted puede esperar encontrar un mont\u00f3n de m\u00e9todos de pago disponibles: Visa, MasterCard, Switch, Solo, NETeller, Moneybookers, InstaDebit, InstaCash, PIC-Club, GiroPay y E-Checks.<\/p>\n<h3>Conclusi\u00f3n sobre Doyles Room<\/h3>\n<p>Doyles Room is a very well rounded online poker room with great software, loose completion, good traffic and a great list of promotional offerings. The 33% Doyles Room Rakeback offer is as high as it gets on the Cake Poker Network, and well above the average industry rakeback deals.<\/p>\n<p>Doyles Room es un muy buen posicionado sitio de p\u00f3quer en l\u00ednea con un gran software, baja competencia, el tr\u00e1fico es bueno y una gran lista de ofertas de promoci\u00f3n. El 33% de rakeback que ofrece es tan alto como se puede en la Cake, y muy por encima de los acuerdos de rakeback promedio de la industria.<\/p>\n<p>Aseg\u00farate de inscribirte con el c\u00f3digo promocional &#8220;Reduction&#8221; para ganar el 33% de Rakeback en Doyles Room, participar en la Carrera de Rake de $10 mil mensuales y aprovechar el 110% hasta $ 550 de bono de bienvenida.<\/p>\n","protected":false},"excerpt":{"rendered":"<p>Una vez que hayas descargado el software y hayas creado tu cuenta, favor llena la formula de arriba. Simplemente pon tu nombre de pantalla y tu direcci\u00f3n de correo electr\u00f3nico que utilizaste para crear la cuenta y nosotros confirmaremos que<a class=\"post-link\" href=\"https:\/\/www.rakemonkey.com\/es\/comentarios\/doyles-room-rakeback\/\"> read more&#8230;<\/a><\/p>\n","protected":false},"author":9,"featured_media":0,"parent":31,"menu_order":0,"comment_status":"closed","ping_status":"open","template":"rm_review.php","meta":[],"acf":[],"yoast_head":"<!-- This site is optimized with the Yoast SEO plugin v19.6.1 - https:\/\/yoast.com\/wordpress\/plugins\/seo\/ -->\n<title>Rakeback en Doyles Room - 33% Doyles Rakeback<\/title>\n<meta name=\"description\" content=\"Al realizar tu primer dep\u00f3sito, tambi\u00e9n recibir\u00e1s un 110% hasta $ 550 de bono de bienvenida, no se deducen de RMB!\" \/>\n<meta name=\"robots\" content=\"index, follow, max-snippet:-1, max-image-preview:large, max-video-preview:-1\" \/>\n<link rel=\"canonical\" href=\"https:\/\/www.rakemonkey.com\/es\/comentarios\/doyles-room-rakeback\/\" \/>\n<meta property=\"og:locale\" content=\"en_US\" \/>\n<meta property=\"og:type\" content=\"article\" \/>\n<meta property=\"og:title\" content=\"Rakeback en Doyles Room - 33% Doyles Rakeback\" \/>\n<meta property=\"og:description\" content=\"Al realizar tu primer dep\u00f3sito, tambi\u00e9n recibir\u00e1s un 110% hasta $ 550 de bono de bienvenida, no se deducen de RMB!\" \/>\n<meta property=\"og:url\" content=\"https:\/\/www.rakemonkey.com\/es\/comentarios\/doyles-room-rakeback\/\" \/>\n<meta property=\"og:site_name\" content=\"RakeMonkey.com\" \/>\n<meta name=\"twitter:card\" content=\"summary\" \/>\n<meta name=\"twitter:label1\" content=\"Est. reading time\" \/>\n\t<meta name=\"twitter:data1\" content=\"6 minutes\" \/>\n<script type=\"application\/ld+json\" class=\"yoast-schema-graph\">{\"@context\":\"https:\/\/schema.org\",\"@graph\":[{\"@type\":\"WebPage\",\"@id\":\"https:\/\/www.rakemonkey.com\/es\/comentarios\/doyles-room-rakeback\/\",\"url\":\"https:\/\/www.rakemonkey.com\/es\/comentarios\/doyles-room-rakeback\/\",\"name\":\"Rakeback en Doyles Room - 33% Doyles Rakeback\",\"isPartOf\":{\"@id\":\"https:\/\/www.rakemonkey.com\/es\/#website\"},\"datePublished\":\"2010-02-11T21:36:03+00:00\",\"dateModified\":\"2010-02-11T21:36:03+00:00\",\"description\":\"Al realizar tu primer dep\u00f3sito, tambi\u00e9n recibir\u00e1s un 110% hasta $ 550 de bono de bienvenida, no se deducen de RMB!\",\"breadcrumb\":{\"@id\":\"https:\/\/www.rakemonkey.com\/es\/comentarios\/doyles-room-rakeback\/#breadcrumb\"},\"inLanguage\":\"en-US\",\"potentialAction\":[{\"@type\":\"ReadAction\",\"target\":[\"https:\/\/www.rakemonkey.com\/es\/comentarios\/doyles-room-rakeback\/\"]}]},{\"@type\":\"BreadcrumbList\",\"@id\":\"https:\/\/www.rakemonkey.com\/es\/comentarios\/doyles-room-rakeback\/#breadcrumb\",\"itemListElement\":[{\"@type\":\"ListItem\",\"position\":1,\"name\":\"Home\",\"item\":\"https:\/\/www.rakemonkey.com\/es\/\"},{\"@type\":\"ListItem\",\"position\":2,\"name\":\"Comentarios\",\"item\":\"https:\/\/www.rakemonkey.com\/es\/comentarios\/\"},{\"@type\":\"ListItem\",\"position\":3,\"name\":\"Rakeback en Doyles Room\"}]},{\"@type\":\"WebSite\",\"@id\":\"https:\/\/www.rakemonkey.com\/es\/#website\",\"url\":\"https:\/\/www.rakemonkey.com\/es\/\",\"name\":\"RakeMonkey.com\",\"description\":\"\",\"potentialAction\":[{\"@type\":\"SearchAction\",\"target\":{\"@type\":\"EntryPoint\",\"urlTemplate\":\"https:\/\/www.rakemonkey.com\/es\/?s={search_term_string}\"},\"query-input\":\"required name=search_term_string\"}],\"inLanguage\":\"en-US\"}]}<\/script>\n<!-- \/ Yoast SEO plugin. -->","yoast_head_json":{"title":"Rakeback en Doyles Room - 33% Doyles Rakeback","description":"Al realizar tu primer dep\u00f3sito, tambi\u00e9n recibir\u00e1s un 110% hasta $ 550 de bono de bienvenida, no se deducen de RMB!","robots":{"index":"index","follow":"follow","max-snippet":"max-snippet:-1","max-image-preview":"max-image-preview:large","max-video-preview":"max-video-preview:-1"},"canonical":"https:\/\/www.rakemonkey.com\/es\/comentarios\/doyles-room-rakeback\/","og_locale":"en_US","og_type":"article","og_title":"Rakeback en Doyles Room - 33% Doyles Rakeback","og_description":"Al realizar tu primer dep\u00f3sito, tambi\u00e9n recibir\u00e1s un 110% hasta $ 550 de bono de bienvenida, no se deducen de RMB!","og_url":"https:\/\/www.rakemonkey.com\/es\/comentarios\/doyles-room-rakeback\/","og_site_name":"RakeMonkey.com","twitter_card":"summary","twitter_misc":{"Est. reading time":"6 minutes"},"schema":{"@context":"https:\/\/schema.org","@graph":[{"@type":"WebPage","@id":"https:\/\/www.rakemonkey.com\/es\/comentarios\/doyles-room-rakeback\/","url":"https:\/\/www.rakemonkey.com\/es\/comentarios\/doyles-room-rakeback\/","name":"Rakeback en Doyles Room - 33% Doyles Rakeback","isPartOf":{"@id":"https:\/\/www.rakemonkey.com\/es\/#website"},"datePublished":"2010-02-11T21:36:03+00:00","dateModified":"2010-02-11T21:36:03+00:00","description":"Al realizar tu primer dep\u00f3sito, tambi\u00e9n recibir\u00e1s un 110% hasta $ 550 de bono de bienvenida, no se deducen de RMB!","breadcrumb":{"@id":"https:\/\/www.rakemonkey.com\/es\/comentarios\/doyles-room-rakeback\/#breadcrumb"},"inLanguage":"en-US","potentialAction":[{"@type":"ReadAction","target":["https:\/\/www.rakemonkey.com\/es\/comentarios\/doyles-room-rakeback\/"]}]},{"@type":"BreadcrumbList","@id":"https:\/\/www.rakemonkey.com\/es\/comentarios\/doyles-room-rakeback\/#breadcrumb","itemListElement":[{"@type":"ListItem","position":1,"name":"Home","item":"https:\/\/www.rakemonkey.com\/es\/"},{"@type":"ListItem","position":2,"name":"Comentarios","item":"https:\/\/www.rakemonkey.com\/es\/comentarios\/"},{"@type":"ListItem","position":3,"name":"Rakeback en Doyles Room"}]},{"@type":"WebSite","@id":"https:\/\/www.rakemonkey.com\/es\/#website","url":"https:\/\/www.rakemonkey.com\/es\/","name":"RakeMonkey.com","description":"","potentialAction":[{"@type":"SearchAction","target":{"@type":"EntryPoint","urlTemplate":"https:\/\/www.rakemonkey.com\/es\/?s={search_term_string}"},"query-input":"required name=search_term_string"}],"inLanguage":"en-US"}]}},"_links":{"self":[{"href":"https:\/\/www.rakemonkey.com\/es\/wp-json\/wp\/v2\/pages\/35"}],"collection":[{"href":"https:\/\/www.rakemonkey.com\/es\/wp-json\/wp\/v2\/pages"}],"about":[{"href":"https:\/\/www.rakemonkey.com\/es\/wp-json\/wp\/v2\/types\/page"}],"author":[{"embeddable":true,"href":"https:\/\/www.rakemonkey.com\/es\/wp-json\/wp\/v2\/users\/9"}],"replies":[{"embeddable":true,"href":"https:\/\/www.rakemonkey.com\/es\/wp-json\/wp\/v2\/comments?post=35"}],"version-history":[{"count":0,"href":"https:\/\/www.rakemonkey.com\/es\/wp-json\/wp\/v2\/pages\/35\/revisions"}],"up":[{"embeddable":true,"href":"https:\/\/www.rakemonkey.com\/es\/wp-json\/wp\/v2\/pages\/31"}],"wp:attachment":[{"href":"https:\/\/www.rakemonkey.com\/es\/wp-json\/wp\/v2\/media?parent=35"}],"curies":[{"name":"wp","href":"https:\/\/api.w.org\/{rel}","templated":true}]}}