{"id":39,"date":"2010-02-11T21:59:57","date_gmt":"2010-02-11T21:59:57","guid":{"rendered":"http:\/\/www.rakemonkey.com\/es\/?page_id=39"},"modified":"2010-02-11T21:59:57","modified_gmt":"2010-02-11T21:59:57","slug":"cake-poker-rakeback","status":"publish","type":"page","link":"https:\/\/www.rakemonkey.com\/es\/comentarios\/cake-poker-rakeback\/","title":{"rendered":"Cake Poker Rakeback"},"content":{"rendered":"<p>Una vez que hayas descargado el software y hayas creado tu cuenta, por favor llena el formulario de registro de arriba. En pocas palabras tu Nombre de Pantalla y Direcci\u00f3n de correo electr\u00f3nico que utilizaste para registrar tu cuenta y nos aseguraremos de que se confirme tu rakeback!<\/p>\n<p><strong>Resumen de Cake Poker<\/strong><\/p>\n<p>En s\u00f3lo unos pocos a\u00f1os, despu\u00e9s de su lanzamiento en 2006, Cake Poker ya ha demostrado ser un gran contendiente en la industria del p\u00f3quer en l\u00ednea. El sitio es el buque insignia de la Cake Network, un promedio de m\u00e1s de 7.500 jugadores activos de dinero real en horas pico. Cake Poker es tambi\u00e9n conocida por sus mesas con baja competencia en niveles bajos y medios.<\/p>\n<p>Todo esto se traduce en grandes oportunidades para los asociados al Rakeback de Cake Poker. Para recibir el rakeback de Cake Poker, simplemente crea una nueva cuenta de jugador usando el c\u00f3digo de bono: &#8220;Reduction&#8221;.<\/p>\n<blockquote><p><a href=\"http:\/\/cakepoker.com\/?t=2048&amp;Lang=en\"><span style=\"color: #ff0000\"><strong>Descargar el software que utiliza este enlace<\/strong><\/span><\/a><\/p>\n<p>Codigo de bono: <strong>REDUCTION<\/strong><\/p><\/blockquote>\n<h2>Cake Poker Rakeback<\/h2>\n<p>Al registrarte para el rakeback con Cake Poker con el c\u00f3digo de bono &#8220;reduction&#8221;, eres inmediatamente elegible para recibir el 33% Rakeback Repartido de Cake Poker. El m\u00e9todo Rakeback Repartido es especialmente popular, porque los jugadores no est\u00e1n obligados a aportar nada en absoluto a un pote con el fin de recibir Rakeback. Siempre y cuando se repartan las cartas en la mano, y el pote va a tener Rake, y tus ganancias de Rakeback ser\u00e1n pagadas.<\/p>\n<p>Rakeback Repartido es tan popular porque los jugadores de p\u00f3quer m\u00e1s serios aplican una estrategia de p\u00f3quer apretado. Esto significa que son propensos a no pagar manos que est\u00e1n jugando, eligen de no invertir en un pote sin una gran mano inicial. Ning\u00fan m\u00e9todo de Rakeback paga otros jugadores que no contribuyen, al menos una peque\u00f1a parte del pote \/ rake.<\/p>\n<p>El Rakeback con Cake Poker se paga normalmente directamente a tu cuenta una vez por semana -, pero, con RakeMonkey.com, puedes retirar tu Rakeback diriament cuando entres al sistema de nuestro sitio. Adem\u00e1s, los jugadores son elegibles para competir en Carreras de Rake mensual de Cake Poker, por un valor de 15.000 d\u00f3lares en fondos de premio compartido a los mejores trabajadores y con m\u00e1s rake para ese mes. Es un incentivo a\u00f1adido realmente grande para s\u00f3lo salir a jugar al p\u00f3quer!<\/p>\n<h2>Bono de Bienvenida de Cake Poker<\/h2>\n<p>Adem\u00e1s de ganar un 33% de Rakeback con Cake Poker, tambi\u00e9n ser\u00e1s capaz de tomar ventaja de un 110% de bono en tu primer dep\u00f3sito por valor de hasta $600.<\/p>\n<p>El bono de bienvenida que se libera mediante la FPP (Puntos Frecuentes de Jugador). Por cada 0,01 d\u00f3lares que contribuyes en el rake acumulas\u00a0 0,01 FPP, mientras que cada $ 1 pagado las fees de torneo se otorgan 7 FPP. El bono se libera en incrementos de $ 10.<\/p>\n<p>Otra oferta de bono excepcional de Cake Poker es programa de refiere a un amigo que paga hasta $ 100 por cada amigo que refieras con \u00e9xito. Los premios de referencia funcionan con ingresos residuales, basado en las contribuciones de rake tu amigo, se abonar\u00e1 a tu cuenta cada mes.<\/p>\n<h3>Promociones \u201cGold\u201d de Cake Poker<\/h3>\n<p>Cake Poker tiene una promocion \u00fanica que recompense a sus jugadores con Gold Chips y Cartas Dorada.<\/p>\n<p>Las Gold Chips se otorgan cada vez que un jugador acumula suficiente FPP. Un jugador puede ver su medidor de Gold Chips en su p\u00e1gina de cuenta. Una vez que el medidor est\u00e1 lleno, una Gold Chip es otorgada. La cantidad de puntos necesarios para recibir un chip dorado depende de tu estatus VIP, y la cantidad de fichas que ya has recibido ese mes. Por ejemplo, el primer chip del mes tendr\u00e1 m\u00e1s puntos que el quinto chip. Despu\u00e9s de recibir 5 chips en un solo mes, un 6 chip gratuito se otorga, adem\u00e1s de todos los otros chips ganados ese mes, s\u00f3lo requieren la cantidad de puntos necesarios para un quinto chip, a menos de 70 FPP. Las Gold Chips se utilizan para comprar mercanc\u00eda en Cake Poker, participar en torneos por grandes cantidades de dinero, etc<\/p>\n<p>Las Cartas Dorada son un poco diferentes. Usted no tiene que hacer nada para ganarlas, excepto jugar en los juegos de efectivo con dinero real. Cuando un cierto nivel de comisi\u00f3n es recopilada en una mesa, una Carta Dorada se ha seleccionado al azar del mazo y se muestra en la mesa. Si tienes esta carta en tus cartas ocultas, consigues mantener la Carta Dorada. Hay sorteos todos los d\u00edas, de clasificaci\u00f3n y otras promociones que involucran a estas Cartas Dorada, y nunca expiran, haci\u00e9ndolos m\u00e1s y m\u00e1s valiosas.<\/p>\n<h2>Variedad de Juegos en Cake Poker<\/h2>\n<p>Cake Poker tiene una impresionante variedad de juegos de p\u00f3quer disponibles en el lobby de juego efectivo. Estos incluyen el Texas Hold&#8217;em, Omaha, Omaha Hi-Lo, 7 Card Stud, 7 Card Stud Hi-Lo y Razz. Con niveles que van desde $ 0,02 \/ $ 0,04 hasta $ 500 \/ $ 1,000. Si bien agradecemos la amplia gama de juegos de p\u00f3quer, debemos admitir que rara vez hay alguna actividad en los juegos Stud o Razz.<\/p>\n<p>La lista de torneos incluye un gran n\u00famero de tipos de torneos, incluidas las garant\u00edas, freerolls, re-compra, recompensas y los sat\u00e9lites de eventos en vivo. Los mayores son las garant\u00edas de \u00a0100 mil semanales y mensuales de $ 250 mil. Sat\u00e9lites de eventos en vivo enviar a los miembros a varios eventos en todo el mundo, como el WSOP, por tan s\u00f3lo $ 2 de buy-in. En total, Cake Poker paga m\u00e1s de $ 20 millones de d\u00f3lares cada mes en los torneos.<\/p>\n<h2>Opciones de Deposito de Cake Poker<\/h2>\n<p>Cake Poker ofrece los siguientes m\u00e9todos de dep\u00f3sito (EE.UU. jugadores aceptados): Visa, MasterCard, Diners, Solo, Maestro, Laser, Euro6000, Visa Delta, Visa Electron, eWalletXpress, NETeller, Moneybookers, PaySafeCard, ClickandBuy, WebMoney, UseMyWallet, Ukash, EcoCard , POLI, GiroPay, Sofort, CartiSi, Postepay, 4B, Inteligo, MTransfer, Polski, Dankort y eNETS.<\/p>\n<h3>Conclusi\u00f3n sobre Cake Poker<\/h3>\n<p>Para terminar, nos encontramos con que Cake Poker tiene una de las mejores ofertas de p\u00f3quer en l\u00ednea Rakeback, coronada con la cereza proverbial de las promociones, del bono de bienvenida, a las carreras de rake $ 15 mil, a la amplia variedad de juegos, torneos y las oportunidades de eventos en vivo.<\/p>\n<p>Si est\u00e1s de acuerdo, crea una cuenta con Cake Poker de inmediato para obtener el 33% de Rakeback con Cake Poker (utilice el c\u00f3digo de bono &#8220;reduction&#8221;) y empieza a ganar el 110% hasta $ 600 de bono de bienvenida hoy.<\/p>\n","protected":false},"excerpt":{"rendered":"<p>Una vez que hayas descargado el software y hayas creado tu cuenta, por favor llena el formulario de registro de arriba. En pocas palabras tu Nombre de Pantalla y Direcci\u00f3n de correo electr\u00f3nico que utilizaste para registrar tu cuenta y<a class=\"post-link\" href=\"https:\/\/www.rakemonkey.com\/es\/comentarios\/cake-poker-rakeback\/\"> read more&#8230;<\/a><\/p>\n","protected":false},"author":9,"featured_media":0,"parent":31,"menu_order":0,"comment_status":"closed","ping_status":"open","template":"rm_review.php","meta":[],"acf":[],"yoast_head":"<!-- This site is optimized with the Yoast SEO plugin v19.6.1 - https:\/\/yoast.com\/wordpress\/plugins\/seo\/ -->\n<title>Cake Poker Rakeback - RakeMonkey.com<\/title>\n<meta name=\"robots\" content=\"index, follow, max-snippet:-1, max-image-preview:large, max-video-preview:-1\" \/>\n<link rel=\"canonical\" href=\"https:\/\/www.rakemonkey.com\/es\/comentarios\/cake-poker-rakeback\/\" \/>\n<meta property=\"og:locale\" content=\"en_US\" \/>\n<meta property=\"og:type\" content=\"article\" \/>\n<meta property=\"og:title\" content=\"Cake Poker Rakeback - RakeMonkey.com\" \/>\n<meta property=\"og:description\" content=\"Una vez que hayas descargado el software y hayas creado tu cuenta, por favor llena el formulario de registro de arriba. En pocas palabras tu Nombre de Pantalla y Direcci\u00f3n de correo electr\u00f3nico que utilizaste para registrar tu cuenta y read more...\" \/>\n<meta property=\"og:url\" content=\"https:\/\/www.rakemonkey.com\/es\/comentarios\/cake-poker-rakeback\/\" \/>\n<meta property=\"og:site_name\" content=\"RakeMonkey.com\" \/>\n<meta name=\"twitter:card\" content=\"summary\" \/>\n<meta name=\"twitter:label1\" content=\"Est. reading time\" \/>\n\t<meta name=\"twitter:data1\" content=\"6 minutes\" \/>\n<script type=\"application\/ld+json\" class=\"yoast-schema-graph\">{\"@context\":\"https:\/\/schema.org\",\"@graph\":[{\"@type\":\"WebPage\",\"@id\":\"https:\/\/www.rakemonkey.com\/es\/comentarios\/cake-poker-rakeback\/\",\"url\":\"https:\/\/www.rakemonkey.com\/es\/comentarios\/cake-poker-rakeback\/\",\"name\":\"Cake Poker Rakeback - RakeMonkey.com\",\"isPartOf\":{\"@id\":\"https:\/\/www.rakemonkey.com\/es\/#website\"},\"datePublished\":\"2010-02-11T21:59:57+00:00\",\"dateModified\":\"2010-02-11T21:59:57+00:00\",\"breadcrumb\":{\"@id\":\"https:\/\/www.rakemonkey.com\/es\/comentarios\/cake-poker-rakeback\/#breadcrumb\"},\"inLanguage\":\"en-US\",\"potentialAction\":[{\"@type\":\"ReadAction\",\"target\":[\"https:\/\/www.rakemonkey.com\/es\/comentarios\/cake-poker-rakeback\/\"]}]},{\"@type\":\"BreadcrumbList\",\"@id\":\"https:\/\/www.rakemonkey.com\/es\/comentarios\/cake-poker-rakeback\/#breadcrumb\",\"itemListElement\":[{\"@type\":\"ListItem\",\"position\":1,\"name\":\"Home\",\"item\":\"https:\/\/www.rakemonkey.com\/es\/\"},{\"@type\":\"ListItem\",\"position\":2,\"name\":\"Comentarios\",\"item\":\"https:\/\/www.rakemonkey.com\/es\/comentarios\/\"},{\"@type\":\"ListItem\",\"position\":3,\"name\":\"Cake Poker Rakeback\"}]},{\"@type\":\"WebSite\",\"@id\":\"https:\/\/www.rakemonkey.com\/es\/#website\",\"url\":\"https:\/\/www.rakemonkey.com\/es\/\",\"name\":\"RakeMonkey.com\",\"description\":\"\",\"potentialAction\":[{\"@type\":\"SearchAction\",\"target\":{\"@type\":\"EntryPoint\",\"urlTemplate\":\"https:\/\/www.rakemonkey.com\/es\/?s={search_term_string}\"},\"query-input\":\"required name=search_term_string\"}],\"inLanguage\":\"en-US\"}]}<\/script>\n<!-- \/ Yoast SEO plugin. -->","yoast_head_json":{"title":"Cake Poker Rakeback - RakeMonkey.com","robots":{"index":"index","follow":"follow","max-snippet":"max-snippet:-1","max-image-preview":"max-image-preview:large","max-video-preview":"max-video-preview:-1"},"canonical":"https:\/\/www.rakemonkey.com\/es\/comentarios\/cake-poker-rakeback\/","og_locale":"en_US","og_type":"article","og_title":"Cake Poker Rakeback - RakeMonkey.com","og_description":"Una vez que hayas descargado el software y hayas creado tu cuenta, por favor llena el formulario de registro de arriba. En pocas palabras tu Nombre de Pantalla y Direcci\u00f3n de correo electr\u00f3nico que utilizaste para registrar tu cuenta y read more...","og_url":"https:\/\/www.rakemonkey.com\/es\/comentarios\/cake-poker-rakeback\/","og_site_name":"RakeMonkey.com","twitter_card":"summary","twitter_misc":{"Est. reading time":"6 minutes"},"schema":{"@context":"https:\/\/schema.org","@graph":[{"@type":"WebPage","@id":"https:\/\/www.rakemonkey.com\/es\/comentarios\/cake-poker-rakeback\/","url":"https:\/\/www.rakemonkey.com\/es\/comentarios\/cake-poker-rakeback\/","name":"Cake Poker Rakeback - RakeMonkey.com","isPartOf":{"@id":"https:\/\/www.rakemonkey.com\/es\/#website"},"datePublished":"2010-02-11T21:59:57+00:00","dateModified":"2010-02-11T21:59:57+00:00","breadcrumb":{"@id":"https:\/\/www.rakemonkey.com\/es\/comentarios\/cake-poker-rakeback\/#breadcrumb"},"inLanguage":"en-US","potentialAction":[{"@type":"ReadAction","target":["https:\/\/www.rakemonkey.com\/es\/comentarios\/cake-poker-rakeback\/"]}]},{"@type":"BreadcrumbList","@id":"https:\/\/www.rakemonkey.com\/es\/comentarios\/cake-poker-rakeback\/#breadcrumb","itemListElement":[{"@type":"ListItem","position":1,"name":"Home","item":"https:\/\/www.rakemonkey.com\/es\/"},{"@type":"ListItem","position":2,"name":"Comentarios","item":"https:\/\/www.rakemonkey.com\/es\/comentarios\/"},{"@type":"ListItem","position":3,"name":"Cake Poker Rakeback"}]},{"@type":"WebSite","@id":"https:\/\/www.rakemonkey.com\/es\/#website","url":"https:\/\/www.rakemonkey.com\/es\/","name":"RakeMonkey.com","description":"","potentialAction":[{"@type":"SearchAction","target":{"@type":"EntryPoint","urlTemplate":"https:\/\/www.rakemonkey.com\/es\/?s={search_term_string}"},"query-input":"required name=search_term_string"}],"inLanguage":"en-US"}]}},"_links":{"self":[{"href":"https:\/\/www.rakemonkey.com\/es\/wp-json\/wp\/v2\/pages\/39"}],"collection":[{"href":"https:\/\/www.rakemonkey.com\/es\/wp-json\/wp\/v2\/pages"}],"about":[{"href":"https:\/\/www.rakemonkey.com\/es\/wp-json\/wp\/v2\/types\/page"}],"author":[{"embeddable":true,"href":"https:\/\/www.rakemonkey.com\/es\/wp-json\/wp\/v2\/users\/9"}],"replies":[{"embeddable":true,"href":"https:\/\/www.rakemonkey.com\/es\/wp-json\/wp\/v2\/comments?post=39"}],"version-history":[{"count":0,"href":"https:\/\/www.rakemonkey.com\/es\/wp-json\/wp\/v2\/pages\/39\/revisions"}],"up":[{"embeddable":true,"href":"https:\/\/www.rakemonkey.com\/es\/wp-json\/wp\/v2\/pages\/31"}],"wp:attachment":[{"href":"https:\/\/www.rakemonkey.com\/es\/wp-json\/wp\/v2\/media?parent=39"}],"curies":[{"name":"wp","href":"https:\/\/api.w.org\/{rel}","templated":true}]}}