{"id":42,"date":"2010-02-12T00:39:58","date_gmt":"2010-02-12T00:39:58","guid":{"rendered":"http:\/\/www.rakemonkey.com\/es\/?page_id=42"},"modified":"2010-02-12T00:39:58","modified_gmt":"2010-02-12T00:39:58","slug":"pkr-poker-rakeback","status":"publish","type":"page","link":"https:\/\/www.rakemonkey.com\/es\/comentarios\/pkr-poker-rakeback\/","title":{"rendered":"Rakeback de PKR"},"content":{"rendered":"<p>Una vez que haya descargado el software y\u00a0 creado tu cuenta, por favor llena el formulario de registro de arriba. En pocas palabras con tu Nombre de Pantalla y Direcci\u00f3n de correo electr\u00f3nico que utilizaste para registrar tu cuenta y nos aseguraremos de que se confirme tu rakeback!<\/p>\n<blockquote><p><a href=\"http:\/\/www.pkr.com\/?CampaignId=6679\"><span style=\"color: #ff0000\"><strong>Descargar el software que utiliza este enlace<\/strong><\/span><\/a><\/p>\n<p>Codigo de bono: <strong>REDUCTION<\/strong><\/p><\/blockquote>\n<h2>Resumen de PKR Poker<\/h2>\n<p>PKR Poker abri\u00f3 sus puertas virtuales en 2007. La comunidad de p\u00f3quer en l\u00ednea fue inmediatamente enamorado. No es ning\u00fan secreto que una gran parte de la poblaci\u00f3n de p\u00f3quer en l\u00ednea creci\u00f3 con los video juegos, y PKR tiene lo que la industria de p\u00f3quer carece, apariencia de juego de v\u00eddeo 3D, que era perfecta para los jugadores de treinta y algo que crecieron con Mario y los jugadores de 18 a\u00f1os que juegan Halo en sus ratos libres, as\u00ed como moliendo las mesas de p\u00f3quer en l\u00ednea de vez en cuando (o, 20 a la vez, 12 horas al d\u00eda!).<\/p>\n<p>PKR no es un software peque\u00f1o, sin embargo, si eres un jugador, probablemente ya tienes un sistema que pueda manejar el software robusto, que algunos han denominado cari\u00f1osamente (y no tan cari\u00f1osamente) como un consumidor de recursos.<\/p>\n<p>Vale la pena sin embargo, para entrar en l\u00ednea a PRK Poker, as\u00ed como jugar al p\u00f3quer contra los m\u00e1s j\u00f3venes de la poblaci\u00f3n.<\/p>\n<h2>Rakeback de PKR y Bono de Bienvenida<\/h2>\n<p>Cuando te suscribe a un trato con Rake Monkey en PKR, ganar\u00e1 el 30% de su rakeback contribuido. Adem\u00e1s, utiliza nuestro C\u00f3digo de Bono de &#8220;reduction&#8221; y recibir\u00e1s un bono de bienvenida de PKR &#8211; 100% hasta un bono de $ 600 en su primer dep\u00f3sito para ser exactos.<\/p>\n<h3>Pagos del Rakeback con PKR<\/h3>\n<p>Tus pagos de rakeback son calculados diariamente con PKR Poker.<\/p>\n<p>Los pagos son hechos cada mes (alrededor del 4), sin embargo tu puedes retirar tus pagos sin esperar al pago.<\/p>\n<h3>Rebajas en torneos con PKR<\/h3>\n<p>En PKR no recibes ningun rakeback o rebajas sobre la accion de torneos que tengas. Si juegas torneos deber\u00e1s pagar el precio completo de los mismos y no se sumar\u00e1n a tu rakeback.<\/p>\n<p>Esto significa que PKR es sitio incre\u00edble para jugar mesas de dinero real, sin embargo, recomendamos el rakeback de Minted P\u00f3quer si deseas jugar torneos.<\/p>\n<h3>Deducciones y bonos con PKR<\/h3>\n<p>Al crear una cuenta a trav\u00e9s de a trav\u00e9s de Rake Monkey con PKR, no s\u00f3lo obtienes un gran rakeback con PKR Poker, tambi\u00e9n te beneficiar\u00e1n con un bono de bienvenida de 100% de tu primer dep\u00f3sito, el cual dar\u00e1 hasta una bonificaci\u00f3n total de $ 600,00.<\/p>\n<p>Hay un pero para los jugadores con acuerdo de PKR, su dinero de bonificaci\u00f3n se deducir\u00e1 antes de que se calcule tu rakeback.<\/p>\n<p>As\u00ed que al recibir un bono, y se obtiene rakeback, pero no sobre tu bono.<\/p>\n<h3>PKR \u2013 Estructura del Rake<\/h3>\n<p>En la superficie, PKR cobra la misma cantidad de rake que casi todos las salas de p\u00f3quer en l\u00ednea, un est\u00e1ndar del 5%, sin embargo, hay una peque\u00f1a oportunidad para un rakeback extra en PKR que no se encuentra en todas partes. PKR no baja el rake en los juegos de micro limite. La comisi\u00f3n es la misma en cada mesa de juego de dinero real. Por lo tanto, incluso en el micro limites, si est\u00e1s jugando en PKR, el rake ser\u00e1 el mismo.<\/p>\n<p>PKR se adhiere a la pol\u00edtica de &#8220;Sin flop no hay rake &#8216;que no encuentra ya en todas las salas de p\u00f3quer en l\u00ednea. No importa lo grandes o peque\u00f1as apuestas pre-flop, no hay comisi\u00f3n sacada de pote donde no hubo flop.<\/p>\n<p>Si est\u00e1s estrategia implica una gran cantidad de ir \u201ccon todo\u201d en el en el flop, espera pagar una gran cantidad de rake m\u00e1ximo.<\/p>\n<h2>Opciones de Deposito con PKR<\/h2>\n<p>Para hacer un dep\u00f3sito en PKR y reclamar tu bono de $ 800, puedes utilizar una de las siguientes opciones de dep\u00f3sito en PKR: NETeller, Paysafecard, Click2Pay, Visa, Visa Delta, Visa Electron, Mastercard, tarjetas de regalo, Maestro, Switch, Solo, Moneybookers, ideal \/ Transferencia Bancaria, y Entropay.<\/p>\n","protected":false},"excerpt":{"rendered":"<p>Una vez que haya descargado el software y\u00a0 creado tu cuenta, por favor llena el formulario de registro de arriba. En pocas palabras con tu Nombre de Pantalla y Direcci\u00f3n de correo electr\u00f3nico que utilizaste para registrar tu cuenta y<a class=\"post-link\" href=\"https:\/\/www.rakemonkey.com\/es\/comentarios\/pkr-poker-rakeback\/\"> read more&#8230;<\/a><\/p>\n","protected":false},"author":9,"featured_media":0,"parent":31,"menu_order":0,"comment_status":"closed","ping_status":"open","template":"rm_review.php","meta":[],"acf":[],"yoast_head":"<!-- This site is optimized with the Yoast SEO plugin v19.6.1 - https:\/\/yoast.com\/wordpress\/plugins\/seo\/ -->\n<title>Rakeback de PKR - 30% PKR Rakeback<\/title>\n<meta name=\"description\" content=\"Cuando te suscribe a un trato con Rake Monkey en PKR, ganar\u00e1 el 30% de su rakeback contribuido.\" \/>\n<meta name=\"robots\" content=\"index, follow, max-snippet:-1, max-image-preview:large, max-video-preview:-1\" \/>\n<link rel=\"canonical\" href=\"https:\/\/www.rakemonkey.com\/es\/comentarios\/pkr-poker-rakeback\/\" \/>\n<meta property=\"og:locale\" content=\"en_US\" \/>\n<meta property=\"og:type\" content=\"article\" \/>\n<meta property=\"og:title\" content=\"Rakeback de PKR - 30% PKR Rakeback\" \/>\n<meta property=\"og:description\" content=\"Cuando te suscribe a un trato con Rake Monkey en PKR, ganar\u00e1 el 30% de su rakeback contribuido.\" \/>\n<meta property=\"og:url\" content=\"https:\/\/www.rakemonkey.com\/es\/comentarios\/pkr-poker-rakeback\/\" \/>\n<meta property=\"og:site_name\" content=\"RakeMonkey.com\" \/>\n<meta name=\"twitter:card\" content=\"summary\" \/>\n<meta name=\"twitter:label1\" content=\"Est. reading time\" \/>\n\t<meta name=\"twitter:data1\" content=\"4 minutes\" \/>\n<script type=\"application\/ld+json\" class=\"yoast-schema-graph\">{\"@context\":\"https:\/\/schema.org\",\"@graph\":[{\"@type\":\"WebPage\",\"@id\":\"https:\/\/www.rakemonkey.com\/es\/comentarios\/pkr-poker-rakeback\/\",\"url\":\"https:\/\/www.rakemonkey.com\/es\/comentarios\/pkr-poker-rakeback\/\",\"name\":\"Rakeback de PKR - 30% PKR Rakeback\",\"isPartOf\":{\"@id\":\"https:\/\/www.rakemonkey.com\/es\/#website\"},\"datePublished\":\"2010-02-12T00:39:58+00:00\",\"dateModified\":\"2010-02-12T00:39:58+00:00\",\"description\":\"Cuando te suscribe a un trato con Rake Monkey en PKR, ganar\u00e1 el 30% de su rakeback contribuido.\",\"breadcrumb\":{\"@id\":\"https:\/\/www.rakemonkey.com\/es\/comentarios\/pkr-poker-rakeback\/#breadcrumb\"},\"inLanguage\":\"en-US\",\"potentialAction\":[{\"@type\":\"ReadAction\",\"target\":[\"https:\/\/www.rakemonkey.com\/es\/comentarios\/pkr-poker-rakeback\/\"]}]},{\"@type\":\"BreadcrumbList\",\"@id\":\"https:\/\/www.rakemonkey.com\/es\/comentarios\/pkr-poker-rakeback\/#breadcrumb\",\"itemListElement\":[{\"@type\":\"ListItem\",\"position\":1,\"name\":\"Home\",\"item\":\"https:\/\/www.rakemonkey.com\/es\/\"},{\"@type\":\"ListItem\",\"position\":2,\"name\":\"Comentarios\",\"item\":\"https:\/\/www.rakemonkey.com\/es\/comentarios\/\"},{\"@type\":\"ListItem\",\"position\":3,\"name\":\"Rakeback de PKR\"}]},{\"@type\":\"WebSite\",\"@id\":\"https:\/\/www.rakemonkey.com\/es\/#website\",\"url\":\"https:\/\/www.rakemonkey.com\/es\/\",\"name\":\"RakeMonkey.com\",\"description\":\"\",\"potentialAction\":[{\"@type\":\"SearchAction\",\"target\":{\"@type\":\"EntryPoint\",\"urlTemplate\":\"https:\/\/www.rakemonkey.com\/es\/?s={search_term_string}\"},\"query-input\":\"required name=search_term_string\"}],\"inLanguage\":\"en-US\"}]}<\/script>\n<!-- \/ Yoast SEO plugin. -->","yoast_head_json":{"title":"Rakeback de PKR - 30% PKR Rakeback","description":"Cuando te suscribe a un trato con Rake Monkey en PKR, ganar\u00e1 el 30% de su rakeback contribuido.","robots":{"index":"index","follow":"follow","max-snippet":"max-snippet:-1","max-image-preview":"max-image-preview:large","max-video-preview":"max-video-preview:-1"},"canonical":"https:\/\/www.rakemonkey.com\/es\/comentarios\/pkr-poker-rakeback\/","og_locale":"en_US","og_type":"article","og_title":"Rakeback de PKR - 30% PKR Rakeback","og_description":"Cuando te suscribe a un trato con Rake Monkey en PKR, ganar\u00e1 el 30% de su rakeback contribuido.","og_url":"https:\/\/www.rakemonkey.com\/es\/comentarios\/pkr-poker-rakeback\/","og_site_name":"RakeMonkey.com","twitter_card":"summary","twitter_misc":{"Est. reading time":"4 minutes"},"schema":{"@context":"https:\/\/schema.org","@graph":[{"@type":"WebPage","@id":"https:\/\/www.rakemonkey.com\/es\/comentarios\/pkr-poker-rakeback\/","url":"https:\/\/www.rakemonkey.com\/es\/comentarios\/pkr-poker-rakeback\/","name":"Rakeback de PKR - 30% PKR Rakeback","isPartOf":{"@id":"https:\/\/www.rakemonkey.com\/es\/#website"},"datePublished":"2010-02-12T00:39:58+00:00","dateModified":"2010-02-12T00:39:58+00:00","description":"Cuando te suscribe a un trato con Rake Monkey en PKR, ganar\u00e1 el 30% de su rakeback contribuido.","breadcrumb":{"@id":"https:\/\/www.rakemonkey.com\/es\/comentarios\/pkr-poker-rakeback\/#breadcrumb"},"inLanguage":"en-US","potentialAction":[{"@type":"ReadAction","target":["https:\/\/www.rakemonkey.com\/es\/comentarios\/pkr-poker-rakeback\/"]}]},{"@type":"BreadcrumbList","@id":"https:\/\/www.rakemonkey.com\/es\/comentarios\/pkr-poker-rakeback\/#breadcrumb","itemListElement":[{"@type":"ListItem","position":1,"name":"Home","item":"https:\/\/www.rakemonkey.com\/es\/"},{"@type":"ListItem","position":2,"name":"Comentarios","item":"https:\/\/www.rakemonkey.com\/es\/comentarios\/"},{"@type":"ListItem","position":3,"name":"Rakeback de PKR"}]},{"@type":"WebSite","@id":"https:\/\/www.rakemonkey.com\/es\/#website","url":"https:\/\/www.rakemonkey.com\/es\/","name":"RakeMonkey.com","description":"","potentialAction":[{"@type":"SearchAction","target":{"@type":"EntryPoint","urlTemplate":"https:\/\/www.rakemonkey.com\/es\/?s={search_term_string}"},"query-input":"required name=search_term_string"}],"inLanguage":"en-US"}]}},"_links":{"self":[{"href":"https:\/\/www.rakemonkey.com\/es\/wp-json\/wp\/v2\/pages\/42"}],"collection":[{"href":"https:\/\/www.rakemonkey.com\/es\/wp-json\/wp\/v2\/pages"}],"about":[{"href":"https:\/\/www.rakemonkey.com\/es\/wp-json\/wp\/v2\/types\/page"}],"author":[{"embeddable":true,"href":"https:\/\/www.rakemonkey.com\/es\/wp-json\/wp\/v2\/users\/9"}],"replies":[{"embeddable":true,"href":"https:\/\/www.rakemonkey.com\/es\/wp-json\/wp\/v2\/comments?post=42"}],"version-history":[{"count":0,"href":"https:\/\/www.rakemonkey.com\/es\/wp-json\/wp\/v2\/pages\/42\/revisions"}],"up":[{"embeddable":true,"href":"https:\/\/www.rakemonkey.com\/es\/wp-json\/wp\/v2\/pages\/31"}],"wp:attachment":[{"href":"https:\/\/www.rakemonkey.com\/es\/wp-json\/wp\/v2\/media?parent=42"}],"curies":[{"name":"wp","href":"https:\/\/api.w.org\/{rel}","templated":true}]}}