{"id":45,"date":"2010-02-12T00:45:53","date_gmt":"2010-02-12T00:45:53","guid":{"rendered":"http:\/\/www.rakemonkey.com\/es\/?page_id=45"},"modified":"2010-02-12T00:45:53","modified_gmt":"2010-02-12T00:45:53","slug":"rakeback-de-full-tilt-poker","status":"publish","type":"page","link":"https:\/\/www.rakemonkey.com\/es\/comentarios\/rakeback-de-full-tilt-poker\/","title":{"rendered":"Rakeback de Full Tilt Poker"},"content":{"rendered":"<p>Una vez que hayas descargado el software y creado de tu cuenta, por favor llena el formulario de registro de arriba. En pocas palabras en tu Nombre de Pantalla y Direcci\u00f3n de correo electr\u00f3nico que utilizaste para registrar t\u00fa cuenta y nos aseguraremos de que se confirme tu rakeback.<\/p>\n<blockquote><p><a href=\"http:\/\/www.fulltiltpoker.com\/?key=MDAwMTEwOUUwMDAyRDIzRDAwMDAwMDAwMDAwMDAwMDA-\"><span style=\"color: #ff0000\"><strong>Descargar el software que utiliza este enlace<\/strong><\/span><\/a><\/p>\n<p>Codigo de bono: <strong>REDUCTION<\/strong><\/p><\/blockquote>\n<h2>Resumen sobre Full Tilt Poker<\/h2>\n<p>Establecido en 2004, Full Tilt Poker es el sitio de p\u00f3quer con el m\u00e1s r\u00e1pido crecimiento, ahora n\u00famero dos del mundo en volumen de jugadores activos (detr\u00e1s de PokerStars). Es f\u00e1cil atribuir el crecimiento intenso de Full Tilt Poker a m\u00faltiples aspectos, desde el bono de bienvenida de $ 600 y otras promociones, a la amplia variedad de juegos y calendario de torneos de gran escala. Full Tilt tambi\u00e9n cuenta con profesionales de p\u00f3quer m\u00e1s que cualquier otra sala de p\u00f3quer, como Phil Ivey, Chris Ferguson, Jennifer Harman, Howard Lederer, John Juanda y muchos m\u00e1s.<\/p>\n<p>Una \u00faltima caracter\u00edstica que ha hecho a Full Tilt ser \u00fanico \u2013 algo que incluso PokerStars no promueve\u00a0 &#8211; es un rakeback de 27% de Full Tilt. Pero no veras esta oferta en sitio de Full Tilt. Los jugadores pueden obtener 27%\u00a0 de Rakeback de Full Tilt Poker a trav\u00e9s de una tercera persona solamente como este sitio.<\/p>\n<p>Al registrarte a trav\u00e9s de los enlaces de este sitio y utilizar el c\u00f3digo \u201c<strong>Rakesplash<\/strong>\u201d, y no solo recibir\u00e1s un 27% de Rakeback en Full Tilt Poker, si no que tambi\u00e9n un bono de 100% hasta $600 de bienvenida, acceso a las Carreras de Rake mensuales de $21k y nuestro Freeroll de $5k de Sencillo.<\/p>\n<h2>Rakeback de Full Tilt Poker<\/h2>\n<p>Utiliza nuestros enlaces para visitar Full Tilt Poker y reg\u00edstrate con el C\u00f3digo de Bono \u201c<strong>Rakesplash<\/strong>\u201d para empezar a ganar 27% de Rakeback en Full Tilt Poker desde tu primer dep\u00f3sito en dinero. La sala en l\u00ednea utiliza el m\u00e9todo de Rakeback\u00a0 por Reparto, lo que significa que cada jugador de rakeback al que le repartan cartas en una mano recibir\u00e1 rakeback. El contribuir al pote no es necesario.<\/p>\n<p>El Rakeback Repartido utiliza un promedio de rake entre todos los jugadores a los que se les reparte una mano. Si el rake es de $3 y hay 6 jugadores en la mesa, Full Tilt Poker divide esos $3 de rake entre los 6 jugadores para un promedio de $0.50 de rake. Cada ganador de rakeback es entonces pagado el 27% de ese promedio de rake.<\/p>\n<h2>Bono de Bienvenida de Full Tilt Poker<\/h2>\n<p>Cuando te registres por el <em>Rakeback de Full Tilt Poker<\/em>, todav\u00eda podr\u00e1s elegir si quieres recibir todo el bono de 100% hasta $600 el cual se les presenta a todos los jugadores. Full Tilt tiene uno de los mejores bonos que se ofrecen simplemente por que es f\u00e1cil de liberar. T\u00fa ganas FPP mientras juegas por dinero real en los juegos \u2013 los mismos juegos que te dan rakeback \u2013 y tambi\u00e9n los torneos. Por cada FPP que recibas te ser\u00e1 otorgado $0.06 de tu bono, liberando 10% o incrementos de $20, lo que sea que venga antes. Adem\u00e1s, tambi\u00e9n podr\u00e1s quedarte con esos puntos y canjearlos por entradas a torneos, o la tienda de Full Tilt y otras cosas.<\/p>\n<p>Full Tilt Poker hace varias deducciones de tu MGR antes de calcular el rakeback, incluyendo bonos, tarifas de retiros, torneos de dinero agregado y compras en la tienda de FTP.<\/p>\n<h3>Full Tilt Poker Promoci\u00f3n \u201cHombre de Acero VIP \u201d<\/h3>\n<p>Full Tilt Poker corre varias promociones normalmente, pero para los ganadores serios de p\u00f3quer en l\u00ednea, la promoci\u00f3n VIP del Hombre de Acero es m\u00e1s interesante. Todo lo que necesitas hacer para convertirte en un Hombre de Acero VIP es 200 puntos de p\u00f3quer (FPP) en un mes. Los niveles mas bajos de VIP tienen sus promociones, pero por supuesto, no la promoci\u00f3n del Hombre de Acero VIP que tiene oportunidades exclusivas, como freerolls re-ajustables y retos de jugadores profesionales.<\/p>\n<p>Los miembros del Hombre de Acero VIP pueden ganar comidas si mantienen su estatus en Full Tilt Poker. Las medallas son como los puntos de p\u00f3quer, pero mas importantes. Las medallas te compran entradas a torneos y freerolls, y pueden ser usadas para comprar de la Tienda de Full Tilt Poker, pero t\u00fa no necesitas casi nada de medallas como necesitas puntos. Estas tambi\u00e9n pueden ser cambiadas por bonos en dinero.<\/p>\n<p>Los freerolls de los Hombres de Acero son exclusivos para los miembros de los Hombres e Acero VIP, y si tu ganas estos, puedes obtener la oportunidad de enfrentarte contra 3 Profesionales de Full Tilt. Mientras les ganes a mas profesionales, mas dinero ganas, hasta $50k, con la oportunidad de ganar otro freeroll de $50k por ganarle a esos 3 profesionales.<\/p>\n<h2>Variedad de Juegos en Full Tilt Poker<\/h2>\n<p>Uno de los puntos mas finas en Full Tilt Poker es su extensa variedad de juegos, con suficiente trafico para mantener todas sus variantes, y la mayor\u00eda de sus stakes, en todas sus horas activas. Encontraras Texas Hold\u2019em en todos los limites con stakes variando de $0.01\/$0.02 hasta las mas altas de $2k\/$4k stakes. Estas stakes gigantes tienen mucha actividad a todas horas \u2013 algo que otra sala de p\u00f3quer no tiene.<\/p>\n<p>Otros juegos incluyen Omaha High and Hi-Lo, 7 Card Stud High y Hi-Lo, Razz y juegos mixtos \u00a0de H.O.R.S.E., H.O.S.E. and H.A.<\/p>\n<p>El horario de los torneos ofrece todas las variedades de los juegos en cualquier tipo de torneo imaginable \u2013shootouts, freezeouts, re-compras, freerolls, garantizados, recompensas y turbos, \u00a0sin mencionar el enorme men\u00fa de Sit\u2019n\u2019go. El mayor evento de la semana es el domingo con un garantizado de $750k, el Bounty Brawl de $350k y\u00a0 el Domingo Mulligan de $200k. Una vez al mes, el garantizado de $750 es agrandado a $1, 000,000.<\/p>\n<p><strong>Opciones de Dep\u00f3sito en Full Tilt Poker <\/strong><\/p>\n<p>Full Tilt Poker tiene un limitado n\u00famero de opciones de pago, pero suficientes para darle a todos sus miembros, incluyendo jugadores de Estados Unidos, depositos seguros y opciones de retiro: Visa, MasterCard, Click2Pay, Cash Transfer y Instant E-Check (Click2Pay y Check para retiros).<\/p>\n<h3>Conclusion de Full Tilt Poker<\/h3>\n<p><a href=\"http:\/\/www.gambling666.com\/poker-bonus\/full-tilt-referral-code\">Full Tilt Poker referral code<\/a> ofrece uno de los tratos m\u00e1s bajos de rakeabck en el p\u00f3quer con tan solo 27%, y hace varias deducciones del MGR. Pero los jugadores de p\u00f3quer serios est\u00e1n buscando stakes altas con acci\u00f3n y ser\u00e1 dif\u00edcil que encuentren otro lugar con jugadores consistentes y activos en los juegos de dinero real.<\/p>\n<p>Para empezar a ganar Rakeback en Full Tilt Poker y aprovechar las carreras de rake de $21k, freerolls de $5k y 100% hasta $600\u00a0 en bono de bienvenida, simplemente utilice los enlaces y reg\u00edstrese con el C\u00f3digo de Bono \u201c<strong>Rakesplash\u201d<\/strong><\/p>\n","protected":false},"excerpt":{"rendered":"<p>Una vez que hayas descargado el software y creado de tu cuenta, por favor llena el formulario de registro de arriba. En pocas palabras en tu Nombre de Pantalla y Direcci\u00f3n de correo electr\u00f3nico que utilizaste para registrar t\u00fa cuenta<a class=\"post-link\" href=\"https:\/\/www.rakemonkey.com\/es\/comentarios\/rakeback-de-full-tilt-poker\/\"> read more&#8230;<\/a><\/p>\n","protected":false},"author":9,"featured_media":0,"parent":31,"menu_order":0,"comment_status":"closed","ping_status":"open","template":"rm_review.php","meta":[],"acf":[],"yoast_head":"<!-- This site is optimized with the Yoast SEO plugin v19.6.1 - https:\/\/yoast.com\/wordpress\/plugins\/seo\/ -->\n<title>Rakeback de Full Tilt Poker - RakeMonkey.com<\/title>\n<meta name=\"robots\" content=\"index, follow, max-snippet:-1, max-image-preview:large, max-video-preview:-1\" \/>\n<link rel=\"canonical\" href=\"https:\/\/www.rakemonkey.com\/es\/comentarios\/rakeback-de-full-tilt-poker\/\" \/>\n<meta property=\"og:locale\" content=\"en_US\" \/>\n<meta property=\"og:type\" content=\"article\" \/>\n<meta property=\"og:title\" content=\"Rakeback de Full Tilt Poker - RakeMonkey.com\" \/>\n<meta property=\"og:description\" content=\"Una vez que hayas descargado el software y creado de tu cuenta, por favor llena el formulario de registro de arriba. En pocas palabras en tu Nombre de Pantalla y Direcci\u00f3n de correo electr\u00f3nico que utilizaste para registrar t\u00fa cuenta read more...\" \/>\n<meta property=\"og:url\" content=\"https:\/\/www.rakemonkey.com\/es\/comentarios\/rakeback-de-full-tilt-poker\/\" \/>\n<meta property=\"og:site_name\" content=\"RakeMonkey.com\" \/>\n<meta name=\"twitter:card\" content=\"summary\" \/>\n<meta name=\"twitter:label1\" content=\"Est. reading time\" \/>\n\t<meta name=\"twitter:data1\" content=\"6 minutes\" \/>\n<script type=\"application\/ld+json\" class=\"yoast-schema-graph\">{\"@context\":\"https:\/\/schema.org\",\"@graph\":[{\"@type\":\"WebPage\",\"@id\":\"https:\/\/www.rakemonkey.com\/es\/comentarios\/rakeback-de-full-tilt-poker\/\",\"url\":\"https:\/\/www.rakemonkey.com\/es\/comentarios\/rakeback-de-full-tilt-poker\/\",\"name\":\"Rakeback de Full Tilt Poker - RakeMonkey.com\",\"isPartOf\":{\"@id\":\"https:\/\/www.rakemonkey.com\/es\/#website\"},\"datePublished\":\"2010-02-12T00:45:53+00:00\",\"dateModified\":\"2010-02-12T00:45:53+00:00\",\"breadcrumb\":{\"@id\":\"https:\/\/www.rakemonkey.com\/es\/comentarios\/rakeback-de-full-tilt-poker\/#breadcrumb\"},\"inLanguage\":\"en-US\",\"potentialAction\":[{\"@type\":\"ReadAction\",\"target\":[\"https:\/\/www.rakemonkey.com\/es\/comentarios\/rakeback-de-full-tilt-poker\/\"]}]},{\"@type\":\"BreadcrumbList\",\"@id\":\"https:\/\/www.rakemonkey.com\/es\/comentarios\/rakeback-de-full-tilt-poker\/#breadcrumb\",\"itemListElement\":[{\"@type\":\"ListItem\",\"position\":1,\"name\":\"Home\",\"item\":\"https:\/\/www.rakemonkey.com\/es\/\"},{\"@type\":\"ListItem\",\"position\":2,\"name\":\"Comentarios\",\"item\":\"https:\/\/www.rakemonkey.com\/es\/comentarios\/\"},{\"@type\":\"ListItem\",\"position\":3,\"name\":\"Rakeback de Full Tilt Poker\"}]},{\"@type\":\"WebSite\",\"@id\":\"https:\/\/www.rakemonkey.com\/es\/#website\",\"url\":\"https:\/\/www.rakemonkey.com\/es\/\",\"name\":\"RakeMonkey.com\",\"description\":\"\",\"potentialAction\":[{\"@type\":\"SearchAction\",\"target\":{\"@type\":\"EntryPoint\",\"urlTemplate\":\"https:\/\/www.rakemonkey.com\/es\/?s={search_term_string}\"},\"query-input\":\"required name=search_term_string\"}],\"inLanguage\":\"en-US\"}]}<\/script>\n<!-- \/ Yoast SEO plugin. -->","yoast_head_json":{"title":"Rakeback de Full Tilt Poker - RakeMonkey.com","robots":{"index":"index","follow":"follow","max-snippet":"max-snippet:-1","max-image-preview":"max-image-preview:large","max-video-preview":"max-video-preview:-1"},"canonical":"https:\/\/www.rakemonkey.com\/es\/comentarios\/rakeback-de-full-tilt-poker\/","og_locale":"en_US","og_type":"article","og_title":"Rakeback de Full Tilt Poker - RakeMonkey.com","og_description":"Una vez que hayas descargado el software y creado de tu cuenta, por favor llena el formulario de registro de arriba. En pocas palabras en tu Nombre de Pantalla y Direcci\u00f3n de correo electr\u00f3nico que utilizaste para registrar t\u00fa cuenta read more...","og_url":"https:\/\/www.rakemonkey.com\/es\/comentarios\/rakeback-de-full-tilt-poker\/","og_site_name":"RakeMonkey.com","twitter_card":"summary","twitter_misc":{"Est. reading time":"6 minutes"},"schema":{"@context":"https:\/\/schema.org","@graph":[{"@type":"WebPage","@id":"https:\/\/www.rakemonkey.com\/es\/comentarios\/rakeback-de-full-tilt-poker\/","url":"https:\/\/www.rakemonkey.com\/es\/comentarios\/rakeback-de-full-tilt-poker\/","name":"Rakeback de Full Tilt Poker - RakeMonkey.com","isPartOf":{"@id":"https:\/\/www.rakemonkey.com\/es\/#website"},"datePublished":"2010-02-12T00:45:53+00:00","dateModified":"2010-02-12T00:45:53+00:00","breadcrumb":{"@id":"https:\/\/www.rakemonkey.com\/es\/comentarios\/rakeback-de-full-tilt-poker\/#breadcrumb"},"inLanguage":"en-US","potentialAction":[{"@type":"ReadAction","target":["https:\/\/www.rakemonkey.com\/es\/comentarios\/rakeback-de-full-tilt-poker\/"]}]},{"@type":"BreadcrumbList","@id":"https:\/\/www.rakemonkey.com\/es\/comentarios\/rakeback-de-full-tilt-poker\/#breadcrumb","itemListElement":[{"@type":"ListItem","position":1,"name":"Home","item":"https:\/\/www.rakemonkey.com\/es\/"},{"@type":"ListItem","position":2,"name":"Comentarios","item":"https:\/\/www.rakemonkey.com\/es\/comentarios\/"},{"@type":"ListItem","position":3,"name":"Rakeback de Full Tilt Poker"}]},{"@type":"WebSite","@id":"https:\/\/www.rakemonkey.com\/es\/#website","url":"https:\/\/www.rakemonkey.com\/es\/","name":"RakeMonkey.com","description":"","potentialAction":[{"@type":"SearchAction","target":{"@type":"EntryPoint","urlTemplate":"https:\/\/www.rakemonkey.com\/es\/?s={search_term_string}"},"query-input":"required name=search_term_string"}],"inLanguage":"en-US"}]}},"_links":{"self":[{"href":"https:\/\/www.rakemonkey.com\/es\/wp-json\/wp\/v2\/pages\/45"}],"collection":[{"href":"https:\/\/www.rakemonkey.com\/es\/wp-json\/wp\/v2\/pages"}],"about":[{"href":"https:\/\/www.rakemonkey.com\/es\/wp-json\/wp\/v2\/types\/page"}],"author":[{"embeddable":true,"href":"https:\/\/www.rakemonkey.com\/es\/wp-json\/wp\/v2\/users\/9"}],"replies":[{"embeddable":true,"href":"https:\/\/www.rakemonkey.com\/es\/wp-json\/wp\/v2\/comments?post=45"}],"version-history":[{"count":0,"href":"https:\/\/www.rakemonkey.com\/es\/wp-json\/wp\/v2\/pages\/45\/revisions"}],"up":[{"embeddable":true,"href":"https:\/\/www.rakemonkey.com\/es\/wp-json\/wp\/v2\/pages\/31"}],"wp:attachment":[{"href":"https:\/\/www.rakemonkey.com\/es\/wp-json\/wp\/v2\/media?parent=45"}],"curies":[{"name":"wp","href":"https:\/\/api.w.org\/{rel}","templated":true}]}}