{"id":48,"date":"2010-02-12T00:47:58","date_gmt":"2010-02-12T00:47:58","guid":{"rendered":"http:\/\/www.rakemonkey.com\/es\/?page_id=48"},"modified":"2010-02-12T00:47:58","modified_gmt":"2010-02-12T00:47:58","slug":"rakeback-de-molten-poker","status":"publish","type":"page","link":"https:\/\/www.rakemonkey.com\/es\/comentarios\/rakeback-de-molten-poker\/","title":{"rendered":"Rakeback de Molten Poker"},"content":{"rendered":"<p>Una vez hayas descargado el software y creado una cuenta por favor llena la forma de registro de arriba. Simplemente llena tu nombre de pantalla, direcci\u00f3n de correo electr\u00f3nico que utilizaste para registrar tu cuenta y nosotros nos aseguraremos de que tu rakeback este confirmado para utilizarse.<\/p>\n<blockquote><p><a href=\"http:\/\/affiliates.moltenpoker.com\/processing\/clickthrgh.asp?btag=a_5b_1\"><span style=\"color: #ff0000\"><strong>Descargar el software que utiliza este enlace<\/strong><\/span><\/a><\/p>\n<p>Codigo de bono: <strong>REDUCTION<\/strong><\/p><\/blockquote>\n<h2>Resumen de Molten Poker<\/h2>\n<p>Molten Poker es uno de las alas de p\u00f3quer m\u00e1s nuevas en la Red de Cake Poker, mostrando buen crecimiento y una tasa decente de tr\u00e1fico. La sala de p\u00f3quer trae un incre\u00edble software de p\u00f3quer con todas las caracter\u00edsticas preferidas, como tags a los jugadores, filtros en el lobby y estad\u00edsticas de la mesa, graficas limpias e historias de manos que son amigables para los usuarios. El servicio al cliente ha sido notado por su rapidez y profesionalismo, con chat en vivo disponible.<\/p>\n<p>Cuando te registras en Molten Poker a trav\u00e9s de este sitio, podr\u00e1s recibir un generoso bono de bienvenida de hasta 110% hasta $500, m\u00e1s la oferta de rakeback m\u00e1s alto en la Red Cake Poker de 33%. Para que recibas este 33% de rakeback en Molten Poker m\u00e1s el bono de bienvenida de 110% hasta $600, debes de registrarte a esa sala de p\u00f3quer a trav\u00e9s de nosotros.<\/p>\n<h2>Rakeback de Molten Poker<\/h2>\n<p>Molten Poker utiliza el m\u00e9todo de Rakeback Repartido cuando se calcula el rakeback de sus jugadores. El rakeback repartido beneficia a todos los jugadores de p\u00f3quer en l\u00ednea por dinero real, pero espec\u00edficamente favorece a los jugadores apretados de p\u00f3quer que utilizan las mismas estrategias estrictas que la mayor\u00eda de los jugadores profesionales. El rakeback repartido es el \u00fanico m\u00e9todo de rakeback que le paga a los jugadores rakeback por no ir, sin tener que contribuir con ninguna ficha en el pote.<\/p>\n<p>El m\u00e9todo de repartici\u00f3n calcula un promedio de rake que es dividido entre el total del rake por todos los jugadores a las que se les reparti\u00f3 una mano. El Rakeback de 33% de un jugador de Molten Poker viene del rake mediano. El \u00fanico momento en el que no recibir\u00e1s rakeback por tu mano de p\u00f3quer en dinero real es solo si el rake es quitado ( p.e. El flop no se ve).<\/p>\n<h2>Bono de Bienvenida de Molten Poker<\/h2>\n<p>Molten Poker ofrece a todos sus jugadores un gran bono de 110% hasta $600 en su primer dep\u00f3sito. Aseg\u00farate de ingresar el c\u00f3digo de bono \u201cFree600\u201d para poder reclamar tu bono. Recibir\u00e1s PJF (puntos de jugador frecuente) mientras juegas en juegos por dinero eral, y tambi\u00e9n torneos pagados. Cada PJF vale $0.06 de tu bono, y es liberado en incrementos de $10. Una porci\u00f3n de tu bono ser\u00e1 deducido del MGR antes de calcular el rakeback.<\/p>\n<h3>Promoci\u00f3n \u201cFichas Doradas\u201d de Molten Poker<\/h3>\n<p>Como parte de la Red de Cake Poker, Molten Poker basa su programa VIP en puntos y Fichas Doradas. Cada vez que alcances cierto nivel de puntos ganados, t\u00fa ser\u00e1s recompensado con una Ficha Dorada. Mientras m\u00e1s fichas ganes en el mes, menos puntos necesitaras para poder ganar la siguiente ficha. Las Fichas doradas son altamente valiosas, ya que pueden ser utilizados para entrar en torneos semanales de Gold Chips con grandes premios de dinero y otros premios, as\u00ed como hacer compras en la Tienda de Molten Poker.<\/p>\n<p>La sala de p\u00f3quer en l\u00ednea tambi\u00e9n premios Cartas Dorada, otro incentivo promocional, un valor de hasta 52.000 d\u00f3lares. Cartas Dorada son seleccionadas al azar en los juegos donde una cierta cantidad de rake ha sido tomada. Si la Carta Dorada coincide con una de tus cartas ocultas, es tuyo para siempre. A medida que recopilen Cartas Dorada, puede ganar loter\u00edas de Carta Dorada diarias y otros premios. Se recoge una completa 52 cartas de la baraja de Cartas Dorada para ganar el premio mayor de $ 52k.<\/p>\n<h2>Variedad de Juegos en Molten Poker<\/h2>\n<p>Molten Poker presenta una variedad de juegos de p\u00f3quer en l\u00ednea, incluyendo Texas Hold&#8217;em, Omaha y Omaha Hi-Lo en el l\u00edmite fijo, sin l\u00edmite y con l\u00edmite de pote en juego a partir de $ 0,02 \/ $ 0,04. La lista de los torneos est\u00e1 bien estructurada, con una multitud de torneos y tipos; freezeouts, bounties, re-compra, turbos, garant\u00edas, freerolls y m\u00e1s.<\/p>\n<h2>Opciones de Dep\u00f3sito de Molten Poker<\/h2>\n<p>Acepta jugadores de todo el mundo, jugadores de los EE.UU. inclusive, Molten Poker suministra las siguientes opciones de pago: Visa, MasterCard, eWalletXpress, EcoCard, NETeller, Moneybookers y UseMyWallet.<\/p>\n<h3>Conclusi\u00f3n sobre Molten Poker<\/h3>\n<p>Para concluir, Molten Poker es una gran sala de p\u00f3quer en l\u00ednea para jugadores que buscan la competencia en juego f\u00e1cil y variable en los m\u00e1s populares juegos de p\u00f3quer en l\u00ednea. El VIP \/ programa de Gold Chips es ideal para los jugadores consistentes, y el 110% hasta $ 600 de bono de bienvenida m\u00e1s el 33% de Poker Rakeback son un fuerte incentivo para sumarse Molten Poker.<\/p>\n","protected":false},"excerpt":{"rendered":"<p>Una vez hayas descargado el software y creado una cuenta por favor llena la forma de registro de arriba. Simplemente llena tu nombre de pantalla, direcci\u00f3n de correo electr\u00f3nico que utilizaste para registrar tu cuenta y nosotros nos aseguraremos de<a class=\"post-link\" href=\"https:\/\/www.rakemonkey.com\/es\/comentarios\/rakeback-de-molten-poker\/\"> read more&#8230;<\/a><\/p>\n","protected":false},"author":9,"featured_media":0,"parent":31,"menu_order":0,"comment_status":"closed","ping_status":"open","template":"rm_review.php","meta":[],"acf":[],"yoast_head":"<!-- This site is optimized with the Yoast SEO plugin v19.6.1 - https:\/\/yoast.com\/wordpress\/plugins\/seo\/ -->\n<title>Rakeback de Molten Poker - RakeMonkey.com<\/title>\n<meta name=\"robots\" content=\"index, follow, max-snippet:-1, max-image-preview:large, max-video-preview:-1\" \/>\n<link rel=\"canonical\" href=\"https:\/\/www.rakemonkey.com\/es\/comentarios\/rakeback-de-molten-poker\/\" \/>\n<meta property=\"og:locale\" content=\"en_US\" \/>\n<meta property=\"og:type\" content=\"article\" \/>\n<meta property=\"og:title\" content=\"Rakeback de Molten Poker - RakeMonkey.com\" \/>\n<meta property=\"og:description\" content=\"Una vez hayas descargado el software y creado una cuenta por favor llena la forma de registro de arriba. Simplemente llena tu nombre de pantalla, direcci\u00f3n de correo electr\u00f3nico que utilizaste para registrar tu cuenta y nosotros nos aseguraremos de read more...\" \/>\n<meta property=\"og:url\" content=\"https:\/\/www.rakemonkey.com\/es\/comentarios\/rakeback-de-molten-poker\/\" \/>\n<meta property=\"og:site_name\" content=\"RakeMonkey.com\" \/>\n<meta name=\"twitter:card\" content=\"summary\" \/>\n<meta name=\"twitter:label1\" content=\"Est. reading time\" \/>\n\t<meta name=\"twitter:data1\" content=\"4 minutes\" \/>\n<script type=\"application\/ld+json\" class=\"yoast-schema-graph\">{\"@context\":\"https:\/\/schema.org\",\"@graph\":[{\"@type\":\"WebPage\",\"@id\":\"https:\/\/www.rakemonkey.com\/es\/comentarios\/rakeback-de-molten-poker\/\",\"url\":\"https:\/\/www.rakemonkey.com\/es\/comentarios\/rakeback-de-molten-poker\/\",\"name\":\"Rakeback de Molten Poker - RakeMonkey.com\",\"isPartOf\":{\"@id\":\"https:\/\/www.rakemonkey.com\/es\/#website\"},\"datePublished\":\"2010-02-12T00:47:58+00:00\",\"dateModified\":\"2010-02-12T00:47:58+00:00\",\"breadcrumb\":{\"@id\":\"https:\/\/www.rakemonkey.com\/es\/comentarios\/rakeback-de-molten-poker\/#breadcrumb\"},\"inLanguage\":\"en-US\",\"potentialAction\":[{\"@type\":\"ReadAction\",\"target\":[\"https:\/\/www.rakemonkey.com\/es\/comentarios\/rakeback-de-molten-poker\/\"]}]},{\"@type\":\"BreadcrumbList\",\"@id\":\"https:\/\/www.rakemonkey.com\/es\/comentarios\/rakeback-de-molten-poker\/#breadcrumb\",\"itemListElement\":[{\"@type\":\"ListItem\",\"position\":1,\"name\":\"Home\",\"item\":\"https:\/\/www.rakemonkey.com\/es\/\"},{\"@type\":\"ListItem\",\"position\":2,\"name\":\"Comentarios\",\"item\":\"https:\/\/www.rakemonkey.com\/es\/comentarios\/\"},{\"@type\":\"ListItem\",\"position\":3,\"name\":\"Rakeback de Molten Poker\"}]},{\"@type\":\"WebSite\",\"@id\":\"https:\/\/www.rakemonkey.com\/es\/#website\",\"url\":\"https:\/\/www.rakemonkey.com\/es\/\",\"name\":\"RakeMonkey.com\",\"description\":\"\",\"potentialAction\":[{\"@type\":\"SearchAction\",\"target\":{\"@type\":\"EntryPoint\",\"urlTemplate\":\"https:\/\/www.rakemonkey.com\/es\/?s={search_term_string}\"},\"query-input\":\"required name=search_term_string\"}],\"inLanguage\":\"en-US\"}]}<\/script>\n<!-- \/ Yoast SEO plugin. -->","yoast_head_json":{"title":"Rakeback de Molten Poker - RakeMonkey.com","robots":{"index":"index","follow":"follow","max-snippet":"max-snippet:-1","max-image-preview":"max-image-preview:large","max-video-preview":"max-video-preview:-1"},"canonical":"https:\/\/www.rakemonkey.com\/es\/comentarios\/rakeback-de-molten-poker\/","og_locale":"en_US","og_type":"article","og_title":"Rakeback de Molten Poker - RakeMonkey.com","og_description":"Una vez hayas descargado el software y creado una cuenta por favor llena la forma de registro de arriba. Simplemente llena tu nombre de pantalla, direcci\u00f3n de correo electr\u00f3nico que utilizaste para registrar tu cuenta y nosotros nos aseguraremos de read more...","og_url":"https:\/\/www.rakemonkey.com\/es\/comentarios\/rakeback-de-molten-poker\/","og_site_name":"RakeMonkey.com","twitter_card":"summary","twitter_misc":{"Est. reading time":"4 minutes"},"schema":{"@context":"https:\/\/schema.org","@graph":[{"@type":"WebPage","@id":"https:\/\/www.rakemonkey.com\/es\/comentarios\/rakeback-de-molten-poker\/","url":"https:\/\/www.rakemonkey.com\/es\/comentarios\/rakeback-de-molten-poker\/","name":"Rakeback de Molten Poker - RakeMonkey.com","isPartOf":{"@id":"https:\/\/www.rakemonkey.com\/es\/#website"},"datePublished":"2010-02-12T00:47:58+00:00","dateModified":"2010-02-12T00:47:58+00:00","breadcrumb":{"@id":"https:\/\/www.rakemonkey.com\/es\/comentarios\/rakeback-de-molten-poker\/#breadcrumb"},"inLanguage":"en-US","potentialAction":[{"@type":"ReadAction","target":["https:\/\/www.rakemonkey.com\/es\/comentarios\/rakeback-de-molten-poker\/"]}]},{"@type":"BreadcrumbList","@id":"https:\/\/www.rakemonkey.com\/es\/comentarios\/rakeback-de-molten-poker\/#breadcrumb","itemListElement":[{"@type":"ListItem","position":1,"name":"Home","item":"https:\/\/www.rakemonkey.com\/es\/"},{"@type":"ListItem","position":2,"name":"Comentarios","item":"https:\/\/www.rakemonkey.com\/es\/comentarios\/"},{"@type":"ListItem","position":3,"name":"Rakeback de Molten Poker"}]},{"@type":"WebSite","@id":"https:\/\/www.rakemonkey.com\/es\/#website","url":"https:\/\/www.rakemonkey.com\/es\/","name":"RakeMonkey.com","description":"","potentialAction":[{"@type":"SearchAction","target":{"@type":"EntryPoint","urlTemplate":"https:\/\/www.rakemonkey.com\/es\/?s={search_term_string}"},"query-input":"required name=search_term_string"}],"inLanguage":"en-US"}]}},"_links":{"self":[{"href":"https:\/\/www.rakemonkey.com\/es\/wp-json\/wp\/v2\/pages\/48"}],"collection":[{"href":"https:\/\/www.rakemonkey.com\/es\/wp-json\/wp\/v2\/pages"}],"about":[{"href":"https:\/\/www.rakemonkey.com\/es\/wp-json\/wp\/v2\/types\/page"}],"author":[{"embeddable":true,"href":"https:\/\/www.rakemonkey.com\/es\/wp-json\/wp\/v2\/users\/9"}],"replies":[{"embeddable":true,"href":"https:\/\/www.rakemonkey.com\/es\/wp-json\/wp\/v2\/comments?post=48"}],"version-history":[{"count":0,"href":"https:\/\/www.rakemonkey.com\/es\/wp-json\/wp\/v2\/pages\/48\/revisions"}],"up":[{"embeddable":true,"href":"https:\/\/www.rakemonkey.com\/es\/wp-json\/wp\/v2\/pages\/31"}],"wp:attachment":[{"href":"https:\/\/www.rakemonkey.com\/es\/wp-json\/wp\/v2\/media?parent=48"}],"curies":[{"name":"wp","href":"https:\/\/api.w.org\/{rel}","templated":true}]}}