{"id":50,"date":"2010-02-12T00:49:43","date_gmt":"2010-02-12T00:49:43","guid":{"rendered":"http:\/\/www.rakemonkey.com\/es\/?page_id=50"},"modified":"2010-02-12T00:49:43","modified_gmt":"2010-02-12T00:49:43","slug":"rakeback-en-noiq-poker","status":"publish","type":"page","link":"https:\/\/www.rakemonkey.com\/es\/comentarios\/rakeback-en-noiq-poker\/","title":{"rendered":"Rakeback en NoIQ Poker"},"content":{"rendered":"<p>Una vez que hayas descargado el software y hecho tu cuenta, por favor llena el formulario de registro de arriba. En pocas palabras con tu nombre de usuario y direcci\u00f3n de correo electr\u00f3nico que utilizaste para registrar t\u00fa cuenta y nos aseguraremos de que se confirme tu rakeback.<\/p>\n<blockquote><p><a href=\"http:\/\/www.noiqpoker.com\/Enter.aspx?affiliate=REDUCTION\"><span style=\"color: #ff0000\"><strong>Descargar el software que utiliza este enlace<\/strong><\/span><\/a><\/p>\n<p>Codigo de bono: <strong>REDUCTION<\/strong><\/p><\/blockquote>\n<h3>Resumen de NoIQ<\/h3>\n<p>En 2006 NoIQ Poker introducido en la red de iPoker, una nueva sala de p\u00f3quer, en un tiempo inestable para la industria del juego.<br \/>\nLa sala de p\u00f3quer pudo surgir, cada vez m\u00e1s fuerte, y atraer a una base de jugadores s\u00f3lidos. En 2008, la sala se retir\u00f3 la Red de iPoker y sigui\u00f3 adelante, convirti\u00e9ndose en parte de la red de p\u00f3quer Entraction.<\/p>\n<p>La sala ofrece llamativos juegos de p\u00f3quer de altas apuestas, y las promociones espectaculares, como su bono del 100%, hasta 5.000 Euros. Ahora eso es una gran cantidad de bot\u00edn!<\/p>\n<p>Hay algo que usted no encontrar\u00e1 en NoiQ sin embargo. Usted no encontrar\u00e1 rakeback en poker NoiQ. Sin embargo, si realmente tenemos un poco de IQ (juego de palabras) ya sabes que encontrar\u00e1s ese rake ac\u00e1 en RakeMonkey.<\/p>\n<p>No s\u00f3lo te ofrecemos un acuerdo de NoiQ con gran rakeback, te ofrecemos la oportunidad de tomar ventaja de los acuerdos exclusivos de bonificaci\u00f3n con NoiQ tambi\u00e9n.<\/p>\n<h2>Rakeback en NoIQ Poker<\/h2>\n<p>Miremos un poco m\u00e1s en el programa de Rakeback de NoiQ. Para empezar, como hemos mencionado NoiQ paga 30% de su rakeback con el m\u00e9todo de c\u00e1lculo de Rakeback contribuido, si no est\u00e1s seguro de lo que es eso exactamente, echa un vistazo a nuestra secci\u00f3n de C\u00e1lculo de Rakeback.<\/p>\n<p>En resumen, Rakeback contribuido significa que la comisi\u00f3n es pagada a todo el mundo que coloc\u00f3 dinero en el pote, en partes iguales.<\/p>\n<h3>Retorno de las tarifas de los torneos en NoIQ<\/h3>\n<p>Un factor importante a tener en cuenta al elegir una oferta de rakeback son los torneos. No todas las salas de p\u00f3quer dan rakeback al pagar las tarifas de torneo. NoiQ no obstante, paga alrededor de 30% de las tarifas de entrada en ambos torneos Sit &amp; Go y torneos multimesa.<\/p>\n<p>Las tarifas cuentan hasta cuando se est\u00e1 jugando 20-40 torneos de p\u00f3quer en un d\u00eda. Por ejemplo, si pagas $ 1 en tarifas de torneo, vas a recuperar el 30% de ese dinero, as\u00ed que $ .30. Multiplica ese .30 por 20 torneos de un d\u00eda y tienes seis d\u00f3lares en rakeback. Est\u00e1s impresionado \u00bfno? Ahora esos seis d\u00f3lares, se multiplican por cinco d\u00edas a la semana y tienes $ 30.<\/p>\n<p>Multiplica esos $ 30 que recuperaste en el rakeback de una semana por las 52 semanas en un a\u00f1o y que son 1.560 d\u00f3lares de nuevo en tu presupuesto de p\u00f3quer.<\/p>\n<p>Ahora usa ese dinero para ascender en juego un poco, y antes que lo sepas, no pagaras $ 1,00 m\u00e1s.<\/p>\n<h3>Pagos de Rakeback en NoIQ<\/h3>\n<p>Tus pagos de rakeback de NoiQ normalmente llegan una vez al mes, por lo general el d\u00eda 5 del mes &#8211; Sin embargo, una vez que accedas a RakeMonkey.com para acceder a tus estad\u00edsticas, ser\u00e1s capaz de cobrar el rakeback DIARIO! El pago se agregara en tu cuenta en la que tambi\u00e9n podr\u00e1s ver tu rakeback total de cada d\u00eda.<\/p>\n<p><strong>Los bonos son tuyos para qued\u00e1rtelos en NoIQ<\/strong><\/p>\n<p>Saca el m\u00e1ximo provecho de ese bono de bienvenida, porque a diferencia de muchas salas de p\u00f3quer en l\u00ednea, NoiQ no deduce el dinero de bonificaci\u00f3n de los pagos de rakeback.<\/p>\n<p><strong>Pago del rake en NoIQ<\/strong><\/p>\n<p>Entonces hemos establecido que vas a recibir el 30% de tu rakeback contribuido a tu cuenta NoiQ sobre una base mensual, pero de cu\u00e1ntos pl\u00e1tanos estamos hablando aqu\u00ed?<\/p>\n<p>NoiQ cobra el 5% de cada pote en rake. Que es casi el est\u00e1ndar de p\u00f3quer en l\u00ednea. El rake en los juegos Sin L\u00edmite tiene un tope de $ 3 por mano, no importa lo que est\u00e9 en juego ni el nivel en que est\u00e9s jugando-<\/p>\n<p>Si est\u00e1s jugando en l\u00edmite fijo, o un juego extendido de dos a tres jugadores la comisi\u00f3n es de setenta y cinco centavos (.75).<\/p>\n<p>Cuando se juega en la mesa con l\u00edmite de 4-10 jugadores en NoiQ la comisi\u00f3n es de $ 2 con la excepci\u00f3n de la .50 y $ 1 juegos de l\u00edmite que se limita a $ 1,00.<\/p>\n<p>Hay algunos ajustes en el sin l\u00edmite y limite del poto, as\u00ed, como mucho lo que se permitir\u00eda a pedido en un casino.<\/p>\n<p>En las mesas con s\u00f3lo 2 jugadores, la comisi\u00f3n es de .75. Si la mesa tiene 3-4 jugadores, la comisi\u00f3n se reduce a $ 2 m\u00e1ximo cada mano. Por supuesto, con 5 a 10 jugadores en una mano el rake vuelve al nivel normal de\u00a0 $ 3 m\u00e1ximo por mano.<\/p>\n<h2>Sofware de NoIQ\u2013 Rakeback en una Mac<\/h2>\n<p>NoiQ ahora se ejecuta en la interfaz de Entraction por medio de la Red de Poker Entraction y ha sido desde 2008.<\/p>\n<p>Algo nuevo este a\u00f1o, NoiQ tambi\u00e9n lanz\u00f3 una versi\u00f3n para Mac del software, corre en flash, a diferencia de la versi\u00f3n de anterior de s\u00f3lo descarga.<\/p>\n<h2>Variedad de juegos de NoIQ<\/h2>\n<p>NoiQ ofrece una selecci\u00f3n de juegos que pone incluso PokerStars en verg\u00fcenza. Hay, por supuesto, Texas Hold&#8217;em, Omaha Hi-Lo, Stud y Stud Hi-Lo que se ofrecen, adem\u00e1s, los jugadores tienen la opci\u00f3n con NoiQ de Triple 5 Card Draw, 2-7 Triple Draw, 32 Card Draw, Soko, Americana, y Telesina. .<\/p>\n<h2>M\u00e9todos de dep\u00f3sito con NoIQ<\/h2>\n<p>Deposita en tu cuenta de p\u00f3quer de NoiQ utilizando cualquiera de los siguientes m\u00e9todos de dep\u00f3sito de p\u00f3quer: Visa, MasterCard, Visa Electron, Maestro, Moneybookers, NETeller, WebMoney, PaySafeCard y transferencia bancaria.<\/p>\n","protected":false},"excerpt":{"rendered":"<p>Una vez que hayas descargado el software y hecho tu cuenta, por favor llena el formulario de registro de arriba. En pocas palabras con tu nombre de usuario y direcci\u00f3n de correo electr\u00f3nico que utilizaste para registrar t\u00fa cuenta y<a class=\"post-link\" href=\"https:\/\/www.rakemonkey.com\/es\/comentarios\/rakeback-en-noiq-poker\/\"> read more&#8230;<\/a><\/p>\n","protected":false},"author":9,"featured_media":0,"parent":31,"menu_order":0,"comment_status":"closed","ping_status":"open","template":"rm_review.php","meta":[],"acf":[],"yoast_head":"<!-- This site is optimized with the Yoast SEO plugin v19.6.1 - https:\/\/yoast.com\/wordpress\/plugins\/seo\/ -->\n<title>Rakeback en NoIQ Poker - 30% NoIQ En Linea<\/title>\n<meta name=\"description\" content=\"Para empezar, como hemos mencionado NoiQ paga 30% de su rakeback con el m\u00e9todo de c\u00e1lculo de Rakeback contribuido.\" \/>\n<meta name=\"robots\" content=\"index, follow, max-snippet:-1, max-image-preview:large, max-video-preview:-1\" \/>\n<link rel=\"canonical\" href=\"https:\/\/www.rakemonkey.com\/es\/comentarios\/rakeback-en-noiq-poker\/\" \/>\n<meta property=\"og:locale\" content=\"en_US\" \/>\n<meta property=\"og:type\" content=\"article\" \/>\n<meta property=\"og:title\" content=\"Rakeback en NoIQ Poker - 30% NoIQ En Linea\" \/>\n<meta property=\"og:description\" content=\"Para empezar, como hemos mencionado NoiQ paga 30% de su rakeback con el m\u00e9todo de c\u00e1lculo de Rakeback contribuido.\" \/>\n<meta property=\"og:url\" content=\"https:\/\/www.rakemonkey.com\/es\/comentarios\/rakeback-en-noiq-poker\/\" \/>\n<meta property=\"og:site_name\" content=\"RakeMonkey.com\" \/>\n<meta name=\"twitter:card\" content=\"summary\" \/>\n<meta name=\"twitter:label1\" content=\"Est. reading time\" \/>\n\t<meta name=\"twitter:data1\" content=\"5 minutes\" \/>\n<script type=\"application\/ld+json\" class=\"yoast-schema-graph\">{\"@context\":\"https:\/\/schema.org\",\"@graph\":[{\"@type\":\"WebPage\",\"@id\":\"https:\/\/www.rakemonkey.com\/es\/comentarios\/rakeback-en-noiq-poker\/\",\"url\":\"https:\/\/www.rakemonkey.com\/es\/comentarios\/rakeback-en-noiq-poker\/\",\"name\":\"Rakeback en NoIQ Poker - 30% NoIQ En Linea\",\"isPartOf\":{\"@id\":\"https:\/\/www.rakemonkey.com\/es\/#website\"},\"datePublished\":\"2010-02-12T00:49:43+00:00\",\"dateModified\":\"2010-02-12T00:49:43+00:00\",\"description\":\"Para empezar, como hemos mencionado NoiQ paga 30% de su rakeback con el m\u00e9todo de c\u00e1lculo de Rakeback contribuido.\",\"breadcrumb\":{\"@id\":\"https:\/\/www.rakemonkey.com\/es\/comentarios\/rakeback-en-noiq-poker\/#breadcrumb\"},\"inLanguage\":\"en-US\",\"potentialAction\":[{\"@type\":\"ReadAction\",\"target\":[\"https:\/\/www.rakemonkey.com\/es\/comentarios\/rakeback-en-noiq-poker\/\"]}]},{\"@type\":\"BreadcrumbList\",\"@id\":\"https:\/\/www.rakemonkey.com\/es\/comentarios\/rakeback-en-noiq-poker\/#breadcrumb\",\"itemListElement\":[{\"@type\":\"ListItem\",\"position\":1,\"name\":\"Home\",\"item\":\"https:\/\/www.rakemonkey.com\/es\/\"},{\"@type\":\"ListItem\",\"position\":2,\"name\":\"Comentarios\",\"item\":\"https:\/\/www.rakemonkey.com\/es\/comentarios\/\"},{\"@type\":\"ListItem\",\"position\":3,\"name\":\"Rakeback en NoIQ Poker\"}]},{\"@type\":\"WebSite\",\"@id\":\"https:\/\/www.rakemonkey.com\/es\/#website\",\"url\":\"https:\/\/www.rakemonkey.com\/es\/\",\"name\":\"RakeMonkey.com\",\"description\":\"\",\"potentialAction\":[{\"@type\":\"SearchAction\",\"target\":{\"@type\":\"EntryPoint\",\"urlTemplate\":\"https:\/\/www.rakemonkey.com\/es\/?s={search_term_string}\"},\"query-input\":\"required name=search_term_string\"}],\"inLanguage\":\"en-US\"}]}<\/script>\n<!-- \/ Yoast SEO plugin. -->","yoast_head_json":{"title":"Rakeback en NoIQ Poker - 30% NoIQ En Linea","description":"Para empezar, como hemos mencionado NoiQ paga 30% de su rakeback con el m\u00e9todo de c\u00e1lculo de Rakeback contribuido.","robots":{"index":"index","follow":"follow","max-snippet":"max-snippet:-1","max-image-preview":"max-image-preview:large","max-video-preview":"max-video-preview:-1"},"canonical":"https:\/\/www.rakemonkey.com\/es\/comentarios\/rakeback-en-noiq-poker\/","og_locale":"en_US","og_type":"article","og_title":"Rakeback en NoIQ Poker - 30% NoIQ En Linea","og_description":"Para empezar, como hemos mencionado NoiQ paga 30% de su rakeback con el m\u00e9todo de c\u00e1lculo de Rakeback contribuido.","og_url":"https:\/\/www.rakemonkey.com\/es\/comentarios\/rakeback-en-noiq-poker\/","og_site_name":"RakeMonkey.com","twitter_card":"summary","twitter_misc":{"Est. reading time":"5 minutes"},"schema":{"@context":"https:\/\/schema.org","@graph":[{"@type":"WebPage","@id":"https:\/\/www.rakemonkey.com\/es\/comentarios\/rakeback-en-noiq-poker\/","url":"https:\/\/www.rakemonkey.com\/es\/comentarios\/rakeback-en-noiq-poker\/","name":"Rakeback en NoIQ Poker - 30% NoIQ En Linea","isPartOf":{"@id":"https:\/\/www.rakemonkey.com\/es\/#website"},"datePublished":"2010-02-12T00:49:43+00:00","dateModified":"2010-02-12T00:49:43+00:00","description":"Para empezar, como hemos mencionado NoiQ paga 30% de su rakeback con el m\u00e9todo de c\u00e1lculo de Rakeback contribuido.","breadcrumb":{"@id":"https:\/\/www.rakemonkey.com\/es\/comentarios\/rakeback-en-noiq-poker\/#breadcrumb"},"inLanguage":"en-US","potentialAction":[{"@type":"ReadAction","target":["https:\/\/www.rakemonkey.com\/es\/comentarios\/rakeback-en-noiq-poker\/"]}]},{"@type":"BreadcrumbList","@id":"https:\/\/www.rakemonkey.com\/es\/comentarios\/rakeback-en-noiq-poker\/#breadcrumb","itemListElement":[{"@type":"ListItem","position":1,"name":"Home","item":"https:\/\/www.rakemonkey.com\/es\/"},{"@type":"ListItem","position":2,"name":"Comentarios","item":"https:\/\/www.rakemonkey.com\/es\/comentarios\/"},{"@type":"ListItem","position":3,"name":"Rakeback en NoIQ Poker"}]},{"@type":"WebSite","@id":"https:\/\/www.rakemonkey.com\/es\/#website","url":"https:\/\/www.rakemonkey.com\/es\/","name":"RakeMonkey.com","description":"","potentialAction":[{"@type":"SearchAction","target":{"@type":"EntryPoint","urlTemplate":"https:\/\/www.rakemonkey.com\/es\/?s={search_term_string}"},"query-input":"required name=search_term_string"}],"inLanguage":"en-US"}]}},"_links":{"self":[{"href":"https:\/\/www.rakemonkey.com\/es\/wp-json\/wp\/v2\/pages\/50"}],"collection":[{"href":"https:\/\/www.rakemonkey.com\/es\/wp-json\/wp\/v2\/pages"}],"about":[{"href":"https:\/\/www.rakemonkey.com\/es\/wp-json\/wp\/v2\/types\/page"}],"author":[{"embeddable":true,"href":"https:\/\/www.rakemonkey.com\/es\/wp-json\/wp\/v2\/users\/9"}],"replies":[{"embeddable":true,"href":"https:\/\/www.rakemonkey.com\/es\/wp-json\/wp\/v2\/comments?post=50"}],"version-history":[{"count":0,"href":"https:\/\/www.rakemonkey.com\/es\/wp-json\/wp\/v2\/pages\/50\/revisions"}],"up":[{"embeddable":true,"href":"https:\/\/www.rakemonkey.com\/es\/wp-json\/wp\/v2\/pages\/31"}],"wp:attachment":[{"href":"https:\/\/www.rakemonkey.com\/es\/wp-json\/wp\/v2\/media?parent=50"}],"curies":[{"name":"wp","href":"https:\/\/api.w.org\/{rel}","templated":true}]}}