{"id":52,"date":"2010-02-12T00:52:37","date_gmt":"2010-02-12T00:52:37","guid":{"rendered":"http:\/\/www.rakemonkey.com\/es\/?page_id=52"},"modified":"2010-02-12T00:52:37","modified_gmt":"2010-02-12T00:52:37","slug":"pokerstars-vip","status":"publish","type":"page","link":"https:\/\/www.rakemonkey.com\/es\/comentarios\/pokerstars-vip\/","title":{"rendered":"PokerStars VIP Rewards"},"content":{"rendered":"<p>PokerStars tiene un programa especial VIP que equivale a 40% rakeback. Si estas buscando por un trato de rakeback, sin embargo, no lo encontraras en PokerStars. Fuera de todos los sitios de p\u00f3quer en Internet, PokerStars es por mucho el m\u00e1s anti-rakeback.<\/p>\n<p>Yo se, Yo se; un programa de VIP suena un sustituto pat\u00e9tico de rakeback pero solo esc\u00fachanos. No es tan malo como suena. PokerStars no se convirti\u00f3 en la sala m\u00e1s grande y respetada del mundo por accidente.<\/p>\n<blockquote><p><a href=\"http:\/\/www.pokerstars.com\/?source=rs.wlmktus10\"><span style=\"color: #ff0000\"><strong>&gt;&gt; Descargar el software que utiliza este enlace<\/strong><\/span><\/a><\/p>\n<p>Codigo de bono: <strong>STARS600<\/strong><\/p><\/blockquote>\n<h2>Equivalente del Rakeback en PokerStars<\/h2>\n<p>En vez\u00a0 de ofrecer rakeback a sus jugadores, PokerStars utilice el dinero para crear un programa comprensivo VIP del cual los jugadores se beneficiaran. Mientras juegas en mesas de dinero real en PokerStars, t\u00fa estar\u00e1s autom\u00e1ticamente ganando Puntos de Jugador Frecuente los cuales puedes usar en comprar art\u00edculos, ganar entradas gratis a torneos y desbloquear los bonos.<\/p>\n<p>Cuando digo dinero en bonos, no estoy dici\u00e9ndolo sobre peque\u00f1os montos para mantenerte satisfecho lo suficiente para quedarte en PokerStars. Estoy hablando de mucho dinero. Toma por ejemplo los bonos Milestone de PokerStars:<\/p>\n<blockquote><p>$800 en 100,000 VPP (Voy a explicar la diferencia entre VPPs y PJFs pronto)<br \/>\n$2,000 en 200,000 VPP<br \/>\n$3,000 en 300,000 VPP<br \/>\n$4,000 en 400,000 VPP<br \/>\n$5,000 en 500,000 VPP<br \/>\n$6,000 en 600,000 VPP<br \/>\n$8,000 en 800,000 VPP<\/p><\/blockquote>\n<p>Solo eso esta cerca de los $30,000 en efectivo. Mejor aun, estos bonos Milestone son pagados adem\u00e1s de los bonos normales que puedes comprar el la tienda VIP.<\/p>\n<h2>Como Funciona el Programa VIP de PokerStars<\/h2>\n<p>Hay seis niveles en el programa VIP de PokerStars:<\/p>\n<blockquote><p>BronzeStar<br \/>\nSilverStar<br \/>\nGoldStar<br \/>\nPlatinumStar<br \/>\nSupernova<br \/>\nSupernova Elite<\/p><\/blockquote>\n<p>T\u00fa empezaras autom\u00e1ticamente en BronzeStar y subes mientras mas niveles pases basados en cuanto p\u00f3quer juegas. Mientras juegas p\u00f3quer en PokerStars, ganaras de hecho dos tipos diferentes de puntos:<\/p>\n<p>Puntos de Jugador VIP (VPPs)<br \/>\nPuntos de Jugador Frecuente (PJFs)<\/p>\n<p>Los\u00a0 VPPs que ganes ser\u00e1n usados simplemente para determinar tu nivel en el programa VIP y los PJFs son puntos que puedes usar en la tienda VIP. En el primer nivel t\u00fa ganas VPPs y PJFs al mismo tiempo y tasa pero cuando subes de niveles, empiezas a ganar m\u00e1s PJFs que VPP. En los niveles m\u00e1s altos, ganaras 5 PJFs por cada 1 VPP.<\/p>\n<h3>Beneficios de Cada Nivel<\/h3>\n<p>Mientras vas subiendo niveles en el programa VIP, tus beneficios se convierten incre\u00edblemente buenos. Ac\u00e1 hay un peque\u00f1o resumen de cada\u00a0 nivel:<\/p>\n<p><strong>BronzeStar<\/strong> \u2013 Este es el nivel en el que todos empiezan. Como miembro del BronzeStar, t\u00fa puedes comprar art\u00edculos del nivel BronzeStar en la tienda VIP y tienes acceso a los freerolls de $1,000 dos veces al d\u00eda. Cada mes hay un torneo de $2,500 del BronzeStar que cuesta solo 200 PJF para entrar.<\/p>\n<p><strong>SilverStar <\/strong>\u2013 Si ganas 1,200 VPPs en un solo mes, subir\u00e1s para convertirte en un jugador SilverStar. Esto es f\u00e1cil de lograr y no deber\u00eda de tomar tanto tiempo. Por cada VPP que ganes en este nivel, tu ganaras 1.5 PJF. Cada semana recibir\u00e1s una entrada a un freeroll de $30,000 y cada mes puedes jugar en un freeroll de $100,000. En este nivel puedes comprar un bono de $50 en la tienda VIP.<\/p>\n<p><strong>GoldStar <\/strong>\u2013 Gana 3,000 VPPs en un mes para convertirte en un miembro de GoldStar. Un bono de $285 esta disponible entonces en la tienda VIP y tendr\u00e1s acceso a todos los torneos que en el SilverStar mas un torneo VIP de $75,000 cada semana. Mientras t\u00fa seas un miembro Goldstar, ganaras 2 PJF por cada VPP ganado.<\/p>\n<p><strong>PlatinumStar <\/strong>\u2013 Gana 7,500 VPPs en un mes y convi\u00e9rtete en miembro de Platinumstar. Ahora puedes comprar un bono de $650 de la tienda VIP. Ahora tendr\u00e1s acceso a la secci\u00f3n de jugadores recompensados en la tienda de Platinum Star. Tambi\u00e9n puedes utilizar tus PJFs para comprar entradas a los eventos como el Torneo Mundial de P\u00f3quer en L\u00ednea, El Tour Europeo de P\u00f3quer y la Serie Mundial de P\u00f3quer.<\/p>\n<p><strong>Supernova <\/strong>\u2013 Este nivel es dif\u00edcil de conseguir pero viene con grandes beneficios. Para que puedas convertirte en Supernova, debes de ganar 100,000 VPPs en un a\u00f1o. No importa cuanto te tardes en ganar los 100,000 VPPs pero tienen que ser dentro de un a\u00f1o. En este nivel, ganaras 3.5 PJFs por cada VPP que ganes.<\/p>\n<p>Como un jugador Supernova, t\u00fa podr\u00e1s calificar para los bonos milestone listados arriba. Estos bonos combinados son un total de $28,800 en efectivo. Tambi\u00e9n puedes comprar $1,500 y $4,000 en bonos de la tienda VIP. Puedes tambi\u00e9n usar tus PJFs para comprar tu entrada al Evento Principal de La Serie Mundial de Poker.<\/p>\n<p><strong>Supernova Elite<\/strong> \u2013 Este nivel es para los mas rudos apostadores. Si t\u00fa llegas al estado Elite Supernova (aka <a href=\"http:\/\/www.gambling666.com\/online-poker\/reviews\/pokerstars\/marketing-code\">PokerStars Marketing Code<\/a>), estas adentro de un trato real. No es f\u00e1cil sin embargo; tienes que ganar 1, 000,000 VPPs en un a\u00f1o para lograr estar en este nivel. Tan pronto como lo alcances, te dar\u00e1n una entrada gratis al Torneo Mundial de P\u00f3quer en L\u00ednea el Evento Principal m\u00e1s la opci\u00f3n de uno de estos paquetes:<\/p>\n<p>\u2022 Paquete 1: Dos de cualquier paquete de PokerStars Aventura en el Caribe, WSOP Evento Principal, EPT Monte Carlo, APPT Sydney.<\/p>\n<p>\u2022 Paquete 2: Uno de los paquetes de arriba mas $10,000 en efectivo.<\/p>\n<p>Eso no es todo, sin embargo. Tambi\u00e9n calificaras para los siguientes bonos Milestone.<\/p>\n<blockquote><p>$10,000 en 1,250,000 VPPs<br \/>\n$10,000 en 1,500,000 VPPs<br \/>\n$10,000 en 1,750,000 VPPs<br \/>\n$20,000 en 2,000,000 VPPs<br \/>\n$10,000 en 2,250,000 VPPs<br \/>\n$10,000 en 2,750,000 VPPs<br \/>\n$20,000 en 3,000,000 VPPs<\/p><\/blockquote>\n<p>Estos bonos no son solo sobras. La gente de hecho llega al nivel Supernova elite. Un jugador llego al nivel Supernova Elite en menos de 3 meses. No es f\u00e1cil pero es definitivamente posible.<\/p>\n<p>Ganando VPPs y PJFs<\/p>\n<p>Los VPPs son ganados en torneos a una tarifa de 5 VPPs por d\u00f3lar pagado en tarifas de entrada. Por ejemplo, si tu juegas en un torneo de $20 + $2, tu ganaras 10 VPPs. En cash games, es un poco m\u00e1s complicado pero suficiente para decir que ganaras hasta 3 VPPs por mano jugada.<\/p>\n<p>Tus PJFs son ganados de la misma manera excepto cuando subes de niveles. Mientras subes de niveles, tus iras ganando multiplicadores que incrementaran el n\u00famero de PJFs que ganas mientras juegas p\u00f3quer. Por ejemplo, los jugadores de Goldstar ganan 2 PJFs por cada VPP ganado.<\/p>\n","protected":false},"excerpt":{"rendered":"<p>PokerStars tiene un programa especial VIP que equivale a 40% rakeback. Si estas buscando por un trato de rakeback, sin embargo, no lo encontraras en PokerStars. Fuera de todos los sitios de p\u00f3quer en Internet, PokerStars es por mucho el<a class=\"post-link\" href=\"https:\/\/www.rakemonkey.com\/es\/comentarios\/pokerstars-vip\/\"> read more&#8230;<\/a><\/p>\n","protected":false},"author":9,"featured_media":0,"parent":31,"menu_order":0,"comment_status":"closed","ping_status":"open","template":"rm_review.php","meta":[],"acf":[],"yoast_head":"<!-- This site is optimized with the Yoast SEO plugin v19.6.1 - https:\/\/yoast.com\/wordpress\/plugins\/seo\/ -->\n<title>PokerStars VIP Rakeback - Cashback en PokerStars - 100% Bonus up to $600<\/title>\n<meta name=\"description\" content=\"El # 1 sala de p\u00f3quer en l\u00ednea en el mundo tambi\u00e9n ofrece la mejor reembolso VIP ofrece a los nuevos jugadores.\" \/>\n<meta name=\"robots\" content=\"index, follow, max-snippet:-1, max-image-preview:large, max-video-preview:-1\" \/>\n<link rel=\"canonical\" href=\"https:\/\/www.rakemonkey.com\/es\/comentarios\/pokerstars-vip\/\" \/>\n<meta property=\"og:locale\" content=\"en_US\" \/>\n<meta property=\"og:type\" content=\"article\" \/>\n<meta property=\"og:title\" content=\"PokerStars VIP Rakeback - Cashback en PokerStars - 100% Bonus up to $600\" \/>\n<meta property=\"og:description\" content=\"El # 1 sala de p\u00f3quer en l\u00ednea en el mundo tambi\u00e9n ofrece la mejor reembolso VIP ofrece a los nuevos jugadores.\" \/>\n<meta property=\"og:url\" content=\"https:\/\/www.rakemonkey.com\/es\/comentarios\/pokerstars-vip\/\" \/>\n<meta property=\"og:site_name\" content=\"RakeMonkey.com\" \/>\n<meta name=\"twitter:card\" content=\"summary\" \/>\n<meta name=\"twitter:label1\" content=\"Est. reading time\" \/>\n\t<meta name=\"twitter:data1\" content=\"5 minutes\" \/>\n<script type=\"application\/ld+json\" class=\"yoast-schema-graph\">{\"@context\":\"https:\/\/schema.org\",\"@graph\":[{\"@type\":\"WebPage\",\"@id\":\"https:\/\/www.rakemonkey.com\/es\/comentarios\/pokerstars-vip\/\",\"url\":\"https:\/\/www.rakemonkey.com\/es\/comentarios\/pokerstars-vip\/\",\"name\":\"PokerStars VIP Rakeback - Cashback en PokerStars - 100% Bonus up to $600\",\"isPartOf\":{\"@id\":\"https:\/\/www.rakemonkey.com\/es\/#website\"},\"datePublished\":\"2010-02-12T00:52:37+00:00\",\"dateModified\":\"2010-02-12T00:52:37+00:00\",\"description\":\"El # 1 sala de p\u00f3quer en l\u00ednea en el mundo tambi\u00e9n ofrece la mejor reembolso VIP ofrece a los nuevos jugadores.\",\"breadcrumb\":{\"@id\":\"https:\/\/www.rakemonkey.com\/es\/comentarios\/pokerstars-vip\/#breadcrumb\"},\"inLanguage\":\"en-US\",\"potentialAction\":[{\"@type\":\"ReadAction\",\"target\":[\"https:\/\/www.rakemonkey.com\/es\/comentarios\/pokerstars-vip\/\"]}]},{\"@type\":\"BreadcrumbList\",\"@id\":\"https:\/\/www.rakemonkey.com\/es\/comentarios\/pokerstars-vip\/#breadcrumb\",\"itemListElement\":[{\"@type\":\"ListItem\",\"position\":1,\"name\":\"Home\",\"item\":\"https:\/\/www.rakemonkey.com\/es\/\"},{\"@type\":\"ListItem\",\"position\":2,\"name\":\"Comentarios\",\"item\":\"https:\/\/www.rakemonkey.com\/es\/comentarios\/\"},{\"@type\":\"ListItem\",\"position\":3,\"name\":\"PokerStars VIP Rewards\"}]},{\"@type\":\"WebSite\",\"@id\":\"https:\/\/www.rakemonkey.com\/es\/#website\",\"url\":\"https:\/\/www.rakemonkey.com\/es\/\",\"name\":\"RakeMonkey.com\",\"description\":\"\",\"potentialAction\":[{\"@type\":\"SearchAction\",\"target\":{\"@type\":\"EntryPoint\",\"urlTemplate\":\"https:\/\/www.rakemonkey.com\/es\/?s={search_term_string}\"},\"query-input\":\"required name=search_term_string\"}],\"inLanguage\":\"en-US\"}]}<\/script>\n<!-- \/ Yoast SEO plugin. -->","yoast_head_json":{"title":"PokerStars VIP Rakeback - Cashback en PokerStars - 100% Bonus up to $600","description":"El # 1 sala de p\u00f3quer en l\u00ednea en el mundo tambi\u00e9n ofrece la mejor reembolso VIP ofrece a los nuevos jugadores.","robots":{"index":"index","follow":"follow","max-snippet":"max-snippet:-1","max-image-preview":"max-image-preview:large","max-video-preview":"max-video-preview:-1"},"canonical":"https:\/\/www.rakemonkey.com\/es\/comentarios\/pokerstars-vip\/","og_locale":"en_US","og_type":"article","og_title":"PokerStars VIP Rakeback - Cashback en PokerStars - 100% Bonus up to $600","og_description":"El # 1 sala de p\u00f3quer en l\u00ednea en el mundo tambi\u00e9n ofrece la mejor reembolso VIP ofrece a los nuevos jugadores.","og_url":"https:\/\/www.rakemonkey.com\/es\/comentarios\/pokerstars-vip\/","og_site_name":"RakeMonkey.com","twitter_card":"summary","twitter_misc":{"Est. reading time":"5 minutes"},"schema":{"@context":"https:\/\/schema.org","@graph":[{"@type":"WebPage","@id":"https:\/\/www.rakemonkey.com\/es\/comentarios\/pokerstars-vip\/","url":"https:\/\/www.rakemonkey.com\/es\/comentarios\/pokerstars-vip\/","name":"PokerStars VIP Rakeback - Cashback en PokerStars - 100% Bonus up to $600","isPartOf":{"@id":"https:\/\/www.rakemonkey.com\/es\/#website"},"datePublished":"2010-02-12T00:52:37+00:00","dateModified":"2010-02-12T00:52:37+00:00","description":"El # 1 sala de p\u00f3quer en l\u00ednea en el mundo tambi\u00e9n ofrece la mejor reembolso VIP ofrece a los nuevos jugadores.","breadcrumb":{"@id":"https:\/\/www.rakemonkey.com\/es\/comentarios\/pokerstars-vip\/#breadcrumb"},"inLanguage":"en-US","potentialAction":[{"@type":"ReadAction","target":["https:\/\/www.rakemonkey.com\/es\/comentarios\/pokerstars-vip\/"]}]},{"@type":"BreadcrumbList","@id":"https:\/\/www.rakemonkey.com\/es\/comentarios\/pokerstars-vip\/#breadcrumb","itemListElement":[{"@type":"ListItem","position":1,"name":"Home","item":"https:\/\/www.rakemonkey.com\/es\/"},{"@type":"ListItem","position":2,"name":"Comentarios","item":"https:\/\/www.rakemonkey.com\/es\/comentarios\/"},{"@type":"ListItem","position":3,"name":"PokerStars VIP Rewards"}]},{"@type":"WebSite","@id":"https:\/\/www.rakemonkey.com\/es\/#website","url":"https:\/\/www.rakemonkey.com\/es\/","name":"RakeMonkey.com","description":"","potentialAction":[{"@type":"SearchAction","target":{"@type":"EntryPoint","urlTemplate":"https:\/\/www.rakemonkey.com\/es\/?s={search_term_string}"},"query-input":"required name=search_term_string"}],"inLanguage":"en-US"}]}},"_links":{"self":[{"href":"https:\/\/www.rakemonkey.com\/es\/wp-json\/wp\/v2\/pages\/52"}],"collection":[{"href":"https:\/\/www.rakemonkey.com\/es\/wp-json\/wp\/v2\/pages"}],"about":[{"href":"https:\/\/www.rakemonkey.com\/es\/wp-json\/wp\/v2\/types\/page"}],"author":[{"embeddable":true,"href":"https:\/\/www.rakemonkey.com\/es\/wp-json\/wp\/v2\/users\/9"}],"replies":[{"embeddable":true,"href":"https:\/\/www.rakemonkey.com\/es\/wp-json\/wp\/v2\/comments?post=52"}],"version-history":[{"count":0,"href":"https:\/\/www.rakemonkey.com\/es\/wp-json\/wp\/v2\/pages\/52\/revisions"}],"up":[{"embeddable":true,"href":"https:\/\/www.rakemonkey.com\/es\/wp-json\/wp\/v2\/pages\/31"}],"wp:attachment":[{"href":"https:\/\/www.rakemonkey.com\/es\/wp-json\/wp\/v2\/media?parent=52"}],"curies":[{"name":"wp","href":"https:\/\/api.w.org\/{rel}","templated":true}]}}