{"id":54,"date":"2010-02-12T00:57:46","date_gmt":"2010-02-12T00:57:46","guid":{"rendered":"http:\/\/www.rakemonkey.com\/es\/?page_id=54"},"modified":"2010-02-12T00:57:46","modified_gmt":"2010-02-12T00:57:46","slug":"interpoker-rakeback","status":"publish","type":"page","link":"https:\/\/www.rakemonkey.com\/es\/comentarios\/interpoker-rakeback\/","title":{"rendered":"InterPoker Rakeback"},"content":{"rendered":"<p><strong>InterPoker<\/strong> ofrece a cada jugador nuevo que se registre por primera vez en una cuenta en RakeMonkey un genial trato de 30% de rakeback, calculado utilizando el \u201cmetodo contribuido\u201d. Los lectores de Rake Monkey tambi\u00e9n pueden recibir un bono de 200% (el doble del dinero sin que hayas entrado a una mesa!) de hasta un total de bono de \u20ac1,000.<\/p>\n<p>InterPoker originalmente abri\u00f3 negocios en el Internet en el 2002, y desde ese entonces ha estado trayendo a los jugadores de p\u00f3quer un juego r\u00e1pido de p\u00f3quer en una plataforma estable. Los jugadores de los estados unidos no pueden jugar en Inter Poker, pero que no te preocupe mucho, hay muchas salas de p\u00f3quer como Carbon Poker que permite jugadores de US, y hay mucho trafico de jugadores en Interponer en todas las \u00e1reas de la sala de p\u00f3quer, incluyendo los jugadores de torneos Multi Mesas, torneos Sit N Go, y por supuesto las mesas por dinero real.<\/p>\n<blockquote><p><a href=\"http:\/\/www.intercasinopoker.com\/index.html?04530665\"><span style=\"color: #ff0000\"><strong>Descargar el software que utiliza este enlace<\/strong><\/span><\/a><\/p>\n<p>Codigo de bono:<strong> <span id=\"result_box\"><span style=\"background-color: #ffffff\" title=\"none needed\">No es necesaria<\/span><\/span><\/strong><\/p><\/blockquote>\n<h2><strong>Programa de Rakeback de InterPoker <\/strong><\/h2>\n<p>Para estar dentro de un trato de rakeback en InterPoker, solo debes de hacer clic en el enlace en el sitio y configurar tu nueva cuenta de jugador. Despu\u00e9s regresar y llenar con tu direcci\u00f3n de correo electr\u00f3nico, usuario, de hecho, lo mejor es que marques Rake Monkey antes de irte, odiar\u00edamos perderte y despu\u00e9s no tener donde mandarte el pago de rakeback!<\/p>\n<p>El 30% de tu rake te ser\u00e1 pagado en tu cuenta de jugador el cual puedes cobrar cada d\u00eda al visitar RakeMonkey.com<\/p>\n<h2><strong>InterPoker Welcome Bonus<\/strong><\/h2>\n<p>por nuestras habilidades de negociaci\u00f3n, el equipo de marketing de Rake Monkey ha logrado un fabuloso bono para nuestros lectores! Los jugadores que se registren desde nuestro sitio son elegibles para un bono de dep\u00f3sito de 200% hasta \u20ac1,000. Eso quiere decir que si depositas \u20ac1,000 hoy, tu recibir\u00e1s \u20ac1,000 extra para jugar con el!<\/p>\n<p>To release the bonus into your player account you will need to collect InterPoker points, for every 50 points you earn, you&#8217;ll see \u20ac5 in poker chips added to your available account.<\/p>\n<p>InterPoker no deduce tu bono de tu cuenta como otras salas tales como Sun Poker, as\u00ed que ese bono de dinero es puro y ganancia simple y no afecta tus pagos de rakeback para nada.<\/p>\n<h2><strong>Torneos de Rakeback en InterPoker <\/strong><\/h2>\n<p>Hay salas de p\u00f3quer en l\u00ednea que estafan a los jugadores con las tarifas de torneos y no pagan ning\u00fan rakeback de esa tarifa, Interponer no es uno de estos sitios. Cualquier cosa que est\u00e9s jugando en InterPoker tu estar\u00e1s recibiendo rakeback. Por cualquier MTT o SNG que juegues en Interponer t\u00fa ganaras 30% de esa tarifa.<\/p>\n<p>Si estas jugando un freeroll, t\u00fa recibir\u00e1s el 100% de la tarifa de regreso.<\/p>\n<p>InterPoker ofrece una variedad de m\u00e9todos de deposito, incluyendo todos los mas comunes m\u00e9todos, como Visa que es aceptada por todas las salas de p\u00f3quer del mundo, y todas las dem\u00e1s populares carteras, como NETeller, MoneyBookers, Click2Pay, PaySafeCad, Wire Transfers las cuales puedes enviar desde tu banco y cheques.<\/p>\n","protected":false},"excerpt":{"rendered":"<p>InterPoker ofrece a cada jugador nuevo que se registre por primera vez en una cuenta en RakeMonkey un genial trato de 30% de rakeback, calculado utilizando el \u201cmetodo contribuido\u201d. Los lectores de Rake Monkey tambi\u00e9n pueden recibir un bono de<a class=\"post-link\" href=\"https:\/\/www.rakemonkey.com\/es\/comentarios\/interpoker-rakeback\/\"> read more&#8230;<\/a><\/p>\n","protected":false},"author":9,"featured_media":0,"parent":31,"menu_order":0,"comment_status":"closed","ping_status":"open","template":"rm_review.php","meta":[],"acf":[],"yoast_head":"<!-- This site is optimized with the Yoast SEO plugin v19.6.1 - https:\/\/yoast.com\/wordpress\/plugins\/seo\/ -->\n<title>InterPoker Rakeback - 30% Rakeback - Bono de $ 200<\/title>\n<meta name=\"description\" content=\"Para estar dentro de un tratode rakeback en InterPoker, solo debes de hacer clic en el enlace en el sitio y configurar tu nueva cuenta de jugador. 30% Rakeback!\" \/>\n<meta name=\"robots\" content=\"index, follow, max-snippet:-1, max-image-preview:large, max-video-preview:-1\" \/>\n<link rel=\"canonical\" href=\"https:\/\/www.rakemonkey.com\/es\/comentarios\/interpoker-rakeback\/\" \/>\n<meta property=\"og:locale\" content=\"en_US\" \/>\n<meta property=\"og:type\" content=\"article\" \/>\n<meta property=\"og:title\" content=\"InterPoker Rakeback - 30% Rakeback - Bono de $ 200\" \/>\n<meta property=\"og:description\" content=\"Para estar dentro de un tratode rakeback en InterPoker, solo debes de hacer clic en el enlace en el sitio y configurar tu nueva cuenta de jugador. 30% Rakeback!\" \/>\n<meta property=\"og:url\" content=\"https:\/\/www.rakemonkey.com\/es\/comentarios\/interpoker-rakeback\/\" \/>\n<meta property=\"og:site_name\" content=\"RakeMonkey.com\" \/>\n<meta name=\"twitter:card\" content=\"summary\" \/>\n<meta name=\"twitter:label1\" content=\"Est. reading time\" \/>\n\t<meta name=\"twitter:data1\" content=\"3 minutes\" \/>\n<script type=\"application\/ld+json\" class=\"yoast-schema-graph\">{\"@context\":\"https:\/\/schema.org\",\"@graph\":[{\"@type\":\"WebPage\",\"@id\":\"https:\/\/www.rakemonkey.com\/es\/comentarios\/interpoker-rakeback\/\",\"url\":\"https:\/\/www.rakemonkey.com\/es\/comentarios\/interpoker-rakeback\/\",\"name\":\"InterPoker Rakeback - 30% Rakeback - Bono de $ 200\",\"isPartOf\":{\"@id\":\"https:\/\/www.rakemonkey.com\/es\/#website\"},\"datePublished\":\"2010-02-12T00:57:46+00:00\",\"dateModified\":\"2010-02-12T00:57:46+00:00\",\"description\":\"Para estar dentro de un tratode rakeback en InterPoker, solo debes de hacer clic en el enlace en el sitio y configurar tu nueva cuenta de jugador. 30% Rakeback!\",\"breadcrumb\":{\"@id\":\"https:\/\/www.rakemonkey.com\/es\/comentarios\/interpoker-rakeback\/#breadcrumb\"},\"inLanguage\":\"en-US\",\"potentialAction\":[{\"@type\":\"ReadAction\",\"target\":[\"https:\/\/www.rakemonkey.com\/es\/comentarios\/interpoker-rakeback\/\"]}]},{\"@type\":\"BreadcrumbList\",\"@id\":\"https:\/\/www.rakemonkey.com\/es\/comentarios\/interpoker-rakeback\/#breadcrumb\",\"itemListElement\":[{\"@type\":\"ListItem\",\"position\":1,\"name\":\"Home\",\"item\":\"https:\/\/www.rakemonkey.com\/es\/\"},{\"@type\":\"ListItem\",\"position\":2,\"name\":\"Comentarios\",\"item\":\"https:\/\/www.rakemonkey.com\/es\/comentarios\/\"},{\"@type\":\"ListItem\",\"position\":3,\"name\":\"InterPoker Rakeback\"}]},{\"@type\":\"WebSite\",\"@id\":\"https:\/\/www.rakemonkey.com\/es\/#website\",\"url\":\"https:\/\/www.rakemonkey.com\/es\/\",\"name\":\"RakeMonkey.com\",\"description\":\"\",\"potentialAction\":[{\"@type\":\"SearchAction\",\"target\":{\"@type\":\"EntryPoint\",\"urlTemplate\":\"https:\/\/www.rakemonkey.com\/es\/?s={search_term_string}\"},\"query-input\":\"required name=search_term_string\"}],\"inLanguage\":\"en-US\"}]}<\/script>\n<!-- \/ Yoast SEO plugin. -->","yoast_head_json":{"title":"InterPoker Rakeback - 30% Rakeback - Bono de $ 200","description":"Para estar dentro de un tratode rakeback en InterPoker, solo debes de hacer clic en el enlace en el sitio y configurar tu nueva cuenta de jugador. 30% Rakeback!","robots":{"index":"index","follow":"follow","max-snippet":"max-snippet:-1","max-image-preview":"max-image-preview:large","max-video-preview":"max-video-preview:-1"},"canonical":"https:\/\/www.rakemonkey.com\/es\/comentarios\/interpoker-rakeback\/","og_locale":"en_US","og_type":"article","og_title":"InterPoker Rakeback - 30% Rakeback - Bono de $ 200","og_description":"Para estar dentro de un tratode rakeback en InterPoker, solo debes de hacer clic en el enlace en el sitio y configurar tu nueva cuenta de jugador. 30% Rakeback!","og_url":"https:\/\/www.rakemonkey.com\/es\/comentarios\/interpoker-rakeback\/","og_site_name":"RakeMonkey.com","twitter_card":"summary","twitter_misc":{"Est. reading time":"3 minutes"},"schema":{"@context":"https:\/\/schema.org","@graph":[{"@type":"WebPage","@id":"https:\/\/www.rakemonkey.com\/es\/comentarios\/interpoker-rakeback\/","url":"https:\/\/www.rakemonkey.com\/es\/comentarios\/interpoker-rakeback\/","name":"InterPoker Rakeback - 30% Rakeback - Bono de $ 200","isPartOf":{"@id":"https:\/\/www.rakemonkey.com\/es\/#website"},"datePublished":"2010-02-12T00:57:46+00:00","dateModified":"2010-02-12T00:57:46+00:00","description":"Para estar dentro de un tratode rakeback en InterPoker, solo debes de hacer clic en el enlace en el sitio y configurar tu nueva cuenta de jugador. 30% Rakeback!","breadcrumb":{"@id":"https:\/\/www.rakemonkey.com\/es\/comentarios\/interpoker-rakeback\/#breadcrumb"},"inLanguage":"en-US","potentialAction":[{"@type":"ReadAction","target":["https:\/\/www.rakemonkey.com\/es\/comentarios\/interpoker-rakeback\/"]}]},{"@type":"BreadcrumbList","@id":"https:\/\/www.rakemonkey.com\/es\/comentarios\/interpoker-rakeback\/#breadcrumb","itemListElement":[{"@type":"ListItem","position":1,"name":"Home","item":"https:\/\/www.rakemonkey.com\/es\/"},{"@type":"ListItem","position":2,"name":"Comentarios","item":"https:\/\/www.rakemonkey.com\/es\/comentarios\/"},{"@type":"ListItem","position":3,"name":"InterPoker Rakeback"}]},{"@type":"WebSite","@id":"https:\/\/www.rakemonkey.com\/es\/#website","url":"https:\/\/www.rakemonkey.com\/es\/","name":"RakeMonkey.com","description":"","potentialAction":[{"@type":"SearchAction","target":{"@type":"EntryPoint","urlTemplate":"https:\/\/www.rakemonkey.com\/es\/?s={search_term_string}"},"query-input":"required name=search_term_string"}],"inLanguage":"en-US"}]}},"_links":{"self":[{"href":"https:\/\/www.rakemonkey.com\/es\/wp-json\/wp\/v2\/pages\/54"}],"collection":[{"href":"https:\/\/www.rakemonkey.com\/es\/wp-json\/wp\/v2\/pages"}],"about":[{"href":"https:\/\/www.rakemonkey.com\/es\/wp-json\/wp\/v2\/types\/page"}],"author":[{"embeddable":true,"href":"https:\/\/www.rakemonkey.com\/es\/wp-json\/wp\/v2\/users\/9"}],"replies":[{"embeddable":true,"href":"https:\/\/www.rakemonkey.com\/es\/wp-json\/wp\/v2\/comments?post=54"}],"version-history":[{"count":0,"href":"https:\/\/www.rakemonkey.com\/es\/wp-json\/wp\/v2\/pages\/54\/revisions"}],"up":[{"embeddable":true,"href":"https:\/\/www.rakemonkey.com\/es\/wp-json\/wp\/v2\/pages\/31"}],"wp:attachment":[{"href":"https:\/\/www.rakemonkey.com\/es\/wp-json\/wp\/v2\/media?parent=54"}],"curies":[{"name":"wp","href":"https:\/\/api.w.org\/{rel}","templated":true}]}}