{"id":57,"date":"2010-02-12T01:01:31","date_gmt":"2010-02-12T01:01:31","guid":{"rendered":"http:\/\/www.rakemonkey.com\/es\/?page_id=57"},"modified":"2010-02-12T01:01:31","modified_gmt":"2010-02-12T01:01:31","slug":"rakeback-de-party-poker","status":"publish","type":"page","link":"https:\/\/www.rakemonkey.com\/es\/comentarios\/rakeback-de-party-poker\/","title":{"rendered":"Rakeback de Party Poker"},"content":{"rendered":"<p>A pesar de el hecho de que Party Poker no esta disponible en los estados unidos esta sala de p\u00f3quer se mantiene como una de las mas populares de el mundo entero. Ac\u00e9ptalo, no puedes ni pensar en Party Poker sin cantar su canci\u00f3n en tu cabeza? Tu sabes cual\u2026 Puh \u2013 puh-puh- Party Poker!<\/p>\n<p>Party Poker ahora ofrece a sus jugadores que se registren para una cuenta nueva en Party Poker desde Rake Monkey la oportunidad de ganar hasta 40% de regreso en sus cuentas de p\u00f3quer.<\/p>\n<p>Cuando los jugadores nuevos se registren a trav\u00e9s de nuestros enlaces, y llenen la forma de abajo, ellos ser\u00e1n elegibles para el Sistema VIP y Dinero de Regreso VIP de Party Poker. Ellos no le llaman rakeback en Party Poker, pero ac\u00e1 esta como funciona, t\u00fa juegas p\u00f3quer, juntas un m\u00ednimo de puntos requeridos en el mes, y recibes dinero de regreso en tu cuenta de p\u00f3quer. Ll\u00e1malo como sea que quieras.<\/p>\n<blockquote><p><a href=\"http:\/\/www.partypoker.com\/Downloads\/2687186\/PartyPokerSetup.exe\"><span style=\"color: #ff0000\"><strong>Descargar el software que utiliza este enlace<\/strong><\/span><\/a><\/p>\n<p>Codigo de bono: <strong>REDUCTION<\/strong><\/p><\/blockquote>\n<h2><strong>El Rakeback de Party Poker \u2013 Como Funciona el Programa VIP<\/strong><\/h2>\n<p>El trato de dinero de vuelta VIP de Party Poker es de hecho mayor que el trato promedio de rakeback. Cuantas salas de p\u00f3quer conoces en las que puedas recibir hasta 40% de rakeback? Tu puedes encontrar algunas, especialmente si has estado leyendo nuestras rese\u00f1as, sin embargo, cuantas de esas salas pueden reclamar tener la fama que Party Poker puede? Party es uno de las mas grandes y activas salas de p\u00f3quer en l\u00ednea del mundo!<\/p>\n<p>Despu\u00e9s de que te registres ac\u00e1 para tu trato de dinero de regreso, t\u00fa ganaras tu dinero de regreso al adquirir puntos de Party Poker, estos puntos son calculados en las bases de mes a mes. Los puntos son ganados de la misma manera que el bono de lealtad y son ganados en cualquier sala de p\u00f3quer que ofrezca rakeback, al jugar p\u00f3quer.<\/p>\n<p>Cuando sea que t\u00fa recibas cartas en un juego, o juego de dinero real, estas acumulando puntos VIP. Desafortunadamente, Party Poker no paga recompensas de regreso en entradas a torneos. Ahora, en lugar de simplemente enviar sus beneficios de rakeback a tu cuenta con tu MGR como el m\u00e9todo de c\u00e1lculo de rakeback, Party Poker te recompensa con puntos dependiendo de tu nivel VIP. Si t\u00fa eres un jugador leal de Party Poker, probablemente recibir\u00e1s lo m\u00e1ximo del dinero de regreso. Por eso, los miembros de Palladium Elite reciben 30% de dinero de regreso en Party mientras que los miembros de Bronce solo reciben 5%.<\/p>\n<h2><strong>Bonos<\/strong><strong> <\/strong><strong>de<\/strong><strong> <\/strong><strong>Party<\/strong><strong> <\/strong><strong>Poker<\/strong><strong> <\/strong><\/h2>\n<p>Cuando te registras por primera vez en Party Poker como jugador Nuevo, y vas a realizar tu primer deposito por dinero real, ingresa NUESTRO CODIGO DE BONO y tu estar\u00e1s recibiendo 100% hasta $100 de bono de bienvenida. T\u00fa liberas este bono de la misma manera en que ganas tu dinero de vuelta, al acumular puntos de jugador, tienes 60 d\u00edas para liberar el bono.<\/p>\n<h2><strong>Recompensas de Dinero de Regreso de Party Poker <\/strong><\/h2>\n<ul>\n<li>Miembros de Bronce &#8211; 5% Party Poker Dinero de Regreso<\/li>\n<li>Miembros de Plata\u00a0 \u2013 6.67% Party Poker Dinero de Regreso<\/li>\n<li>Miembros Dorados \u2013 10% Party Poker Dinero de Regreso<\/li>\n<li>Miembros Palladium\u00a0\u00a0 \u2013 12-15% Party Poker Dinero de Regreso<\/li>\n<li>Miembros Palladium \u2013 30% Party Poker Dinero de Regreso<\/li>\n<\/ul>\n<p>Tal vez te hayas dado cuenta de que hemos dicho que podr\u00edas ganar el equivalente hasta a 40% de rakeback en Party Poker pero la cantidad mas alta que puedes ganar en el programa de lealtad es de 30%. Bueno pues para obtener esos extra 10% debes de cambiar tus puntos por bonos de dinero, de hecho cualquier punto ganado por el jugador es elegible para hacerlo.<\/p>\n<p>Por cada 400 en puntos de Party Poker que tengas, puedes comprar $10 en fichas de p\u00f3quer. De hecho, guardando hasta 100,000 puntos de p\u00f3quer en party te dar\u00e1 gratis $15,000 en fichas de p\u00f3quer!<\/p>\n<h2><strong>Rakeback de P<\/strong><strong>arty Poker Rakeback \u2013 <\/strong><strong>Informaci\u00f3n de Cuenta<\/strong><strong> <\/strong><\/h2>\n<p>Para mantener siempre en tu vista los balances de tu cuenta, y ver tus puntos VIP y estado de VIP todo el tiempo, solo debes de abrir el lobby de Party Poker, y toda la informaci\u00f3n esta disponible directamente ah\u00ed.<\/p>\n<p>Asimismo, los pagos ser\u00e1n hechos directamente a tu cuenta de Party Poker.<\/p>\n<h3><strong>Retira tus Fondos Cada D\u00eda! <\/strong><\/h3>\n<p>Los jugadores nuevos que se registren en Party Poker para recibir dinero de regreso en Rake Monkey, podr\u00e1n regresar a RakeMonkey.com (m\u00e1rcanos lo antes posible!) cada d\u00eda y liberar sus recompensas de dinero.<\/p>\n<h2><strong>Depositando en Party <\/strong><\/h2>\n<p>Party poker acepta todos los m\u00e9todos usuales de dep\u00f3sito, tambi\u00e9n con algunos nuevos m\u00e9todos que nunca hemos escuchado antes de escribir esta rese\u00f1a. Los m\u00e9todos de pago de Party Poker incluyen:<\/p>\n<table width=\"100%\" border=\"1\" cellspacing=\"0\" cellpadding=\"0\">\n<tbody>\n<tr>\n<td width=\"33%\">Visa<\/td>\n<td width=\"33%\">Maestro<\/td>\n<td width=\"33%\">PaySafeCard<\/td>\n<\/tr>\n<tr>\n<td width=\"33%\">MasterCard<\/td>\n<td width=\"33%\">EntroPay<\/td>\n<td width=\"33%\">Ukash<\/td>\n<\/tr>\n<tr>\n<td width=\"33%\">Switch<\/td>\n<td width=\"33%\">NETeller<\/td>\n<td width=\"33%\">myCitadel<\/td>\n<\/tr>\n<tr>\n<td width=\"33%\">Solo<\/td>\n<td width=\"33%\">Click &amp; Buy<\/td>\n<td width=\"33%\">eWire<\/td>\n<\/tr>\n<tr>\n<td width=\"33%\">Laser<\/td>\n<td width=\"33%\">Click2Pay<\/td>\n<td width=\"33%\">Przleway24<\/td>\n<\/tr>\n<tr>\n<td width=\"33%\">Moneybookers<\/td>\n<td width=\"33%\">UseMyBank<\/td>\n<td width=\"33%\">EPS<\/td>\n<\/tr>\n<tr>\n<td width=\"33%\">WebMoney<\/td>\n<td width=\"33%\">Mister Cash<\/td>\n<td width=\"33%\">iDeal<\/td>\n<\/tr>\n<tr>\n<td width=\"33%\">GiroPay<\/td>\n<td width=\"33%\">Giro de Banco<\/td>\n<td width=\"33%\">DirectPay24<\/td>\n<\/tr>\n<tr>\n<td width=\"33%\">POLi<\/td>\n<td width=\"33%\">Transferencia de Banco<\/td>\n<td width=\"33%\">EC-ELV<\/td>\n<\/tr>\n<tr>\n<td width=\"33%\">Transferencia Electr\u00f3nica<\/td>\n<td width=\"33%\"><\/td>\n<td width=\"33%\"><\/td>\n<\/tr>\n<\/tbody>\n<\/table>\n<p><strong>To<\/strong><strong>rneos de Rakeback en Party Poker <\/strong><br \/>\nParty Poker no ofrece rakeback, o dinero de vuelta por jugar en torneos, esto incluye torneos multi mesa, sit n goes, frente a frente, etc<\/p>\n<p><strong>Rakeback de P<\/strong><strong>arty Poker Rakeback \u2013 <\/strong><strong>Deducciones del Bono<\/strong><br \/>\nSi tu cobras uno de los incre\u00edbles bonos de Party Poker, veras una deducci\u00f3n en tu recompensa de dinero.<\/p>\n<p><strong>Ganando Puntos al Jugar Manos Clasificadas <\/strong><strong> <\/strong><strong> <\/strong><\/p>\n<p>Los jugadores en Party Poker pueden ganar hasta diez puntos por cada 6 manos clasificadas. Esto por supuesto varia dependiendo del juego o nivel de apuesta de los juegos que los jugadores jueguen.<\/p>\n<p>Si el jugador estuviese jugando en los niveles micro (no recomendamos que sea as, no hay manera alguna de ganar y construir un presupuesto) el jugador deber\u00eda de jugar 700 manos que fueran clasificadas como altas para ganar 10 puntos.<\/p>\n<p>Sin embargo, si estuviera jugando en las mesas con limites mas comunes $2\/$4 (muy populares aun en los casinos en vivo) tu solo podr\u00edas necesitar jugar 18 manos para lograr esos 10 puntos VIP.<\/p>\n<h2><strong>Subiendo<\/strong><strong> <\/strong><strong>la<\/strong><strong> <\/strong><strong>Escalera<\/strong><strong> <\/strong><strong>VIP<\/strong><strong> <\/strong><\/h2>\n<p>Cada jugador nuevo en Party Poker empieza en el nivel Bronce, y por eso califica para recibir 5% de dinero de regreso en el principio. Despu\u00e9s de eso, los siguientes incrementos necesitan puntos para avanzar a los niveles m\u00e1s altos:<\/p>\n<ul>\n<li>Plata \u2013 400<\/li>\n<li>Oro\u2013 1,000<\/li>\n<li>Palladium \u2013 9,000<\/li>\n<li>Palladium Elite \u2013 50,000<\/li>\n<\/ul>\n<p><strong><br \/>\n<\/strong><\/p>\n<h3>Juegos de P\u00f3quer Disponibles en Party Poker<\/h3>\n<p>Texas Holdem<br \/>\nOmaha<br \/>\nOmaha Hi-Lo<br \/>\n7 Card Stud<br \/>\n7 Card Hi Lo<\/p>\n<p>Los Niveles de Apuesta var\u00edan de $0.02\/$0.02 limite micro en las mesas, a $250\/$500 demasiado altas.<\/p>\n<h3><strong>Torneos en Party Poker <\/strong><\/h3>\n<p>Party Poker es una de las m\u00e1s antiguas salas de p\u00f3quer en l\u00ednea, as\u00ed que tienen experiencia, saben lo que quieren los jugadores en una sala de p\u00f3quer. Ofrecen freerolls grandes, freerolls para jugadores nuevos por $ 500, freerolls de $1500 para todos, y torneos de puntos para el depositante que s\u00f3lo quiere que el valor extra sin jugar en contra de las cazadores freeroll.<\/p>\n<h2><strong>Valor Extra de Rake Monkey<\/strong><\/h2>\n<p>Nuestro equipo de marketing en Rake Monkey se gana la vida negociando para ti, como jugador Rake Monkey, tambi\u00e9n calificas para nuestros beneficios exlusivos con Party Poker, como la entrada en nuestro exclusivo freeroll $ 5,000.<\/p>\n<p>Los jugadores de Rake Monkey tambi\u00e9n est\u00e1n invitados a participar en carreras de rake mensuales donde est\u00e1n compitiendo para ganar hasta $ 6000,00<\/p>\n<h2><strong>Torneos por dinero en Party Poker<\/strong><\/h2>\n<p>Para los jugadores de torneos Multi-Mesa, Party Poker ofrece una gran variedad, incluyendo uno semanal de $ 300k garantizados como premio. Los buy-ins est\u00e1n disponibles por tan poco como $ 1, y los torneos mas grandes est\u00e1n disponibles tambi\u00e9n.<\/p>\n<p>Una cosa increible al jugar en torneos de Party Poker es que nunca se pagar\u00e1 una cuota mayor de $ 10 para cualquier torneo.<\/p>\n","protected":false},"excerpt":{"rendered":"<p>A pesar de el hecho de que Party Poker no esta disponible en los estados unidos esta sala de p\u00f3quer se mantiene como una de las mas populares de el mundo entero. Ac\u00e9ptalo, no puedes ni pensar en Party Poker<a class=\"post-link\" href=\"https:\/\/www.rakemonkey.com\/es\/comentarios\/rakeback-de-party-poker\/\"> read more&#8230;<\/a><\/p>\n","protected":false},"author":9,"featured_media":0,"parent":31,"menu_order":0,"comment_status":"closed","ping_status":"open","template":"rm_review.php","meta":[],"acf":[],"yoast_head":"<!-- This site is optimized with the Yoast SEO plugin v19.6.1 - https:\/\/yoast.com\/wordpress\/plugins\/seo\/ -->\n<title>PartyPoker VIP Cashback - 150% de bonificaci\u00f3n hasta $100<\/title>\n<meta name=\"description\" content=\"Ingresa NUESTRO CODIGO DE BONO y tu estar\u00e1s recibiendo 100% hasta $100 de bono de bienvenida.\" \/>\n<meta name=\"robots\" content=\"index, follow, max-snippet:-1, max-image-preview:large, max-video-preview:-1\" \/>\n<link rel=\"canonical\" href=\"https:\/\/www.rakemonkey.com\/es\/comentarios\/rakeback-de-party-poker\/\" \/>\n<meta property=\"og:locale\" content=\"en_US\" \/>\n<meta property=\"og:type\" content=\"article\" \/>\n<meta property=\"og:title\" content=\"PartyPoker VIP Cashback - 150% de bonificaci\u00f3n hasta $100\" \/>\n<meta property=\"og:description\" content=\"Ingresa NUESTRO CODIGO DE BONO y tu estar\u00e1s recibiendo 100% hasta $100 de bono de bienvenida.\" \/>\n<meta property=\"og:url\" content=\"https:\/\/www.rakemonkey.com\/es\/comentarios\/rakeback-de-party-poker\/\" \/>\n<meta property=\"og:site_name\" content=\"RakeMonkey.com\" \/>\n<meta name=\"twitter:card\" content=\"summary\" \/>\n<meta name=\"twitter:label1\" content=\"Est. reading time\" \/>\n\t<meta name=\"twitter:data1\" content=\"6 minutes\" \/>\n<script type=\"application\/ld+json\" class=\"yoast-schema-graph\">{\"@context\":\"https:\/\/schema.org\",\"@graph\":[{\"@type\":\"WebPage\",\"@id\":\"https:\/\/www.rakemonkey.com\/es\/comentarios\/rakeback-de-party-poker\/\",\"url\":\"https:\/\/www.rakemonkey.com\/es\/comentarios\/rakeback-de-party-poker\/\",\"name\":\"PartyPoker VIP Cashback - 150% de bonificaci\u00f3n hasta $100\",\"isPartOf\":{\"@id\":\"https:\/\/www.rakemonkey.com\/es\/#website\"},\"datePublished\":\"2010-02-12T01:01:31+00:00\",\"dateModified\":\"2010-02-12T01:01:31+00:00\",\"description\":\"Ingresa NUESTRO CODIGO DE BONO y tu estar\u00e1s recibiendo 100% hasta $100 de bono de bienvenida.\",\"breadcrumb\":{\"@id\":\"https:\/\/www.rakemonkey.com\/es\/comentarios\/rakeback-de-party-poker\/#breadcrumb\"},\"inLanguage\":\"en-US\",\"potentialAction\":[{\"@type\":\"ReadAction\",\"target\":[\"https:\/\/www.rakemonkey.com\/es\/comentarios\/rakeback-de-party-poker\/\"]}]},{\"@type\":\"BreadcrumbList\",\"@id\":\"https:\/\/www.rakemonkey.com\/es\/comentarios\/rakeback-de-party-poker\/#breadcrumb\",\"itemListElement\":[{\"@type\":\"ListItem\",\"position\":1,\"name\":\"Home\",\"item\":\"https:\/\/www.rakemonkey.com\/es\/\"},{\"@type\":\"ListItem\",\"position\":2,\"name\":\"Comentarios\",\"item\":\"https:\/\/www.rakemonkey.com\/es\/comentarios\/\"},{\"@type\":\"ListItem\",\"position\":3,\"name\":\"Rakeback de Party Poker\"}]},{\"@type\":\"WebSite\",\"@id\":\"https:\/\/www.rakemonkey.com\/es\/#website\",\"url\":\"https:\/\/www.rakemonkey.com\/es\/\",\"name\":\"RakeMonkey.com\",\"description\":\"\",\"potentialAction\":[{\"@type\":\"SearchAction\",\"target\":{\"@type\":\"EntryPoint\",\"urlTemplate\":\"https:\/\/www.rakemonkey.com\/es\/?s={search_term_string}\"},\"query-input\":\"required name=search_term_string\"}],\"inLanguage\":\"en-US\"}]}<\/script>\n<!-- \/ Yoast SEO plugin. -->","yoast_head_json":{"title":"PartyPoker VIP Cashback - 150% de bonificaci\u00f3n hasta $100","description":"Ingresa NUESTRO CODIGO DE BONO y tu estar\u00e1s recibiendo 100% hasta $100 de bono de bienvenida.","robots":{"index":"index","follow":"follow","max-snippet":"max-snippet:-1","max-image-preview":"max-image-preview:large","max-video-preview":"max-video-preview:-1"},"canonical":"https:\/\/www.rakemonkey.com\/es\/comentarios\/rakeback-de-party-poker\/","og_locale":"en_US","og_type":"article","og_title":"PartyPoker VIP Cashback - 150% de bonificaci\u00f3n hasta $100","og_description":"Ingresa NUESTRO CODIGO DE BONO y tu estar\u00e1s recibiendo 100% hasta $100 de bono de bienvenida.","og_url":"https:\/\/www.rakemonkey.com\/es\/comentarios\/rakeback-de-party-poker\/","og_site_name":"RakeMonkey.com","twitter_card":"summary","twitter_misc":{"Est. reading time":"6 minutes"},"schema":{"@context":"https:\/\/schema.org","@graph":[{"@type":"WebPage","@id":"https:\/\/www.rakemonkey.com\/es\/comentarios\/rakeback-de-party-poker\/","url":"https:\/\/www.rakemonkey.com\/es\/comentarios\/rakeback-de-party-poker\/","name":"PartyPoker VIP Cashback - 150% de bonificaci\u00f3n hasta $100","isPartOf":{"@id":"https:\/\/www.rakemonkey.com\/es\/#website"},"datePublished":"2010-02-12T01:01:31+00:00","dateModified":"2010-02-12T01:01:31+00:00","description":"Ingresa NUESTRO CODIGO DE BONO y tu estar\u00e1s recibiendo 100% hasta $100 de bono de bienvenida.","breadcrumb":{"@id":"https:\/\/www.rakemonkey.com\/es\/comentarios\/rakeback-de-party-poker\/#breadcrumb"},"inLanguage":"en-US","potentialAction":[{"@type":"ReadAction","target":["https:\/\/www.rakemonkey.com\/es\/comentarios\/rakeback-de-party-poker\/"]}]},{"@type":"BreadcrumbList","@id":"https:\/\/www.rakemonkey.com\/es\/comentarios\/rakeback-de-party-poker\/#breadcrumb","itemListElement":[{"@type":"ListItem","position":1,"name":"Home","item":"https:\/\/www.rakemonkey.com\/es\/"},{"@type":"ListItem","position":2,"name":"Comentarios","item":"https:\/\/www.rakemonkey.com\/es\/comentarios\/"},{"@type":"ListItem","position":3,"name":"Rakeback de Party Poker"}]},{"@type":"WebSite","@id":"https:\/\/www.rakemonkey.com\/es\/#website","url":"https:\/\/www.rakemonkey.com\/es\/","name":"RakeMonkey.com","description":"","potentialAction":[{"@type":"SearchAction","target":{"@type":"EntryPoint","urlTemplate":"https:\/\/www.rakemonkey.com\/es\/?s={search_term_string}"},"query-input":"required name=search_term_string"}],"inLanguage":"en-US"}]}},"_links":{"self":[{"href":"https:\/\/www.rakemonkey.com\/es\/wp-json\/wp\/v2\/pages\/57"}],"collection":[{"href":"https:\/\/www.rakemonkey.com\/es\/wp-json\/wp\/v2\/pages"}],"about":[{"href":"https:\/\/www.rakemonkey.com\/es\/wp-json\/wp\/v2\/types\/page"}],"author":[{"embeddable":true,"href":"https:\/\/www.rakemonkey.com\/es\/wp-json\/wp\/v2\/users\/9"}],"replies":[{"embeddable":true,"href":"https:\/\/www.rakemonkey.com\/es\/wp-json\/wp\/v2\/comments?post=57"}],"version-history":[{"count":0,"href":"https:\/\/www.rakemonkey.com\/es\/wp-json\/wp\/v2\/pages\/57\/revisions"}],"up":[{"embeddable":true,"href":"https:\/\/www.rakemonkey.com\/es\/wp-json\/wp\/v2\/pages\/31"}],"wp:attachment":[{"href":"https:\/\/www.rakemonkey.com\/es\/wp-json\/wp\/v2\/media?parent=57"}],"curies":[{"name":"wp","href":"https:\/\/api.w.org\/{rel}","templated":true}]}}