{"id":7,"date":"2010-02-11T19:04:36","date_gmt":"2010-02-11T19:04:36","guid":{"rendered":"http:\/\/www.rakemonkey.com\/es\/?page_id=7"},"modified":"2010-02-11T19:04:36","modified_gmt":"2010-02-11T19:04:36","slug":"carreras-de-rake","status":"publish","type":"page","link":"https:\/\/www.rakemonkey.com\/es\/carreras-de-rake\/","title":{"rendered":"Rake Races"},"content":{"rendered":"<h2>Que son las Carreras de Rake y Persiguiendo el Rake?<\/h2>\n<p>Las Carreras de Rake y\u00a0 Persiguiendo el rake son una de las muchas maneras en las que se recompensa al jugador por ofrecerle cuentas de rakeback y jugar p\u00f3quer. Queremos mantener a nuestros jugadores felices as\u00ed que les damos $150,000 al mes en carreras y persiguiendo el rake. Tambi\u00e9n ofrecemos retiros diarios para que puedas tener tu dinero en cualquier momento que quieras \u2013 no solamente una vez al mes como la mayor\u00eda de los sitios de rakeback.<\/p>\n<p>Las carreras de Rake son simples concursos en los cuales mas o menos los primeros 50 mejores jugadores que ganen la mayor cantidad de rake cada mes obtienen un premio en efectivo. Es algo as\u00ed como un torneo en donde el mejor jugador posicionado obtiene el premio en efectivo mas grande, el segundo jugador en posicionarse obtiene un poco menos de premio y as\u00ed van bajando los premios.<\/p>\n<p>Al perseguir el Rake es muy similar a las carreras de rake pero la diferencia es que en las carreras, solo estas tratando de alcanzar ciertos niveles de rake. Mientras m\u00e1s alto sea el nivel que alcances, mas te van a pagar al final del mes. Cada nivel solo se limita al n\u00famero de posiciones as\u00ed que tienes que estar entre los primeros jugadores para llegar a un nivel que reciba el premio.<\/p>\n<p>Las carreras y persecuciones est\u00e1n listadas abajo seg\u00fan el total de d\u00f3lares en premios que sean otorgados por cada sitio de p\u00f3quer al mes. Por ejemplo, una carrera de rake de $21,000 da $21,000 en premios repartidos entre los jugadores mejor posicionados cada mes.<\/p>\n<h2>Carreras de Rake<\/h2>\n<p><strong>Carreras de Rake de $21,000<\/strong><\/p>\n<p>\u2022 Ultimate Bet<br \/>\n\u2022 Absolute Poker<br \/>\n\u2022 Full Tilt Poker<\/p>\n<p><strong>Carreras de Rake de $15,000 <\/strong><\/p>\n<p>\u2022 Cake Poker y Party Poker<\/p>\n<h2>Persecuciones de Rake<\/h2>\n<p><strong>$10,000 en Persecuciones de Rake <\/strong><\/p>\n<p>\u2022 Molten Poker<br \/>\n\u2022 Carbon Poker<br \/>\n\u2022 NoIQ Poker<br \/>\n\u2022 Aced Poker<\/p>\n<p><strong>$6,000 en Persecuciones de Rake<\/strong><\/p>\n<p>\u2022 InterPoker<br \/>\n\u2022 PKR Poker<\/p>\n<h2>Participando en las Carreras y Persecuciones de Rake<\/h2>\n<p>Mientras t\u00fa tengas una cuenta de rakeback a trav\u00e9s de nosotros con cualquiera de los sitios anteriores, autom\u00e1ticamente participaras en cada una de nuestras persecuciones y carreras de rake que ofrezcamos. Todo lo que tienes que hacer es jugar al p\u00f3quer como siempre lo haces y su progreso de forma autom\u00e1tica se realizar\u00e1 un seguimiento.<\/p>\n<p>Una vez que elijes una de nuestras carreras o persecuciones, te lo notificaremos y pagaremos tus ganancias durante el mes siguiente. Tu dinero del rakeback est\u00e1 siempre disponible, pero los premios de las persecuciones y carreras s\u00f3lo se pagan una vez al mes.<\/p>\n<h3>Beneficios de las Carreras y Persecuciones del Rake<\/h3>\n<p>Las carreras de Rake y persecuciones son muy beneficiosos porque no exige nada adicional por tu parte que no sea hacer lo que normalmente haces: jugar al p\u00f3quer. No s\u00f3lo estar\u00e1s recolectando rakeback sino que tambi\u00e9n ganaras premios de dinero extra por tu buen desempe\u00f1o en las carreras de rake y persecuciones.<br \/>\nCuando est\u00e9s listo para comenzar, visite la p\u00e1gina de revisi\u00f3n de cualquiera de nuestras salas de p\u00f3quer las cuales recomendamos para el rakeback. Desde all\u00ed, usted puede leer todo acerca de la sala de p\u00f3quer y aprender c\u00f3mo conseguir registrarte por rakeback. Despu\u00e9s de eso, tendr\u00e1s una cuenta con nosotros y estar\u00e1s listo para empezar a ganar<\/p>\n","protected":false},"excerpt":{"rendered":"<p>Que son las Carreras de Rake y Persiguiendo el Rake? Las Carreras de Rake y\u00a0 Persiguiendo el rake son una de las muchas maneras en las que se recompensa al jugador por ofrecerle cuentas de rakeback y jugar p\u00f3quer. Queremos<a class=\"post-link\" href=\"https:\/\/www.rakemonkey.com\/es\/carreras-de-rake\/\"> read more&#8230;<\/a><\/p>\n","protected":false},"author":9,"featured_media":0,"parent":0,"menu_order":0,"comment_status":"closed","ping_status":"open","template":"","meta":[],"acf":[],"yoast_head":"<!-- This site is optimized with the Yoast SEO plugin v19.6.1 - https:\/\/yoast.com\/wordpress\/plugins\/seo\/ -->\n<title>Carreras de Rake - Rake Races<\/title>\n<meta name=\"description\" content=\"Las Carreras de Rake y Persiguiendo el rake son una de las muchas maneras en las que se recompensa al jugador por ofrecerle cuentas de rakeback y jugar p\u00f3quer.\" \/>\n<meta name=\"robots\" content=\"index, follow, max-snippet:-1, max-image-preview:large, max-video-preview:-1\" \/>\n<link rel=\"canonical\" href=\"https:\/\/www.rakemonkey.com\/es\/carreras-de-rake\/\" \/>\n<meta property=\"og:locale\" content=\"en_US\" \/>\n<meta property=\"og:type\" content=\"article\" \/>\n<meta property=\"og:title\" content=\"Carreras de Rake - Rake Races\" \/>\n<meta property=\"og:description\" content=\"Las Carreras de Rake y Persiguiendo el rake son una de las muchas maneras en las que se recompensa al jugador por ofrecerle cuentas de rakeback y jugar p\u00f3quer.\" \/>\n<meta property=\"og:url\" content=\"https:\/\/www.rakemonkey.com\/es\/carreras-de-rake\/\" \/>\n<meta property=\"og:site_name\" content=\"RakeMonkey.com\" \/>\n<meta name=\"twitter:card\" content=\"summary\" \/>\n<meta name=\"twitter:label1\" content=\"Est. reading time\" \/>\n\t<meta name=\"twitter:data1\" content=\"3 minutes\" \/>\n<script type=\"application\/ld+json\" class=\"yoast-schema-graph\">{\"@context\":\"https:\/\/schema.org\",\"@graph\":[{\"@type\":\"WebPage\",\"@id\":\"https:\/\/www.rakemonkey.com\/es\/carreras-de-rake\/\",\"url\":\"https:\/\/www.rakemonkey.com\/es\/carreras-de-rake\/\",\"name\":\"Carreras de Rake - Rake Races\",\"isPartOf\":{\"@id\":\"https:\/\/www.rakemonkey.com\/es\/#website\"},\"datePublished\":\"2010-02-11T19:04:36+00:00\",\"dateModified\":\"2010-02-11T19:04:36+00:00\",\"description\":\"Las Carreras de Rake y Persiguiendo el rake son una de las muchas maneras en las que se recompensa al jugador por ofrecerle cuentas de rakeback y jugar p\u00f3quer.\",\"breadcrumb\":{\"@id\":\"https:\/\/www.rakemonkey.com\/es\/carreras-de-rake\/#breadcrumb\"},\"inLanguage\":\"en-US\",\"potentialAction\":[{\"@type\":\"ReadAction\",\"target\":[\"https:\/\/www.rakemonkey.com\/es\/carreras-de-rake\/\"]}]},{\"@type\":\"BreadcrumbList\",\"@id\":\"https:\/\/www.rakemonkey.com\/es\/carreras-de-rake\/#breadcrumb\",\"itemListElement\":[{\"@type\":\"ListItem\",\"position\":1,\"name\":\"Home\",\"item\":\"https:\/\/www.rakemonkey.com\/es\/\"},{\"@type\":\"ListItem\",\"position\":2,\"name\":\"Rake Races\"}]},{\"@type\":\"WebSite\",\"@id\":\"https:\/\/www.rakemonkey.com\/es\/#website\",\"url\":\"https:\/\/www.rakemonkey.com\/es\/\",\"name\":\"RakeMonkey.com\",\"description\":\"\",\"potentialAction\":[{\"@type\":\"SearchAction\",\"target\":{\"@type\":\"EntryPoint\",\"urlTemplate\":\"https:\/\/www.rakemonkey.com\/es\/?s={search_term_string}\"},\"query-input\":\"required name=search_term_string\"}],\"inLanguage\":\"en-US\"}]}<\/script>\n<!-- \/ Yoast SEO plugin. -->","yoast_head_json":{"title":"Carreras de Rake - Rake Races","description":"Las Carreras de Rake y Persiguiendo el rake son una de las muchas maneras en las que se recompensa al jugador por ofrecerle cuentas de rakeback y jugar p\u00f3quer.","robots":{"index":"index","follow":"follow","max-snippet":"max-snippet:-1","max-image-preview":"max-image-preview:large","max-video-preview":"max-video-preview:-1"},"canonical":"https:\/\/www.rakemonkey.com\/es\/carreras-de-rake\/","og_locale":"en_US","og_type":"article","og_title":"Carreras de Rake - Rake Races","og_description":"Las Carreras de Rake y Persiguiendo el rake son una de las muchas maneras en las que se recompensa al jugador por ofrecerle cuentas de rakeback y jugar p\u00f3quer.","og_url":"https:\/\/www.rakemonkey.com\/es\/carreras-de-rake\/","og_site_name":"RakeMonkey.com","twitter_card":"summary","twitter_misc":{"Est. reading time":"3 minutes"},"schema":{"@context":"https:\/\/schema.org","@graph":[{"@type":"WebPage","@id":"https:\/\/www.rakemonkey.com\/es\/carreras-de-rake\/","url":"https:\/\/www.rakemonkey.com\/es\/carreras-de-rake\/","name":"Carreras de Rake - Rake Races","isPartOf":{"@id":"https:\/\/www.rakemonkey.com\/es\/#website"},"datePublished":"2010-02-11T19:04:36+00:00","dateModified":"2010-02-11T19:04:36+00:00","description":"Las Carreras de Rake y Persiguiendo el rake son una de las muchas maneras en las que se recompensa al jugador por ofrecerle cuentas de rakeback y jugar p\u00f3quer.","breadcrumb":{"@id":"https:\/\/www.rakemonkey.com\/es\/carreras-de-rake\/#breadcrumb"},"inLanguage":"en-US","potentialAction":[{"@type":"ReadAction","target":["https:\/\/www.rakemonkey.com\/es\/carreras-de-rake\/"]}]},{"@type":"BreadcrumbList","@id":"https:\/\/www.rakemonkey.com\/es\/carreras-de-rake\/#breadcrumb","itemListElement":[{"@type":"ListItem","position":1,"name":"Home","item":"https:\/\/www.rakemonkey.com\/es\/"},{"@type":"ListItem","position":2,"name":"Rake Races"}]},{"@type":"WebSite","@id":"https:\/\/www.rakemonkey.com\/es\/#website","url":"https:\/\/www.rakemonkey.com\/es\/","name":"RakeMonkey.com","description":"","potentialAction":[{"@type":"SearchAction","target":{"@type":"EntryPoint","urlTemplate":"https:\/\/www.rakemonkey.com\/es\/?s={search_term_string}"},"query-input":"required name=search_term_string"}],"inLanguage":"en-US"}]}},"_links":{"self":[{"href":"https:\/\/www.rakemonkey.com\/es\/wp-json\/wp\/v2\/pages\/7"}],"collection":[{"href":"https:\/\/www.rakemonkey.com\/es\/wp-json\/wp\/v2\/pages"}],"about":[{"href":"https:\/\/www.rakemonkey.com\/es\/wp-json\/wp\/v2\/types\/page"}],"author":[{"embeddable":true,"href":"https:\/\/www.rakemonkey.com\/es\/wp-json\/wp\/v2\/users\/9"}],"replies":[{"embeddable":true,"href":"https:\/\/www.rakemonkey.com\/es\/wp-json\/wp\/v2\/comments?post=7"}],"version-history":[{"count":0,"href":"https:\/\/www.rakemonkey.com\/es\/wp-json\/wp\/v2\/pages\/7\/revisions"}],"wp:attachment":[{"href":"https:\/\/www.rakemonkey.com\/es\/wp-json\/wp\/v2\/media?parent=7"}],"curies":[{"name":"wp","href":"https:\/\/api.w.org\/{rel}","templated":true}]}}