{"id":90,"date":"2010-02-18T09:48:43","date_gmt":"2010-02-18T09:48:43","guid":{"rendered":"http:\/\/www.rakemonkey.com\/es\/?page_id=90"},"modified":"2010-02-18T09:48:43","modified_gmt":"2010-02-18T09:48:43","slug":"sun-poker","status":"publish","type":"page","link":"https:\/\/www.rakemonkey.com\/es\/comentarios\/sun-poker\/","title":{"rendered":"El Rakeback en Sun Poker"},"content":{"rendered":"<p>Sun Poker ofrece a los jugadores una gran variedad de juegos de p\u00f3quer, una plataforma impresionante, grandes promociones de poker, y 30.000 jugadores de p\u00f3quer para demostrar sus habilidades durante la parte m\u00e1s activa del d\u00eda.<\/p>\n<p>Sun Poker no ofrece una oferta de rakeback, como muchas salas de p\u00f3quer en l\u00ednea \u00faltimamente, el sitio ha cambiado al nueva \u201ccashback\u201d&#8217;en lugar del programa de Rakeback. Cashback trabaja muy similar a los programas de rakeback, sin embargo, se diferencia en gran medida dependiendo de la lealtad de los jugadores y la cantidad de juegos cada jugador juega para determinar los porcentajes de rakeback.<\/p>\n<h2><strong>Detalles del Cashback VIP de Sun Poker<\/strong><\/h2>\n<p>El Programa VIP de Cashback en Sun Poker es muy parecido a recibir rakeback a trav\u00e9s de una oferta de rakeback est\u00e1ndar aqu\u00ed en Rake Monkey. Lo que realmente establece el sistema de reembolso aparte de los programas de rakeback tradicional es que el programa VIP juega un papel muy importante en la determinaci\u00f3n de los porcentajes de reembolso.<\/p>\n<p>Mientras juegas, si quieres jugar en juegos por dinero real o torneos de dinero (incluidos los torneos Sit n G) ganas puntos VIP esos puntos ya se puede cambiar por dinero en efectivo. Por cada 1000 puntos, los jugadores VIP pueden comprar una ficha de p\u00f3quer de $1.<\/p>\n<p>Adem\u00e1s de este beneficio, los jugadores ganan porcentajes de su rake en general. Cada jugador es un miembro de uno de los cinco clubes de lealtad en Sun Poker, Marte, Tierra, Venus, Mercurio y, por supuesto, el Sol. Todos los jugadores empiezan en Marte, y el trabajo de su camino hacia el calor del sol.<\/p>\n<p>La cantidad de rakeback, disculpa, devoluci\u00f3n de dinero que cada jugador ganar\u00e1 depende de su nivel de fidelidad en el programa a continuaci\u00f3n:<\/p>\n<ul>\n<li>Nivel Marte &#8211; 15%<\/li>\n<li>Nivel Tierra &#8211; 22.5%<\/li>\n<li>Nivel Venus &#8211; 25%<\/li>\n<li>Nivel Mercurio &#8211; 30%<\/li>\n<li>Nivel del Sol &#8211; 45%<\/li>\n<\/ul>\n<p>Para llegar desde el nivel de Marte a el m\u00e1s alto nivel, s\u00f3lo tienes que jugar m\u00e1s p\u00f3quer (una tortura que conocemos). En Sun Poker, emtre m\u00e1s alto tu nivel, m\u00e1s r\u00e1pido ganar\u00e1s puntos, as\u00ed que una vez que empiezas, resulta mucho m\u00e1s f\u00e1cil avanzar.<\/p>\n<p>Si te inscribes a trav\u00e9s del enlace aqu\u00ed en Rake Monkey, no s\u00f3lo ganar\u00e1s un reembolso por cada mano de poker que juegas tambi\u00e9n podr\u00e1s ser elegido para jugar en freerolls que est\u00e1n exclusivamente a disposici\u00f3n de los otros miembros del mismo nivel de fidelidad que pertenecen.<\/p>\n<h2><strong>Retira Diarimente cuando Te unes!<\/strong><\/h2>\n<p>Si te inscribes para un acuerdo de reembolso aqu\u00ed en Rake Monkey, podr\u00e1s volver aqu\u00ed cada d\u00eda si as\u00ed lo deseas y cobrar el reembolso de Sun Poker<\/p>\n<h2><strong>Bono de Sun Poker <\/strong><\/h2>\n<p>Si acabas de una cuenta de poker, Sun Poker te dar\u00e1 hasta $ 500 en fichas de p\u00f3quer gratis, haciendo el bono de tu primer dep\u00f3sito un 100%. El bono tiene que ser liberado sin embargo, lo que significa que no puedes depositar $ 500 y retirar $ 1000 a los pocos minutos.<\/p>\n<p>El dinero se libera a tu cuenta de jugador en Sun Poker en incrementos de $ 1, cada vez que ganas 1000 puntos, eso te libera $ 1. Usted tiene tres meses para librar este bono, al final de los tres meses, el bono se perder\u00e1.<br \/>\n<strong><br \/>\n<\/strong><\/p>\n<h2><strong> Opciones de Deposito con Sun Poker<\/strong><\/h2>\n<p>Depositar en tu cuenta de Sun Poker es simple, a menos que, por supuesto, seas de los Estados Unidos. Sun Poker no acepta dep\u00f3sitos de los Estados Unidos, los jugadores de los Estados tal vez quiera probar un sitio, tal como Bodog. Para los jugadores del resto del mundo, Sun Poker ofrece varios m\u00e9todos de pago para que elijas, tales como:<br \/>\n\u2022 Visa<br \/>\n\u2022 MasterCard<br \/>\n\u2022 MoneyBookers<br \/>\n\u2022 NETeller<br \/>\n\u2022 UKash<br \/>\n\u2022 Entropay<br \/>\n\u2022 Click2Pay<br \/>\n\u2022 PaySafeCard<br \/>\n\u2022 Transferencia Bancaria<br \/>\n\u2022 Transferencia Bancaria<br \/>\n\u2022 Delta<\/p>\n","protected":false},"excerpt":{"rendered":"<p>Sun Poker ofrece a los jugadores una gran variedad de juegos de p\u00f3quer, una plataforma impresionante, grandes promociones de poker, y 30.000 jugadores de p\u00f3quer para demostrar sus habilidades durante la parte m\u00e1s activa del d\u00eda. Sun Poker no ofrece<a class=\"post-link\" href=\"https:\/\/www.rakemonkey.com\/es\/comentarios\/sun-poker\/\"> read more&#8230;<\/a><\/p>\n","protected":false},"author":9,"featured_media":0,"parent":31,"menu_order":0,"comment_status":"closed","ping_status":"open","template":"rm_review.php","meta":[],"acf":[],"yoast_head":"<!-- This site is optimized with the Yoast SEO plugin v19.6.1 - https:\/\/yoast.com\/wordpress\/plugins\/seo\/ -->\n<title>El Rakeback en Sun Poker - VIP Cashback Programa<\/title>\n<meta name=\"description\" content=\"El Programa VIP de Cashback en Sun Poker es muy parecido a recibir rakeback a trav\u00e9s de una oferta de rakeback est\u00e1ndar aqu\u00ed en Rake Monkey.\" \/>\n<meta name=\"robots\" content=\"index, follow, max-snippet:-1, max-image-preview:large, max-video-preview:-1\" \/>\n<link rel=\"canonical\" href=\"https:\/\/www.rakemonkey.com\/es\/comentarios\/sun-poker\/\" \/>\n<meta property=\"og:locale\" content=\"en_US\" \/>\n<meta property=\"og:type\" content=\"article\" \/>\n<meta property=\"og:title\" content=\"El Rakeback en Sun Poker - VIP Cashback Programa\" \/>\n<meta property=\"og:description\" content=\"El Programa VIP de Cashback en Sun Poker es muy parecido a recibir rakeback a trav\u00e9s de una oferta de rakeback est\u00e1ndar aqu\u00ed en Rake Monkey.\" \/>\n<meta property=\"og:url\" content=\"https:\/\/www.rakemonkey.com\/es\/comentarios\/sun-poker\/\" \/>\n<meta property=\"og:site_name\" content=\"RakeMonkey.com\" \/>\n<meta name=\"twitter:card\" content=\"summary\" \/>\n<meta name=\"twitter:label1\" content=\"Est. reading time\" \/>\n\t<meta name=\"twitter:data1\" content=\"3 minutes\" \/>\n<script type=\"application\/ld+json\" class=\"yoast-schema-graph\">{\"@context\":\"https:\/\/schema.org\",\"@graph\":[{\"@type\":\"WebPage\",\"@id\":\"https:\/\/www.rakemonkey.com\/es\/comentarios\/sun-poker\/\",\"url\":\"https:\/\/www.rakemonkey.com\/es\/comentarios\/sun-poker\/\",\"name\":\"El Rakeback en Sun Poker - VIP Cashback Programa\",\"isPartOf\":{\"@id\":\"https:\/\/www.rakemonkey.com\/es\/#website\"},\"datePublished\":\"2010-02-18T09:48:43+00:00\",\"dateModified\":\"2010-02-18T09:48:43+00:00\",\"description\":\"El Programa VIP de Cashback en Sun Poker es muy parecido a recibir rakeback a trav\u00e9s de una oferta de rakeback est\u00e1ndar aqu\u00ed en Rake Monkey.\",\"breadcrumb\":{\"@id\":\"https:\/\/www.rakemonkey.com\/es\/comentarios\/sun-poker\/#breadcrumb\"},\"inLanguage\":\"en-US\",\"potentialAction\":[{\"@type\":\"ReadAction\",\"target\":[\"https:\/\/www.rakemonkey.com\/es\/comentarios\/sun-poker\/\"]}]},{\"@type\":\"BreadcrumbList\",\"@id\":\"https:\/\/www.rakemonkey.com\/es\/comentarios\/sun-poker\/#breadcrumb\",\"itemListElement\":[{\"@type\":\"ListItem\",\"position\":1,\"name\":\"Home\",\"item\":\"https:\/\/www.rakemonkey.com\/es\/\"},{\"@type\":\"ListItem\",\"position\":2,\"name\":\"Comentarios\",\"item\":\"https:\/\/www.rakemonkey.com\/es\/comentarios\/\"},{\"@type\":\"ListItem\",\"position\":3,\"name\":\"El Rakeback en Sun Poker\"}]},{\"@type\":\"WebSite\",\"@id\":\"https:\/\/www.rakemonkey.com\/es\/#website\",\"url\":\"https:\/\/www.rakemonkey.com\/es\/\",\"name\":\"RakeMonkey.com\",\"description\":\"\",\"potentialAction\":[{\"@type\":\"SearchAction\",\"target\":{\"@type\":\"EntryPoint\",\"urlTemplate\":\"https:\/\/www.rakemonkey.com\/es\/?s={search_term_string}\"},\"query-input\":\"required name=search_term_string\"}],\"inLanguage\":\"en-US\"}]}<\/script>\n<!-- \/ Yoast SEO plugin. -->","yoast_head_json":{"title":"El Rakeback en Sun Poker - VIP Cashback Programa","description":"El Programa VIP de Cashback en Sun Poker es muy parecido a recibir rakeback a trav\u00e9s de una oferta de rakeback est\u00e1ndar aqu\u00ed en Rake Monkey.","robots":{"index":"index","follow":"follow","max-snippet":"max-snippet:-1","max-image-preview":"max-image-preview:large","max-video-preview":"max-video-preview:-1"},"canonical":"https:\/\/www.rakemonkey.com\/es\/comentarios\/sun-poker\/","og_locale":"en_US","og_type":"article","og_title":"El Rakeback en Sun Poker - VIP Cashback Programa","og_description":"El Programa VIP de Cashback en Sun Poker es muy parecido a recibir rakeback a trav\u00e9s de una oferta de rakeback est\u00e1ndar aqu\u00ed en Rake Monkey.","og_url":"https:\/\/www.rakemonkey.com\/es\/comentarios\/sun-poker\/","og_site_name":"RakeMonkey.com","twitter_card":"summary","twitter_misc":{"Est. reading time":"3 minutes"},"schema":{"@context":"https:\/\/schema.org","@graph":[{"@type":"WebPage","@id":"https:\/\/www.rakemonkey.com\/es\/comentarios\/sun-poker\/","url":"https:\/\/www.rakemonkey.com\/es\/comentarios\/sun-poker\/","name":"El Rakeback en Sun Poker - VIP Cashback Programa","isPartOf":{"@id":"https:\/\/www.rakemonkey.com\/es\/#website"},"datePublished":"2010-02-18T09:48:43+00:00","dateModified":"2010-02-18T09:48:43+00:00","description":"El Programa VIP de Cashback en Sun Poker es muy parecido a recibir rakeback a trav\u00e9s de una oferta de rakeback est\u00e1ndar aqu\u00ed en Rake Monkey.","breadcrumb":{"@id":"https:\/\/www.rakemonkey.com\/es\/comentarios\/sun-poker\/#breadcrumb"},"inLanguage":"en-US","potentialAction":[{"@type":"ReadAction","target":["https:\/\/www.rakemonkey.com\/es\/comentarios\/sun-poker\/"]}]},{"@type":"BreadcrumbList","@id":"https:\/\/www.rakemonkey.com\/es\/comentarios\/sun-poker\/#breadcrumb","itemListElement":[{"@type":"ListItem","position":1,"name":"Home","item":"https:\/\/www.rakemonkey.com\/es\/"},{"@type":"ListItem","position":2,"name":"Comentarios","item":"https:\/\/www.rakemonkey.com\/es\/comentarios\/"},{"@type":"ListItem","position":3,"name":"El Rakeback en Sun Poker"}]},{"@type":"WebSite","@id":"https:\/\/www.rakemonkey.com\/es\/#website","url":"https:\/\/www.rakemonkey.com\/es\/","name":"RakeMonkey.com","description":"","potentialAction":[{"@type":"SearchAction","target":{"@type":"EntryPoint","urlTemplate":"https:\/\/www.rakemonkey.com\/es\/?s={search_term_string}"},"query-input":"required name=search_term_string"}],"inLanguage":"en-US"}]}},"_links":{"self":[{"href":"https:\/\/www.rakemonkey.com\/es\/wp-json\/wp\/v2\/pages\/90"}],"collection":[{"href":"https:\/\/www.rakemonkey.com\/es\/wp-json\/wp\/v2\/pages"}],"about":[{"href":"https:\/\/www.rakemonkey.com\/es\/wp-json\/wp\/v2\/types\/page"}],"author":[{"embeddable":true,"href":"https:\/\/www.rakemonkey.com\/es\/wp-json\/wp\/v2\/users\/9"}],"replies":[{"embeddable":true,"href":"https:\/\/www.rakemonkey.com\/es\/wp-json\/wp\/v2\/comments?post=90"}],"version-history":[{"count":0,"href":"https:\/\/www.rakemonkey.com\/es\/wp-json\/wp\/v2\/pages\/90\/revisions"}],"up":[{"embeddable":true,"href":"https:\/\/www.rakemonkey.com\/es\/wp-json\/wp\/v2\/pages\/31"}],"wp:attachment":[{"href":"https:\/\/www.rakemonkey.com\/es\/wp-json\/wp\/v2\/media?parent=90"}],"curies":[{"name":"wp","href":"https:\/\/api.w.org\/{rel}","templated":true}]}}