{"id":99,"date":"2010-02-18T10:05:03","date_gmt":"2010-02-18T10:05:03","guid":{"rendered":"http:\/\/www.rakemonkey.com\/es\/?page_id=99"},"modified":"2010-02-18T10:05:03","modified_gmt":"2010-02-18T10:05:03","slug":"bodog-vip-cashback","status":"publish","type":"page","link":"https:\/\/www.rakemonkey.com\/es\/comentarios\/bodog-vip-cashback\/","title":{"rendered":"Bodog VIP Cashback"},"content":{"rendered":"<p><strong>Bodog Poker<\/strong> es una divisi\u00f3n de uno de los primeros grupos de juego en l\u00ednea en Internet, que data de 1994. Bodog Poker ha estado siempre aparte de la multitud. La sala de p\u00f3quer en l\u00ednea ha iniciado por su cuenta, sin el uso de cualquier otra red, y ha mantenido el estatuto de propiedad desde entonces. Bodog tambi\u00e9n se ha comprometido a la aceptaci\u00f3n del jugador de EE.UU., pasando del servicio normal y de nuevo haciendo un esfuerzo adicional para garantizar que jugadores de p\u00f3quer en l\u00ednea de EE.UU. sean siempre bienvenidos.<\/p>\n<p>Bodog Poker tiene un gran calendario de torneos y la variedad de juegos habitual. Promocionalmente hablando, hay muchas cosas que se ofrecen para atraer a nuevos jugadores y fomentar la lealtad de los miembros existentes. De buenas a primeras, los nuevos miembros reciben un 110% de bono de bienvenida hasta $500, con el primer 10% al instante otorgado por adelantado. A trav\u00e9s de este sitio web, tambi\u00e9n puedes obtener una fant\u00e1stica oferta de descuentos del rake de Bodog Poker.<\/p>\n<h2><strong>Detalles del Rakeback de Bodog Poker<\/strong><\/h2>\n<p>Empecemos diciendo que no hay rakeback tradicional en Bodog. El acuerdo que hemos encontrado con la sala de p\u00f3quer en l\u00ednea espec\u00edfica que tenemos que dejar esto muy claro &#8211; esto no es, por definici\u00f3n, un acuerdo de rakeback. Con eso dicho, vamos a explicar c\u00f3mo funciona el programa de Rakeback de Bodog, porque es tan valioso, si no m\u00e1s, que rakeback.<\/p>\n<p>Bodog Poker reparte puntos cada vez que juegas con dinero real, en los juegos y torneos. Estos puntos se otorgan con las mismas pautas que rakeback. Pero en Bodog, en vez de conseguir rakeback directo, los jugadores pueden intercambiar los puntos por dinero en efectivo.<\/p>\n<h2><strong>Puntos de Rakeback y Tarifas de Conversion en Bodog <\/strong><\/h2>\n<p>Nuestros jugadores ganar\u00e1n puntos de p\u00f3quer de Bodog Poker cada vez que participar en un juego con rake. Los puntos obtenidos dependen del tama\u00f1o del rake, que van desde 0,1 hasta 1 punto por cada mano, de acuerdo a la estructura de abajo.<\/p>\n<p>Rake\u00a0\u00a0\u00a0 \u00a0\u00a0\u00a0 | Puntos<br \/>\n$0.5 &#8211; $0.20\u00a0\u00a0\u00a0 | 0.1<br \/>\n$0.25 &#8211; $0.45\u00a0\u00a0\u00a0 | 0.25<br \/>\n$0.50 &#8211; $0.95\u00a0\u00a0\u00a0 | 0.5<br \/>\n$1.00 &#8211; $3.00\u00a0\u00a0\u00a0 | 1<\/p>\n<p>Al igual que rakeback en torneos, Bodog Poker premia estos mismos puntos cada vez que pagas una tarifa de un torneo. Por cada $ 1 pagado en tarifas de torneos otorga al jugador 3 puntos de p\u00f3quer.<\/p>\n<p>La tasa de conversi\u00f3n de los puntos a dinero en efectivo es de $ 5 por cada 500 puntos. Este es el n\u00famero m\u00ednimo de puntos que pueden ser convertidos a la vez. La conversi\u00f3n tiene un plazo m\u00e1ximo de 30 d\u00edas y es de 25,000 puntos, por un valor de 2.500 d\u00f3lares.<\/p>\n<p>Como puedes ver, como cualquier oferta de rakeback en l\u00ednea, Bodog Poker es capaz de recompensar a nuestros jugadores con un programa muy similar, de gran valor &#8211; incluso si no lo podemos realmente llamar rakeback:)<\/p>\n<h2><strong>Bonos y Deducciones de Bodog Poker <\/strong><\/h2>\n<p>Bodog Poker tiene uno de los bonos de bienvenida m\u00e1s intrigante, pagando a los nuevos jugadores un 110% hasta $ 500 en fichas de p\u00f3quer gratis. La parte interesante es que el 10% extra adicional al t\u00edpico 100%. Bodog Poker ofrece a sus nuevos jugadores el primer 10% de bono depositado por adelantado, inmediatamente en tu cuenta de , disponible para su uso inmediato en las mesas de p\u00f3quer. El resto del bono debe ser liquidado en la forma habitual.<\/p>\n<p>Bodog Poker no deducir los bonos de tu Rakeback Mensual.<\/p>\n<p>&nbsp;<\/p>\n<h2><strong>M\u00e9todos de deposito con Bodog Poker<\/strong><\/h2>\n<p>Bodog Poker no acepta muchas alternativas de pago, pero los que tiene son siempre muy seguras y de f\u00e1cil acceso a todos los jugadores, especialmente aquellos en los EE.UU.<\/p>\n<p>Formas de pago: eChecks instant\u00e1nea (m\u00e1s popular) Visa, MasterCard y eWalletXpress.<\/p>\n","protected":false},"excerpt":{"rendered":"<p>Bodog Poker es una divisi\u00f3n de uno de los primeros grupos de juego en l\u00ednea en Internet, que data de 1994. Bodog Poker ha estado siempre aparte de la multitud. La sala de p\u00f3quer en l\u00ednea ha iniciado por su<a class=\"post-link\" href=\"https:\/\/www.rakemonkey.com\/es\/comentarios\/bodog-vip-cashback\/\"> read more&#8230;<\/a><\/p>\n","protected":false},"author":9,"featured_media":0,"parent":31,"menu_order":0,"comment_status":"closed","ping_status":"open","template":"rm_review.php","meta":[],"acf":[],"yoast_head":"<!-- This site is optimized with the Yoast SEO plugin v19.6.1 - https:\/\/yoast.com\/wordpress\/plugins\/seo\/ -->\n<title>Bodog VIP Cashback en Linea - Bono de 110%<\/title>\n<meta name=\"description\" content=\"De buenas a primeras, los nuevos miembros reciben un 110% de bono de bienvenida hasta $500, con el primer 10% al instante otorgado por adelantado.\" \/>\n<meta name=\"robots\" content=\"index, follow, max-snippet:-1, max-image-preview:large, max-video-preview:-1\" \/>\n<link rel=\"canonical\" href=\"https:\/\/www.rakemonkey.com\/es\/comentarios\/bodog-vip-cashback\/\" \/>\n<meta property=\"og:locale\" content=\"en_US\" \/>\n<meta property=\"og:type\" content=\"article\" \/>\n<meta property=\"og:title\" content=\"Bodog VIP Cashback en Linea - Bono de 110%\" \/>\n<meta property=\"og:description\" content=\"De buenas a primeras, los nuevos miembros reciben un 110% de bono de bienvenida hasta $500, con el primer 10% al instante otorgado por adelantado.\" \/>\n<meta property=\"og:url\" content=\"https:\/\/www.rakemonkey.com\/es\/comentarios\/bodog-vip-cashback\/\" \/>\n<meta property=\"og:site_name\" content=\"RakeMonkey.com\" \/>\n<meta name=\"twitter:card\" content=\"summary\" \/>\n<meta name=\"twitter:label1\" content=\"Est. reading time\" \/>\n\t<meta name=\"twitter:data1\" content=\"3 minutes\" \/>\n<script type=\"application\/ld+json\" class=\"yoast-schema-graph\">{\"@context\":\"https:\/\/schema.org\",\"@graph\":[{\"@type\":\"WebPage\",\"@id\":\"https:\/\/www.rakemonkey.com\/es\/comentarios\/bodog-vip-cashback\/\",\"url\":\"https:\/\/www.rakemonkey.com\/es\/comentarios\/bodog-vip-cashback\/\",\"name\":\"Bodog VIP Cashback en Linea - Bono de 110%\",\"isPartOf\":{\"@id\":\"https:\/\/www.rakemonkey.com\/es\/#website\"},\"datePublished\":\"2010-02-18T10:05:03+00:00\",\"dateModified\":\"2010-02-18T10:05:03+00:00\",\"description\":\"De buenas a primeras, los nuevos miembros reciben un 110% de bono de bienvenida hasta $500, con el primer 10% al instante otorgado por adelantado.\",\"breadcrumb\":{\"@id\":\"https:\/\/www.rakemonkey.com\/es\/comentarios\/bodog-vip-cashback\/#breadcrumb\"},\"inLanguage\":\"en-US\",\"potentialAction\":[{\"@type\":\"ReadAction\",\"target\":[\"https:\/\/www.rakemonkey.com\/es\/comentarios\/bodog-vip-cashback\/\"]}]},{\"@type\":\"BreadcrumbList\",\"@id\":\"https:\/\/www.rakemonkey.com\/es\/comentarios\/bodog-vip-cashback\/#breadcrumb\",\"itemListElement\":[{\"@type\":\"ListItem\",\"position\":1,\"name\":\"Home\",\"item\":\"https:\/\/www.rakemonkey.com\/es\/\"},{\"@type\":\"ListItem\",\"position\":2,\"name\":\"Comentarios\",\"item\":\"https:\/\/www.rakemonkey.com\/es\/comentarios\/\"},{\"@type\":\"ListItem\",\"position\":3,\"name\":\"Bodog VIP Cashback\"}]},{\"@type\":\"WebSite\",\"@id\":\"https:\/\/www.rakemonkey.com\/es\/#website\",\"url\":\"https:\/\/www.rakemonkey.com\/es\/\",\"name\":\"RakeMonkey.com\",\"description\":\"\",\"potentialAction\":[{\"@type\":\"SearchAction\",\"target\":{\"@type\":\"EntryPoint\",\"urlTemplate\":\"https:\/\/www.rakemonkey.com\/es\/?s={search_term_string}\"},\"query-input\":\"required name=search_term_string\"}],\"inLanguage\":\"en-US\"}]}<\/script>\n<!-- \/ Yoast SEO plugin. -->","yoast_head_json":{"title":"Bodog VIP Cashback en Linea - Bono de 110%","description":"De buenas a primeras, los nuevos miembros reciben un 110% de bono de bienvenida hasta $500, con el primer 10% al instante otorgado por adelantado.","robots":{"index":"index","follow":"follow","max-snippet":"max-snippet:-1","max-image-preview":"max-image-preview:large","max-video-preview":"max-video-preview:-1"},"canonical":"https:\/\/www.rakemonkey.com\/es\/comentarios\/bodog-vip-cashback\/","og_locale":"en_US","og_type":"article","og_title":"Bodog VIP Cashback en Linea - Bono de 110%","og_description":"De buenas a primeras, los nuevos miembros reciben un 110% de bono de bienvenida hasta $500, con el primer 10% al instante otorgado por adelantado.","og_url":"https:\/\/www.rakemonkey.com\/es\/comentarios\/bodog-vip-cashback\/","og_site_name":"RakeMonkey.com","twitter_card":"summary","twitter_misc":{"Est. reading time":"3 minutes"},"schema":{"@context":"https:\/\/schema.org","@graph":[{"@type":"WebPage","@id":"https:\/\/www.rakemonkey.com\/es\/comentarios\/bodog-vip-cashback\/","url":"https:\/\/www.rakemonkey.com\/es\/comentarios\/bodog-vip-cashback\/","name":"Bodog VIP Cashback en Linea - Bono de 110%","isPartOf":{"@id":"https:\/\/www.rakemonkey.com\/es\/#website"},"datePublished":"2010-02-18T10:05:03+00:00","dateModified":"2010-02-18T10:05:03+00:00","description":"De buenas a primeras, los nuevos miembros reciben un 110% de bono de bienvenida hasta $500, con el primer 10% al instante otorgado por adelantado.","breadcrumb":{"@id":"https:\/\/www.rakemonkey.com\/es\/comentarios\/bodog-vip-cashback\/#breadcrumb"},"inLanguage":"en-US","potentialAction":[{"@type":"ReadAction","target":["https:\/\/www.rakemonkey.com\/es\/comentarios\/bodog-vip-cashback\/"]}]},{"@type":"BreadcrumbList","@id":"https:\/\/www.rakemonkey.com\/es\/comentarios\/bodog-vip-cashback\/#breadcrumb","itemListElement":[{"@type":"ListItem","position":1,"name":"Home","item":"https:\/\/www.rakemonkey.com\/es\/"},{"@type":"ListItem","position":2,"name":"Comentarios","item":"https:\/\/www.rakemonkey.com\/es\/comentarios\/"},{"@type":"ListItem","position":3,"name":"Bodog VIP Cashback"}]},{"@type":"WebSite","@id":"https:\/\/www.rakemonkey.com\/es\/#website","url":"https:\/\/www.rakemonkey.com\/es\/","name":"RakeMonkey.com","description":"","potentialAction":[{"@type":"SearchAction","target":{"@type":"EntryPoint","urlTemplate":"https:\/\/www.rakemonkey.com\/es\/?s={search_term_string}"},"query-input":"required name=search_term_string"}],"inLanguage":"en-US"}]}},"_links":{"self":[{"href":"https:\/\/www.rakemonkey.com\/es\/wp-json\/wp\/v2\/pages\/99"}],"collection":[{"href":"https:\/\/www.rakemonkey.com\/es\/wp-json\/wp\/v2\/pages"}],"about":[{"href":"https:\/\/www.rakemonkey.com\/es\/wp-json\/wp\/v2\/types\/page"}],"author":[{"embeddable":true,"href":"https:\/\/www.rakemonkey.com\/es\/wp-json\/wp\/v2\/users\/9"}],"replies":[{"embeddable":true,"href":"https:\/\/www.rakemonkey.com\/es\/wp-json\/wp\/v2\/comments?post=99"}],"version-history":[{"count":0,"href":"https:\/\/www.rakemonkey.com\/es\/wp-json\/wp\/v2\/pages\/99\/revisions"}],"up":[{"embeddable":true,"href":"https:\/\/www.rakemonkey.com\/es\/wp-json\/wp\/v2\/pages\/31"}],"wp:attachment":[{"href":"https:\/\/www.rakemonkey.com\/es\/wp-json\/wp\/v2\/media?parent=99"}],"curies":[{"name":"wp","href":"https:\/\/api.w.org\/{rel}","templated":true}]}}