{"id":16,"date":"2010-03-01T13:44:19","date_gmt":"2010-03-01T13:44:19","guid":{"rendered":"http:\/\/www.rakemonkey.com\/fr\/?page_id=16"},"modified":"2010-03-01T13:44:19","modified_gmt":"2010-03-01T13:44:19","slug":"freerolls","status":"publish","type":"page","link":"https:\/\/www.rakemonkey.com\/fr\/freerolls\/","title":{"rendered":"Freerolls"},"content":{"rendered":"<h2>Les freerolls Loose Change hebdomadaires<\/h2>\n<p>Les freerolls Loose Change (petite monnaie) sont des tournois freeroll que nous d\u00e9tenons tous les dimanches \u00e0 3:00 PM EST avec une cagnotte garantie de 5000 $. Nous alimentons chaque tournoi avec 2.500 $, puis l&#8217;ensemble de nos joueurs a une chance de choisir de participer. Alors, nous d\u00e9sactivons la petite monnaie de chaque jour pour toute personne qui a choisi de participer et ajoutons la petite monnaie \u00e0 la cagnotte.<\/p>\n<p>Par exemple, si votre solde final de rakeback d\u2019une journ\u00e9e, c&#8217;est 73,42 $, nous allons prendre 0,42 $ de votre solde et l&#8217;ajouter \u00e0 la cagnotte. S\u2019il y a toujours une semaine o\u00f9 nous ne recueillons pas assez de petite monnaie pour mettre la cagnotte atteindre 5000 $, nous allons l\u2019approvisionner avec nos propres fonds jusqu&#8217;\u00e0 ce que la cagnotte a une valeur de 5000 $.<\/p>\n<p>Au total, nos freerolls Loose Change repr\u00e9sentent une valeur de 20.000 dollars des tournois freeroll garantis tous les mois. Ce n&#8217;est l\u00e0 qu&#8217;une des nombreuses fa\u00e7ons dont nous nous diff\u00e9rencions de la concurrence. Ces tournois ne co\u00fbtent absolument rien pour entrer, autre que la petite monnaie dans votre compte.<\/p>\n<p>Ces tournois sont une excellente fa\u00e7on de construire le bankroll, en particulier pour les nouveaux joueurs. Une des meilleures choses sur les freerolls Loose Change, c&#8217;est que beaucoup de gens qui se qualifient pour eux ne se montrent m\u00eame pas. Il y a beaucoup d&#8217;argent mort l\u00e0-bas &#8211; tout ce que vous avez \u00e0 faire est de le prendre.<\/p>\n<h2>Comment participer<\/h2>\n<p>Une fois que vous optez pour nos freerolls Loose Change, tout ce que vous avez \u00e0 faire est de contribuer au moins 0,01 $ \u00e0 la cagnotte. Le montant minimum que vous pouvez contribuer est de 0,01 $ et le maximum que vous pourriez jamais payer est de 0,99 $ chaque jour. En d&#8217;autres termes, le plus qu&#8217;il puisse jamais vous co\u00fbter la participation est de 6,93 $.<\/p>\n<h3>Vous n&#8217;avez m\u00eame pas besoin de jouer au Full Tilt pour participer<\/h3>\n<p>Vous pouvez opter pour nos freerolls Loose Change par l&#8217;un de nos sites de poker \u00e0 rakeback. Tant que vous avez un compte avec nous, vous pouvez choisir de participer pour le freeroll \u00e0 petite monnaie, et le jouer chaque dimanche sur Full Tilt. Votre compte au Full Tilt ne doit m\u00eame pas \u00eatre li\u00e9 \u00e0 nous. Tout simplement, jouez au poker sur votre site r\u00e9guli\u00e8rement et vous connectez \u00e0 Full Tilt une fois par semaine pour participer au freeroll.<\/p>\n<h2>Vous n&#8217;avez pas de compte au Full Tilt?<\/h2>\n<p>Visitez notre <a href=\"..\/..\/..\/..\/..\/..\/reviews\/full-tilt-poker-rakeback\"><strong>page d\u2019inscription de Full Tilt Poker<\/strong><\/a> pour obtenir un compte de rakeback sur Full Tilt. Full Tilt est en fait un de nos sites pr\u00e9f\u00e9r\u00e9s pour le rakeback de poker parce qu&#8217;il a les meilleurs jeux de cash sur Internet et beaucoup de tournois de poker.<\/p>\n","protected":false},"excerpt":{"rendered":"<p>Les freerolls Loose Change hebdomadaires Les freerolls Loose Change (petite monnaie) sont des tournois freeroll que nous d\u00e9tenons tous les dimanches \u00e0 3:00 PM EST avec une cagnotte garantie de 5000 $. Nous alimentons chaque tournoi avec 2.500 $, puis<a class=\"post-link\" href=\"https:\/\/www.rakemonkey.com\/fr\/freerolls\/\"> read more&#8230;<\/a><\/p>\n","protected":false},"author":9,"featured_media":0,"parent":0,"menu_order":0,"comment_status":"open","ping_status":"open","template":"","meta":[],"acf":[],"yoast_head":"<!-- This site is optimized with the Yoast SEO plugin v19.6.1 - https:\/\/yoast.com\/wordpress\/plugins\/seo\/ -->\n<title>RakeMonkey.com Freerolls and Tournaments<\/title>\n<meta name=\"description\" content=\"Les freerolls Loose Change (petite monnaie) sont des tournois freeroll que nous d\u00e9tenons tous les dimanches \u00e0 3:00 PM EST avec une cagnotte garantie de 5000 $.\" \/>\n<meta name=\"robots\" content=\"index, follow, max-snippet:-1, max-image-preview:large, max-video-preview:-1\" \/>\n<link rel=\"canonical\" href=\"https:\/\/www.rakemonkey.com\/fr\/freerolls\/\" \/>\n<meta property=\"og:locale\" content=\"en_US\" \/>\n<meta property=\"og:type\" content=\"article\" \/>\n<meta property=\"og:title\" content=\"RakeMonkey.com Freerolls and Tournaments\" \/>\n<meta property=\"og:description\" content=\"Les freerolls Loose Change (petite monnaie) sont des tournois freeroll que nous d\u00e9tenons tous les dimanches \u00e0 3:00 PM EST avec une cagnotte garantie de 5000 $.\" \/>\n<meta property=\"og:url\" content=\"https:\/\/www.rakemonkey.com\/fr\/freerolls\/\" \/>\n<meta property=\"og:site_name\" content=\"RakeMonkey.com\" \/>\n<meta name=\"twitter:card\" content=\"summary\" \/>\n<meta name=\"twitter:label1\" content=\"Est. reading time\" \/>\n\t<meta name=\"twitter:data1\" content=\"2 minutes\" \/>\n<script type=\"application\/ld+json\" class=\"yoast-schema-graph\">{\"@context\":\"https:\/\/schema.org\",\"@graph\":[{\"@type\":\"WebPage\",\"@id\":\"https:\/\/www.rakemonkey.com\/fr\/freerolls\/\",\"url\":\"https:\/\/www.rakemonkey.com\/fr\/freerolls\/\",\"name\":\"RakeMonkey.com Freerolls and Tournaments\",\"isPartOf\":{\"@id\":\"https:\/\/www.rakemonkey.com\/fr\/#website\"},\"datePublished\":\"2010-03-01T13:44:19+00:00\",\"dateModified\":\"2010-03-01T13:44:19+00:00\",\"description\":\"Les freerolls Loose Change (petite monnaie) sont des tournois freeroll que nous d\u00e9tenons tous les dimanches \u00e0 3:00 PM EST avec une cagnotte garantie de 5000 $.\",\"breadcrumb\":{\"@id\":\"https:\/\/www.rakemonkey.com\/fr\/freerolls\/#breadcrumb\"},\"inLanguage\":\"en-US\",\"potentialAction\":[{\"@type\":\"ReadAction\",\"target\":[\"https:\/\/www.rakemonkey.com\/fr\/freerolls\/\"]}]},{\"@type\":\"BreadcrumbList\",\"@id\":\"https:\/\/www.rakemonkey.com\/fr\/freerolls\/#breadcrumb\",\"itemListElement\":[{\"@type\":\"ListItem\",\"position\":1,\"name\":\"Home\",\"item\":\"https:\/\/www.rakemonkey.com\/fr\/\"},{\"@type\":\"ListItem\",\"position\":2,\"name\":\"Freerolls\"}]},{\"@type\":\"WebSite\",\"@id\":\"https:\/\/www.rakemonkey.com\/fr\/#website\",\"url\":\"https:\/\/www.rakemonkey.com\/fr\/\",\"name\":\"RakeMonkey.com\",\"description\":\"\",\"potentialAction\":[{\"@type\":\"SearchAction\",\"target\":{\"@type\":\"EntryPoint\",\"urlTemplate\":\"https:\/\/www.rakemonkey.com\/fr\/?s={search_term_string}\"},\"query-input\":\"required name=search_term_string\"}],\"inLanguage\":\"en-US\"}]}<\/script>\n<!-- \/ Yoast SEO plugin. -->","yoast_head_json":{"title":"RakeMonkey.com Freerolls and Tournaments","description":"Les freerolls Loose Change (petite monnaie) sont des tournois freeroll que nous d\u00e9tenons tous les dimanches \u00e0 3:00 PM EST avec une cagnotte garantie de 5000 $.","robots":{"index":"index","follow":"follow","max-snippet":"max-snippet:-1","max-image-preview":"max-image-preview:large","max-video-preview":"max-video-preview:-1"},"canonical":"https:\/\/www.rakemonkey.com\/fr\/freerolls\/","og_locale":"en_US","og_type":"article","og_title":"RakeMonkey.com Freerolls and Tournaments","og_description":"Les freerolls Loose Change (petite monnaie) sont des tournois freeroll que nous d\u00e9tenons tous les dimanches \u00e0 3:00 PM EST avec une cagnotte garantie de 5000 $.","og_url":"https:\/\/www.rakemonkey.com\/fr\/freerolls\/","og_site_name":"RakeMonkey.com","twitter_card":"summary","twitter_misc":{"Est. reading time":"2 minutes"},"schema":{"@context":"https:\/\/schema.org","@graph":[{"@type":"WebPage","@id":"https:\/\/www.rakemonkey.com\/fr\/freerolls\/","url":"https:\/\/www.rakemonkey.com\/fr\/freerolls\/","name":"RakeMonkey.com Freerolls and Tournaments","isPartOf":{"@id":"https:\/\/www.rakemonkey.com\/fr\/#website"},"datePublished":"2010-03-01T13:44:19+00:00","dateModified":"2010-03-01T13:44:19+00:00","description":"Les freerolls Loose Change (petite monnaie) sont des tournois freeroll que nous d\u00e9tenons tous les dimanches \u00e0 3:00 PM EST avec une cagnotte garantie de 5000 $.","breadcrumb":{"@id":"https:\/\/www.rakemonkey.com\/fr\/freerolls\/#breadcrumb"},"inLanguage":"en-US","potentialAction":[{"@type":"ReadAction","target":["https:\/\/www.rakemonkey.com\/fr\/freerolls\/"]}]},{"@type":"BreadcrumbList","@id":"https:\/\/www.rakemonkey.com\/fr\/freerolls\/#breadcrumb","itemListElement":[{"@type":"ListItem","position":1,"name":"Home","item":"https:\/\/www.rakemonkey.com\/fr\/"},{"@type":"ListItem","position":2,"name":"Freerolls"}]},{"@type":"WebSite","@id":"https:\/\/www.rakemonkey.com\/fr\/#website","url":"https:\/\/www.rakemonkey.com\/fr\/","name":"RakeMonkey.com","description":"","potentialAction":[{"@type":"SearchAction","target":{"@type":"EntryPoint","urlTemplate":"https:\/\/www.rakemonkey.com\/fr\/?s={search_term_string}"},"query-input":"required name=search_term_string"}],"inLanguage":"en-US"}]}},"_links":{"self":[{"href":"https:\/\/www.rakemonkey.com\/fr\/wp-json\/wp\/v2\/pages\/16"}],"collection":[{"href":"https:\/\/www.rakemonkey.com\/fr\/wp-json\/wp\/v2\/pages"}],"about":[{"href":"https:\/\/www.rakemonkey.com\/fr\/wp-json\/wp\/v2\/types\/page"}],"author":[{"embeddable":true,"href":"https:\/\/www.rakemonkey.com\/fr\/wp-json\/wp\/v2\/users\/9"}],"replies":[{"embeddable":true,"href":"https:\/\/www.rakemonkey.com\/fr\/wp-json\/wp\/v2\/comments?post=16"}],"version-history":[{"count":0,"href":"https:\/\/www.rakemonkey.com\/fr\/wp-json\/wp\/v2\/pages\/16\/revisions"}],"wp:attachment":[{"href":"https:\/\/www.rakemonkey.com\/fr\/wp-json\/wp\/v2\/media?parent=16"}],"curies":[{"name":"wp","href":"https:\/\/api.w.org\/{rel}","templated":true}]}}