{"id":18,"date":"2010-03-01T13:46:10","date_gmt":"2010-03-01T13:46:10","guid":{"rendered":"http:\/\/www.rakemonkey.com\/fr\/?page_id=18"},"modified":"2010-03-01T13:46:10","modified_gmt":"2010-03-01T13:46:10","slug":"referer-un-ami","status":"publish","type":"page","link":"https:\/\/www.rakemonkey.com\/fr\/referer-un-ami\/","title":{"rendered":"R\u00e9f\u00e9rer-un-ami"},"content":{"rendered":"<p>Dans le secteur de rakeback, le mot bouche est l&#8217;une des formes les plus puissantes de la publicit\u00e9. Les joueurs de poker ont la tendance de conna\u00eetre d&#8217;autres joueurs de poker, ainsi que nous voulons faire qu\u2019on vaut la peine de mentionner notre nom \u00e0 leurs amis lorsque nous parlons de rakeback. Dans cet esprit, nous avons cr\u00e9\u00e9 le programme le plus payant de r\u00e9f\u00e9rence dans l&#8217;industrie.<\/p>\n<p>Chaque fois que vous r\u00e9f\u00e9rez un ami \u00e0 RakeMonkey.com, cela vous m\u00e8nera de 4% \u00e0 6% du rake du joueur pour la vie. Par exemple, si vous envoyez trois joueurs pour nous et ils g\u00e9n\u00e8rent 10.000 $ de rake par mois, vous gagnez 400 $ par mois, hors les joueurs seuls. Plus joueurs vous envoyez, plus vous gagnez chaque mois.<\/p>\n<h2>Les taux pour r\u00e9f\u00e9rer-un-ami<\/h2>\n<p>Le pourcentage que vous gagnez sur vos r\u00e9f\u00e9rences se base sur leur niveau de rake qu\u2019ils g\u00e9n\u00e8rent en tant que groupe:<\/p>\n<p><strong>Rake <\/strong><strong>g\u00e9n\u00e9r\u00e9<\/strong> <strong>|\u00a0 Votre part<\/strong><\/p>\n<blockquote><p>$0 \u2013 $19.999 | 4%<br \/>\n$20.000 \u2013 $49.999 |\u00a0 5%<br \/>\n$50.000 + | 6%<\/p><\/blockquote>\n<p>Disons que vous r\u00e9f\u00e9rez 10 joueurs de haut volume et, ensemble, ils g\u00e9n\u00e8rent un total de 50.000 $ de rake par mois. Dans ce cas, vous gagnez 3000 $ par mois gr\u00e2ce \u00e0 ceux joueurs. Pour autant qu&#8217;ils jouent, vous gagnerez de l&#8217;argent avec eux sans avoir \u00e0 faire une chose. C&#8217;est de l&#8217;argent suppl\u00e9mentaire que vous obtenez de garder en plus de votre rakeback paiements r\u00e9guliers et de l&#8217;argent que vous gagnez gr\u00e2ce \u00e0 nos courses de rake et nos chasses au rake.<\/p>\n<p>Mieux encore est le fait que nous avons un programme de r\u00e9f\u00e9rence \u00e0 5-rang\u00e9es. Cela signifie que non seulement vous obtenez un cr\u00e9dit pour les joueurs que vous r\u00e9f\u00e9rez, mais vous obtenez un cr\u00e9dit pour les joueurs qu\u2019ils r\u00e9f\u00e8rent. Cela va, tout le chemin jusqu&#8217;\u00e0 5 niveaux dessous de vous.<\/p>\n<p>Plus des gens que vous envoyez \u00e0 RakeMonkey.com, plus il est probable qu&#8217;ils r\u00e9f\u00e9reront d&#8217;autres joueurs. Avec notre programme \u00e0 5-rang\u00e9es, vous pouvez imaginer l&#8217;effet boule de neige que cela peut cr\u00e9er.<\/p>\n<p>Rang\u00e9e de taux<\/p>\n<p><strong>Rang\u00e9e #\u00a0 | Votre part<\/strong><\/p>\n<blockquote><p>1 | 4% to 6%<br \/>\n2 | 1%<br \/>\n3 |\u00a0 0,75%<br \/>\n4 | 0,50%<br \/>\n5 | 0,25%<\/p><\/blockquote>\n<h2>La course de r\u00e9f\u00e9rer-un-ami<\/h2>\n<p>Chaque mois, nous donnons 2000 $ en total de prix en argent au top 20 des joueurs qui r\u00e9f\u00e8rent les plus joueurs \u00e0 RakeMonkey.com. Pour obtenir une r\u00e9f\u00e9rence \u00e0 compter pour le concours, le joueur doit faire un d\u00e9p\u00f4t en argent r\u00e9el et jouer au poker.<\/p>\n","protected":false},"excerpt":{"rendered":"<p>Dans le secteur de rakeback, le mot bouche est l&#8217;une des formes les plus puissantes de la publicit\u00e9. Les joueurs de poker ont la tendance de conna\u00eetre d&#8217;autres joueurs de poker, ainsi que nous voulons faire qu\u2019on vaut la peine<a class=\"post-link\" href=\"https:\/\/www.rakemonkey.com\/fr\/referer-un-ami\/\"> read more&#8230;<\/a><\/p>\n","protected":false},"author":9,"featured_media":0,"parent":0,"menu_order":0,"comment_status":"open","ping_status":"open","template":"","meta":[],"acf":[],"yoast_head":"<!-- This site is optimized with the Yoast SEO plugin v19.6.1 - https:\/\/yoast.com\/wordpress\/plugins\/seo\/ -->\n<title>R\u00e9f\u00e9rer-un-Ami - RakeMonkey.com<\/title>\n<meta name=\"description\" content=\"Chaque fois que vous r\u00e9f\u00e9rez un ami \u00e0 RakeMonkey.com, cela vous m\u00e8nera de 4% \u00e0 6% du rake du joueur pour la vie.\" \/>\n<meta name=\"robots\" content=\"index, follow, max-snippet:-1, max-image-preview:large, max-video-preview:-1\" \/>\n<link rel=\"canonical\" href=\"https:\/\/www.rakemonkey.com\/fr\/referer-un-ami\/\" \/>\n<meta property=\"og:locale\" content=\"en_US\" \/>\n<meta property=\"og:type\" content=\"article\" \/>\n<meta property=\"og:title\" content=\"R\u00e9f\u00e9rer-un-Ami - RakeMonkey.com\" \/>\n<meta property=\"og:description\" content=\"Chaque fois que vous r\u00e9f\u00e9rez un ami \u00e0 RakeMonkey.com, cela vous m\u00e8nera de 4% \u00e0 6% du rake du joueur pour la vie.\" \/>\n<meta property=\"og:url\" content=\"https:\/\/www.rakemonkey.com\/fr\/referer-un-ami\/\" \/>\n<meta property=\"og:site_name\" content=\"RakeMonkey.com\" \/>\n<meta name=\"twitter:card\" content=\"summary\" \/>\n<meta name=\"twitter:label1\" content=\"Est. reading time\" \/>\n\t<meta name=\"twitter:data1\" content=\"2 minutes\" \/>\n<script type=\"application\/ld+json\" class=\"yoast-schema-graph\">{\"@context\":\"https:\/\/schema.org\",\"@graph\":[{\"@type\":\"WebPage\",\"@id\":\"https:\/\/www.rakemonkey.com\/fr\/referer-un-ami\/\",\"url\":\"https:\/\/www.rakemonkey.com\/fr\/referer-un-ami\/\",\"name\":\"R\u00e9f\u00e9rer-un-Ami - RakeMonkey.com\",\"isPartOf\":{\"@id\":\"https:\/\/www.rakemonkey.com\/fr\/#website\"},\"datePublished\":\"2010-03-01T13:46:10+00:00\",\"dateModified\":\"2010-03-01T13:46:10+00:00\",\"description\":\"Chaque fois que vous r\u00e9f\u00e9rez un ami \u00e0 RakeMonkey.com, cela vous m\u00e8nera de 4% \u00e0 6% du rake du joueur pour la vie.\",\"breadcrumb\":{\"@id\":\"https:\/\/www.rakemonkey.com\/fr\/referer-un-ami\/#breadcrumb\"},\"inLanguage\":\"en-US\",\"potentialAction\":[{\"@type\":\"ReadAction\",\"target\":[\"https:\/\/www.rakemonkey.com\/fr\/referer-un-ami\/\"]}]},{\"@type\":\"BreadcrumbList\",\"@id\":\"https:\/\/www.rakemonkey.com\/fr\/referer-un-ami\/#breadcrumb\",\"itemListElement\":[{\"@type\":\"ListItem\",\"position\":1,\"name\":\"Home\",\"item\":\"https:\/\/www.rakemonkey.com\/fr\/\"},{\"@type\":\"ListItem\",\"position\":2,\"name\":\"R\u00e9f\u00e9rer-un-ami\"}]},{\"@type\":\"WebSite\",\"@id\":\"https:\/\/www.rakemonkey.com\/fr\/#website\",\"url\":\"https:\/\/www.rakemonkey.com\/fr\/\",\"name\":\"RakeMonkey.com\",\"description\":\"\",\"potentialAction\":[{\"@type\":\"SearchAction\",\"target\":{\"@type\":\"EntryPoint\",\"urlTemplate\":\"https:\/\/www.rakemonkey.com\/fr\/?s={search_term_string}\"},\"query-input\":\"required name=search_term_string\"}],\"inLanguage\":\"en-US\"}]}<\/script>\n<!-- \/ Yoast SEO plugin. -->","yoast_head_json":{"title":"R\u00e9f\u00e9rer-un-Ami - RakeMonkey.com","description":"Chaque fois que vous r\u00e9f\u00e9rez un ami \u00e0 RakeMonkey.com, cela vous m\u00e8nera de 4% \u00e0 6% du rake du joueur pour la vie.","robots":{"index":"index","follow":"follow","max-snippet":"max-snippet:-1","max-image-preview":"max-image-preview:large","max-video-preview":"max-video-preview:-1"},"canonical":"https:\/\/www.rakemonkey.com\/fr\/referer-un-ami\/","og_locale":"en_US","og_type":"article","og_title":"R\u00e9f\u00e9rer-un-Ami - RakeMonkey.com","og_description":"Chaque fois que vous r\u00e9f\u00e9rez un ami \u00e0 RakeMonkey.com, cela vous m\u00e8nera de 4% \u00e0 6% du rake du joueur pour la vie.","og_url":"https:\/\/www.rakemonkey.com\/fr\/referer-un-ami\/","og_site_name":"RakeMonkey.com","twitter_card":"summary","twitter_misc":{"Est. reading time":"2 minutes"},"schema":{"@context":"https:\/\/schema.org","@graph":[{"@type":"WebPage","@id":"https:\/\/www.rakemonkey.com\/fr\/referer-un-ami\/","url":"https:\/\/www.rakemonkey.com\/fr\/referer-un-ami\/","name":"R\u00e9f\u00e9rer-un-Ami - RakeMonkey.com","isPartOf":{"@id":"https:\/\/www.rakemonkey.com\/fr\/#website"},"datePublished":"2010-03-01T13:46:10+00:00","dateModified":"2010-03-01T13:46:10+00:00","description":"Chaque fois que vous r\u00e9f\u00e9rez un ami \u00e0 RakeMonkey.com, cela vous m\u00e8nera de 4% \u00e0 6% du rake du joueur pour la vie.","breadcrumb":{"@id":"https:\/\/www.rakemonkey.com\/fr\/referer-un-ami\/#breadcrumb"},"inLanguage":"en-US","potentialAction":[{"@type":"ReadAction","target":["https:\/\/www.rakemonkey.com\/fr\/referer-un-ami\/"]}]},{"@type":"BreadcrumbList","@id":"https:\/\/www.rakemonkey.com\/fr\/referer-un-ami\/#breadcrumb","itemListElement":[{"@type":"ListItem","position":1,"name":"Home","item":"https:\/\/www.rakemonkey.com\/fr\/"},{"@type":"ListItem","position":2,"name":"R\u00e9f\u00e9rer-un-ami"}]},{"@type":"WebSite","@id":"https:\/\/www.rakemonkey.com\/fr\/#website","url":"https:\/\/www.rakemonkey.com\/fr\/","name":"RakeMonkey.com","description":"","potentialAction":[{"@type":"SearchAction","target":{"@type":"EntryPoint","urlTemplate":"https:\/\/www.rakemonkey.com\/fr\/?s={search_term_string}"},"query-input":"required name=search_term_string"}],"inLanguage":"en-US"}]}},"_links":{"self":[{"href":"https:\/\/www.rakemonkey.com\/fr\/wp-json\/wp\/v2\/pages\/18"}],"collection":[{"href":"https:\/\/www.rakemonkey.com\/fr\/wp-json\/wp\/v2\/pages"}],"about":[{"href":"https:\/\/www.rakemonkey.com\/fr\/wp-json\/wp\/v2\/types\/page"}],"author":[{"embeddable":true,"href":"https:\/\/www.rakemonkey.com\/fr\/wp-json\/wp\/v2\/users\/9"}],"replies":[{"embeddable":true,"href":"https:\/\/www.rakemonkey.com\/fr\/wp-json\/wp\/v2\/comments?post=18"}],"version-history":[{"count":0,"href":"https:\/\/www.rakemonkey.com\/fr\/wp-json\/wp\/v2\/pages\/18\/revisions"}],"wp:attachment":[{"href":"https:\/\/www.rakemonkey.com\/fr\/wp-json\/wp\/v2\/media?parent=18"}],"curies":[{"name":"wp","href":"https:\/\/api.w.org\/{rel}","templated":true}]}}