{"id":20,"date":"2010-03-01T16:18:27","date_gmt":"2010-03-01T16:18:27","guid":{"rendered":"http:\/\/www.rakemonkey.com\/fr\/?page_id=20"},"modified":"2010-03-01T16:18:27","modified_gmt":"2010-03-01T16:18:27","slug":"faqs","status":"publish","type":"page","link":"https:\/\/www.rakemonkey.com\/fr\/faqs\/","title":{"rendered":"FAQ&#8217;s"},"content":{"rendered":"<p><strong><br \/>\nQu\u2019est-ce que c\u2019est le<strong> rake?<\/strong><\/strong><\/p>\n<p>Le rake (commission) est la source de profits d&#8217;une salle de poker. Un faible pourcentage est retir\u00e9 de tous les pots et conserv\u00e9 par la salle de poker comme un revenu. C&#8217;est ainsi que les sites de poker font leur argent.<\/p>\n<p><strong>Qu\u2019est-ce que c\u2019est le rakeback?<\/strong><\/p>\n<p>Le rakeback (commission de retour) est un contrat dans lequel vous recevez un certain pourcentage de votre rake de retour \u00e0 chaque mois. Par exemple, si vous avez un rakeback de 27%, le site de poker vous retournera 27% du rake que vous payez chaque mois.<\/p>\n<p><strong>Comment puis-je obtenir rakeback? <\/strong><\/p>\n<p>Vous pouvez obtenir rakeback en vous inscrivant \u00e0 l&#8217;un de nos sites de poker \u00e0 rakeback. Tant que vous vous inscrivez par l&#8217;une des salles que nous promouvons \u00e0 RakeMonkey.com, vous pouvez recevoir du rakeback pour la vie de votre compte de poker. Nous fournissons \u00e9galement \u00e9tape-par-\u00e9tape des instructions d\u00e9taill\u00e9es sur chacune des pages de notre site sp\u00e9cifique de rakeback. Le formulaire d&#8217;inscription est simple \u00e0 compl\u00e9ter et tout que nous demandons est fondamentalement un e-mail et votre nouveau nom d\u2019utilisateur apr\u00e8s avoir t\u00e9l\u00e9charg\u00e9 le logiciel et faire votre nouveau compte.<\/p>\n<p><strong>Le rakeback est-il s\u00fbr?<\/strong><\/p>\n<p>Oui. Le rakeback est un mod\u00e8le de la large industrie. Beaucoup de salles de poker offrent de rakeback, \u00e0 l&#8217;exception de quelques-uns. Toutefois, ces salles rattrapent g\u00e9n\u00e9ralement des joueurs en offrant des programmes sp\u00e9ciaux VIP.<\/p>\n<p><strong>Le rakeback, est-il permis par les sites de poker?<\/strong><\/p>\n<p>Oui, les sites de poker list\u00e9s ici \u00e0 <strong>RakeMonkey.com,<\/strong> tous tol\u00e8rent nos meilleures offres de rakeback.<\/p>\n<p><strong>Pourquoi les sites comme RakeMonkey.com offrent-ils le rakeback?<\/strong><\/p>\n<p>Chaque fois qu&#8217;un site de poker comme celui-ci envoie un joueur pour une salle de poker en ligne, nous gagnons un certain pourcentage du rake du joueur pour la dur\u00e9e de vie du compte. Les contrats de rakeback que nous offrons sont d\u00e9coup\u00e9s du ce pourcentage, mais nous le rattrapons par volume. Tout le monde veut rakeback!<\/p>\n<p><strong>Puis-je trouver de meilleures offres de rakeback ailleurs? <\/strong><\/p>\n<p>Non. \u00a0L&#8217;industrie de rakeback est devenue tr\u00e8s concurrentielle ces derni\u00e8res ann\u00e9es et tous les sites de rakeback similaires offrent les plus hautes offres de rakeback autoris\u00e9es par les salles de poker. Si vous trouvez un site de rakeback offrant des pourcentages plus \u00e9lev\u00e9s que ceux mentionn\u00e9s ici, vous devriez \u00eatre tr\u00e8s prudent. Tr\u00e8s probablement, ce site de rakeback ne respecte pas les termes et les conditions de la salle de poker. Si votre fournisseur de rakeback se ferme, vous \u00eates hors de la chance, \u00e0 cette salle de poker.<\/p>\n<p><strong>Combien de fois suis-je pay\u00e9? <\/strong><\/p>\n<p>Ici, \u00e0 RakeMonkey.com, tout ce que vous avez \u00e0 faire est de vous connecter directement \u00e0 notre site, de v\u00e9rifier vos statistiques et vous aurez aussit\u00f4t le pouvoir de retrait de l\u2019argent de votre rake QUOTIDIEN. Il n&#8217;y a pas de retard dans ce processus et nous ne sommes pas comme la plupart des fournisseurs qui ne payent qu&#8217;une fois par mois.<\/p>\n<p><strong>Comment puis-je \u00eatre pay\u00e9? <\/strong><\/p>\n<p>Sur certains sites de poker, la salle de poker transf\u00e8re automatiquement vos paiements de rakeback sur votre compte de joueur. Sur les sites de poker, nous traitons les paiements et le transfert de l&#8217;argent sur votre compte de poker, NETeller ou autres e-portefeuilles.<\/p>\n<p><strong>Combien puis-je gagner avec le rakeback? <\/strong><\/p>\n<p>Il n&#8217;y a aucune limite \u00e0 la quantit\u00e9 d&#8217;argent que vous pouvez gagner avec le rakeback. Plus vous jouez au poker, plus vous payez de rake et plus votre paiement de rakeback sera grand. Certains de nos joueurs \u00e0 haut volume gagnent des milliers de dollars par mois en rakeback.<\/p>\n<p><strong>Pourquoi devrais-je obtenir de rakeback? <\/strong><\/p>\n<p>Le rakeback est essentiel pour les joueurs de poker. Une offre de rakeback vous fournit d&#8217;argent suppl\u00e9mentaire chaque mois. Il n&#8217;y a rien que vous avez \u00e0 faire pour obtenir cet argent, sauf de jouer au poker. Vous n&#8217;avez m\u00eame pas besoin d&#8217;\u00eatre un joueur gagnant pour gagner de rakeback chaque mois.<\/p>\n<p><strong>Puis-je obtenir de rakeback sur un compte existant? <\/strong><\/p>\n<p>Habituellement, la r\u00e9ponse \u00e0 cette question est non. Cependant, il y a des salles de poker o\u00f9 vous pouvez obtenir rakeback sur un compte existant. Si vous avez des questions au sujet de rakeback d\u2019un compte existant, n&#8217;h\u00e9sitez pas \u00e0 nous contacter.<\/p>\n<p><strong>O\u00f9 est le pi\u00e8ge? <\/strong><\/p>\n<p>Il n&#8217;y a pas de pi\u00e8ges, des co\u00fbts ou des rang\u00e9es attach\u00e9s. Tout ce que vous avez \u00e0 faire est de vous inscrire \u00e0 l&#8217;une de nos salles de poker \u00e0 rakeback et de jouer au poker.<\/p>\n<p><strong>Puis-je avoir un rakeback sur plus d&#8217;un site de poker? <\/strong><\/p>\n<p>Absolument. Vous pouvez avoir des contrats de rakeback \u00e0 l&#8217;ensemble de nos sites de poker.<\/p>\n<p><strong>Quelle est la diff\u00e9rence entre le rake de la 3e partie et de la maison? <\/strong><\/p>\n<p>Une fois que vous vous inscrivez \u00e0 un site de rakeback de la maison par nous, le site de poker g\u00e8re tous vos paiements de rakeback. Le site de poker de rakeback transf\u00e8re vos paiements directement dans votre compte de joueur. Traitant avec une 3e partie, c\u2019est nous qui traitons tous vos paiements de rakeback pour vous.<\/p>\n<p><strong>Qu\u2019est-ce que sont les <strong>\u201d<\/strong>d\u00e9ductions<strong>\u201d<\/strong>? <\/strong><\/p>\n<p>Les d\u00e9ductions sont les co\u00fbts que les salles de poker vont d\u00e9duire de votre rake g\u00e9n\u00e9r\u00e9. Par exemple, si vous g\u00e9n\u00e9rez 1000 $ de rake un mois, mais vous avez gagn\u00e9 aussi un bonus de 100 $, le montant de votre rakeback calcul\u00e9 serait XX% de 900 $.<\/p>\n<p>M\u00eame si votre paiement de rakeback est touch\u00e9 par \u00e7a, c&#8217;est toujours utile de recevoir des bonus de compensation quand ils sont offerts. Vous obtiendrez le bonus entier plus les restes de rakeback que vous avez gagn\u00e9.<\/p>\n<p>Ne vous inqui\u00e9tez pas &#8211; vous aurez rarement un montant n\u00e9gatif gr\u00e2ce aux d\u00e9ductions. M\u00eame si vous le faites, ce montant n\u00e9gatif sera effac\u00e9 le mois prochain. Vous ne serez jamais d\u00e9biteur \u00e0 toute personne en raison de d\u00e9ductions.<\/p>\n","protected":false},"excerpt":{"rendered":"<p>Qu\u2019est-ce que c\u2019est le rake? Le rake (commission) est la source de profits d&#8217;une salle de poker. Un faible pourcentage est retir\u00e9 de tous les pots et conserv\u00e9 par la salle de poker comme un revenu. C&#8217;est ainsi que les<a class=\"post-link\" href=\"https:\/\/www.rakemonkey.com\/fr\/faqs\/\"> read more&#8230;<\/a><\/p>\n","protected":false},"author":9,"featured_media":0,"parent":0,"menu_order":0,"comment_status":"open","ping_status":"open","template":"","meta":[],"acf":[],"yoast_head":"<!-- This site is optimized with the Yoast SEO plugin v19.6.1 - https:\/\/yoast.com\/wordpress\/plugins\/seo\/ -->\n<title>FAQ&#039;s - RakeMonkey.com<\/title>\n<meta name=\"robots\" content=\"index, follow, max-snippet:-1, max-image-preview:large, max-video-preview:-1\" \/>\n<link rel=\"canonical\" href=\"https:\/\/www.rakemonkey.com\/fr\/faqs\/\" \/>\n<meta property=\"og:locale\" content=\"en_US\" \/>\n<meta property=\"og:type\" content=\"article\" \/>\n<meta property=\"og:title\" content=\"FAQ&#039;s - RakeMonkey.com\" \/>\n<meta property=\"og:description\" content=\"Qu\u2019est-ce que c\u2019est le rake? Le rake (commission) est la source de profits d&#8217;une salle de poker. Un faible pourcentage est retir\u00e9 de tous les pots et conserv\u00e9 par la salle de poker comme un revenu. C&#8217;est ainsi que les read more...\" \/>\n<meta property=\"og:url\" content=\"https:\/\/www.rakemonkey.com\/fr\/faqs\/\" \/>\n<meta property=\"og:site_name\" content=\"RakeMonkey.com\" \/>\n<meta name=\"twitter:card\" content=\"summary\" \/>\n<meta name=\"twitter:label1\" content=\"Est. reading time\" \/>\n\t<meta name=\"twitter:data1\" content=\"5 minutes\" \/>\n<script type=\"application\/ld+json\" class=\"yoast-schema-graph\">{\"@context\":\"https:\/\/schema.org\",\"@graph\":[{\"@type\":\"WebPage\",\"@id\":\"https:\/\/www.rakemonkey.com\/fr\/faqs\/\",\"url\":\"https:\/\/www.rakemonkey.com\/fr\/faqs\/\",\"name\":\"FAQ's - RakeMonkey.com\",\"isPartOf\":{\"@id\":\"https:\/\/www.rakemonkey.com\/fr\/#website\"},\"datePublished\":\"2010-03-01T16:18:27+00:00\",\"dateModified\":\"2010-03-01T16:18:27+00:00\",\"breadcrumb\":{\"@id\":\"https:\/\/www.rakemonkey.com\/fr\/faqs\/#breadcrumb\"},\"inLanguage\":\"en-US\",\"potentialAction\":[{\"@type\":\"ReadAction\",\"target\":[\"https:\/\/www.rakemonkey.com\/fr\/faqs\/\"]}]},{\"@type\":\"BreadcrumbList\",\"@id\":\"https:\/\/www.rakemonkey.com\/fr\/faqs\/#breadcrumb\",\"itemListElement\":[{\"@type\":\"ListItem\",\"position\":1,\"name\":\"Home\",\"item\":\"https:\/\/www.rakemonkey.com\/fr\/\"},{\"@type\":\"ListItem\",\"position\":2,\"name\":\"FAQ&#8217;s\"}]},{\"@type\":\"WebSite\",\"@id\":\"https:\/\/www.rakemonkey.com\/fr\/#website\",\"url\":\"https:\/\/www.rakemonkey.com\/fr\/\",\"name\":\"RakeMonkey.com\",\"description\":\"\",\"potentialAction\":[{\"@type\":\"SearchAction\",\"target\":{\"@type\":\"EntryPoint\",\"urlTemplate\":\"https:\/\/www.rakemonkey.com\/fr\/?s={search_term_string}\"},\"query-input\":\"required name=search_term_string\"}],\"inLanguage\":\"en-US\"}]}<\/script>\n<!-- \/ Yoast SEO plugin. -->","yoast_head_json":{"title":"FAQ's - RakeMonkey.com","robots":{"index":"index","follow":"follow","max-snippet":"max-snippet:-1","max-image-preview":"max-image-preview:large","max-video-preview":"max-video-preview:-1"},"canonical":"https:\/\/www.rakemonkey.com\/fr\/faqs\/","og_locale":"en_US","og_type":"article","og_title":"FAQ's - RakeMonkey.com","og_description":"Qu\u2019est-ce que c\u2019est le rake? Le rake (commission) est la source de profits d&#8217;une salle de poker. Un faible pourcentage est retir\u00e9 de tous les pots et conserv\u00e9 par la salle de poker comme un revenu. C&#8217;est ainsi que les read more...","og_url":"https:\/\/www.rakemonkey.com\/fr\/faqs\/","og_site_name":"RakeMonkey.com","twitter_card":"summary","twitter_misc":{"Est. reading time":"5 minutes"},"schema":{"@context":"https:\/\/schema.org","@graph":[{"@type":"WebPage","@id":"https:\/\/www.rakemonkey.com\/fr\/faqs\/","url":"https:\/\/www.rakemonkey.com\/fr\/faqs\/","name":"FAQ's - RakeMonkey.com","isPartOf":{"@id":"https:\/\/www.rakemonkey.com\/fr\/#website"},"datePublished":"2010-03-01T16:18:27+00:00","dateModified":"2010-03-01T16:18:27+00:00","breadcrumb":{"@id":"https:\/\/www.rakemonkey.com\/fr\/faqs\/#breadcrumb"},"inLanguage":"en-US","potentialAction":[{"@type":"ReadAction","target":["https:\/\/www.rakemonkey.com\/fr\/faqs\/"]}]},{"@type":"BreadcrumbList","@id":"https:\/\/www.rakemonkey.com\/fr\/faqs\/#breadcrumb","itemListElement":[{"@type":"ListItem","position":1,"name":"Home","item":"https:\/\/www.rakemonkey.com\/fr\/"},{"@type":"ListItem","position":2,"name":"FAQ&#8217;s"}]},{"@type":"WebSite","@id":"https:\/\/www.rakemonkey.com\/fr\/#website","url":"https:\/\/www.rakemonkey.com\/fr\/","name":"RakeMonkey.com","description":"","potentialAction":[{"@type":"SearchAction","target":{"@type":"EntryPoint","urlTemplate":"https:\/\/www.rakemonkey.com\/fr\/?s={search_term_string}"},"query-input":"required name=search_term_string"}],"inLanguage":"en-US"}]}},"_links":{"self":[{"href":"https:\/\/www.rakemonkey.com\/fr\/wp-json\/wp\/v2\/pages\/20"}],"collection":[{"href":"https:\/\/www.rakemonkey.com\/fr\/wp-json\/wp\/v2\/pages"}],"about":[{"href":"https:\/\/www.rakemonkey.com\/fr\/wp-json\/wp\/v2\/types\/page"}],"author":[{"embeddable":true,"href":"https:\/\/www.rakemonkey.com\/fr\/wp-json\/wp\/v2\/users\/9"}],"replies":[{"embeddable":true,"href":"https:\/\/www.rakemonkey.com\/fr\/wp-json\/wp\/v2\/comments?post=20"}],"version-history":[{"count":0,"href":"https:\/\/www.rakemonkey.com\/fr\/wp-json\/wp\/v2\/pages\/20\/revisions"}],"wp:attachment":[{"href":"https:\/\/www.rakemonkey.com\/fr\/wp-json\/wp\/v2\/media?parent=20"}],"curies":[{"name":"wp","href":"https:\/\/api.w.org\/{rel}","templated":true}]}}