{"id":209,"date":"2010-02-20T10:28:08","date_gmt":"2010-02-20T10:28:08","guid":{"rendered":"http:\/\/www.rakemonkey.com\/fr\/?page_id=3"},"modified":"2010-02-20T10:28:08","modified_gmt":"2010-02-20T10:28:08","slug":"poker-reviews","status":"publish","type":"page","link":"https:\/\/www.rakemonkey.com\/fr\/poker-reviews\/","title":{"rendered":"Poker Reviews"},"content":{"rendered":"<p><span id=\"result_box\"><span style=\"background-color: #ffffff\" title=\"The best poker reviews can be found on the  left side of RakeMonkey.com.\">Les meilleures critiques de poker peuvent  \u00eatre trouv\u00e9s sur le c\u00f4t\u00e9 gauche de RakeMonkey.com.<\/span><\/span><\/p>\n","protected":false},"excerpt":{"rendered":"<p>Les meilleures critiques de poker peuvent \u00eatre trouv\u00e9s sur le c\u00f4t\u00e9 gauche de RakeMonkey.com.<\/p>\n","protected":false},"author":9,"featured_media":0,"parent":0,"menu_order":0,"comment_status":"closed","ping_status":"open","template":"","meta":[],"acf":[],"yoast_head":"<!-- This site is optimized with the Yoast SEO plugin v19.6.1 - https:\/\/yoast.com\/wordpress\/plugins\/seo\/ -->\n<title>Poker Reviews - Salles de poker pour les joueurs fran\u00e7ais<\/title>\n<meta name=\"description\" content=\"Obtenez les meilleures offres de rakeback sur RakeMonkey.com. Critiques maintenant disponible en fran\u00e7ais.\" \/>\n<meta name=\"robots\" content=\"index, follow, max-snippet:-1, max-image-preview:large, max-video-preview:-1\" \/>\n<link rel=\"canonical\" href=\"https:\/\/www.rakemonkey.com\/fr\/poker-reviews\/\" \/>\n<meta property=\"og:locale\" content=\"en_US\" \/>\n<meta property=\"og:type\" content=\"article\" \/>\n<meta property=\"og:title\" content=\"Poker Reviews - Salles de poker pour les joueurs fran\u00e7ais\" \/>\n<meta property=\"og:description\" content=\"Obtenez les meilleures offres de rakeback sur RakeMonkey.com. Critiques maintenant disponible en fran\u00e7ais.\" \/>\n<meta property=\"og:url\" content=\"https:\/\/www.rakemonkey.com\/fr\/poker-reviews\/\" \/>\n<meta property=\"og:site_name\" content=\"RakeMonkey.com\" \/>\n<meta name=\"twitter:card\" content=\"summary\" \/>\n<script type=\"application\/ld+json\" class=\"yoast-schema-graph\">{\"@context\":\"https:\/\/schema.org\",\"@graph\":[{\"@type\":\"WebPage\",\"@id\":\"https:\/\/www.rakemonkey.com\/fr\/poker-reviews\/\",\"url\":\"https:\/\/www.rakemonkey.com\/fr\/poker-reviews\/\",\"name\":\"Poker Reviews - Salles de poker pour les joueurs fran\u00e7ais\",\"isPartOf\":{\"@id\":\"https:\/\/www.rakemonkey.com\/fr\/#website\"},\"datePublished\":\"2010-02-20T10:28:08+00:00\",\"dateModified\":\"2010-02-20T10:28:08+00:00\",\"description\":\"Obtenez les meilleures offres de rakeback sur RakeMonkey.com. Critiques maintenant disponible en fran\u00e7ais.\",\"breadcrumb\":{\"@id\":\"https:\/\/www.rakemonkey.com\/fr\/poker-reviews\/#breadcrumb\"},\"inLanguage\":\"en-US\",\"potentialAction\":[{\"@type\":\"ReadAction\",\"target\":[\"https:\/\/www.rakemonkey.com\/fr\/poker-reviews\/\"]}]},{\"@type\":\"BreadcrumbList\",\"@id\":\"https:\/\/www.rakemonkey.com\/fr\/poker-reviews\/#breadcrumb\",\"itemListElement\":[{\"@type\":\"ListItem\",\"position\":1,\"name\":\"Home\",\"item\":\"https:\/\/www.rakemonkey.com\/fr\/\"},{\"@type\":\"ListItem\",\"position\":2,\"name\":\"Poker Reviews\"}]},{\"@type\":\"WebSite\",\"@id\":\"https:\/\/www.rakemonkey.com\/fr\/#website\",\"url\":\"https:\/\/www.rakemonkey.com\/fr\/\",\"name\":\"RakeMonkey.com\",\"description\":\"\",\"potentialAction\":[{\"@type\":\"SearchAction\",\"target\":{\"@type\":\"EntryPoint\",\"urlTemplate\":\"https:\/\/www.rakemonkey.com\/fr\/?s={search_term_string}\"},\"query-input\":\"required name=search_term_string\"}],\"inLanguage\":\"en-US\"}]}<\/script>\n<!-- \/ Yoast SEO plugin. -->","yoast_head_json":{"title":"Poker Reviews - Salles de poker pour les joueurs fran\u00e7ais","description":"Obtenez les meilleures offres de rakeback sur RakeMonkey.com. Critiques maintenant disponible en fran\u00e7ais.","robots":{"index":"index","follow":"follow","max-snippet":"max-snippet:-1","max-image-preview":"max-image-preview:large","max-video-preview":"max-video-preview:-1"},"canonical":"https:\/\/www.rakemonkey.com\/fr\/poker-reviews\/","og_locale":"en_US","og_type":"article","og_title":"Poker Reviews - Salles de poker pour les joueurs fran\u00e7ais","og_description":"Obtenez les meilleures offres de rakeback sur RakeMonkey.com. Critiques maintenant disponible en fran\u00e7ais.","og_url":"https:\/\/www.rakemonkey.com\/fr\/poker-reviews\/","og_site_name":"RakeMonkey.com","twitter_card":"summary","schema":{"@context":"https:\/\/schema.org","@graph":[{"@type":"WebPage","@id":"https:\/\/www.rakemonkey.com\/fr\/poker-reviews\/","url":"https:\/\/www.rakemonkey.com\/fr\/poker-reviews\/","name":"Poker Reviews - Salles de poker pour les joueurs fran\u00e7ais","isPartOf":{"@id":"https:\/\/www.rakemonkey.com\/fr\/#website"},"datePublished":"2010-02-20T10:28:08+00:00","dateModified":"2010-02-20T10:28:08+00:00","description":"Obtenez les meilleures offres de rakeback sur RakeMonkey.com. Critiques maintenant disponible en fran\u00e7ais.","breadcrumb":{"@id":"https:\/\/www.rakemonkey.com\/fr\/poker-reviews\/#breadcrumb"},"inLanguage":"en-US","potentialAction":[{"@type":"ReadAction","target":["https:\/\/www.rakemonkey.com\/fr\/poker-reviews\/"]}]},{"@type":"BreadcrumbList","@id":"https:\/\/www.rakemonkey.com\/fr\/poker-reviews\/#breadcrumb","itemListElement":[{"@type":"ListItem","position":1,"name":"Home","item":"https:\/\/www.rakemonkey.com\/fr\/"},{"@type":"ListItem","position":2,"name":"Poker Reviews"}]},{"@type":"WebSite","@id":"https:\/\/www.rakemonkey.com\/fr\/#website","url":"https:\/\/www.rakemonkey.com\/fr\/","name":"RakeMonkey.com","description":"","potentialAction":[{"@type":"SearchAction","target":{"@type":"EntryPoint","urlTemplate":"https:\/\/www.rakemonkey.com\/fr\/?s={search_term_string}"},"query-input":"required name=search_term_string"}],"inLanguage":"en-US"}]}},"_links":{"self":[{"href":"https:\/\/www.rakemonkey.com\/fr\/wp-json\/wp\/v2\/pages\/209"}],"collection":[{"href":"https:\/\/www.rakemonkey.com\/fr\/wp-json\/wp\/v2\/pages"}],"about":[{"href":"https:\/\/www.rakemonkey.com\/fr\/wp-json\/wp\/v2\/types\/page"}],"author":[{"embeddable":true,"href":"https:\/\/www.rakemonkey.com\/fr\/wp-json\/wp\/v2\/users\/9"}],"replies":[{"embeddable":true,"href":"https:\/\/www.rakemonkey.com\/fr\/wp-json\/wp\/v2\/comments?post=209"}],"version-history":[{"count":0,"href":"https:\/\/www.rakemonkey.com\/fr\/wp-json\/wp\/v2\/pages\/209\/revisions"}],"wp:attachment":[{"href":"https:\/\/www.rakemonkey.com\/fr\/wp-json\/wp\/v2\/media?parent=209"}],"curies":[{"name":"wp","href":"https:\/\/api.w.org\/{rel}","templated":true}]}}