{"id":21,"date":"2010-03-01T14:10:26","date_gmt":"2010-03-01T14:10:26","guid":{"rendered":"http:\/\/www.rakemonkey.com\/fr\/?page_id=21"},"modified":"2010-03-01T14:10:26","modified_gmt":"2010-03-01T14:10:26","slug":"le-rakeback-au-doyles-room","status":"publish","type":"page","link":"https:\/\/www.rakemonkey.com\/fr\/poker-reviews\/le-rakeback-au-doyles-room\/","title":{"rendered":"Le rakeback au Doyles Room"},"content":{"rendered":"<p>Une fois que vous avez t\u00e9l\u00e9charg\u00e9 le logiciel et faites votre compte, s&#8217;il vous pla\u00eet, remplissez le formulaire d&#8217;inscription ci-dessus. Il suffit y mettre votre nom d&#8217;\u00e9cran et l\u2019adresse de courriel utilis\u00e9s pour enregistrer votre compte et nous vous assurerons que votre rakeback est confirm\u00e9 et configur\u00e9\u00a0!<\/p>\n<h2><strong>Sommaire de Doyles Room<\/strong><\/h2>\n<p>Doyles Room avait connu de nombreux changements sur son \u00e9volution \u00e0 court, 4 ann\u00e9es d&#8217;existence, mais tout pour le mieux. La transition la plus r\u00e9cente pour le R\u00e9seau Cake vient, non seulement pour am\u00e9liorer le logiciel de poker et les fonctionnalit\u00e9s, mais pour r\u00e9tablir l&#8217;engagement de la salle de poker en ligne d&#8217;accepter des joueurs des \u00c9tats-Unis (comme seuil par le fournisseur pr\u00e9c\u00e9dent du logiciel, Microgaming).<\/p>\n<p>Avec le saut au r\u00e9seau Cake Poker, on fait l&#8217;\u00e9ligibilit\u00e9 de la 3e partie de la promotion de 33% de rakeback de Doyles Room. Combinez cela avec beaucoup d&#8217;autres pr\u00e9cieuses promotions de Doyles Room, comme le bonus de bienvenue de 110% jusqu&#8217;\u00e0 550 $, et aucune d\u00e9duction de MGR (Revenu Brut Mensuel), et votre potentiel de poker en ligne, sans but lucratif, commence s&#8217;envoler.<\/p>\n<h2>Le rakeback au Doyles Room<\/h2>\n<p>Cliquez dessus pour Doyles Room \u00e0 partir de ce site, inscrivez-vous pour un nouveau compte en utilisant le code \u201c<strong>Reduction<\/strong>\u201d, et vous commencez instantan\u00e9ment \u00e0 gagner de <strong>33% de rakeback distribu\u00e9<\/strong> de Doyles Room dans tous les jeux en argent r\u00e9el. Lorsque vous effectuez votre premier d\u00e9p\u00f4t, vous recevrez \u00e9galement le bonus de bienvenue de 110% jusqu&#8217;\u00e0 550 $; pas d\u00e9duits du MGR!<\/p>\n<p>Si le dessus de la moyenne rakeback de 33% de Doyles Room n&#8217;\u00e9tait pas suffisant pour activer votre app\u00e9tit virtuel, la m\u00e9thode distribu\u00e9e de rakeback devrait l&#8217;\u00eatre. Le r\u00e9seau Cake est l\u2019un des rares r\u00e9seaux de poker qui utilise cette m\u00e9thode de rakeback calcul\u00e9e, combien b\u00e9n\u00e9fique pour les joueurs de poker strat\u00e9gique serr\u00e9s. Avec le rakeback distribu\u00e9, votre rakeback vous sera pay\u00e9 sur chaque seule main avec rake qui vous a \u00e9t\u00e9 distribu\u00e9e, peu importe si vous cotisez au pot ou non.<\/p>\n<p>En vous inscrivant sur notre site web pour rakeback \u00e0 Doyles Room, vous serez \u00e9galement en mesure de participer \u00e0 une chasse au rake mensuelle de 10.000 $. Plus de mains avec de rake vous jouez, plus de rakeback vous gagnez, et plus vous aurez la chance de vous partager un morceau de la tarte de 10.000 $.<\/p>\n<h2>Le bonus de bienvenue de Doyles Room<\/h2>\n<p>Doyles Room propose \u00e0 tous les nouveaux membres un <strong>bonus de bienvenue de 110% jusqu&#8217;\u00e0 550 $<\/strong> sur le d\u00e9p\u00f4t initial. Notez que les bonus ne sont pas d\u00e9duits de MGR, ainsi que votre bonus et rakeback sont individuellement votre pour \u00eatre \u00a0gagner et conserver. Pour gagner le bonus, on a besoin de points de poker, chaque point \u00e9tant \u00e9quivalent de 0,06 $ du bonus. Tous les 10 $ autoris\u00e9s sont automatiquement envoy\u00e9s sur votre compte de poker au cours des 90 premiers jours apr\u00e8s votre d\u00e9p\u00f4t de 30 ou plus.<\/p>\n<h2>R\u00e9compenses de fid\u00e9lit\u00e9 \u00e0 Doyles Room<\/h2>\n<p>Tout membre de Doyles Room qui joue au poker en ligne pour de l&#8217;argent sera automatiquement entr\u00e9 dans le programme VIP. Il ne ressemble \u00e0 la plupart des programmes VIP, o\u00f9 les joueurs ne rivalisent pas pour un statut plus \u00e9lev\u00e9, mais plut\u00f4t de gagner de jetons d\u2019or (Gold Chips). Chaque fois que vous accumulez assez des points de poker, un jeton d\u2019or est attribu\u00e9.<\/p>\n<p>Les jetons d\u2019or peuvent \u00eatre utilis\u00e9s pour l\u2019entr\u00e9e sp\u00e9ciale aux tournois hebdomadaires Gold Chip Giveaway avec des prix exceptionnels. Plusieurs manifestations satellites acceptent \u00e9galement les jetons d\u2019or or en lieu d&#8217;argent pour le buy-in. Doyles Room dans le processus d&#8217;int\u00e9gration d&#8217;un nouveau magasin Doyles Room, acceptera \u00e9galement les jetons d&#8217;or pour les achats.<\/p>\n<h2>Vari\u00e9t\u00e9 de jeux \u00e0 Doyles Room<\/h2>\n<p>Doyles Room offre une bonne vari\u00e9t\u00e9 de jeux de cash de poker, dont le Texas Hold&#8217;em, Omaha, Omaha Hi-Lo, 7 Card Stud et 7 Card Stud Hi-Lo. Jouer jeux \u00e0 deux, mains courtes ou des tables pleines, avec des stakes (enjeux) allant d&#8217;aussi peu que 0,02 $ \/ 0,04 $ jusqu&#8217;\u00e0 500 $ \/ 1000 $ en FL Hold&#8217;em. Les stakes plus \u00e9lev\u00e9s ne sont pas toujours actifs, mais aux heures de pointe, vous pouvez trouver un certain nombre de grandes tables ouvertes.<\/p>\n<p>Les tournois proposent une grande valeur jour apr\u00e8s jour, avec un maximum de 25.000 $ garantis sur une base quotidienne. Un tournoi de 100.000 $ GTD a lieu chaque semaine, avec un montant mensuel de 250.000 GTD. Si vous cherchez des bons jeux\u00a0 \u00e0 fort potentiel de rentabilit\u00e9, participez aux tournois \u00e0 petite monnaie avec des buy-ins de 0,05 $ + 0,01 $. Le tournoi 50.000 $ Doyles Bounty est l&#8217;\u00e9v\u00e9nement hebdomadaire le plus c\u00e9l\u00e8bre, o\u00f9 Doyle Brunson lui-m\u00eame, avec deux autres professionnels r\u00e9sidents, peut \u00eatre pris avec des milliers de dollars de primes sur leurs t\u00eates.<\/p>\n<h2>Options\u00a0 de d\u00e9p\u00f4t \u00e0 Doyles Room<\/h2>\n<p>Doyles Room accepte fi\u00e8rement les joueurs am\u00e9ricains, ainsi que des joueurs de toutes les autres r\u00e9gions du globe. Ainsi, vous pouvez vous attendre \u00e0 trouver beaucoup de modes de paiement viables disponibles: Visa, MasterCard, Switch, Solo, NETeller, Moneybookers, InstaDebit, InstaCash, PIC-Club, GiroPay et E-checks.<\/p>\n<h3>Conclusion de Doyles Room<\/h3>\n<p>Doyles Room est une salle tr\u00e8s bien arrondie au poker en ligne avec notre logiciel, le trafic bon et une grande liste d&#8217;offres promotionnelles. L\u2019offre de rakeback de 33% sur Doyles Room est aussi \u00e9lev\u00e9e qu&#8217;on peut obtenir sur le r\u00e9seau de poker Cake, et d\u00e9passe largement la moyenne de l&#8217;industrie d\u2019offres de rakeback.<\/p>\n<p>Assurez-vous de vous inscrire avec le code de promotion \u201c<strong>Reduction<\/strong>\u201d pour gagner 33% de rakeback \u00e0 Doyles Room, participez \u00e0 une chasse au rake mensuelle de \u00a010.000 $ et profitez des g\u00e9n\u00e9reux bonus de bienvenue de 110% jusqu&#8217;\u00e0 550 $.<\/p>\n","protected":false},"excerpt":{"rendered":"<p>Une fois que vous avez t\u00e9l\u00e9charg\u00e9 le logiciel et faites votre compte, s&#8217;il vous pla\u00eet, remplissez le formulaire d&#8217;inscription ci-dessus. Il suffit y mettre votre nom d&#8217;\u00e9cran et l\u2019adresse de courriel utilis\u00e9s pour enregistrer votre compte et nous vous assurerons<a class=\"post-link\" href=\"https:\/\/www.rakemonkey.com\/fr\/poker-reviews\/le-rakeback-au-doyles-room\/\"> read more&#8230;<\/a><\/p>\n","protected":false},"author":9,"featured_media":0,"parent":209,"menu_order":0,"comment_status":"closed","ping_status":"open","template":"rm_review.php","meta":[],"acf":[],"yoast_head":"<!-- This site is optimized with the Yoast SEO plugin v19.6.1 - https:\/\/yoast.com\/wordpress\/plugins\/seo\/ -->\n<title>Le rakeback au Doyles Room - 110% Bonus up to $550<\/title>\n<meta name=\"description\" content=\"Cliquez dessus pour Doyles Room \u00e0 partir de ce site, inscrivez-vous pour un nouveau compte en utilisant le code \u201cReduction\u201d, et vous commencez instantan\u00e9ment \u00e0 gagner de 33% de rakeback\" \/>\n<meta name=\"robots\" content=\"index, follow, max-snippet:-1, max-image-preview:large, max-video-preview:-1\" \/>\n<link rel=\"canonical\" href=\"https:\/\/www.rakemonkey.com\/fr\/poker-reviews\/le-rakeback-au-doyles-room\/\" \/>\n<meta property=\"og:locale\" content=\"en_US\" \/>\n<meta property=\"og:type\" content=\"article\" \/>\n<meta property=\"og:title\" content=\"Le rakeback au Doyles Room - 110% Bonus up to $550\" \/>\n<meta property=\"og:description\" content=\"Cliquez dessus pour Doyles Room \u00e0 partir de ce site, inscrivez-vous pour un nouveau compte en utilisant le code \u201cReduction\u201d, et vous commencez instantan\u00e9ment \u00e0 gagner de 33% de rakeback\" \/>\n<meta property=\"og:url\" content=\"https:\/\/www.rakemonkey.com\/fr\/poker-reviews\/le-rakeback-au-doyles-room\/\" \/>\n<meta property=\"og:site_name\" content=\"RakeMonkey.com\" \/>\n<meta name=\"twitter:card\" content=\"summary\" \/>\n<meta name=\"twitter:label1\" content=\"Est. reading time\" \/>\n\t<meta name=\"twitter:data1\" content=\"5 minutes\" \/>\n<script type=\"application\/ld+json\" class=\"yoast-schema-graph\">{\"@context\":\"https:\/\/schema.org\",\"@graph\":[{\"@type\":\"WebPage\",\"@id\":\"https:\/\/www.rakemonkey.com\/fr\/poker-reviews\/le-rakeback-au-doyles-room\/\",\"url\":\"https:\/\/www.rakemonkey.com\/fr\/poker-reviews\/le-rakeback-au-doyles-room\/\",\"name\":\"Le rakeback au Doyles Room - 110% Bonus up to $550\",\"isPartOf\":{\"@id\":\"https:\/\/www.rakemonkey.com\/fr\/#website\"},\"datePublished\":\"2010-03-01T14:10:26+00:00\",\"dateModified\":\"2010-03-01T14:10:26+00:00\",\"description\":\"Cliquez dessus pour Doyles Room \u00e0 partir de ce site, inscrivez-vous pour un nouveau compte en utilisant le code \u201cReduction\u201d, et vous commencez instantan\u00e9ment \u00e0 gagner de 33% de rakeback\",\"breadcrumb\":{\"@id\":\"https:\/\/www.rakemonkey.com\/fr\/poker-reviews\/le-rakeback-au-doyles-room\/#breadcrumb\"},\"inLanguage\":\"en-US\",\"potentialAction\":[{\"@type\":\"ReadAction\",\"target\":[\"https:\/\/www.rakemonkey.com\/fr\/poker-reviews\/le-rakeback-au-doyles-room\/\"]}]},{\"@type\":\"BreadcrumbList\",\"@id\":\"https:\/\/www.rakemonkey.com\/fr\/poker-reviews\/le-rakeback-au-doyles-room\/#breadcrumb\",\"itemListElement\":[{\"@type\":\"ListItem\",\"position\":1,\"name\":\"Home\",\"item\":\"https:\/\/www.rakemonkey.com\/fr\/\"},{\"@type\":\"ListItem\",\"position\":2,\"name\":\"Poker Reviews\",\"item\":\"https:\/\/www.rakemonkey.com\/fr\/poker-reviews\/\"},{\"@type\":\"ListItem\",\"position\":3,\"name\":\"Le rakeback au Doyles Room\"}]},{\"@type\":\"WebSite\",\"@id\":\"https:\/\/www.rakemonkey.com\/fr\/#website\",\"url\":\"https:\/\/www.rakemonkey.com\/fr\/\",\"name\":\"RakeMonkey.com\",\"description\":\"\",\"potentialAction\":[{\"@type\":\"SearchAction\",\"target\":{\"@type\":\"EntryPoint\",\"urlTemplate\":\"https:\/\/www.rakemonkey.com\/fr\/?s={search_term_string}\"},\"query-input\":\"required name=search_term_string\"}],\"inLanguage\":\"en-US\"}]}<\/script>\n<!-- \/ Yoast SEO plugin. -->","yoast_head_json":{"title":"Le rakeback au Doyles Room - 110% Bonus up to $550","description":"Cliquez dessus pour Doyles Room \u00e0 partir de ce site, inscrivez-vous pour un nouveau compte en utilisant le code \u201cReduction\u201d, et vous commencez instantan\u00e9ment \u00e0 gagner de 33% de rakeback","robots":{"index":"index","follow":"follow","max-snippet":"max-snippet:-1","max-image-preview":"max-image-preview:large","max-video-preview":"max-video-preview:-1"},"canonical":"https:\/\/www.rakemonkey.com\/fr\/poker-reviews\/le-rakeback-au-doyles-room\/","og_locale":"en_US","og_type":"article","og_title":"Le rakeback au Doyles Room - 110% Bonus up to $550","og_description":"Cliquez dessus pour Doyles Room \u00e0 partir de ce site, inscrivez-vous pour un nouveau compte en utilisant le code \u201cReduction\u201d, et vous commencez instantan\u00e9ment \u00e0 gagner de 33% de rakeback","og_url":"https:\/\/www.rakemonkey.com\/fr\/poker-reviews\/le-rakeback-au-doyles-room\/","og_site_name":"RakeMonkey.com","twitter_card":"summary","twitter_misc":{"Est. reading time":"5 minutes"},"schema":{"@context":"https:\/\/schema.org","@graph":[{"@type":"WebPage","@id":"https:\/\/www.rakemonkey.com\/fr\/poker-reviews\/le-rakeback-au-doyles-room\/","url":"https:\/\/www.rakemonkey.com\/fr\/poker-reviews\/le-rakeback-au-doyles-room\/","name":"Le rakeback au Doyles Room - 110% Bonus up to $550","isPartOf":{"@id":"https:\/\/www.rakemonkey.com\/fr\/#website"},"datePublished":"2010-03-01T14:10:26+00:00","dateModified":"2010-03-01T14:10:26+00:00","description":"Cliquez dessus pour Doyles Room \u00e0 partir de ce site, inscrivez-vous pour un nouveau compte en utilisant le code \u201cReduction\u201d, et vous commencez instantan\u00e9ment \u00e0 gagner de 33% de rakeback","breadcrumb":{"@id":"https:\/\/www.rakemonkey.com\/fr\/poker-reviews\/le-rakeback-au-doyles-room\/#breadcrumb"},"inLanguage":"en-US","potentialAction":[{"@type":"ReadAction","target":["https:\/\/www.rakemonkey.com\/fr\/poker-reviews\/le-rakeback-au-doyles-room\/"]}]},{"@type":"BreadcrumbList","@id":"https:\/\/www.rakemonkey.com\/fr\/poker-reviews\/le-rakeback-au-doyles-room\/#breadcrumb","itemListElement":[{"@type":"ListItem","position":1,"name":"Home","item":"https:\/\/www.rakemonkey.com\/fr\/"},{"@type":"ListItem","position":2,"name":"Poker Reviews","item":"https:\/\/www.rakemonkey.com\/fr\/poker-reviews\/"},{"@type":"ListItem","position":3,"name":"Le rakeback au Doyles Room"}]},{"@type":"WebSite","@id":"https:\/\/www.rakemonkey.com\/fr\/#website","url":"https:\/\/www.rakemonkey.com\/fr\/","name":"RakeMonkey.com","description":"","potentialAction":[{"@type":"SearchAction","target":{"@type":"EntryPoint","urlTemplate":"https:\/\/www.rakemonkey.com\/fr\/?s={search_term_string}"},"query-input":"required name=search_term_string"}],"inLanguage":"en-US"}]}},"_links":{"self":[{"href":"https:\/\/www.rakemonkey.com\/fr\/wp-json\/wp\/v2\/pages\/21"}],"collection":[{"href":"https:\/\/www.rakemonkey.com\/fr\/wp-json\/wp\/v2\/pages"}],"about":[{"href":"https:\/\/www.rakemonkey.com\/fr\/wp-json\/wp\/v2\/types\/page"}],"author":[{"embeddable":true,"href":"https:\/\/www.rakemonkey.com\/fr\/wp-json\/wp\/v2\/users\/9"}],"replies":[{"embeddable":true,"href":"https:\/\/www.rakemonkey.com\/fr\/wp-json\/wp\/v2\/comments?post=21"}],"version-history":[{"count":0,"href":"https:\/\/www.rakemonkey.com\/fr\/wp-json\/wp\/v2\/pages\/21\/revisions"}],"up":[{"embeddable":true,"href":"https:\/\/www.rakemonkey.com\/fr\/wp-json\/wp\/v2\/pages\/209"}],"wp:attachment":[{"href":"https:\/\/www.rakemonkey.com\/fr\/wp-json\/wp\/v2\/media?parent=21"}],"curies":[{"name":"wp","href":"https:\/\/api.w.org\/{rel}","templated":true}]}}