{"id":24,"date":"2010-03-01T14:31:09","date_gmt":"2010-03-01T14:31:09","guid":{"rendered":"http:\/\/www.rakemonkey.com\/fr\/?page_id=24"},"modified":"2017-08-03T01:10:05","modified_gmt":"2017-08-03T01:10:05","slug":"rakeback-de-cake-poker","status":"publish","type":"page","link":"https:\/\/www.rakemonkey.com\/fr\/poker-reviews\/rakeback-de-cake-poker\/","title":{"rendered":"Rakeback de Cake Poker"},"content":{"rendered":"<p>Une fois que vous avez t\u00e9l\u00e9charg\u00e9 le logiciel et avez fait votre compte, s&#8217;il vous pla\u00eet, remplissez le formulaire d&#8217;inscription ci-dessus. Il suffit de mettre votre nom d&#8217;\u00e9cran et l\u2019adresse de courriel utilis\u00e9e pour vous enregistrer votre compte et nous vous assurerons que votre rakeback est confirm\u00e9 et configur\u00e9!<\/p>\n<p><strong>Sommaire de Cake Poker<\/strong><\/p>\n<p>En seulement quelques ann\u00e9es, apr\u00e8s il a \u00e9t\u00e9 lanc\u00e9 en 2006, Cake Poker s&#8217;est d\u00e9j\u00e0 av\u00e9r\u00e9 \u00eatre un de premier ordre dans l&#8217;industrie du poker en ligne. Le site est le produit important du r\u00e9seau Cake Poker, atteignant en moyenne plus de 7.500 joueurs actifs en argent r\u00e9el aux heures de pointe. Cake Poker est aussi bien connu pour ses tables rel\u00e2ch\u00e9es \u00e0 bas et moyen niveau des stakes.<\/p>\n<p>Tout cela se traduit par de formidables opportunit\u00e9s pour les gagnants de Rakeback Cake Poker. Pour gagner de rakeback \u00e0 Cake Poker, vous devez vous enregistrer un compte de nouveau \u00a0joueur en utilisant le code de bonus: \u201c<strong>Reduction<\/strong>\u201d.<\/p>\n<h2>Rakeback \u00a0de Cake Poker<\/h2>\n<p>En signant pour Rakeback Cake Poker avec le code de bonus \u201c<strong>Reduction<\/strong>\u201d, vous \u00eates imm\u00e9diatement \u00e9ligible \u00e0 recevoir 33% de rakeback distribu\u00e9 \u00e0 Cake Poker. La m\u00e9thode distribu\u00e9e de rakeback est particuli\u00e8rement populaire parce que les joueurs ne sont pas tenus de contribuer avec quelque chose \u00e0 un pot afin de recevoir tout rakeback. Tant que l&#8217;on vous distribue les cartes dans la main, et le pot ensuite est soumis \u00e0 un rake, votre gain du <strong>rakeback distribu\u00e9<\/strong> sera vers\u00e9.<\/p>\n<p>Le rakeback distribu\u00e9 est si populaire parce que les joueurs de poker les plus s\u00e9rieux appliquent une strat\u00e9gie de poker serr\u00e9e. Cela signifie qu&#8217;ils jettent plusieurs mains qu&#8217;ils jouent, en choisissant de ne pas investir dans un pot sans une tr\u00e8s bonne main de d\u00e9part. Aucune autre m\u00e9thode de rakeback ne paie les joueurs qui ne contribuent pas au moins une petite partie pour le pot \/ rake.<\/p>\n<p>Le rakeback \u00e0 Cake Poker est g\u00e9n\u00e9ralement vers\u00e9 directement dans votre compte de joueur sur une base hebdomadaire -, MAIS, \u00e0 RakeMonkey.com, vous pouvez encaisser votre rakeback de Cake QUOTIDIENNEMENT lorsque vous acc\u00e9der du notre site. En outre, les joueurs sont \u00e9ligibles pour participer \u00e0 des courses de rake mensuelles \u00e0 Cake Poker, une valeur de 15,000 $ en prix partag\u00e9e pour les plus performants et avec plus de rake pour ce mois. C&#8217;est vraiment une grande motivation suppl\u00e9mentaire pour sortir et jouer au poker!<\/p>\n<h2>Bonus de bienvenue \u00e0 Cake Poker<\/h2>\n<p>En plus de gagner 33% de rakeback \u00e0 Cake Poker, vous serez \u00e9galement en mesure de profiter d&#8217;une premi\u00e8re tranche de <strong>110% de bonus de d\u00e9p\u00f4t jusqu&#8217;\u00e0 600 $<\/strong>.<\/p>\n<p>Le bonus de bienvenue \u00e0 Cake Poker est autoris\u00e9 par la collecte de FPP (Points de Joueur Fr\u00e9quent). Chaque 0,01 $ que vous contribuez au rake est r\u00e9compens\u00e9 avec 0,01 FPP, tandis que chaque 1 $ pay\u00e9 en frais de tournoi est r\u00e9compens\u00e9 avec 7 FPP. Le bonus est sorti en tranches de 10 $.<\/p>\n<p>Une autre offre de bonus exceptionnel de Cake Poker est le programme r\u00e9f\u00e9rer-un-ami qui paie jusqu&#8217;\u00e0 100 $ pour chaque ami r\u00e9f\u00e9r\u00e9 avec succ\u00e8s. Les r\u00e9compenses de r\u00e9f\u00e9rence continueront \u00e0 rouler en tant que revenu r\u00e9siduel, bas\u00e9 sur des contributions de rake globale de l&#8217;ami, et est vers\u00e9 dans votre compte chaque mois.<\/p>\n<h3>Promotions \u201cGold\u201d \u00e0 Cake Poker<\/h3>\n<p>Cake Poker est une promotion unique qui r\u00e9compense les joueurs avec Chips Gold (jeton d\u2019or) et Gold Cards (carte d\u2019or).<\/p>\n<p>Les jetons d\u2019or sont d\u00e9cern\u00e9s \u00e0 chaque fois qu&#8217;un joueur recueille suffisamment de FPP. Un joueur peut consulter son compteur Gold Chip dans leur page de compte. Une fois que le compteur est rempli, un jeton d&#8217;or est d\u00e9cern\u00e9. Le nombre de points requis pour recevoir un jeton d\u2019or d\u00e9pend de votre statut VIP, et combien de jetons vous avez d\u00e9j\u00e0 re\u00e7u ce mois. Par exemple, le premier jeton du mois aura plus de points que le cinqui\u00e8me jeton. Apr\u00e8s avoir re\u00e7u 5 jetons en un seul mois, un 6e jeton gratuit est attribu\u00e9, plus tous les jetons gagn\u00e9s ce mois-l\u00e0 n\u00e9cessiteront la quantit\u00e9 de points n\u00e9cessaires pour un 5e jeton, moins de 70 FPP. Les jetons d\u2019or sont utilis\u00e9s pour acheter des marchandises \u00e0 Cake Poker, participer \u00e0 des tournois \u00e0 beaucoup d&#8217;argent, etc.<\/p>\n<p>Les cartes d\u2019or sont un peu diff\u00e9rentes. Vous n&#8217;avez rien \u00e0 faire pour les gagner, sauf jouer \u00e0 des jeux de cash en argent r\u00e9el. Quand un certain niveau de rake est recueilli \u00e0 une table, une carte d\u2019or est s\u00e9lectionn\u00e9e au hasard et affich\u00e9es sur la table. Si vous avez cette carte dans vos cartes, vous obtenez de garder la carte d\u2019or. Il y a des loteries quotidiennes, des classements et d\u2019autres promotions qui impliquent ces cartes d\u2019or, et ils n\u2019expirent jamais, ce qui les rend de plus en plus pr\u00e9cieux que vous devez les collecter.<\/p>\n<h2>Vari\u00e9t\u00e9 de jeux \u00e0 Cake Poker<\/h2>\n<p>Cake Poker est une vari\u00e9t\u00e9 impressionnante de jeux de poker disponible dans le lobby de jeux de cash. Il s&#8217;agit notamment de Texas Hold&#8217;em, Omaha, Omaha Hi-Lo, 7 Card Stud, 7 Card Stud Hi-Lo et Razz. Les stakes (enjeux) vont de 0,02 $ \/ 0,04 $ jusqu&#8217;\u00e0 500 $ \/ 1.000 $. Si nous appr\u00e9cions la vaste gamme de jeux de poker, il faut admettre qu&#8217;il y ait rarement une activit\u00e9 dans les jeux Stud ou Razz.<\/p>\n<p>Le tableau de tournois inclut un grand nombre de types de tournois, y compris les garanties, les freerolls, re-buys, les bounties et les \u00e9v\u00e9nements satellites en direct. Les garanties les plus importantes sont l\u2019hebdomadaire 100k $ GTD et le mensuel 250k $ GTD. Les \u00e9v\u00e9nements satellites en direct envoient des membres \u00e0 diverses manifestations \u00e0 travers le monde, comme les WSOP, pour aussi peu que 2 $ de buy-in. Tout compte fait, Cake Poker verse plus de 20 millions de dollars chaque mois dans les tournois.<\/p>\n<h2>Options de d\u00e9p\u00f4t \u00e0 Cake Poker<\/h2>\n<p>Cake Poker offre les modes de paiement suivants (les joueurs am\u00e9ricains accept\u00e9s): Visa, MasterCard, Diners, Solo, Maestro, Laser, Euro6000, Visa Delta, Visa Electron, eWalletXpress, NETeller, Moneybookers, PaySafeCard, ClickandBuy, WebMoney, UseMyWallet, Ukash, EcoCard , Poli, GiroPay, Sofort, CartiSi, PostePay, 4B, Inteligo, MTransfer, Polski, Dankort et eNETS.<\/p>\n<h3>Conclusion Cake Poker<\/h3>\n<p>En conclusion, nous constatons que Cake Poker est l&#8217;une des meilleures offres de rakeback pour le poker en ligne, couronn\u00e9e avec la cerise proverbiale des promotions; du bonus de bienvenue, aux courses de rake de 15.000 $, \u00e0 la vaste vari\u00e9t\u00e9 de jeux, des tournois et des possibilit\u00e9s d&#8217;\u00e9v\u00e9nements en direct .<\/p>\n<p>Si vous acceptez, inscrivez-vous avec Cake Poker d\u00e8s maintenant pour gagner 33% de rakeback \u00e0 Cake Poker (utilisez le code bonus \u201c<strong>Reduction<\/strong>\u201d) et commencez \u00e0 gagner votre bonus de bienvenue de 110% jusqu&#8217;\u00e0 $ 600 d\u00e8s aujourd&#8217;hui.<\/p>\n","protected":false},"excerpt":{"rendered":"<p>Une fois que vous avez t\u00e9l\u00e9charg\u00e9 le logiciel et avez fait votre compte, s&#8217;il vous pla\u00eet, remplissez le formulaire d&#8217;inscription ci-dessus. Il suffit de mettre votre nom d&#8217;\u00e9cran et l\u2019adresse de courriel utilis\u00e9e pour vous enregistrer votre compte et nous<a class=\"post-link\" href=\"https:\/\/www.rakemonkey.com\/fr\/poker-reviews\/rakeback-de-cake-poker\/\"> read more&#8230;<\/a><\/p>\n","protected":false},"author":9,"featured_media":0,"parent":209,"menu_order":0,"comment_status":"closed","ping_status":"open","template":"rm_review.php","meta":[],"acf":[],"yoast_head":"<!-- This site is optimized with the Yoast SEO plugin v19.6.1 - https:\/\/yoast.com\/wordpress\/plugins\/seo\/ -->\n<title>Rakeback de Cake Poker - 110% Bonus up to $600<\/title>\n<meta name=\"description\" content=\"En signant pour Rakeback Cake Poker avec le code de bonus \u201cReduction\u201d, vous \u00eates imm\u00e9diatement \u00e9ligible \u00e0 recevoir 33% de rakeback distribu\u00e9 \u00e0 Cake Poker.\" \/>\n<meta name=\"robots\" content=\"index, follow, max-snippet:-1, max-image-preview:large, max-video-preview:-1\" \/>\n<link rel=\"canonical\" href=\"https:\/\/www.rakemonkey.com\/fr\/poker-reviews\/rakeback-de-cake-poker\/\" \/>\n<meta property=\"og:locale\" content=\"en_US\" \/>\n<meta property=\"og:type\" content=\"article\" \/>\n<meta property=\"og:title\" content=\"Rakeback de Cake Poker - 110% Bonus up to $600\" \/>\n<meta property=\"og:description\" content=\"En signant pour Rakeback Cake Poker avec le code de bonus \u201cReduction\u201d, vous \u00eates imm\u00e9diatement \u00e9ligible \u00e0 recevoir 33% de rakeback distribu\u00e9 \u00e0 Cake Poker.\" \/>\n<meta property=\"og:url\" content=\"https:\/\/www.rakemonkey.com\/fr\/poker-reviews\/rakeback-de-cake-poker\/\" \/>\n<meta property=\"og:site_name\" content=\"RakeMonkey.com\" \/>\n<meta property=\"article:modified_time\" content=\"2017-08-03T01:10:05+00:00\" \/>\n<meta name=\"twitter:card\" content=\"summary\" \/>\n<meta name=\"twitter:label1\" content=\"Est. reading time\" \/>\n\t<meta name=\"twitter:data1\" content=\"6 minutes\" \/>\n<script type=\"application\/ld+json\" class=\"yoast-schema-graph\">{\"@context\":\"https:\/\/schema.org\",\"@graph\":[{\"@type\":\"WebPage\",\"@id\":\"https:\/\/www.rakemonkey.com\/fr\/poker-reviews\/rakeback-de-cake-poker\/\",\"url\":\"https:\/\/www.rakemonkey.com\/fr\/poker-reviews\/rakeback-de-cake-poker\/\",\"name\":\"Rakeback de Cake Poker - 110% Bonus up to $600\",\"isPartOf\":{\"@id\":\"https:\/\/www.rakemonkey.com\/fr\/#website\"},\"datePublished\":\"2010-03-01T14:31:09+00:00\",\"dateModified\":\"2017-08-03T01:10:05+00:00\",\"description\":\"En signant pour Rakeback Cake Poker avec le code de bonus \u201cReduction\u201d, vous \u00eates imm\u00e9diatement \u00e9ligible \u00e0 recevoir 33% de rakeback distribu\u00e9 \u00e0 Cake Poker.\",\"breadcrumb\":{\"@id\":\"https:\/\/www.rakemonkey.com\/fr\/poker-reviews\/rakeback-de-cake-poker\/#breadcrumb\"},\"inLanguage\":\"en-US\",\"potentialAction\":[{\"@type\":\"ReadAction\",\"target\":[\"https:\/\/www.rakemonkey.com\/fr\/poker-reviews\/rakeback-de-cake-poker\/\"]}]},{\"@type\":\"BreadcrumbList\",\"@id\":\"https:\/\/www.rakemonkey.com\/fr\/poker-reviews\/rakeback-de-cake-poker\/#breadcrumb\",\"itemListElement\":[{\"@type\":\"ListItem\",\"position\":1,\"name\":\"Home\",\"item\":\"https:\/\/www.rakemonkey.com\/fr\/\"},{\"@type\":\"ListItem\",\"position\":2,\"name\":\"Poker Reviews\",\"item\":\"https:\/\/www.rakemonkey.com\/fr\/poker-reviews\/\"},{\"@type\":\"ListItem\",\"position\":3,\"name\":\"Rakeback de Cake Poker\"}]},{\"@type\":\"WebSite\",\"@id\":\"https:\/\/www.rakemonkey.com\/fr\/#website\",\"url\":\"https:\/\/www.rakemonkey.com\/fr\/\",\"name\":\"RakeMonkey.com\",\"description\":\"\",\"potentialAction\":[{\"@type\":\"SearchAction\",\"target\":{\"@type\":\"EntryPoint\",\"urlTemplate\":\"https:\/\/www.rakemonkey.com\/fr\/?s={search_term_string}\"},\"query-input\":\"required name=search_term_string\"}],\"inLanguage\":\"en-US\"}]}<\/script>\n<!-- \/ Yoast SEO plugin. -->","yoast_head_json":{"title":"Rakeback de Cake Poker - 110% Bonus up to $600","description":"En signant pour Rakeback Cake Poker avec le code de bonus \u201cReduction\u201d, vous \u00eates imm\u00e9diatement \u00e9ligible \u00e0 recevoir 33% de rakeback distribu\u00e9 \u00e0 Cake Poker.","robots":{"index":"index","follow":"follow","max-snippet":"max-snippet:-1","max-image-preview":"max-image-preview:large","max-video-preview":"max-video-preview:-1"},"canonical":"https:\/\/www.rakemonkey.com\/fr\/poker-reviews\/rakeback-de-cake-poker\/","og_locale":"en_US","og_type":"article","og_title":"Rakeback de Cake Poker - 110% Bonus up to $600","og_description":"En signant pour Rakeback Cake Poker avec le code de bonus \u201cReduction\u201d, vous \u00eates imm\u00e9diatement \u00e9ligible \u00e0 recevoir 33% de rakeback distribu\u00e9 \u00e0 Cake Poker.","og_url":"https:\/\/www.rakemonkey.com\/fr\/poker-reviews\/rakeback-de-cake-poker\/","og_site_name":"RakeMonkey.com","article_modified_time":"2017-08-03T01:10:05+00:00","twitter_card":"summary","twitter_misc":{"Est. reading time":"6 minutes"},"schema":{"@context":"https:\/\/schema.org","@graph":[{"@type":"WebPage","@id":"https:\/\/www.rakemonkey.com\/fr\/poker-reviews\/rakeback-de-cake-poker\/","url":"https:\/\/www.rakemonkey.com\/fr\/poker-reviews\/rakeback-de-cake-poker\/","name":"Rakeback de Cake Poker - 110% Bonus up to $600","isPartOf":{"@id":"https:\/\/www.rakemonkey.com\/fr\/#website"},"datePublished":"2010-03-01T14:31:09+00:00","dateModified":"2017-08-03T01:10:05+00:00","description":"En signant pour Rakeback Cake Poker avec le code de bonus \u201cReduction\u201d, vous \u00eates imm\u00e9diatement \u00e9ligible \u00e0 recevoir 33% de rakeback distribu\u00e9 \u00e0 Cake Poker.","breadcrumb":{"@id":"https:\/\/www.rakemonkey.com\/fr\/poker-reviews\/rakeback-de-cake-poker\/#breadcrumb"},"inLanguage":"en-US","potentialAction":[{"@type":"ReadAction","target":["https:\/\/www.rakemonkey.com\/fr\/poker-reviews\/rakeback-de-cake-poker\/"]}]},{"@type":"BreadcrumbList","@id":"https:\/\/www.rakemonkey.com\/fr\/poker-reviews\/rakeback-de-cake-poker\/#breadcrumb","itemListElement":[{"@type":"ListItem","position":1,"name":"Home","item":"https:\/\/www.rakemonkey.com\/fr\/"},{"@type":"ListItem","position":2,"name":"Poker Reviews","item":"https:\/\/www.rakemonkey.com\/fr\/poker-reviews\/"},{"@type":"ListItem","position":3,"name":"Rakeback de Cake Poker"}]},{"@type":"WebSite","@id":"https:\/\/www.rakemonkey.com\/fr\/#website","url":"https:\/\/www.rakemonkey.com\/fr\/","name":"RakeMonkey.com","description":"","potentialAction":[{"@type":"SearchAction","target":{"@type":"EntryPoint","urlTemplate":"https:\/\/www.rakemonkey.com\/fr\/?s={search_term_string}"},"query-input":"required name=search_term_string"}],"inLanguage":"en-US"}]}},"_links":{"self":[{"href":"https:\/\/www.rakemonkey.com\/fr\/wp-json\/wp\/v2\/pages\/24"}],"collection":[{"href":"https:\/\/www.rakemonkey.com\/fr\/wp-json\/wp\/v2\/pages"}],"about":[{"href":"https:\/\/www.rakemonkey.com\/fr\/wp-json\/wp\/v2\/types\/page"}],"author":[{"embeddable":true,"href":"https:\/\/www.rakemonkey.com\/fr\/wp-json\/wp\/v2\/users\/9"}],"replies":[{"embeddable":true,"href":"https:\/\/www.rakemonkey.com\/fr\/wp-json\/wp\/v2\/comments?post=24"}],"version-history":[{"count":0,"href":"https:\/\/www.rakemonkey.com\/fr\/wp-json\/wp\/v2\/pages\/24\/revisions"}],"up":[{"embeddable":true,"href":"https:\/\/www.rakemonkey.com\/fr\/wp-json\/wp\/v2\/pages\/209"}],"wp:attachment":[{"href":"https:\/\/www.rakemonkey.com\/fr\/wp-json\/wp\/v2\/media?parent=24"}],"curies":[{"name":"wp","href":"https:\/\/api.w.org\/{rel}","templated":true}]}}