{"id":26,"date":"2010-03-01T14:39:19","date_gmt":"2010-03-01T14:39:19","guid":{"rendered":"http:\/\/www.rakemonkey.com\/fr\/?page_id=26"},"modified":"2017-08-03T01:10:39","modified_gmt":"2017-08-03T01:10:39","slug":"rakeback-de-pkr","status":"publish","type":"page","link":"https:\/\/www.rakemonkey.com\/fr\/poker-reviews\/rakeback-de-pkr\/","title":{"rendered":"Rakeback de PKR"},"content":{"rendered":"<p>Une fois que vous avez t\u00e9l\u00e9charg\u00e9 le logiciel et faites votre compte, s&#8217;il vous pla\u00eet, remplissez le formulaire d&#8217;inscription ci-dessus. Il suffit de mettre votre nom d&#8217;utilisateur et l\u2019adresse de courriel utilis\u00e9e pour vous enregistrer votre compte et nous vous assurerons que votre rakeback est confirm\u00e9 et configur\u00e9!<\/p>\n<h2>Sommaire de PKR Poker<\/h2>\n<p>PKR Poker a ouvert ses portes virtuelles en 2007. La communaut\u00e9 du poker en ligne a \u00e9t\u00e9 imm\u00e9diatement amoureuse. Ce n&#8217;est un secret qu&#8217;une grande partie de la population de poker en ligne a grandi des joueurs, et PKR avait ce que l&#8217;industrie du poker en manquait, un jeu vid\u00e9o 3D que, c&#8217;est parfait pour les gens de trente ans qui ont grandi avec Mario, ainsi que le jeu de la table de poker en ligne occasionnelle (ou 20 \u00e0 la fois, 12 heures par jour!).<\/p>\n<p>Le logiciel PKR n&#8217;est pas un petit paquet cependant, si vous \u00eates un joueur, vous avez probablement d\u00e9j\u00e0 un syst\u00e8me qui va g\u00e9rer un grand logiciel que certains l\u2019ont \u00e9voqu\u00e9 avec amour (et non pas tant d&#8217;amour) comme un gros mangeur de ressources.<\/p>\n<p>C\u2019est plut\u00f4t difficile d\u2019entrer dans l\u2019environnement de poker en ligne de PRK, ainsi que jouer au poker contre les plus jeunes.<\/p>\n<h2>Rakeback de PKR et le bonus de bienvenue<\/h2>\n<p>Lorsque vous vous inscrivez \u00e0 un accord avec Rake Monkey sur PKR, vous gagnez 30% de votre rakeback contribu\u00e9. En outre, utilisez notre CODE DE BONUS de PKR \u201c<strong>Reduction<\/strong>\u201d et recevez un gros bonus de bienvenue de PKR &#8211; 100% jusqu&#8217;\u00e0 un bonus de 600 $ sur votre premier d\u00e9p\u00f4t de qualification, pour \u00eatre exact.<\/p>\n<h3>Les paiements de rakeback de PKR<\/h3>\n<p>Vos revenus de rakeback sont calcul\u00e9s chaque jour par PKR Poker.<\/p>\n<p>Les paiements sont ensuite effectu\u00e9s le 4 de chaque mois. Vous pouvez encaisser \u00e0 n&#8217;importe quel moment si vous ne voulez pas attendre pour ce paiement.<\/p>\n<h3>Tournoi de rabais sur PKR<\/h3>\n<p>PKR n&#8217;offre pas de rakeback ou des rabais de tournoi sur l&#8217;action du tournoi sur le site. Si vous jouez des tournois, vous payez le plein prix et votre rakeback n&#8217;ajoute aucun avantage suppl\u00e9mentaire.<\/p>\n<p>Cela signifie que PKR est un excellent site d&#8217;action des tables en anneau, cependant, nous recommandons un accord de rakeback avec Minted Poker pour votre jeu de tournoi.<\/p>\n<h3>Bonus et d\u00e9ductions sur PKR<\/h3>\n<p>En allant par Rake Monkey avec PKR, vous n&#8217;obtenez pas seulement un grand accord de rake avec PKR Poker, vous avez droit aussi \u00e0 un gros bonus de bienvenue. 100% de votre premier d\u00e9p\u00f4t sera satisfait par PKR jusqu&#8217;\u00e0 un bonus total de 600,00 $.<\/p>\n<p>Il y a un pi\u00e8ge pour les gens qui jouent par un accord de PKR cependant, votre argent de bonus est d\u00e9duit avant que votre rakeback soit calcul\u00e9.<\/p>\n<p>Ainsi, vous obtenez le bonus, et vous obtenez rake, mais vous ne recevez pas le rake sur le bonus.<\/p>\n<h3>PKR \u2013 Rake de poker<\/h3>\n<p>En surface, PKR encaisse la m\u00eame quantit\u00e9 de rake comme presque toutes les salles de poker en ligne, le standard taux de 5% de l&#8217;industrie, toutefois, il y a une petite occasion pour le rakeback suppl\u00e9mentaire sur PKR que vous ne trouvez pas ailleurs. PKR ne baisse pas le rake dans les jeux de micros stakes. Le rake est le m\u00eame \u00e0 toutes les tables de jeux de cash. Donc, m\u00eame en micros stakes, si vous jouez sur PKR, vous gagnez de rake.<\/p>\n<p>PKR adh\u00e8re \u00e0 la politique \u2018No flop No Drop\u2019 (pas flop, pas rake) que vous ne la trouvez pas dans toutes les autres salles de poker en ligne. Peu importe la taille des mises petite ou grosse au preflop, il n&#8217;y a pas de rake encaiss\u00e9 d&#8217;un pot o\u00f9 aucun flop n\u2019a \u00e9t\u00e9 distribu\u00e9.<\/p>\n<p>Si votre strat\u00e9gie implique un grand nombre d\u2019all-ins (faire tapis) sur le flop, attendez-vous \u00e0 payer beaucoup de rake.<\/p>\n<h2>Options de d\u00e9p\u00f4t PKR<\/h2>\n<p>Pour effectuer un d\u00e9p\u00f4t sur PKR et r\u00e9clamer votre bonus de 800 $, vous pouvez utiliser l&#8217;une des options suivantes: NETeller, Paysafecard, Click2Pay, Visa, Visa Delta, Visa Electron, MasterCard, les cartes-cadeaux, Maestro, Switch, Solo, Moneybookers, id\u00e9ale \/ virements bancaires, et Entropay.<\/p>\n","protected":false},"excerpt":{"rendered":"<p>Une fois que vous avez t\u00e9l\u00e9charg\u00e9 le logiciel et faites votre compte, s&#8217;il vous pla\u00eet, remplissez le formulaire d&#8217;inscription ci-dessus. Il suffit de mettre votre nom d&#8217;utilisateur et l\u2019adresse de courriel utilis\u00e9e pour vous enregistrer votre compte et nous vous<a class=\"post-link\" href=\"https:\/\/www.rakemonkey.com\/fr\/poker-reviews\/rakeback-de-pkr\/\"> read more&#8230;<\/a><\/p>\n","protected":false},"author":9,"featured_media":0,"parent":209,"menu_order":0,"comment_status":"closed","ping_status":"open","template":"rm_review.php","meta":[],"acf":[],"yoast_head":"<!-- This site is optimized with the Yoast SEO plugin v19.6.1 - https:\/\/yoast.com\/wordpress\/plugins\/seo\/ -->\n<title>30% Rakeback di PKR - Poker en 3D - France<\/title>\n<meta name=\"description\" content=\"Get 100% jusqu&#039;\u00e0 un bonus de 600 $ sur votre premier d\u00e9p\u00f4t de qualification, pour \u00eatre exact.\" \/>\n<meta name=\"robots\" content=\"index, follow, max-snippet:-1, max-image-preview:large, max-video-preview:-1\" \/>\n<link rel=\"canonical\" href=\"https:\/\/www.rakemonkey.com\/fr\/poker-reviews\/rakeback-de-pkr\/\" \/>\n<meta property=\"og:locale\" content=\"en_US\" \/>\n<meta property=\"og:type\" content=\"article\" \/>\n<meta property=\"og:title\" content=\"30% Rakeback di PKR - Poker en 3D - France\" \/>\n<meta property=\"og:description\" content=\"Get 100% jusqu&#039;\u00e0 un bonus de 600 $ sur votre premier d\u00e9p\u00f4t de qualification, pour \u00eatre exact.\" \/>\n<meta property=\"og:url\" content=\"https:\/\/www.rakemonkey.com\/fr\/poker-reviews\/rakeback-de-pkr\/\" \/>\n<meta property=\"og:site_name\" content=\"RakeMonkey.com\" \/>\n<meta property=\"article:modified_time\" content=\"2017-08-03T01:10:39+00:00\" \/>\n<meta name=\"twitter:card\" content=\"summary\" \/>\n<meta name=\"twitter:label1\" content=\"Est. reading time\" \/>\n\t<meta name=\"twitter:data1\" content=\"3 minutes\" \/>\n<script type=\"application\/ld+json\" class=\"yoast-schema-graph\">{\"@context\":\"https:\/\/schema.org\",\"@graph\":[{\"@type\":\"WebPage\",\"@id\":\"https:\/\/www.rakemonkey.com\/fr\/poker-reviews\/rakeback-de-pkr\/\",\"url\":\"https:\/\/www.rakemonkey.com\/fr\/poker-reviews\/rakeback-de-pkr\/\",\"name\":\"30% Rakeback di PKR - Poker en 3D - France\",\"isPartOf\":{\"@id\":\"https:\/\/www.rakemonkey.com\/fr\/#website\"},\"datePublished\":\"2010-03-01T14:39:19+00:00\",\"dateModified\":\"2017-08-03T01:10:39+00:00\",\"description\":\"Get 100% jusqu'\u00e0 un bonus de 600 $ sur votre premier d\u00e9p\u00f4t de qualification, pour \u00eatre exact.\",\"breadcrumb\":{\"@id\":\"https:\/\/www.rakemonkey.com\/fr\/poker-reviews\/rakeback-de-pkr\/#breadcrumb\"},\"inLanguage\":\"en-US\",\"potentialAction\":[{\"@type\":\"ReadAction\",\"target\":[\"https:\/\/www.rakemonkey.com\/fr\/poker-reviews\/rakeback-de-pkr\/\"]}]},{\"@type\":\"BreadcrumbList\",\"@id\":\"https:\/\/www.rakemonkey.com\/fr\/poker-reviews\/rakeback-de-pkr\/#breadcrumb\",\"itemListElement\":[{\"@type\":\"ListItem\",\"position\":1,\"name\":\"Home\",\"item\":\"https:\/\/www.rakemonkey.com\/fr\/\"},{\"@type\":\"ListItem\",\"position\":2,\"name\":\"Poker Reviews\",\"item\":\"https:\/\/www.rakemonkey.com\/fr\/poker-reviews\/\"},{\"@type\":\"ListItem\",\"position\":3,\"name\":\"Rakeback de PKR\"}]},{\"@type\":\"WebSite\",\"@id\":\"https:\/\/www.rakemonkey.com\/fr\/#website\",\"url\":\"https:\/\/www.rakemonkey.com\/fr\/\",\"name\":\"RakeMonkey.com\",\"description\":\"\",\"potentialAction\":[{\"@type\":\"SearchAction\",\"target\":{\"@type\":\"EntryPoint\",\"urlTemplate\":\"https:\/\/www.rakemonkey.com\/fr\/?s={search_term_string}\"},\"query-input\":\"required name=search_term_string\"}],\"inLanguage\":\"en-US\"}]}<\/script>\n<!-- \/ Yoast SEO plugin. -->","yoast_head_json":{"title":"30% Rakeback di PKR - Poker en 3D - France","description":"Get 100% jusqu'\u00e0 un bonus de 600 $ sur votre premier d\u00e9p\u00f4t de qualification, pour \u00eatre exact.","robots":{"index":"index","follow":"follow","max-snippet":"max-snippet:-1","max-image-preview":"max-image-preview:large","max-video-preview":"max-video-preview:-1"},"canonical":"https:\/\/www.rakemonkey.com\/fr\/poker-reviews\/rakeback-de-pkr\/","og_locale":"en_US","og_type":"article","og_title":"30% Rakeback di PKR - Poker en 3D - France","og_description":"Get 100% jusqu'\u00e0 un bonus de 600 $ sur votre premier d\u00e9p\u00f4t de qualification, pour \u00eatre exact.","og_url":"https:\/\/www.rakemonkey.com\/fr\/poker-reviews\/rakeback-de-pkr\/","og_site_name":"RakeMonkey.com","article_modified_time":"2017-08-03T01:10:39+00:00","twitter_card":"summary","twitter_misc":{"Est. reading time":"3 minutes"},"schema":{"@context":"https:\/\/schema.org","@graph":[{"@type":"WebPage","@id":"https:\/\/www.rakemonkey.com\/fr\/poker-reviews\/rakeback-de-pkr\/","url":"https:\/\/www.rakemonkey.com\/fr\/poker-reviews\/rakeback-de-pkr\/","name":"30% Rakeback di PKR - Poker en 3D - France","isPartOf":{"@id":"https:\/\/www.rakemonkey.com\/fr\/#website"},"datePublished":"2010-03-01T14:39:19+00:00","dateModified":"2017-08-03T01:10:39+00:00","description":"Get 100% jusqu'\u00e0 un bonus de 600 $ sur votre premier d\u00e9p\u00f4t de qualification, pour \u00eatre exact.","breadcrumb":{"@id":"https:\/\/www.rakemonkey.com\/fr\/poker-reviews\/rakeback-de-pkr\/#breadcrumb"},"inLanguage":"en-US","potentialAction":[{"@type":"ReadAction","target":["https:\/\/www.rakemonkey.com\/fr\/poker-reviews\/rakeback-de-pkr\/"]}]},{"@type":"BreadcrumbList","@id":"https:\/\/www.rakemonkey.com\/fr\/poker-reviews\/rakeback-de-pkr\/#breadcrumb","itemListElement":[{"@type":"ListItem","position":1,"name":"Home","item":"https:\/\/www.rakemonkey.com\/fr\/"},{"@type":"ListItem","position":2,"name":"Poker Reviews","item":"https:\/\/www.rakemonkey.com\/fr\/poker-reviews\/"},{"@type":"ListItem","position":3,"name":"Rakeback de PKR"}]},{"@type":"WebSite","@id":"https:\/\/www.rakemonkey.com\/fr\/#website","url":"https:\/\/www.rakemonkey.com\/fr\/","name":"RakeMonkey.com","description":"","potentialAction":[{"@type":"SearchAction","target":{"@type":"EntryPoint","urlTemplate":"https:\/\/www.rakemonkey.com\/fr\/?s={search_term_string}"},"query-input":"required name=search_term_string"}],"inLanguage":"en-US"}]}},"_links":{"self":[{"href":"https:\/\/www.rakemonkey.com\/fr\/wp-json\/wp\/v2\/pages\/26"}],"collection":[{"href":"https:\/\/www.rakemonkey.com\/fr\/wp-json\/wp\/v2\/pages"}],"about":[{"href":"https:\/\/www.rakemonkey.com\/fr\/wp-json\/wp\/v2\/types\/page"}],"author":[{"embeddable":true,"href":"https:\/\/www.rakemonkey.com\/fr\/wp-json\/wp\/v2\/users\/9"}],"replies":[{"embeddable":true,"href":"https:\/\/www.rakemonkey.com\/fr\/wp-json\/wp\/v2\/comments?post=26"}],"version-history":[{"count":0,"href":"https:\/\/www.rakemonkey.com\/fr\/wp-json\/wp\/v2\/pages\/26\/revisions"}],"up":[{"embeddable":true,"href":"https:\/\/www.rakemonkey.com\/fr\/wp-json\/wp\/v2\/pages\/209"}],"wp:attachment":[{"href":"https:\/\/www.rakemonkey.com\/fr\/wp-json\/wp\/v2\/media?parent=26"}],"curies":[{"name":"wp","href":"https:\/\/api.w.org\/{rel}","templated":true}]}}