{"id":34,"date":"2010-03-01T15:11:42","date_gmt":"2010-03-01T15:11:42","guid":{"rendered":"http:\/\/www.rakemonkey.com\/fr\/?page_id=34"},"modified":"2010-03-01T15:11:42","modified_gmt":"2010-03-01T15:11:42","slug":"rakeback-de-noiq-poker","status":"publish","type":"page","link":"https:\/\/www.rakemonkey.com\/fr\/poker-reviews\/rakeback-de-noiq-poker\/","title":{"rendered":"Rakeback de NoIQ Poker"},"content":{"rendered":"<p>Une fois que vous avez t\u00e9l\u00e9charg\u00e9 le logiciel et faites votre compte, s&#8217;il vous pla\u00eet, remplissez le formulaire d&#8217;inscription ci-dessus. Il suffit de mettre votre nom d&#8217;utilisateur et l\u2019adresse de courriel utilis\u00e9e pour vous enregistrer votre compte et nous vous assurerons que votre rakeback est confirm\u00e9 et configur\u00e9!<\/p>\n<h3>Sommaire de NoIQ<\/h3>\n<p>En 2006, <strong>NoIQ Poker<\/strong> a \u00e9t\u00e9 r\u00e9cemment introduit sur le r\u00e9seau iPoker, une toute nouvelle salle de poker, dans un peu de temps dans le secteur des jeux.<\/p>\n<p>La salle de poker, de plus en plus forte, a attir\u00e9 une base solide de joueurs. En 2008, la salle a quitt\u00e9 le r\u00e9seau iPoker et pour devenir une partie du r\u00e9seau Entraction Poker.<\/p>\n<p>La salle offre d\u00e9sormais des jeux de poker \u00e0 stakes \u00e9lev\u00e9s, et des bonus spectaculaires, tels que leur bonus de 100% jusqu&#8217;\u00e0 5000 Euros. Maintenant, c&#8217;est beaucoup d\u2019argent!<\/p>\n<p>Il y a quelque chose que vous ne trouverez pas \u00e0 NoIQ, pourtant. Vous ne trouverez pas de rakeback au poker NoIQ. Toutefois, si vous avez r\u00e9ellement un peu d\u2019un IQ, vous savez d\u00e9j\u00e0 que vous vous rendrez compte que vous choisissez le rake ici \u00e0 RakeMonkey.<\/p>\n<p>Non seulement nous offrons une grande rakeback de NoIQ, nous vous offrons aussi la possibilit\u00e9 de profiter d&#8217;offres de bonus exclusifs NoIQ.<\/p>\n<h2>Rakeback de NoIQ Poker<\/h2>\n<p>Regardons un peu plus pr\u00e8s dans le programme de rakeback de NoIQ. Pour commencer, comme nous l&#8217;avons mentionn\u00e9, aux joueurs de NoIQ on paie 30% de leur rake utilisant la m\u00e9thode contribu\u00e9e de calcul de rakeback, si vous n&#8217;\u00eates pas s\u00fbr de ce que c&#8217;est exactement, consultez notre section sur le calcul de rakeback.<\/p>\n<p>En bref, le rakeback contribu\u00e9 signifie que le rake est vers\u00e9 \u00e0 tout le monde selon l&#8217;argent mis dans le pot, \u00e0 parts \u00e9gales.<\/p>\n<h3>Rabais de tournoi \u00e0 NoIQ<\/h3>\n<p>Un facteur important \u00e0 prendre en consid\u00e9ration lors du choix d&#8217;une offre de rakeback, sont les frais de tournoi. Pas toutes les salles de poker paient rakeback sur les frais de tournoi. NoIQ paie cependant environ 30% de vos frais d&#8217;entr\u00e9e dans les deux tournois Sit n Go et les tournois multi-table.<\/p>\n<p>Ces frais s\u2019ajoutent \u00e0 une haute valeur quand vous participez aux 20-40 tournois de poker par jour. Par exemple, si vous payez 1 $ en frais de tournoi, vous r\u00e9cup\u00e9rez 30% de cet argent, donc 0,30 $. Multipliez cela 0,30 par 20 tournois par jour et vous avez un \u00e9norme 6 $ dans frais de tournoi \u00e9conomis\u00e9s. Vous \u00eates impressionn\u00e9, non? Prenez maintenant les six $, les multiplier par cinq jours par semaine et vous disposez de 30 $.<\/p>\n<p>Multiplier les 30 $ que vous avez enregistr\u00e9s comme rake dans une semaine par les 52 semaines pendant une ann\u00e9e et vous avez ajout\u00e9 1560 $ de nouveau dans votre bankroll de poker.<\/p>\n<p>Maintenant, utilisez cet argent pour monter les stakes un peu, et avant que vous le sachiez, vous ne payez jamais 1,00 $ de frais de tournoi.<\/p>\n<h3>Paiements de rakeback \u00e0 NoIQ<\/h3>\n<p>Vos paiements de rakeback de NoIQ arrivent normalement une fois chaque mois, g\u00e9n\u00e9ralement autour de 5 du mois &#8211; Toutefois, une fois que vous ouvrez une session ici \u00e0 RakeMonkey.com pour acc\u00e9der \u00e0 vos statistiques, vous serez en mesure de retirer d&#8217;argent de votre rakeback QUOTIDIENNEMENT! Le paiement sera fait dans votre compte lorsque vous \u00eates \u00e9galement en mesure d&#8217;afficher vos totaux de rakeback chaque jour.<\/p>\n<p><strong>Les bonus sont \u00e0 vous pour les garder \u00e0 NoIQ<\/strong><\/p>\n<p>Profitez pleinement de ce bonus de bienvenue, parce qu&#8217;\u00e0 la diff\u00e9rence de nombreuses salles de poker en ligne, NoIQ ne d\u00e9duit pas les paiements de bonus du rakeback.<\/p>\n<p><strong>Payer rake \u00e0 NoIQ<\/strong><\/p>\n<p>Nous avons donc \u00e9tabli que vous allez recevoir 30% de votre rakeback contribu\u00e9 \u00e0 votre compte NoIQ sur une base mensuelle, mais juste de combien de bananes parlons-nous ici?<\/p>\n<p>NoIQ pr\u00e9l\u00e8ve, comme rake, 5% de chaque pot. Qui est \u00e0 peu pr\u00e8s consid\u00e9r\u00e9 comme le rake standard au poker en ligne. Le rake en \u2018No Limit\u2019 est plafonn\u00e9 \u00e0 3 $ par main, n&#8217;importe quel niveau des stakes est jou\u00e9.<\/p>\n<p>Si vous jouez \u00e0 une limite fixe, ou jeux de deux \u00e0 trois joueurs, le rake est plafonn\u00e9 \u00e0 soixante-cinq cents (0,75 $).<\/p>\n<p>Lors du jeu \u00e0 la table avec de limite \u00e0 4-10 joueurs \u00e0 NoIQ le rake est plafonn\u00e9 \u00e0 2 $, \u00e0 l&#8217;exception de la 0,50 $ et 1 $ limite qui est plafonn\u00e9 \u00e0 1,00 $.<\/p>\n<p>Il y a quelques ajustements apport\u00e9s au No Limit et tables \u00e0 limite de pot aussi, tout comme ils seraient autoris\u00e9s sur demande dans un casino.<\/p>\n<p>Aux tables avec seulement 2 joueurs, le rake est plafonn\u00e9 \u00e0 0,75 $. Si la table a, d\u00e8s 3-4 joueurs, le rake est r\u00e9duit \u00e0 2 $ par main. Bien s\u00fbr, avec 5 \u00e0 10 joueurs dans une main, le rake est de nouveau au niveau normal de 3 $ par main.<\/p>\n<h2>Logiciel de NoIQ \u2013 Rakeback sur un Mac<\/h2>\n<p>NoIQ est aujourd&#8217;hui roul\u00e9 sur l&#8217;interface Poker Entraction par le r\u00e9seau Entraction Poker et a \u00e9t\u00e9 depuis 2008.<\/p>\n<p>Comme nouveaut\u00e9 cette ann\u00e9e, NoIQ a \u00e9galement sorti une version du logiciel pour Mac, roul\u00e9 sur Flash, par opposition \u00e0 la pr\u00e9c\u00e9dente version seulement en t\u00e9l\u00e9chargement.<\/p>\n<h2>Vari\u00e9t\u00e9 de jeux \u00e0 NoIQ Poker<\/h2>\n<p>NoIQ offre une s\u00e9lection de jeux que PokerStars met m\u00eame \u00e0 la honte. Il y a bien s\u00fbr le Texas Holdem, Omaha, Hi-Lo, Stud, Stud et Hi-Lo sur l&#8217;offre, en plus cependant, les joueurs sont trait\u00e9s avec NoIQ Triple 5 Card Draw, 2-7 Triple Draw, 32 Card Draw, Soko, Americana, et Telesina.<\/p>\n<h2>M\u00e9thodes de d\u00e9p\u00f4t \u00e0 NoIQ Poker<\/h2>\n<p>D\u00e9posez \u00e0 votre compte de poker de NoIQ en utilisant l&#8217;une des m\u00e9thodes de poker suivant pour le d\u00e9p\u00f4t: Visa, MasterCard, Visa Electron, Maestro, Moneybookers, NETeller, WebMoney, PaySafeCard et le virement bancaire.<\/p>\n","protected":false},"excerpt":{"rendered":"<p>Une fois que vous avez t\u00e9l\u00e9charg\u00e9 le logiciel et faites votre compte, s&#8217;il vous pla\u00eet, remplissez le formulaire d&#8217;inscription ci-dessus. Il suffit de mettre votre nom d&#8217;utilisateur et l\u2019adresse de courriel utilis\u00e9e pour vous enregistrer votre compte et nous vous<a class=\"post-link\" href=\"https:\/\/www.rakemonkey.com\/fr\/poker-reviews\/rakeback-de-noiq-poker\/\"> read more&#8230;<\/a><\/p>\n","protected":false},"author":9,"featured_media":0,"parent":209,"menu_order":0,"comment_status":"closed","ping_status":"open","template":"rm_review.php","meta":[],"acf":[],"yoast_head":"<!-- This site is optimized with the Yoast SEO plugin v19.6.1 - https:\/\/yoast.com\/wordpress\/plugins\/seo\/ -->\n<title>Rakeback de NoIQ Poker - 30% NoIQ Rakeback for France<\/title>\n<meta name=\"description\" content=\"Pour commencer, comme nous l&#039;avons mentionn\u00e9, aux joueurs de NoIQ on paie 30% de leur rake utilisant la m\u00e9thode contribu\u00e9e de calcul de rakeback, si vous n&#039;\u00eates pas s\u00fbr de ce que c&#039;est exactement, consultez notre section sur le calcul de rakeback.\" \/>\n<meta name=\"robots\" content=\"index, follow, max-snippet:-1, max-image-preview:large, max-video-preview:-1\" \/>\n<link rel=\"canonical\" href=\"https:\/\/www.rakemonkey.com\/fr\/poker-reviews\/rakeback-de-noiq-poker\/\" \/>\n<meta property=\"og:locale\" content=\"en_US\" \/>\n<meta property=\"og:type\" content=\"article\" \/>\n<meta property=\"og:title\" content=\"Rakeback de NoIQ Poker - 30% NoIQ Rakeback for France\" \/>\n<meta property=\"og:description\" content=\"Pour commencer, comme nous l&#039;avons mentionn\u00e9, aux joueurs de NoIQ on paie 30% de leur rake utilisant la m\u00e9thode contribu\u00e9e de calcul de rakeback, si vous n&#039;\u00eates pas s\u00fbr de ce que c&#039;est exactement, consultez notre section sur le calcul de rakeback.\" \/>\n<meta property=\"og:url\" content=\"https:\/\/www.rakemonkey.com\/fr\/poker-reviews\/rakeback-de-noiq-poker\/\" \/>\n<meta property=\"og:site_name\" content=\"RakeMonkey.com\" \/>\n<meta name=\"twitter:card\" content=\"summary\" \/>\n<meta name=\"twitter:label1\" content=\"Est. reading time\" \/>\n\t<meta name=\"twitter:data1\" content=\"5 minutes\" \/>\n<script type=\"application\/ld+json\" class=\"yoast-schema-graph\">{\"@context\":\"https:\/\/schema.org\",\"@graph\":[{\"@type\":\"WebPage\",\"@id\":\"https:\/\/www.rakemonkey.com\/fr\/poker-reviews\/rakeback-de-noiq-poker\/\",\"url\":\"https:\/\/www.rakemonkey.com\/fr\/poker-reviews\/rakeback-de-noiq-poker\/\",\"name\":\"Rakeback de NoIQ Poker - 30% NoIQ Rakeback for France\",\"isPartOf\":{\"@id\":\"https:\/\/www.rakemonkey.com\/fr\/#website\"},\"datePublished\":\"2010-03-01T15:11:42+00:00\",\"dateModified\":\"2010-03-01T15:11:42+00:00\",\"description\":\"Pour commencer, comme nous l'avons mentionn\u00e9, aux joueurs de NoIQ on paie 30% de leur rake utilisant la m\u00e9thode contribu\u00e9e de calcul de rakeback, si vous n'\u00eates pas s\u00fbr de ce que c'est exactement, consultez notre section sur le calcul de rakeback.\",\"breadcrumb\":{\"@id\":\"https:\/\/www.rakemonkey.com\/fr\/poker-reviews\/rakeback-de-noiq-poker\/#breadcrumb\"},\"inLanguage\":\"en-US\",\"potentialAction\":[{\"@type\":\"ReadAction\",\"target\":[\"https:\/\/www.rakemonkey.com\/fr\/poker-reviews\/rakeback-de-noiq-poker\/\"]}]},{\"@type\":\"BreadcrumbList\",\"@id\":\"https:\/\/www.rakemonkey.com\/fr\/poker-reviews\/rakeback-de-noiq-poker\/#breadcrumb\",\"itemListElement\":[{\"@type\":\"ListItem\",\"position\":1,\"name\":\"Home\",\"item\":\"https:\/\/www.rakemonkey.com\/fr\/\"},{\"@type\":\"ListItem\",\"position\":2,\"name\":\"Poker Reviews\",\"item\":\"https:\/\/www.rakemonkey.com\/fr\/poker-reviews\/\"},{\"@type\":\"ListItem\",\"position\":3,\"name\":\"Rakeback de NoIQ Poker\"}]},{\"@type\":\"WebSite\",\"@id\":\"https:\/\/www.rakemonkey.com\/fr\/#website\",\"url\":\"https:\/\/www.rakemonkey.com\/fr\/\",\"name\":\"RakeMonkey.com\",\"description\":\"\",\"potentialAction\":[{\"@type\":\"SearchAction\",\"target\":{\"@type\":\"EntryPoint\",\"urlTemplate\":\"https:\/\/www.rakemonkey.com\/fr\/?s={search_term_string}\"},\"query-input\":\"required name=search_term_string\"}],\"inLanguage\":\"en-US\"}]}<\/script>\n<!-- \/ Yoast SEO plugin. -->","yoast_head_json":{"title":"Rakeback de NoIQ Poker - 30% NoIQ Rakeback for France","description":"Pour commencer, comme nous l'avons mentionn\u00e9, aux joueurs de NoIQ on paie 30% de leur rake utilisant la m\u00e9thode contribu\u00e9e de calcul de rakeback, si vous n'\u00eates pas s\u00fbr de ce que c'est exactement, consultez notre section sur le calcul de rakeback.","robots":{"index":"index","follow":"follow","max-snippet":"max-snippet:-1","max-image-preview":"max-image-preview:large","max-video-preview":"max-video-preview:-1"},"canonical":"https:\/\/www.rakemonkey.com\/fr\/poker-reviews\/rakeback-de-noiq-poker\/","og_locale":"en_US","og_type":"article","og_title":"Rakeback de NoIQ Poker - 30% NoIQ Rakeback for France","og_description":"Pour commencer, comme nous l'avons mentionn\u00e9, aux joueurs de NoIQ on paie 30% de leur rake utilisant la m\u00e9thode contribu\u00e9e de calcul de rakeback, si vous n'\u00eates pas s\u00fbr de ce que c'est exactement, consultez notre section sur le calcul de rakeback.","og_url":"https:\/\/www.rakemonkey.com\/fr\/poker-reviews\/rakeback-de-noiq-poker\/","og_site_name":"RakeMonkey.com","twitter_card":"summary","twitter_misc":{"Est. reading time":"5 minutes"},"schema":{"@context":"https:\/\/schema.org","@graph":[{"@type":"WebPage","@id":"https:\/\/www.rakemonkey.com\/fr\/poker-reviews\/rakeback-de-noiq-poker\/","url":"https:\/\/www.rakemonkey.com\/fr\/poker-reviews\/rakeback-de-noiq-poker\/","name":"Rakeback de NoIQ Poker - 30% NoIQ Rakeback for France","isPartOf":{"@id":"https:\/\/www.rakemonkey.com\/fr\/#website"},"datePublished":"2010-03-01T15:11:42+00:00","dateModified":"2010-03-01T15:11:42+00:00","description":"Pour commencer, comme nous l'avons mentionn\u00e9, aux joueurs de NoIQ on paie 30% de leur rake utilisant la m\u00e9thode contribu\u00e9e de calcul de rakeback, si vous n'\u00eates pas s\u00fbr de ce que c'est exactement, consultez notre section sur le calcul de rakeback.","breadcrumb":{"@id":"https:\/\/www.rakemonkey.com\/fr\/poker-reviews\/rakeback-de-noiq-poker\/#breadcrumb"},"inLanguage":"en-US","potentialAction":[{"@type":"ReadAction","target":["https:\/\/www.rakemonkey.com\/fr\/poker-reviews\/rakeback-de-noiq-poker\/"]}]},{"@type":"BreadcrumbList","@id":"https:\/\/www.rakemonkey.com\/fr\/poker-reviews\/rakeback-de-noiq-poker\/#breadcrumb","itemListElement":[{"@type":"ListItem","position":1,"name":"Home","item":"https:\/\/www.rakemonkey.com\/fr\/"},{"@type":"ListItem","position":2,"name":"Poker Reviews","item":"https:\/\/www.rakemonkey.com\/fr\/poker-reviews\/"},{"@type":"ListItem","position":3,"name":"Rakeback de NoIQ Poker"}]},{"@type":"WebSite","@id":"https:\/\/www.rakemonkey.com\/fr\/#website","url":"https:\/\/www.rakemonkey.com\/fr\/","name":"RakeMonkey.com","description":"","potentialAction":[{"@type":"SearchAction","target":{"@type":"EntryPoint","urlTemplate":"https:\/\/www.rakemonkey.com\/fr\/?s={search_term_string}"},"query-input":"required name=search_term_string"}],"inLanguage":"en-US"}]}},"_links":{"self":[{"href":"https:\/\/www.rakemonkey.com\/fr\/wp-json\/wp\/v2\/pages\/34"}],"collection":[{"href":"https:\/\/www.rakemonkey.com\/fr\/wp-json\/wp\/v2\/pages"}],"about":[{"href":"https:\/\/www.rakemonkey.com\/fr\/wp-json\/wp\/v2\/types\/page"}],"author":[{"embeddable":true,"href":"https:\/\/www.rakemonkey.com\/fr\/wp-json\/wp\/v2\/users\/9"}],"replies":[{"embeddable":true,"href":"https:\/\/www.rakemonkey.com\/fr\/wp-json\/wp\/v2\/comments?post=34"}],"version-history":[{"count":0,"href":"https:\/\/www.rakemonkey.com\/fr\/wp-json\/wp\/v2\/pages\/34\/revisions"}],"up":[{"embeddable":true,"href":"https:\/\/www.rakemonkey.com\/fr\/wp-json\/wp\/v2\/pages\/209"}],"wp:attachment":[{"href":"https:\/\/www.rakemonkey.com\/fr\/wp-json\/wp\/v2\/media?parent=34"}],"curies":[{"name":"wp","href":"https:\/\/api.w.org\/{rel}","templated":true}]}}