{"id":36,"date":"2010-03-01T15:20:43","date_gmt":"2010-03-01T15:20:43","guid":{"rendered":"http:\/\/www.rakemonkey.com\/fr\/?page_id=36"},"modified":"2017-08-03T01:11:20","modified_gmt":"2017-08-03T01:11:20","slug":"le-cashback-de-poker-stars","status":"publish","type":"page","link":"https:\/\/www.rakemonkey.com\/fr\/poker-reviews\/le-cashback-de-poker-stars\/","title":{"rendered":"Le Cashback de Poker Stars"},"content":{"rendered":"<p>PokerStars a un programme sp\u00e9cial VIP qui \u00e9quivaut jusqu&#8217;\u00e0 40% de rakeback. Si vous cherchez un rakeback r\u00e9el, cependant, vous ne le trouverez pas sur PokerStars. Sur l&#8217;ensemble des sites de poker sur internet, PokerStars est de loin le plus anti-rakeback.<\/p>\n<p>Je sais, je sais, un programme VIP sonne comme un substitut path\u00e9tique pour un rakeback r\u00e9el, mais il suffit de nous \u00e9couter. Ce n&#8217;est pas aussi grave qu&#8217;il n&#8217;y paraisse. PokerStars n&#8217;est pas devenu le site plus grand et le plus respect\u00e9 de poker au monde par accident.<\/p>\n<blockquote><p><a href=\"http:\/\/www.pokerstars.com\/?source=rs.wlmktus10\"><span style=\"color: #ff0000\"><strong>&gt;&gt; Download PokerStars Here and Start Earning Your VIP Cashback!<\/strong><\/span><\/a><a href=\"http:\/\/cakepoker.com\/?t=2048&amp;Lang=en\"><span style=\"color: #ff0000\"><strong><br \/>\n<\/strong><\/span><\/a><\/p>\n<p><strong>Bonus Code: <span style=\"color: #0000ff\">STARS600<\/span> <\/strong><\/p><\/blockquote>\n<h2>Rakeback \u00e9quivalent de PokerStars<\/h2>\n<p>Au lieu d&#8217;offrir de rakeback \u00e0 ses joueurs, PokerStars utilise l&#8217;argent pour financer un programme complet de VIP dont les joueurs vont effectivement b\u00e9n\u00e9ficier. Comme vous jouez \u00e0 des jeux d&#8217;argent r\u00e9el sur PokerStars, vous recevrez automatiquement vos FPP (Points de joueur fr\u00e9quent), qui peuvent \u00eatre utilis\u00e9s pour acheter des articles, pour le gain d&#8217;entr\u00e9e gratuite \u00e0 des tournois et pour d\u00e9bloquer des bonus en esp\u00e8ces.<\/p>\n<p>Quand je dis que les bonus en esp\u00e8ces, je ne parle pas seulement des montants d\u00e9risoires, \u00e0 peine satisfait pour vous garder de rester sur PokerStars. Je parle de montants importants. Prenez le bonus d&#8217;\u00e9tape PokerStars, par exemple:<\/p>\n<blockquote><p>$800 at 100.000 VPP (je vais vous expliquer bient\u00f4t la diff\u00e9rence entre VPP et FPP)<br \/>\n$2.000 at 200.000 VPP<br \/>\n$3.000 at 300.000 VPP<br \/>\n$4.000 at 400.000 VPP<br \/>\n$5.000 at 500.000 VPP<br \/>\n$6.000 at 600.000 VPP<br \/>\n$8.000 at 800.000 VPP<\/p><\/blockquote>\n<p>Cela seul est pr\u00e8s de 30.000 $ en esp\u00e8ces. Encore mieux, ces bonus d&#8217;\u00e9tape sont vers\u00e9s en plus aux bonus en esp\u00e8ces r\u00e9guli\u00e8rs que vous pouvez utiliser pour acheter \u00e0 la boutique VIP.<\/p>\n<h2>Comment travaille le programme VIP \u00e0 PokerStars<\/h2>\n<p>Il existe six niveaux dans le programme VIP de PokerStars:<\/p>\n<blockquote><p>BronzeStar<br \/>\nSilverStar<br \/>\nGoldStar<br \/>\nPlatinumStar<br \/>\nSupernova<br \/>\nSupernova Elite<\/p><\/blockquote>\n<p>Vous allez d\u00e9marrer automatiquement en tant que joueur BronzeStar et passer ensuite \u00e0 des niveaux bas\u00e9s sur la quantit\u00e9 de poker que vous jouez. Comme vous jouez au poker sur PokerStars, vous allez effectivement gagner deux types de points:<\/p>\n<p>Points de joueur VIP (VPP)<br \/>\nPoints de joueur fr\u00e9quent (FPP)<\/p>\n<p>Les VPP que vous gagnez sont simplement utilis\u00e9s pour d\u00e9terminer votre niveau dans le programme VIP et vos points FPP sont les points que vous pouvez r\u00e9ellement d\u00e9penser dans le magasin VIP. Au premier niveau, vous gagnez des VPP et FPP \u00e0 la m\u00eame vitesse, mais comme vous vous d\u00e9placez dans les niveaux, vous commencez \u00e0 gagner de plus FPP par les VPP gagn\u00e9s. Au plus haut niveau, vous gagnez 5 points FPP pour chaque 1 VPP.<\/p>\n<h3>Avantages de chaque niveau<\/h3>\n<p>Lorsque vous vous d\u00e9placez dans les niveaux dans le programme VIP, vos prestations sont de plus en plus enrichissantes. Voici un rapide r\u00e9sum\u00e9 de chaque niveau:<\/p>\n<p><strong>BronzeStar<\/strong> &#8211; Il s&#8217;agit du niveau o\u00f9 tout le monde commence. Comme membre BronzeStar en <a href=\"http:\/\/www.gambling666.com\/online-poker\/reviews\/pokerstars\/marketing-code\">PokerStars Bonus Code<\/a>, vous pouvez acheter des articles du niveau BronzeStar dans le magasin VIP et \u00eatre en mesure d&#8217;acc\u00e9der \u00e0 des freerolls de 1000 $ deux fois par jour. Chaque mois il y a un tournoi 2.500 $ BronzeStar qui ne co\u00fbte que 200 FPP pour entrer.<\/p>\n<p><strong>SilverStar <\/strong>&#8211; Si vous gagnez 1200 VPP en un seul mois, vous montez pour devenir un joueur Silverstar. C&#8217;est facile de le faire, il ne devrait pas prendre longtemps. Pour chaque VPP que vous gagnez \u00e0 ce niveau, vous gagnez 1.5 point FPP. Chaque semaine, vous recevrez l\u2019entr\u00e9e \u00e0 un freeroll de 30.000 $ et chaque mois, vous pouvez jouer dans un freeroll de 100.000 $. A ce niveau, vous pouvez \u00e9galement acheter un bonus de 50 $ au magasin de VIP.<\/p>\n<p><strong>GoldStar <\/strong>&#8211; Accumulez 3.000 VPP dans un mois pour devenir membre Goldstar. Un bonus de 285 $ est maintenant disponible dans le magasin VIP et vous avez acc\u00e8s \u00e0 tous les m\u00eames tournois comme un SilverStar plus un tournoi VIP de 75.000 $ chaque semaine. Tant que vous \u00eates un GoldStar, vous gagnez 2 points FPP pour chaque VPP gagn\u00e9.<\/p>\n<p><strong>PlatinumStar <\/strong>&#8211; Gagnez 7.500 VPP dans un mois pour devenir membre PlatinumStar. Maintenant, vous pouvez acheter un bonus de 650 $ du magasin VIP. Vous pourrez \u00e9galement avoir acc\u00e8s \u00e0 la section PlatinumStar du magasin des r\u00e9compenses pour les joueurs. Vous pouvez aussi utiliser vos points FPP pour entrer aux \u00e9v\u00e9nements dans le Championnat du Monde de Poker en ligne, le Tour Europ\u00e9en de Poker et les S\u00e9ries du Monde de Poker.<\/p>\n<p><strong>Supernova <\/strong>&#8211; Ce niveau est difficile \u00e0 atteindre, mais il est livr\u00e9 avec des b\u00e9n\u00e9fices consid\u00e9rables. Afin de devenir une Supernova, il vous faudra gagner 100.000 VPP en une seule ann\u00e9e. Il n\u2019importe pas combien de temps cela prend si vous gagnez 100.000 VPP dans un an. A ce niveau, vous gagnez 3.5 points FPP pour chaque VPP que vous gagnez.<\/p>\n<p>Comme joueur Supernova, vous pourrez d\u00e9sormais vous qualifier pour des bonus d&#8217;\u00e9tape list\u00e9s ci-dessus. Ces bonus se combinent pour un total de 28.800 $ en esp\u00e8ces. Vous pouvez \u00e9galement acheter bonus de 1500 $ et 4000 $ du magasin VIP. Vous pouvez aussi utiliser vos points FPP pour entrer dans l\u2019\u00e9v\u00e8nement principal des S\u00e9ries du Monde de Poker.<\/p>\n<p><strong>Supernova Elite<\/strong> &#8211; Ce niveau est pour les plus inv\u00e9t\u00e9r\u00e9s aff\u00fbteurs (grinders). Si vous appartenez au statut Supernova Elite, vous \u00eates dans un certain s\u00e9rieux traitement royal. Ce n&#8217;est pas facile, mais vous aurez \u00e0 gagner 1.000.000 VPP dans une seule ann\u00e9e pour atteindre ce niveau. D\u00e8s que vous l&#8217;atteignez, vous recevrez une entr\u00e9e gratuite au Championnat du Monde de Poker en Ligne Main Event plus un choix de l&#8217;un de ces deux paquets:<\/p>\n<p>\u2022 Paquet 1: Deux paquets de PokerStars Caribbean Adventure, WSOP Main Event, EPT Monte Carlo, APPT Sydney.<\/p>\n<p>\u2022 Paquet 2: Un paquet ci-dessus plus 10.000 $ in cash.<\/p>\n<p>Ce n&#8217;est pas tout, cependant. Vous aurez \u00e9galement droit \u00e0 des bonus d&#8217;\u00e9tape suivants:<\/p>\n<blockquote><p>$10.000 \u00e0 1.250.000 VPPs<br \/>\n$10.000 \u00e0 1.500.000 VPPs<br \/>\n$10.000 \u00e0 1.750.000 VPPs<br \/>\n$20.000 \u00e0 2.000.000 VPPs<br \/>\n$10.000 \u00e0 2.250.000 VPPs<br \/>\n$10.000 \u00e0 2.750.000 VPPs<br \/>\n$20.000 \u00e0 3.000.000 VPPs<\/p><\/blockquote>\n<p>Ces bonus ne sont pas seulement une affirmation. Les gens m\u00eame font cela pour le statut de Supernova Elite. Un joueur a atteint le statut Supernova Elite en moins de 3 mois. Ce n&#8217;est pas facile, mais il est certainement possible.<\/p>\n<p>Gagner VPPs et FPPs<\/p>\n<p>Les VPP sont gagn\u00e9s dans des tournois \u00e0 un taux de 5 VPP pour chaque dollar pay\u00e9 en frais d&#8217;entr\u00e9e. Par exemple, si vous jouez dans un tournoi de 20 $ + 2 $, vous gagnez 10 VPP. Dans les jeux de cash, c&#8217;est un peu plus compliqu\u00e9, mais il suffit de dire que vous pouvez gagner jusqu&#8217;\u00e0 3 VPP par main jou\u00e9e.<\/p>\n<p>Vos FPP sont gagn\u00e9s de la m\u00eame mani\u00e8re, sauf si vous montez en niveau. Lorsque vous vous d\u00e9placez dans les niveaux, vous gagnerez des multiplicateurs qui augmentent le nombre de FPP que vous gagnez en jouant au poker. Par exemple, les joueurs GoldStar gagnent 2 FPP pour 1 VPP gagn\u00e9.<\/p>\n","protected":false},"excerpt":{"rendered":"<p>PokerStars a un programme sp\u00e9cial VIP qui \u00e9quivaut jusqu&#8217;\u00e0 40% de rakeback. Si vous cherchez un rakeback r\u00e9el, cependant, vous ne le trouverez pas sur PokerStars. Sur l&#8217;ensemble des sites de poker sur internet, PokerStars est de loin le plus<a class=\"post-link\" href=\"https:\/\/www.rakemonkey.com\/fr\/poker-reviews\/le-cashback-de-poker-stars\/\"> read more&#8230;<\/a><\/p>\n","protected":false},"author":9,"featured_media":0,"parent":209,"menu_order":0,"comment_status":"closed","ping_status":"open","template":"rm_review.php","meta":[],"acf":[],"yoast_head":"<!-- This site is optimized with the Yoast SEO plugin v19.6.1 - https:\/\/yoast.com\/wordpress\/plugins\/seo\/ -->\n<title>PokerStars VIP Cashback - $600 Bonus - French Players<\/title>\n<meta name=\"description\" content=\"Obtenez l&#039;\u00e9quivalent dans votre rakeback sur PokerStars, avec un 100% jusqu&#039;\u00e0 600 $ dans le meilleur des monde, salle de poker en ligne.\" \/>\n<meta name=\"robots\" content=\"index, follow, max-snippet:-1, max-image-preview:large, max-video-preview:-1\" \/>\n<link rel=\"canonical\" href=\"https:\/\/www.rakemonkey.com\/fr\/poker-reviews\/le-cashback-de-poker-stars\/\" \/>\n<meta property=\"og:locale\" content=\"en_US\" \/>\n<meta property=\"og:type\" content=\"article\" \/>\n<meta property=\"og:title\" content=\"PokerStars VIP Cashback - $600 Bonus - French Players\" \/>\n<meta property=\"og:description\" content=\"Obtenez l&#039;\u00e9quivalent dans votre rakeback sur PokerStars, avec un 100% jusqu&#039;\u00e0 600 $ dans le meilleur des monde, salle de poker en ligne.\" \/>\n<meta property=\"og:url\" content=\"https:\/\/www.rakemonkey.com\/fr\/poker-reviews\/le-cashback-de-poker-stars\/\" \/>\n<meta property=\"og:site_name\" content=\"RakeMonkey.com\" \/>\n<meta property=\"article:modified_time\" content=\"2017-08-03T01:11:20+00:00\" \/>\n<meta name=\"twitter:card\" content=\"summary\" \/>\n<meta name=\"twitter:label1\" content=\"Est. reading time\" \/>\n\t<meta name=\"twitter:data1\" content=\"6 minutes\" \/>\n<script type=\"application\/ld+json\" class=\"yoast-schema-graph\">{\"@context\":\"https:\/\/schema.org\",\"@graph\":[{\"@type\":\"WebPage\",\"@id\":\"https:\/\/www.rakemonkey.com\/fr\/poker-reviews\/le-cashback-de-poker-stars\/\",\"url\":\"https:\/\/www.rakemonkey.com\/fr\/poker-reviews\/le-cashback-de-poker-stars\/\",\"name\":\"PokerStars VIP Cashback - $600 Bonus - French Players\",\"isPartOf\":{\"@id\":\"https:\/\/www.rakemonkey.com\/fr\/#website\"},\"datePublished\":\"2010-03-01T15:20:43+00:00\",\"dateModified\":\"2017-08-03T01:11:20+00:00\",\"description\":\"Obtenez l'\u00e9quivalent dans votre rakeback sur PokerStars, avec un 100% jusqu'\u00e0 600 $ dans le meilleur des monde, salle de poker en ligne.\",\"breadcrumb\":{\"@id\":\"https:\/\/www.rakemonkey.com\/fr\/poker-reviews\/le-cashback-de-poker-stars\/#breadcrumb\"},\"inLanguage\":\"en-US\",\"potentialAction\":[{\"@type\":\"ReadAction\",\"target\":[\"https:\/\/www.rakemonkey.com\/fr\/poker-reviews\/le-cashback-de-poker-stars\/\"]}]},{\"@type\":\"BreadcrumbList\",\"@id\":\"https:\/\/www.rakemonkey.com\/fr\/poker-reviews\/le-cashback-de-poker-stars\/#breadcrumb\",\"itemListElement\":[{\"@type\":\"ListItem\",\"position\":1,\"name\":\"Home\",\"item\":\"https:\/\/www.rakemonkey.com\/fr\/\"},{\"@type\":\"ListItem\",\"position\":2,\"name\":\"Poker Reviews\",\"item\":\"https:\/\/www.rakemonkey.com\/fr\/poker-reviews\/\"},{\"@type\":\"ListItem\",\"position\":3,\"name\":\"Le Cashback de Poker Stars\"}]},{\"@type\":\"WebSite\",\"@id\":\"https:\/\/www.rakemonkey.com\/fr\/#website\",\"url\":\"https:\/\/www.rakemonkey.com\/fr\/\",\"name\":\"RakeMonkey.com\",\"description\":\"\",\"potentialAction\":[{\"@type\":\"SearchAction\",\"target\":{\"@type\":\"EntryPoint\",\"urlTemplate\":\"https:\/\/www.rakemonkey.com\/fr\/?s={search_term_string}\"},\"query-input\":\"required name=search_term_string\"}],\"inLanguage\":\"en-US\"}]}<\/script>\n<!-- \/ Yoast SEO plugin. -->","yoast_head_json":{"title":"PokerStars VIP Cashback - $600 Bonus - French Players","description":"Obtenez l'\u00e9quivalent dans votre rakeback sur PokerStars, avec un 100% jusqu'\u00e0 600 $ dans le meilleur des monde, salle de poker en ligne.","robots":{"index":"index","follow":"follow","max-snippet":"max-snippet:-1","max-image-preview":"max-image-preview:large","max-video-preview":"max-video-preview:-1"},"canonical":"https:\/\/www.rakemonkey.com\/fr\/poker-reviews\/le-cashback-de-poker-stars\/","og_locale":"en_US","og_type":"article","og_title":"PokerStars VIP Cashback - $600 Bonus - French Players","og_description":"Obtenez l'\u00e9quivalent dans votre rakeback sur PokerStars, avec un 100% jusqu'\u00e0 600 $ dans le meilleur des monde, salle de poker en ligne.","og_url":"https:\/\/www.rakemonkey.com\/fr\/poker-reviews\/le-cashback-de-poker-stars\/","og_site_name":"RakeMonkey.com","article_modified_time":"2017-08-03T01:11:20+00:00","twitter_card":"summary","twitter_misc":{"Est. reading time":"6 minutes"},"schema":{"@context":"https:\/\/schema.org","@graph":[{"@type":"WebPage","@id":"https:\/\/www.rakemonkey.com\/fr\/poker-reviews\/le-cashback-de-poker-stars\/","url":"https:\/\/www.rakemonkey.com\/fr\/poker-reviews\/le-cashback-de-poker-stars\/","name":"PokerStars VIP Cashback - $600 Bonus - French Players","isPartOf":{"@id":"https:\/\/www.rakemonkey.com\/fr\/#website"},"datePublished":"2010-03-01T15:20:43+00:00","dateModified":"2017-08-03T01:11:20+00:00","description":"Obtenez l'\u00e9quivalent dans votre rakeback sur PokerStars, avec un 100% jusqu'\u00e0 600 $ dans le meilleur des monde, salle de poker en ligne.","breadcrumb":{"@id":"https:\/\/www.rakemonkey.com\/fr\/poker-reviews\/le-cashback-de-poker-stars\/#breadcrumb"},"inLanguage":"en-US","potentialAction":[{"@type":"ReadAction","target":["https:\/\/www.rakemonkey.com\/fr\/poker-reviews\/le-cashback-de-poker-stars\/"]}]},{"@type":"BreadcrumbList","@id":"https:\/\/www.rakemonkey.com\/fr\/poker-reviews\/le-cashback-de-poker-stars\/#breadcrumb","itemListElement":[{"@type":"ListItem","position":1,"name":"Home","item":"https:\/\/www.rakemonkey.com\/fr\/"},{"@type":"ListItem","position":2,"name":"Poker Reviews","item":"https:\/\/www.rakemonkey.com\/fr\/poker-reviews\/"},{"@type":"ListItem","position":3,"name":"Le Cashback de Poker Stars"}]},{"@type":"WebSite","@id":"https:\/\/www.rakemonkey.com\/fr\/#website","url":"https:\/\/www.rakemonkey.com\/fr\/","name":"RakeMonkey.com","description":"","potentialAction":[{"@type":"SearchAction","target":{"@type":"EntryPoint","urlTemplate":"https:\/\/www.rakemonkey.com\/fr\/?s={search_term_string}"},"query-input":"required name=search_term_string"}],"inLanguage":"en-US"}]}},"_links":{"self":[{"href":"https:\/\/www.rakemonkey.com\/fr\/wp-json\/wp\/v2\/pages\/36"}],"collection":[{"href":"https:\/\/www.rakemonkey.com\/fr\/wp-json\/wp\/v2\/pages"}],"about":[{"href":"https:\/\/www.rakemonkey.com\/fr\/wp-json\/wp\/v2\/types\/page"}],"author":[{"embeddable":true,"href":"https:\/\/www.rakemonkey.com\/fr\/wp-json\/wp\/v2\/users\/9"}],"replies":[{"embeddable":true,"href":"https:\/\/www.rakemonkey.com\/fr\/wp-json\/wp\/v2\/comments?post=36"}],"version-history":[{"count":0,"href":"https:\/\/www.rakemonkey.com\/fr\/wp-json\/wp\/v2\/pages\/36\/revisions"}],"up":[{"embeddable":true,"href":"https:\/\/www.rakemonkey.com\/fr\/wp-json\/wp\/v2\/pages\/209"}],"wp:attachment":[{"href":"https:\/\/www.rakemonkey.com\/fr\/wp-json\/wp\/v2\/media?parent=36"}],"curies":[{"name":"wp","href":"https:\/\/api.w.org\/{rel}","templated":true}]}}