{"id":42,"date":"2010-03-01T15:47:00","date_gmt":"2010-03-01T15:47:00","guid":{"rendered":"http:\/\/www.rakemonkey.com\/fr\/?page_id=42"},"modified":"2010-03-01T15:47:00","modified_gmt":"2010-03-01T15:47:00","slug":"party-poker-cashback","status":"publish","type":"page","link":"https:\/\/www.rakemonkey.com\/fr\/poker-reviews\/party-poker-cashback\/","title":{"rendered":"Party Poker Cashback"},"content":{"rendered":"<p>Malgr\u00e9 le fait que <strong>Party Poker<\/strong> n&#8217;est m\u00eame pas disponible aux \u00c9tats Unis, le site de poker en ligne reste l&#8217;un des sites les plus populaires dans le monde entier. Pouvez-vous penser \u00e0 Party Poker, sans \u00e9couter un chant dans votre t\u00eate? Vous connaissez le .. un Puh-puh-puh-Party Poker!<\/p>\n<p>Party Poker vous offre maintenant des joueurs qui s&#8217;inscrivent pour les comptes de tout nouveau Party Poker par Rake Monkey, et ont maintenant la possibilit\u00e9 de gagner jusqu&#8217;\u00e0 40% de retour sur le jeu de poker.<\/p>\n<p>Lorsque des nouveaux joueurs s\u2019inscrivent gr\u00e2ce \u00e0 nos liens, et remplissent le formulaire ci-dessous, ils deviennent \u00e9ligibles pour le VIP Party Poker et VIP Cash Back System (syst\u00e8me de cash de retour). Ils ne l&#8217;appellent pas rakeback \u00e0 Party Poker, mais voici comment cela fonctionne, vous jouez au poker, vous recueillez le minimum de points requis pour un mois, et vous obtenez d\u2019argent de retour dans votre compte de poker. Appelez \u00e7a comme vous voudrez.<\/p>\n<h2><strong>Le rakeback de Party Poker<br \/>\n<\/strong><\/h2>\n<p>L\u2019offre de cashback <a href=\"http:\/\/www.partypokerrakeback.org\"><span style=\"color: blue\">VIP de Party Poker<\/span><\/a> est r\u00e9ellement mieux que le rakeback moyen. Combien de salles savez-vous, par exemple, o\u00f9 vous pouvez gagner jusqu&#8217;\u00e0 40% de rakeback? Vous auriez pu trouver un peu, surtout si vous avez lu notre avis, cependant, combien de ces salles peuvent se vanter de la r\u00e9putation du Party Poker? Parti Poker est un des sites de poker les plus importants et les plus actifs en ligne dans le monde!<\/p>\n<p>Lorsque vous vous inscrivez ici pour votre contrat de cashback, vous allez gagner votre cashback par l\u2019acquisition des points Party Poker, ces points sont alors calcul\u00e9s sur une base mensuelle. Les points sont gagn\u00e9s de la m\u00eame mani\u00e8re que les points de bonus de fid\u00e9lit\u00e9, sont obtenus dans n&#8217;importe quelle salle de poker de rakeback, en jouant au poker.<\/p>\n<p>Chaque fois que vous a \u00e9t\u00e9 distribu\u00e9e dans un jeu en anneau, ou dans un jeu de poker en esp\u00e8ces, vous obtenez de points VIP. Malheureusement, Party Poker ne paie pas des r\u00e9compenses de cashback sur les entr\u00e9es du tournoi. Maintenant, plut\u00f4t simplement envoye vos profits de rakeback sur votre compte en utilisant votre MGR comme la m\u00e9thode de calcul de rakeback, Party Poker vous fait gagner des points d\u00e9pendant de votre niveau VIP. Si vous \u00eates un fid\u00e8le joueur de Party Poker, vous allez probablement tirer le meilleur cashback. Par exemple, les membres Palladium Elite re\u00e7oivent 30% cashback \u00e0 Party, alors que les membres de Bronze n\u2019obtiennent que 5%.<\/p>\n<h2><strong>R\u00e9compenses en argent de retour \u00e0 Party Poker <\/strong><\/h2>\n<ul>\n<li>Membres de Bronze \u00a0\u2013 5% Party Poker cashback<\/li>\n<li>Membres de Silver \u00a0\u2013 6.67% Party Poker cashback<\/li>\n<li>Membres de Gold \u00a0\u2013 10% Party Poker cashback<\/li>\n<li>Membres de Palladium\u00a0\u00a0 \u2013 12-15% Party Poker cashback<\/li>\n<li>Membres de Palladium Elite\u00a0 \u2013 30% Party Poker cashback<\/li>\n<\/ul>\n<p>Vous avez sans doute remarqu\u00e9 aujourd&#8217;hui que nous avons dit que vous pouvez gagner 40% rakeback en \u00e9quivalent sur Party Poker, mais le montant maximum que vous pouvez gagner du programme de fid\u00e9lit\u00e9 est de 30%. Eh bien, pour obtenir ces 10% suppl\u00e9mentaires vous devez justement \u00e9changer vos points contre des bonus en esp\u00e8ces, en fait, un joueur gagnant quelconque d\u2019un point peut le faire.<\/p>\n<p>Pour 400 points Party Poker que vous avez, vous pouvez acheter 10 $ en jetons de poker. En effet, \u00e9conomiser jusqu&#8217;\u00e0 100.000 points Party Poker, vous apportera gratuitement 15.000 $ en jetons de poker!<\/p>\n<h3><strong>Rakeback \u00a0de Party Poker \u2013 Information du compte <\/strong><\/h3>\n<p>Pour garder un oeil sur vos soldes de compte, et v\u00e9rifier vos points VIP et VIP statut \u00e0 tout moment, il suffit d&#8217;ouvrir le lobby de Party Poker, toutes les informations sont disponibles directement \u00e0 partir de l\u00e0.<\/p>\n<p>De m\u00eame, les paiements sont effectu\u00e9s directement dans votre compte de Party Poker.<\/p>\n<h3><strong>Votre remboursement de retrait d&#8217;argent chaque jour<\/strong><strong>! <\/strong><\/h3>\n<p>Les nouveaux joueurs de Party Poker qui s\u2019inscrivent d\u00e8s aujourd&#8217;hui pour un cashback \u00e0 Rake Monkey, seront en mesure de revenir \u00e0 RakeMonkey.com (signet maintenant!) chaque jour et encaisser leurs r\u00e9compenses de cashback.<\/p>\n<h2><strong>D\u00e9p\u00f4t sur Party Poker <\/strong><\/h2>\n<p>Party Poker accepte toutes les m\u00e9thodes habituelles de d\u00e9p\u00f4t, ainsi que quelques nouvelles m\u00e9thodes que m\u00eame je n&#8217;eusse pas entendu parler avant la r\u00e9daction de cette revue. Les modes de paiement de Party Poker sont les suivants:<\/p>\n<table width=\"100%\" border=\"1\" cellspacing=\"0\" cellpadding=\"0\">\n<tbody>\n<tr>\n<td width=\"33%\">Visa<\/td>\n<td width=\"33%\">Maestro<\/td>\n<td width=\"33%\">PaySafeCard<\/td>\n<\/tr>\n<tr>\n<td width=\"33%\">MasterCard<\/td>\n<td width=\"33%\">EntroPay<\/td>\n<td width=\"33%\">Ukash<\/td>\n<\/tr>\n<tr>\n<td width=\"33%\">Switch<\/td>\n<td width=\"33%\">NETeller<\/td>\n<td width=\"33%\">myCitadel<\/td>\n<\/tr>\n<tr>\n<td width=\"33%\">Solo<\/td>\n<td width=\"33%\">Click &amp; Buy<\/td>\n<td width=\"33%\">eWire<\/td>\n<\/tr>\n<tr>\n<td width=\"33%\">Laser<\/td>\n<td width=\"33%\">Click2Pay<\/td>\n<td width=\"33%\">Przleway24<\/td>\n<\/tr>\n<tr>\n<td width=\"33%\">Moneybookers<\/td>\n<td width=\"33%\">UseMyBank<\/td>\n<td width=\"33%\">EPS<\/td>\n<\/tr>\n<tr>\n<td width=\"33%\">WebMoney<\/td>\n<td width=\"33%\">Mister Cash<\/td>\n<td width=\"33%\">iDeal<\/td>\n<\/tr>\n<tr>\n<td width=\"33%\">GiroPay<\/td>\n<td width=\"33%\">Bank Wire<\/td>\n<td width=\"33%\">DirectPay24<\/td>\n<\/tr>\n<tr>\n<td width=\"33%\">POLi<\/td>\n<td width=\"33%\">Virement bancaire<\/td>\n<td width=\"33%\">EC-ELV<\/td>\n<\/tr>\n<tr>\n<td width=\"33%\">Electronic Transfer<\/td>\n<td width=\"33%\"><\/td>\n<td width=\"33%\"><\/td>\n<\/tr>\n<\/tbody>\n<\/table>\n<h3><strong>Rakeback de tournoi \u00e0 Party Poker<\/strong><\/h3>\n<p><a href=\"http:\/\/www.partypokerrakeback.org\/rewards-program\/\"><span style=\"color: blue\">Party Poker cashback<\/span><\/a> ne vous offre pas de rakeback, ou remboursement d\u2019argent pour les tournois, qui comprend des tournois \u00e0 tables multiples, Sit N Go, tournois de jeux \u00e0 deux, etc.<\/p>\n<h3><strong>Rakeback de Party Poker \u2013 D\u00e9ductions de bonus<\/strong><\/h3>\n<p>Si vous encaissez un de nos fabuleux bonus de Party Poker, vous verrez une d\u00e9duction dans votre r\u00e9compense de cashback.<\/p>\n<h3><strong>Gagner des points en jouant des mains \u00e0 rake <\/strong><\/h3>\n<p>Les joueurs de poker sur Party Poker accumulent dix points dans 6 mains soumises au rake. Bien s\u00fbr, cela varie selon les jeux et les stakes de jeu que le joueur choisit de jouer.<\/p>\n<p>Si le joueur joue aux niveaux de micro-limites (nous ne recommandons pas cela, il n&#8217;existe aucun moyen de gagner et se faire un bankroll), le joueur devra jouer 700 mains qui ont \u00e9t\u00e9 soumises au rake pour gagner 10 points .<\/p>\n<p>Toutefois, si vous jouiez aux plus fr\u00e9quentes \u00a0tables \u00e0 limite $ 2 \/ $ 4 (tr\u00e8s populaire, m\u00eame aux casinos classiques), vous n&#8217;aurez besoin que de jouer 18 mains pour accumuler 10 points VIP.<\/p>\n<h2><strong>Montant sur l\u2019\u00e9chelle VIP<\/strong><\/h2>\n<p>Chaque nouveau joueur sur Party Poker commence au niveau du Bronze, et donc se qualifie de b\u00e9n\u00e9ficier de 5% de cashback depuis le d\u00e9but. Apr\u00e8s cela, les suivants incr\u00e9ments de points sont n\u00e9cessaires pour avancer dans les niveaux plus \u00e9lev\u00e9s:<\/p>\n<ul>\n<li>Argent \u2013 400<\/li>\n<li>Or \u2013 1,000<\/li>\n<li>Palladium \u2013 9,000<\/li>\n<li>Palladium Elite \u2013 50,000<\/li>\n<\/ul>\n<h2><strong>Bonus \u00a0de Party Poker <\/strong><\/h2>\n<p>Lors de votre inscription sur Party Poker comme nouveau joueur, vous allez faire votre premier d\u00e9p\u00f4t en argent r\u00e9el, introduisez notre CODE de BONUS et vous recevrez un bonus de bienvenue de 100% jusqu&#8217;\u00e0 100 $. Vous activez ce bonus de la m\u00eame fa\u00e7on que vous gagnez cashback, en accumulant des points de joueur, vous avez 60 jours pour obtenir le bonus.<\/p>\n<h2><strong>Jeux de poker disponibles \u00e0 Party Poker<\/strong><\/h2>\n<p>Texas Holdem<br \/>\nOmaha<br \/>\nOmaha Hi-Lo<br \/>\n7 Card Stud<br \/>\n7 Card Hi Lo<\/p>\n<p>La rang\u00e9e de stakes\u00a0de $0.02\/$0.02 pour les tables \u00e0 micro-limite, jusqu\u2019\u00e0 $250\/$500 pour les tables sans limite.<\/p>\n<h3><strong>Les tournois de Party Poker <\/strong><\/h3>\n<p>Party Poker est une des salles de poker en ligne plus vieux, donc il a de l&#8217;exp\u00e9rience, il sait ce que veulent les joueurs dans une salle de poker. Il offre des freerolls excellents, freerolls pour les nouveaux joueurs de 500 $,\u00a0 des freerolls de 1500 $ pour chacun et des tournois de points pour le d\u00e9posant qui veut juste la valeur suppl\u00e9mentaire sans jouer dans un freeroll.<\/p>\n<h3><strong>Extra-valeur de Rake Monkey<\/strong><\/h3>\n<p>Notre \u00e9quipe de marketing ici, \u00e0 Rake Monkey fait une vie de n\u00e9gociation pour vous, alors comme un joueur de Rake Monkey, vous vous qualifiez aussi pour nos tournois exclusifs de <strong>Party Poker<\/strong>, comme l&#8217;entr\u00e9e dans notre exclusif Freeroll \u00e0 petite monnaie de 5.000 $, chaque semaine.<\/p>\n<p>Les joueurs de Rake Monkey sont \u00e9galement invit\u00e9s \u00e0 participer dans les chasses au rake mensuelles o\u00f9 ils peuvent gagner jusqu&#8217;\u00e0 6000 $<\/p>\n<h2><strong>Les tournois de cash \u00e0 Party Poker<\/strong><\/h2>\n<p>Pour les joueurs de tournois multi-tables, l\u00e0-bas, Party Poker offre une grande vari\u00e9t\u00e9 de tournois, y compris un tournoi de 300.000 $ par semaine, des tournois avec des prix garantis. Les buy-ins sont disponibles au bon march\u00e9, pour aussi peu que 1 $, les stakes \u00e9lev\u00e9s sont \u00e9galement disponibles.<\/p>\n<p>Une chose claire au sujet du jeu aux tournois sur Party Poker est que vous n&#8217;aurez jamais pay\u00e9 une taxe sup\u00e9rieure \u00e0 10 $ pour tout tournoi.<\/p>\n","protected":false},"excerpt":{"rendered":"<p>Malgr\u00e9 le fait que Party Poker n&#8217;est m\u00eame pas disponible aux \u00c9tats Unis, le site de poker en ligne reste l&#8217;un des sites les plus populaires dans le monde entier. Pouvez-vous penser \u00e0 Party Poker, sans \u00e9couter un chant dans<a class=\"post-link\" href=\"https:\/\/www.rakemonkey.com\/fr\/poker-reviews\/party-poker-cashback\/\"> read more&#8230;<\/a><\/p>\n","protected":false},"author":9,"featured_media":0,"parent":209,"menu_order":0,"comment_status":"closed","ping_status":"open","template":"rm_review.php","meta":[],"acf":[],"yoast_head":"<!-- This site is optimized with the Yoast SEO plugin v19.6.1 - https:\/\/yoast.com\/wordpress\/plugins\/seo\/ -->\n<title>Party Rakeback Programme VIP - 40% Cashback<\/title>\n<meta name=\"description\" content=\"Get exclusive Party Poker offre de RakeMonkey lorsque vous ouvrez un nouveau compte aujourd&#039;hui. Jusqu&#039;\u00e0 40% des \u00e9quivalents de cashback faire partie du Programme VIP so amazing.\" \/>\n<meta name=\"robots\" content=\"index, follow, max-snippet:-1, max-image-preview:large, max-video-preview:-1\" \/>\n<link rel=\"canonical\" href=\"https:\/\/www.rakemonkey.com\/fr\/poker-reviews\/party-poker-cashback\/\" \/>\n<meta property=\"og:locale\" content=\"en_US\" \/>\n<meta property=\"og:type\" content=\"article\" \/>\n<meta property=\"og:title\" content=\"Party Rakeback Programme VIP - 40% Cashback\" \/>\n<meta property=\"og:description\" content=\"Get exclusive Party Poker offre de RakeMonkey lorsque vous ouvrez un nouveau compte aujourd&#039;hui. Jusqu&#039;\u00e0 40% des \u00e9quivalents de cashback faire partie du Programme VIP so amazing.\" \/>\n<meta property=\"og:url\" content=\"https:\/\/www.rakemonkey.com\/fr\/poker-reviews\/party-poker-cashback\/\" \/>\n<meta property=\"og:site_name\" content=\"RakeMonkey.com\" \/>\n<meta name=\"twitter:card\" content=\"summary\" \/>\n<meta name=\"twitter:label1\" content=\"Est. reading time\" \/>\n\t<meta name=\"twitter:data1\" content=\"6 minutes\" \/>\n<script type=\"application\/ld+json\" class=\"yoast-schema-graph\">{\"@context\":\"https:\/\/schema.org\",\"@graph\":[{\"@type\":\"WebPage\",\"@id\":\"https:\/\/www.rakemonkey.com\/fr\/poker-reviews\/party-poker-cashback\/\",\"url\":\"https:\/\/www.rakemonkey.com\/fr\/poker-reviews\/party-poker-cashback\/\",\"name\":\"Party Rakeback Programme VIP - 40% Cashback\",\"isPartOf\":{\"@id\":\"https:\/\/www.rakemonkey.com\/fr\/#website\"},\"datePublished\":\"2010-03-01T15:47:00+00:00\",\"dateModified\":\"2010-03-01T15:47:00+00:00\",\"description\":\"Get exclusive Party Poker offre de RakeMonkey lorsque vous ouvrez un nouveau compte aujourd'hui. Jusqu'\u00e0 40% des \u00e9quivalents de cashback faire partie du Programme VIP so amazing.\",\"breadcrumb\":{\"@id\":\"https:\/\/www.rakemonkey.com\/fr\/poker-reviews\/party-poker-cashback\/#breadcrumb\"},\"inLanguage\":\"en-US\",\"potentialAction\":[{\"@type\":\"ReadAction\",\"target\":[\"https:\/\/www.rakemonkey.com\/fr\/poker-reviews\/party-poker-cashback\/\"]}]},{\"@type\":\"BreadcrumbList\",\"@id\":\"https:\/\/www.rakemonkey.com\/fr\/poker-reviews\/party-poker-cashback\/#breadcrumb\",\"itemListElement\":[{\"@type\":\"ListItem\",\"position\":1,\"name\":\"Home\",\"item\":\"https:\/\/www.rakemonkey.com\/fr\/\"},{\"@type\":\"ListItem\",\"position\":2,\"name\":\"Poker Reviews\",\"item\":\"https:\/\/www.rakemonkey.com\/fr\/poker-reviews\/\"},{\"@type\":\"ListItem\",\"position\":3,\"name\":\"Party Poker Cashback\"}]},{\"@type\":\"WebSite\",\"@id\":\"https:\/\/www.rakemonkey.com\/fr\/#website\",\"url\":\"https:\/\/www.rakemonkey.com\/fr\/\",\"name\":\"RakeMonkey.com\",\"description\":\"\",\"potentialAction\":[{\"@type\":\"SearchAction\",\"target\":{\"@type\":\"EntryPoint\",\"urlTemplate\":\"https:\/\/www.rakemonkey.com\/fr\/?s={search_term_string}\"},\"query-input\":\"required name=search_term_string\"}],\"inLanguage\":\"en-US\"}]}<\/script>\n<!-- \/ Yoast SEO plugin. -->","yoast_head_json":{"title":"Party Rakeback Programme VIP - 40% Cashback","description":"Get exclusive Party Poker offre de RakeMonkey lorsque vous ouvrez un nouveau compte aujourd'hui. Jusqu'\u00e0 40% des \u00e9quivalents de cashback faire partie du Programme VIP so amazing.","robots":{"index":"index","follow":"follow","max-snippet":"max-snippet:-1","max-image-preview":"max-image-preview:large","max-video-preview":"max-video-preview:-1"},"canonical":"https:\/\/www.rakemonkey.com\/fr\/poker-reviews\/party-poker-cashback\/","og_locale":"en_US","og_type":"article","og_title":"Party Rakeback Programme VIP - 40% Cashback","og_description":"Get exclusive Party Poker offre de RakeMonkey lorsque vous ouvrez un nouveau compte aujourd'hui. Jusqu'\u00e0 40% des \u00e9quivalents de cashback faire partie du Programme VIP so amazing.","og_url":"https:\/\/www.rakemonkey.com\/fr\/poker-reviews\/party-poker-cashback\/","og_site_name":"RakeMonkey.com","twitter_card":"summary","twitter_misc":{"Est. reading time":"6 minutes"},"schema":{"@context":"https:\/\/schema.org","@graph":[{"@type":"WebPage","@id":"https:\/\/www.rakemonkey.com\/fr\/poker-reviews\/party-poker-cashback\/","url":"https:\/\/www.rakemonkey.com\/fr\/poker-reviews\/party-poker-cashback\/","name":"Party Rakeback Programme VIP - 40% Cashback","isPartOf":{"@id":"https:\/\/www.rakemonkey.com\/fr\/#website"},"datePublished":"2010-03-01T15:47:00+00:00","dateModified":"2010-03-01T15:47:00+00:00","description":"Get exclusive Party Poker offre de RakeMonkey lorsque vous ouvrez un nouveau compte aujourd'hui. Jusqu'\u00e0 40% des \u00e9quivalents de cashback faire partie du Programme VIP so amazing.","breadcrumb":{"@id":"https:\/\/www.rakemonkey.com\/fr\/poker-reviews\/party-poker-cashback\/#breadcrumb"},"inLanguage":"en-US","potentialAction":[{"@type":"ReadAction","target":["https:\/\/www.rakemonkey.com\/fr\/poker-reviews\/party-poker-cashback\/"]}]},{"@type":"BreadcrumbList","@id":"https:\/\/www.rakemonkey.com\/fr\/poker-reviews\/party-poker-cashback\/#breadcrumb","itemListElement":[{"@type":"ListItem","position":1,"name":"Home","item":"https:\/\/www.rakemonkey.com\/fr\/"},{"@type":"ListItem","position":2,"name":"Poker Reviews","item":"https:\/\/www.rakemonkey.com\/fr\/poker-reviews\/"},{"@type":"ListItem","position":3,"name":"Party Poker Cashback"}]},{"@type":"WebSite","@id":"https:\/\/www.rakemonkey.com\/fr\/#website","url":"https:\/\/www.rakemonkey.com\/fr\/","name":"RakeMonkey.com","description":"","potentialAction":[{"@type":"SearchAction","target":{"@type":"EntryPoint","urlTemplate":"https:\/\/www.rakemonkey.com\/fr\/?s={search_term_string}"},"query-input":"required name=search_term_string"}],"inLanguage":"en-US"}]}},"_links":{"self":[{"href":"https:\/\/www.rakemonkey.com\/fr\/wp-json\/wp\/v2\/pages\/42"}],"collection":[{"href":"https:\/\/www.rakemonkey.com\/fr\/wp-json\/wp\/v2\/pages"}],"about":[{"href":"https:\/\/www.rakemonkey.com\/fr\/wp-json\/wp\/v2\/types\/page"}],"author":[{"embeddable":true,"href":"https:\/\/www.rakemonkey.com\/fr\/wp-json\/wp\/v2\/users\/9"}],"replies":[{"embeddable":true,"href":"https:\/\/www.rakemonkey.com\/fr\/wp-json\/wp\/v2\/comments?post=42"}],"version-history":[{"count":0,"href":"https:\/\/www.rakemonkey.com\/fr\/wp-json\/wp\/v2\/pages\/42\/revisions"}],"up":[{"embeddable":true,"href":"https:\/\/www.rakemonkey.com\/fr\/wp-json\/wp\/v2\/pages\/209"}],"wp:attachment":[{"href":"https:\/\/www.rakemonkey.com\/fr\/wp-json\/wp\/v2\/media?parent=42"}],"curies":[{"name":"wp","href":"https:\/\/api.w.org\/{rel}","templated":true}]}}